{"id":23,"date":"2023-11-02T12:06:45","date_gmt":"2023-11-02T11:06:45","guid":{"rendered":"http:\/\/serwer235124.lh.pl\/autoinstalator\/serwer235124.lh.pl\/wordpress40291\/?page_id=23"},"modified":"2024-03-31T16:40:42","modified_gmt":"2024-03-31T14:40:42","slug":"uslugi","status":"publish","type":"page","link":"https:\/\/hatu.pl\/index.php\/uslugi\/","title":{"rendered":"Us\u0142ugi"},"content":{"rendered":"\t\t<div data-elementor-type=\"wp-page\" data-elementor-id=\"23\" class=\"elementor elementor-23\" data-elementor-post-type=\"page\">\n\t\t\t\t<div class=\"elementor-element elementor-element-56c0604 e-flex e-con-boxed e-con e-parent\" data-id=\"56c0604\" data-element_type=\"container\" data-e-type=\"container\">\n\t\t\t\t\t<div class=\"e-con-inner\">\n\t\t<div class=\"elementor-element elementor-element-d7b356c e-con-full e-flex e-con e-child\" data-id=\"d7b356c\" data-element_type=\"container\" data-e-type=\"container\">\n\t\t\t\t<div class=\"elementor-element elementor-element-adab172 elementor-widget elementor-widget-text-editor\" data-id=\"adab172\" data-element_type=\"widget\" data-e-type=\"widget\" data-widget_type=\"text-editor.default\">\n\t\t\t\t<div class=\"elementor-widget-container\">\n\t\t\t\t\t\t\t\t\t<div id=\"element_162\" class=\"w-object ww_element\" data-element-type=\"text\" data-positionorigin=\"pageTopLeft\"><div id=\"element_162_content\" class=\"content text_content\"><div class=\"ww_text_wrapper wwTextContent forceLineHeight\"><ul><li><span style=\"color: #000000;\"><a style=\"color: #000000;\" href=\"https:\/\/hatu.pl\/index.php\/montaz-dachow-podnoszonych\/\" target=\"_blank\" rel=\"noopener\">monta\u017c polskich dach\u00f3w sypialnych producent\u00f3w AirAuto i CAMP-ROOF do samochod\u00f3w Volkswagen T4, T5, T6, T6.1<\/a><\/span><\/li><li><a href=\"https:\/\/hatu.pl\/index.php\/montaz-dachow-podnoszonych\/\" target=\"_blank\" rel=\"noopener\"><span style=\"color: #000000;\">monta\u017c brytyjskich dach\u00f3w sypialnych posiadaj\u0105cych TUV firmy Austops do samochod\u00f3w Volkswagen T5, T6, T6.1<\/span><\/a><\/li><li><a href=\"https:\/\/hatu.pl\/index.php\/co-zrobic-aby-internet-smigal-w-kamperze-i-campervanie\/\" target=\"_blank\" rel=\"noopener\"><span style=\"color: #000000;\">monta\u017c router\u00f3w i anten do wzmocnienia sygna\u0142u Internetu wewn\u0105trz samochodu<\/span><\/a><\/li><li><span style=\"color: #000000;\">monta\u017c akcesori\u00f3w zewn\u0119trznych. Belek dachowych, baga\u017cnik\u00f3w, markiz.<\/span><\/li><li><span style=\"color: #000000;\">monta\u017c instalacji fotowoltaicznych<\/span><\/li><li><span style=\"color: #000000;\">izolacja termiczna i akustyczna samochod\u00f3w<\/span><\/li><li><span style=\"color: #000000;\">oklejanie samochod\u00f3w foli\u0105 ochronn\u0105 3M. Jeste\u015bmy autoryzowanymi instalatorami.<\/span><\/li><li><a href=\"https:\/\/hatu.pl\/index.php\/cnc\/\" target=\"_blank\" rel=\"noopener\"><span style=\"color: #000000;\">\u015bwiadczymy us\u0142ugi oparte na technologii CNC<\/span><\/a><\/li><li><span style=\"color: #000000;\">monta\u017c akumulator\u00f3w hotelowych, separator\u00f3w, dodatkowe instalacje elektryczne<\/span><\/li><li><span style=\"color: #000000;\">monta\u017c gazowych system\u00f3w ogrzewania postojowego Whale i Propex<\/span><\/li><li><span style=\"color: #000000;\">monta\u017c obrotnic foteli przednich<\/span><\/li><li><span style=\"color: #000000;\">obijanie filcem, tapicerowanie<\/span><\/li><li><span style=\"color: #000000;\">demonta\u017c \u015bcian grodziowych<\/span><\/li><li><span style=\"color: #000000;\">zmiana przeznaczenia pojazd\u00f3w<\/span><\/li><\/ul><\/div><\/div><div class=\"backgroundOverlay\">\u00a0<\/div><\/div><div id=\"element_161\" class=\"w-object ww_element\" data-element-type=\"text\" data-positionorigin=\"pageTopLeft\"><div id=\"element_161_content\" class=\"content text_content\"><div class=\"ww_text_wrapper wwTextContent forceLineHeight\">\u00a0<\/div><\/div><\/div>\t\t\t\t\t\t\t\t<\/div>\n\t\t\t\t<\/div>\n\t\t\t\t<\/div>\n\t\t<div class=\"elementor-element elementor-element-6242f3c e-con-full e-flex e-con e-child\" data-id=\"6242f3c\" data-element_type=\"container\" data-e-type=\"container\">\n\t\t\t\t<\/div>\n\t\t\t\t\t<\/div>\n\t\t\t\t<\/div>\n\t\t<div class=\"elementor-element elementor-element-3995dfc e-flex e-con-boxed e-con e-parent\" data-id=\"3995dfc\" data-element_type=\"container\" data-e-type=\"container\">\n\t\t\t\t\t<div class=\"e-con-inner\">\n\t\t\t\t\t<\/div>\n\t\t\t\t<\/div>\n\t\t\t\t<\/div>\n\t\t","protected":false},"excerpt":{"rendered":"<p>monta\u017c polskich dach\u00f3w sypialnych producent\u00f3w AirAuto i CAMP-ROOF do samochod\u00f3w Volkswagen T4, T5, T6, T6.1 monta\u017c brytyjskich dach\u00f3w sypialnych posiadaj\u0105cych [&hellip;]<\/p>\n","protected":false},"author":1,"featured_media":0,"parent":0,"menu_order":0,"comment_status":"closed","ping_status":"closed","template":"","meta":{"site-sidebar-layout":"default","site-content-layout":"","ast-site-content-layout":"default","site-content-style":"default","site-sidebar-style":"default","ast-global-header-display":"","ast-banner-title-visibility":"","ast-main-header-display":"","ast-hfb-above-header-display":"","ast-hfb-below-header-display":"","ast-hfb-mobile-header-display":"","site-post-title":"","ast-breadcrumbs-content":"","ast-featured-img":"","footer-sml-layout":"","theme-transparent-header-meta":"","adv-header-id-meta":"","stick-header-meta":"","header-above-stick-meta":"","header-main-stick-meta":"","header-below-stick-meta":"","astra-migrate-meta-layouts":"default","ast-page-background-enabled":"default","ast-page-background-meta":{"desktop":{"background-color":"var(--ast-global-color-4)","background-image":"","background-repeat":"repeat","background-position":"center center","background-size":"auto","background-attachment":"scroll","background-type":"","background-media":"","overlay-type":"","overlay-color":"","overlay-opacity":"","overlay-gradient":""},"tablet":{"background-color":"","background-image":"","background-repeat":"repeat","background-position":"center center","background-size":"auto","background-attachment":"scroll","background-type":"","background-media":"","overlay-type":"","overlay-color":"","overlay-opacity":"","overlay-gradient":""},"mobile":{"background-color":"","background-image":"","background-repeat":"repeat","background-position":"center center","background-size":"auto","background-attachment":"scroll","background-type":"","background-media":"","overlay-type":"","overlay-color":"","overlay-opacity":"","overlay-gradient":""}},"ast-content-background-meta":{"desktop":{"background-color":"var(--ast-global-color-5)","background-image":"","background-repeat":"repeat","background-position":"center center","background-size":"auto","background-attachment":"scroll","background-type":"","background-media":"","overlay-type":"","overlay-color":"","overlay-opacity":"","overlay-gradient":""},"tablet":{"background-color":"var(--ast-global-color-5)","background-image":"","background-repeat":"repeat","background-position":"center center","background-size":"auto","background-attachment":"scroll","background-type":"","background-media":"","overlay-type":"","overlay-color":"","overlay-opacity":"","overlay-gradient":""},"mobile":{"background-color":"var(--ast-global-color-5)","background-image":"","background-repeat":"repeat","background-position":"center center","background-size":"auto","background-attachment":"scroll","background-type":"","background-media":"","overlay-type":"","overlay-color":"","overlay-opacity":"","overlay-gradient":""}},"footnotes":""},"class_list":["post-23","page","type-page","status-publish","hentry"],"_links":{"self":[{"href":"https:\/\/hatu.pl\/index.php\/wp-json\/wp\/v2\/pages\/23","targetHints":{"allow":["GET"]}}],"collection":[{"href":"https:\/\/hatu.pl\/index.php\/wp-json\/wp\/v2\/pages"}],"about":[{"href":"https:\/\/hatu.pl\/index.php\/wp-json\/wp\/v2\/types\/page"}],"author":[{"embeddable":true,"href":"https:\/\/hatu.pl\/index.php\/wp-json\/wp\/v2\/users\/1"}],"replies":[{"embeddable":true,"href":"https:\/\/hatu.pl\/index.php\/wp-json\/wp\/v2\/comments?post=23"}],"version-history":[{"count":49,"href":"https:\/\/hatu.pl\/index.php\/wp-json\/wp\/v2\/pages\/23\/revisions"}],"predecessor-version":[{"id":661,"href":"https:\/\/hatu.pl\/index.php\/wp-json\/wp\/v2\/pages\/23\/revisions\/661"}],"wp:attachment":[{"href":"https:\/\/hatu.pl\/index.php\/wp-json\/wp\/v2\/media?parent=23"}],"curies":[{"name":"wp","href":"https:\/\/api.w.org\/{rel}","templated":true}]}}