{"id":274,"date":"2023-11-08T21:16:22","date_gmt":"2023-11-08T20:16:22","guid":{"rendered":"http:\/\/serwer235124.lh.pl\/autoinstalator\/serwer235124.lh.pl\/wordpress40291\/?page_id=274"},"modified":"2025-01-17T10:06:13","modified_gmt":"2025-01-17T09:06:13","slug":"regulamin","status":"publish","type":"page","link":"https:\/\/hatu.pl\/index.php\/regulamin\/","title":{"rendered":"Regulamin"},"content":{"rendered":"\t\t<div data-elementor-type=\"wp-page\" data-elementor-id=\"274\" class=\"elementor elementor-274\" data-elementor-post-type=\"page\">\n\t\t\t\t<div class=\"elementor-element elementor-element-eec5f44 e-flex e-con-boxed e-con e-parent\" data-id=\"eec5f44\" data-element_type=\"container\" data-e-type=\"container\">\n\t\t\t\t\t<div class=\"e-con-inner\">\n\t\t\t\t<div class=\"elementor-element elementor-element-32866b6 elementor-widget elementor-widget-heading\" data-id=\"32866b6\" data-element_type=\"widget\" data-e-type=\"widget\" data-widget_type=\"heading.default\">\n\t\t\t\t<div class=\"elementor-widget-container\">\n\t\t\t\t\t<h1 class=\"elementor-heading-title elementor-size-default\">Dane firmy<\/h1>\t\t\t\t<\/div>\n\t\t\t\t<\/div>\n\t\t\t\t<div class=\"elementor-element elementor-element-316f7e5 elementor-widget elementor-widget-heading\" data-id=\"316f7e5\" data-element_type=\"widget\" data-e-type=\"widget\" data-widget_type=\"heading.default\">\n\t\t\t\t<div class=\"elementor-widget-container\">\n\t\t\t\t\t<h2 class=\"elementor-heading-title elementor-size-default\">Realizacja zam\u00f3wie\u0144<\/h2>\t\t\t\t<\/div>\n\t\t\t\t<\/div>\n\t\t\t\t<div class=\"elementor-element elementor-element-f8211a4 elementor-widget elementor-widget-text-editor\" data-id=\"f8211a4\" data-element_type=\"widget\" data-e-type=\"widget\" data-widget_type=\"text-editor.default\">\n\t\t\t\t<div class=\"elementor-widget-container\">\n\t\t\t\t\t\t\t\t\t<p>NIP: 7343596585<br \/>REGON: 389216678<br \/>KRS: 0000909344<\/p><p>Siedziba firmy:<br \/>Plac Konstytucji 3\/1b<br \/>00-647 Warszawa<br \/>Polska<\/p><p>Miejsce prowadzenia dzia\u0142alno\u015bci i adres do korespondencji:<br \/>\u017beromskiego 12a<br \/>05-250 S\u0142upno<br \/>Polska<\/p>\t\t\t\t\t\t\t\t<\/div>\n\t\t\t\t<\/div>\n\t\t\t\t<div class=\"elementor-element elementor-element-873326f elementor-widget elementor-widget-text-editor\" data-id=\"873326f\" data-element_type=\"widget\" data-e-type=\"widget\" data-widget_type=\"text-editor.default\">\n\t\t\t\t<div class=\"elementor-widget-container\">\n\t\t\t\t\t\t\t\t\t<p>Zam\u00f3wienia s\u0105 wysy\u0142ane w terminie od 1 do 14 dni roboczych od momentu zam\u00f3wienia, w zale\u017cno\u015bci od zam\u00f3wionego towaru i wielko\u015bci zam\u00f3wie\u0144.<\/p>\t\t\t\t\t\t\t\t<\/div>\n\t\t\t\t<\/div>\n\t\t\t\t<div class=\"elementor-element elementor-element-8ee87cf elementor-widget elementor-widget-heading\" data-id=\"8ee87cf\" data-element_type=\"widget\" data-e-type=\"widget\" data-widget_type=\"heading.default\">\n\t\t\t\t<div class=\"elementor-widget-container\">\n\t\t\t\t\t<h2 class=\"elementor-heading-title elementor-size-default\">Reklamacje<\/h2>\t\t\t\t<\/div>\n\t\t\t\t<\/div>\n\t\t\t\t\t<\/div>\n\t\t\t\t<\/div>\n\t\t<div class=\"elementor-element elementor-element-347ce35 e-flex e-con-boxed e-con e-parent\" data-id=\"347ce35\" data-element_type=\"container\" data-e-type=\"container\">\n\t\t\t\t\t<div class=\"e-con-inner\">\n\t\t\t\t<div class=\"elementor-element elementor-element-bce5766 elementor-widget elementor-widget-text-editor\" data-id=\"bce5766\" data-element_type=\"widget\" data-e-type=\"widget\" data-widget_type=\"text-editor.default\">\n\t\t\t\t<div class=\"elementor-widget-container\">\n\t\t\t\t\t\t\t\t\t<p>W celu reklamacji nale\u017cy przes\u0142a\u0107 informaj\u0119 reklamacyjn\u0105 na nasz adres mailowy oraz odes\u0142a\u0107 reklamowany towar na adres: Hatu Camp Sp. z o.o., \u017beromskiego 12a, 05-250 S\u0142upno.<\/p><p>Reklamacja zostanie rozpatrzona w przeci\u0105gu 14 dniu od momentu dostarczenia reklamowanego towaru.<\/p>\t\t\t\t\t\t\t\t<\/div>\n\t\t\t\t<\/div>\n\t\t\t\t\t<\/div>\n\t\t\t\t<\/div>\n\t\t<div class=\"elementor-element elementor-element-a324b89 e-flex e-con-boxed e-con e-parent\" data-id=\"a324b89\" data-element_type=\"container\" data-e-type=\"container\">\n\t\t\t\t\t<div class=\"e-con-inner\">\n\t\t\t\t<div class=\"elementor-element elementor-element-5ad29c7 elementor-widget elementor-widget-text-editor\" data-id=\"5ad29c7\" data-element_type=\"widget\" data-e-type=\"widget\" data-widget_type=\"text-editor.default\">\n\t\t\t\t<div class=\"elementor-widget-container\">\n\t\t\t\t\t\t\t\t\t<article><h2 style=\"text-align: center;\">Obowi\u0105zek informacyjny RODO<\/h2><p>Poni\u017csza informacja stanowi zwi\u0119z\u0142y, zrozumia\u0142y i przejrzysty skr\u00f3t informacji zamieszczonych w <a href=\"https:\/\/hatu.pl\/polityka-prywatnosci\">Polityce Prywatno\u015bci<\/a> odno\u015bnie Administratora danych, celu i sposobu przetwarzania danych osobowych oraz Twoich praw w zwi\u0105zku z tym przetwarzaniem, w formie wymaganej do spe\u0142nienia obowi\u0105zku informacyjnego RODO. Szczeg\u00f3\u0142y dotycz\u0105ce sposobu przetwarzania i podmiot\u00f3w uczestnicz\u0105cych w tym procesie dost\u0119pne s\u0105 we wskazanej polityce.<\/p><h3>Kto jest administratorem danych?<\/h3><p>Administratorem Danych Osobowych (dalej Administrator) jest firma &#8222;Hatu Camp Sp.z o.o.&#8221;, prowadz\u0105ca dzia\u0142alno\u015b\u0107 pod adresem: Plac Konstytucji 3\/1b, 00-647 Warszawa o nadanym numerze identyfikacji podatkowej (NIP): 7343596585, o nadanym numerze KRS: 0000909344, \u015bwiadcz\u0105ca us\u0142ugi drog\u0105 elektroniczn\u0105 za po\u015brednictwem Serwisu<\/p><h3>Jak mo\u017cna skontaktowa\u0107 si\u0119 z administratorem danych?<\/h3><p>Z Administratorem mo\u017cna skontaktowa\u0107 si\u0119 w jeden z poni\u017cszych sposob\u00f3w<\/p><ul><li><p><strong>Adres pocztowy<\/strong> &#8211; Hatu Camp Sp.z o.o., \u017beromskiego 12a, 05-250 S\u0142upno<\/p><\/li><li><p><strong>Adres poczty elektronicznej<\/strong> &#8211; info@hatu.pl<\/p><\/li><li><p><strong>Po\u0142\u0105czenie telefoniczne<\/strong> &#8211; +48 608 044 526<\/p><\/li><\/ul><h3>Czy Administrator powo\u0142a\u0142 Inspektora Danych Osobowych?<\/h3><p>Na podstawie Art. 37 RODO, Administrator nie powo\u0142a\u0142 Inspektora Ochrony Danych.<\/p><p>W sprawach dotycz\u0105cych przetwarzania danych, w tym danych osobowych, nale\u017cy kontaktowa\u0107 si\u0119 bezpo\u015brednio z Administratorem.<\/p><h3>Sk\u0105d pozyskujemy dane osobowe i jakie s\u0105 ich \u017ar\u00f3d\u0142a?<\/h3><p>Dane pozyskiwane s\u0105 z nast\u0119puj\u0105cych \u017ar\u00f3de\u0142:<\/p><ul><li>od os\u00f3b, kt\u00f3rych dane dotycz\u0105<\/li><li>w przypadku rejestracji przy u\u017cyciu portali spo\u0142eczno\u015bciowych, za wyra\u017con\u0105 \u015bwiadom\u0105 zgod\u0105 tych os\u00f3b, z tych portali spo\u0142eczno\u015bciowych<\/li><\/ul><h3>Jaki jest zakres przetwarzanych przez nas danych osobowych?<\/h3><p>W serwisie przetwarzane s\u0105 <strong>dane osobowe zwyk\u0142e<\/strong>, podane dobrowolnie przez osoby, kt\u00f3rych dotycz\u0105<br \/><small>(Np. imi\u0119 i nazwisko, login, adres e-mail, telefon, adres IP, itp.)<\/small><\/p><p>Szczeg\u00f3\u0142owy zakres przetwarzanych danych dost\u0119pny jest w <a href=\"https:\/\/hatu.pl\/polityka-prywatnosci\">Polityce Prywatno\u015bci<\/a>.<\/p><h3>Jakie s\u0105 cele przetwarzania przez nas danych?<\/h3><p>Dane osobowe dobrowolnie podane przez U\u017cytkownik\u00f3w s\u0105 przetwarzane w jednym z nast\u0119puj\u0105cych cel\u00f3w:<\/p><ul><li>Realizacji us\u0142ug elektronicznych:<ul><li>Us\u0142ugi rejestracji i utrzymania konta U\u017cytkownika w Serwisie i funkcjonalno\u015bci z nim zwi\u0105zanych<\/li><li>Us\u0142ugi Newslettera (w tym przesy\u0142ania za zgod\u0105 tre\u015bci reklamowych)<\/li><li>Us\u0142ugi komentowania \/ polubienia wpis\u00f3w w Serwisie bez konieczno\u015bci rejestrowania si\u0119<\/li><\/ul><\/li><li>Komunikacji Administratora z U\u017cytkownikami w sprawach zwi\u0105zanych z Serwisem oraz ochrony danych<\/li><li>Zapewnienia prawnie uzasadnionego interesu Administratora<\/li><\/ul><h3>Jakie s\u0105 podstawy prawne przetwarzania danych?<\/h3><p>Serwis gromadzi i przetwarza dane U\u017cytkownik\u00f3w na podstawie:<\/p><ul><li>Rozporz\u0105dzenia Parlamentu Europejskiego i Rady (UE) 2016\/679 z dnia 27 kwietnia 2016 r. w sprawie ochrony os\u00f3b fizycznych w zwi\u0105zku z przetwarzaniem danych osobowych i w sprawie swobodnego przep\u0142ywu takich danych oraz uchylenia dyrektywy 95\/46\/WE (og\u00f3lne rozporz\u0105dzenie o ochronie danych)<ul><li>art. 6 ust. 1 lit. a<br \/><small>osoba, kt\u00f3rej dane dotycz\u0105 wyrazi\u0142a zgod\u0119 na przetwarzanie swoich danych osobowych w jednym lub wi\u0119kszej liczbie okre\u015blonych cel\u00f3w<\/small><\/li><li>art. 6 ust. 1 lit. b<br \/><small>przetwarzanie jest niezb\u0119dne do wykonania umowy, kt\u00f3rej stron\u0105 jest osoba, kt\u00f3rej dane dotycz\u0105, lub do podj\u0119cia dzia\u0142a\u0144 na \u017c\u0105danie osoby, kt\u00f3rej dane dotycz\u0105, przed zawarciem umowy<\/small><\/li><li>art. 6 ust. 1 lit. f<br \/><small>przetwarzanie jest niezb\u0119dne do cel\u00f3w wynikaj\u0105cych z prawnie uzasadnionych interes\u00f3w realizowanych przez administratora lub przez stron\u0119 trzeci\u0105<\/small><\/li><\/ul><\/li><li>Ustawa z dnia 10 maja 2018 r. o ochronie danych osobowych (Dz.U. 2018 poz. 1000)<\/li><li>Ustawa z dnia 16 lipca 2004 r. Prawo telekomunikacyjne (Dz.U. 2004 nr 171 poz. 1800)<\/li><li>Ustawa z dnia 4 lutego 1994 r. o prawie autorskim i prawach pokrewnych (Dz. U. 1994 Nr 24 poz. 83)<\/li><\/ul><h3>Jaki jest prawnie uzasadniony interes realizowany przez Administratora?<\/h3><ul><li>W celu ewentualnego ustalenia, dochodzenia lub obrony przed roszczeniami \u2013 podstaw\u0105 prawn\u0105 przetwarzania jest nasz uzasadniony interes (art. 6 ust. 1 lit. f) RODO) polegaj\u0105cy na ochronie naszych praw, w tym mi\u0119dzy innymi;<\/li><li>W celu oceny ryzyka potencjalnych klient\u00f3w<\/li><li>W celu oceny planowanych kampanii marketingowych<\/li><li>W celu realizacji marketingu bezpo\u015bredniego<\/li><\/ul><h3>Przez jaki okres przetwarzamy dane osobowe?<\/h3><p>Co do zasady, wskazane dane osobowe s\u0105 przechowywane wy\u0142\u0105cznie przez okres \u015bwiadczenia us\u0142ugi w ramach prowadzonego serwisu przez Administratora. S\u0105 one usuwane lub anonimizowane w okresie do <strong>30 dni od chwili zako\u0144czenia \u015bwiadczenia us\u0142ug<\/strong> (np. usuni\u0119cie zarejestrowanego konta u\u017cytkownika, wypisanie z listy Newsletter, itp.)<\/p><p>W wyj\u0105tkowych sytuacjach, w celu zabezpieczenie prawnie uzasadnionego interesu realizowanego przez Administratora, okres ten mo\u017ce ulec wyd\u0142u\u017ceniu. W takiej sytuacji Administrator b\u0119dzie przechowywa\u0142 wskazane dane, od czasu \u017c\u0105dania ich usuni\u0119cia przez U\u017cytkownika, nie d\u0142u\u017cej ni\u017c przez okres 3 lat w przypadku naruszenia lub podejrzenia naruszenia zapis\u00f3w regulaminu serwisu przez osob\u0119, kt\u00f3rej dane dotycz\u0105.<\/p><h3>Kto jest odbiorc\u0105 danych w tym danych osobowych?<\/h3><p>Co do zasady jedynym odbiorc\u0105 danych jest Administrator.<\/p><p>Przetwarzanie danych mo\u017ce jednak by\u0107 powierzone innym podmiotom, realizuj\u0105cym us\u0142ugi na rzecz Administratora w celu utrzymania dzia\u0142alno\u015bci Serwisu.<\/p><p>Do podmiot\u00f3w takich mo\u017cna zaliczy\u0107 mi\u0119dzy innymi:<\/p><ul><li>Firmy hostingowe, \u015bwiadcz\u0105ce us\u0142ugi hostingu lub us\u0142ug pokrewnych dla Administratora<\/li><li>Firmy, za po\u015brednictwem kt\u00f3rych \u015bwiadczona jest us\u0142uga Newslettera<\/li><li>Firmy po\u015brednicz\u0105ce w p\u0142atno\u015bciach on-line za towaru lub us\u0142ugi oferowane w ramach Serwisu (w przypadku dokonywania transakcji zakupu w Serwisie)<\/li><li>Firmy odpowiedzialne za prowadzenie ksi\u0119gowo\u015bci Administratora (w przypadku dokonywania transakcji zakupu w Serwisie)<\/li><li>Firmy odpowiedzialne za dostarczanie produkt\u00f3w fizycznych do U\u017cytkownika (us\u0142ugi pocztowe \/ kurierskie w przypadku dokonywania transakcji zakupu w Serwisie)<\/li><\/ul><h3>Czy Pa\u0144stwa dane osobowe b\u0119d\u0105 przekazywane poza Uni\u0119 Europejsk\u0105?<\/h3><p><strong>Dane osobowe s\u0105 przekazywane poza Uni\u0119 Europejsk\u0105.<\/strong><br \/>Przekazanie danych pozo UE jest spowodowane korzystaniem z us\u0142ug podmiot\u00f3w zlokalizowanych poza granicami UE, lub w wyniku opublikowania na skutek indywidualnego dzia\u0142ania U\u017cytkownika (np. wprowadzenie komentarza lub wpisu), co sprawi, \u017ce dane b\u0119d\u0105 dost\u0119pne dla ka\u017cdej osoby odwiedzaj\u0105cej serwis.<br \/>W przypadku przekazania lub powierzenia przetwarzania danych osobowych poza granicami UE, dane te s\u0105 przetwarzana na podstawie umowy zawartej pomi\u0119dzy Administratorem a Us\u0142ugodawc\u0105.<\/p><h3>Czy dane osobowe b\u0119d\u0105 podstaw\u0105 zautomatyzowanego podejmowania decyzji?<\/h3><p>Dane osobowe <strong>s\u0105 wykorzystywane do zautomatyzowanego podejmowania decyzji<\/strong> (profilowania).<br \/>Profilowanie danych osobowych nie wywo\u0142uje skutk\u00f3w prawnych lub w podobny spos\u00f3b istotnie nie wp\u0142ywa na osob\u0119, kt\u00f3rej dane podlegaj\u0105 automatycznemu podejmowaniu decyzji.<\/p><h3>Jakie maj\u0105 Pa\u0144stwo prawa zwi\u0105zane z przetwarzaniem danych osobowych?<\/h3><ul><li><p><strong>Prawo dost\u0119pu do danych osobowych<\/strong><br \/>U\u017cytkownikom przys\u0142uguje prawo uzyskania dost\u0119pu do swoich danych osobowych, realizowane na \u017c\u0105danie z\u0142o\u017cone do Administratora<\/p><\/li><li><p><strong>Prawo do sprostowania danych osobowych<\/strong><br \/>U\u017cytkownikom przys\u0142uguje prawo \u017c\u0105dania od Administratora niezw\u0142ocznego sprostowania danych osobowych, kt\u00f3re s\u0105 nieprawid\u0142owe lub \/ oraz uzupe\u0142nienia niekompletnych danych osobowych, realizowane na \u017c\u0105danie z\u0142o\u017cone do Administratora<\/p><\/li><li><p><strong>Prawo do usuni\u0119cia danych osobowych<\/strong><br \/>U\u017cytkownikom przys\u0142uguje prawo \u017c\u0105dania od Administratora niezw\u0142ocznego usuni\u0119cia danych osobowych, realizowane na \u017c\u0105danie z\u0142o\u017cone do Administratora.<\/p><p>W przypadku kont u\u017cytkownik\u00f3w, usuni\u0119cie danych polega na anonimizacji danych umo\u017cliwiaj\u0105cych identyfikacj\u0119 U\u017cytkownika.<\/p><p>W przypadku us\u0142ugi Newsletter, U\u017cytkownik ma mo\u017cliwo\u015b\u0107 samodzielnego usuni\u0119cia swoich danych osobowych korzystaj\u0105c z odno\u015bnika umieszczonego w ka\u017cdej przesy\u0142anej wiadomo\u015bci e-mail.<\/p><\/li><li><p><strong>Prawo do ograniczenia przetwarzania danych osobowych<\/strong><br \/>U\u017cytkownikom przys\u0142uguje prawo ograniczenia przetwarzania danych osobowych w przypadkach wskazanych w art. 18 RODO, m.in. kwestionowania prawid\u0142owo\u015b\u0107 danych osobowych, realizowane na \u017c\u0105danie z\u0142o\u017cone do Administratora<\/p><\/li><li><p><strong>Prawo do przenoszenia danych osobowych<\/strong><br \/>U\u017cytkownikom przys\u0142uguje prawo uzyskania od Administratora, danych osobowych dotycz\u0105cych U\u017cytkownika w ustrukturyzowanym, powszechnie u\u017cywanym formacie nadaj\u0105cym si\u0119 do odczytu maszynowego, realizowane na \u017c\u0105danie z\u0142o\u017cone do Administratora<\/p><\/li><li><p><strong>Prawo wniesienia sprzeciwu wobec przetwarzania danych osobowych<\/strong><br \/>U\u017cytkownikom przys\u0142uguje prawo wniesienia sprzeciwu wobec przetwarzania jego danych osobowych w przypadkach okre\u015blonych w art. 21 RODO, realizowane na \u017c\u0105danie z\u0142o\u017cone do Administratora<\/p><\/li><li><p><strong>Prawo wniesienia skargi<\/strong><br \/>U\u017cytkownikom przys\u0142uguje prawo wniesienia skargi do organu nadzorczego zajmuj\u0105cego si\u0119 ochron\u0105 danych osobowych.<\/p><\/li><\/ul><\/article>\t\t\t\t\t\t\t\t<\/div>\n\t\t\t\t<\/div>\n\t\t\t\t\t<\/div>\n\t\t\t\t<\/div>\n\t\t\t\t<\/div>\n\t\t","protected":false},"excerpt":{"rendered":"<p>Dane firmy Realizacja zam\u00f3wie\u0144 NIP: 7343596585REGON: 389216678KRS: 0000909344 Siedziba firmy:Plac Konstytucji 3\/1b00-647 WarszawaPolska Miejsce prowadzenia dzia\u0142alno\u015bci i adres do korespondencji:\u017beromskiego [&hellip;]<\/p>\n","protected":false},"author":1,"featured_media":0,"parent":0,"menu_order":0,"comment_status":"closed","ping_status":"closed","template":"","meta":{"site-sidebar-layout":"default","site-content-layout":"","ast-site-content-layout":"default","site-content-style":"default","site-sidebar-style":"default","ast-global-header-display":"","ast-banner-title-visibility":"","ast-main-header-display":"","ast-hfb-above-header-display":"","ast-hfb-below-header-display":"","ast-hfb-mobile-header-display":"","site-post-title":"","ast-breadcrumbs-content":"","ast-featured-img":"","footer-sml-layout":"","theme-transparent-header-meta":"","adv-header-id-meta":"","stick-header-meta":"","header-above-stick-meta":"","header-main-stick-meta":"","header-below-stick-meta":"","astra-migrate-meta-layouts":"default","ast-page-background-enabled":"default","ast-page-background-meta":{"desktop":{"background-color":"var(--ast-global-color-4)","background-image":"","background-repeat":"repeat","background-position":"center center","background-size":"auto","background-attachment":"scroll","background-type":"","background-media":"","overlay-type":"","overlay-color":"","overlay-opacity":"","overlay-gradient":""},"tablet":{"background-color":"","background-image":"","background-repeat":"repeat","background-position":"center center","background-size":"auto","background-attachment":"scroll","background-type":"","background-media":"","overlay-type":"","overlay-color":"","overlay-opacity":"","overlay-gradient":""},"mobile":{"background-color":"","background-image":"","background-repeat":"repeat","background-position":"center center","background-size":"auto","background-attachment":"scroll","background-type":"","background-media":"","overlay-type":"","overlay-color":"","overlay-opacity":"","overlay-gradient":""}},"ast-content-background-meta":{"desktop":{"background-color":"var(--ast-global-color-5)","background-image":"","background-repeat":"repeat","background-position":"center center","background-size":"auto","background-attachment":"scroll","background-type":"","background-media":"","overlay-type":"","overlay-color":"","overlay-opacity":"","overlay-gradient":""},"tablet":{"background-color":"var(--ast-global-color-5)","background-image":"","background-repeat":"repeat","background-position":"center center","background-size":"auto","background-attachment":"scroll","background-type":"","background-media":"","overlay-type":"","overlay-color":"","overlay-opacity":"","overlay-gradient":""},"mobile":{"background-color":"var(--ast-global-color-5)","background-image":"","background-repeat":"repeat","background-position":"center center","background-size":"auto","background-attachment":"scroll","background-type":"","background-media":"","overlay-type":"","overlay-color":"","overlay-opacity":"","overlay-gradient":""}},"footnotes":""},"class_list":["post-274","page","type-page","status-publish","hentry"],"_links":{"self":[{"href":"https:\/\/hatu.pl\/index.php\/wp-json\/wp\/v2\/pages\/274","targetHints":{"allow":["GET"]}}],"collection":[{"href":"https:\/\/hatu.pl\/index.php\/wp-json\/wp\/v2\/pages"}],"about":[{"href":"https:\/\/hatu.pl\/index.php\/wp-json\/wp\/v2\/types\/page"}],"author":[{"embeddable":true,"href":"https:\/\/hatu.pl\/index.php\/wp-json\/wp\/v2\/users\/1"}],"replies":[{"embeddable":true,"href":"https:\/\/hatu.pl\/index.php\/wp-json\/wp\/v2\/comments?post=274"}],"version-history":[{"count":28,"href":"https:\/\/hatu.pl\/index.php\/wp-json\/wp\/v2\/pages\/274\/revisions"}],"predecessor-version":[{"id":2861,"href":"https:\/\/hatu.pl\/index.php\/wp-json\/wp\/v2\/pages\/274\/revisions\/2861"}],"wp:attachment":[{"href":"https:\/\/hatu.pl\/index.php\/wp-json\/wp\/v2\/media?parent=274"}],"curies":[{"name":"wp","href":"https:\/\/api.w.org\/{rel}","templated":true}]}}