{"id":2761,"date":"2025-01-14T08:33:00","date_gmt":"2025-01-14T07:33:00","guid":{"rendered":"https:\/\/hatu.pl\/?page_id=2761"},"modified":"2025-01-17T10:51:19","modified_gmt":"2025-01-17T09:51:19","slug":"warunki-wysylki","status":"publish","type":"page","link":"https:\/\/hatu.pl\/index.php\/warunki-wysylki\/","title":{"rendered":"Warunki wysy\u0142ki"},"content":{"rendered":"\t\t<div data-elementor-type=\"wp-page\" data-elementor-id=\"2761\" class=\"elementor elementor-2761\" data-elementor-post-type=\"page\">\n\t\t\t\t<div class=\"elementor-element elementor-element-90a06de e-flex e-con-boxed e-con e-parent\" data-id=\"90a06de\" data-element_type=\"container\" data-e-type=\"container\">\n\t\t\t\t\t<div class=\"e-con-inner\">\n\t\t\t\t<div class=\"elementor-element elementor-element-53cd0cb elementor-widget elementor-widget-text-editor\" data-id=\"53cd0cb\" data-element_type=\"widget\" data-e-type=\"widget\" data-widget_type=\"text-editor.default\">\n\t\t\t\t<div class=\"elementor-widget-container\">\n\t\t\t\t\t\t\t\t\t<h1>Czas dostarczenia produktu\/us\u0142ugi<\/h1>\n<ol>\n<li>Czas dostarczenia zam\u00f3wionego produktu wynosi od [2-6] dni roboczych, licz\u0105c od momentu z\u0142o\u017cenia zam\u00f3wienia i potwierdzenia jego przyj\u0119cia przez sklep\/firm\u0119.<\/li>\n<li>W przypadku produkt\u00f3w dost\u0119pnych na zam\u00f3wienie lub w sytuacji, gdy konieczne jest dodatkowe przygotowanie zam\u00f3wienia, czas dostarczenia mo\u017ce ulec wyd\u0142u\u017ceniu do [14] dni roboczych. O wszelkich op\u00f3\u017anieniach klient zostanie niezw\u0142ocznie poinformowany.<\/li>\n<li>W przypadku zam\u00f3wienia us\u0142ugi czas realizacji b\u0119dzie zale\u017cny od jej charakteru i szczeg\u00f3\u0142owych ustale\u0144 z klientem. Szacowany czas realizacji zostanie podany w momencie sk\u0142adania zam\u00f3wienia.<\/li>\n<li>Dostarczenie produktu lub wykonanie us\u0142ugi odbywa si\u0119 zgodnie z warunkami ustalonymi w momencie zakupu oraz w zale\u017cno\u015bci od dost\u0119pno\u015bci produkt\u00f3w lub zasob\u00f3w.<\/li>\n<\/ol>\t\t\t\t\t\t\t\t<\/div>\n\t\t\t\t<\/div>\n\t\t\t\t\t<\/div>\n\t\t\t\t<\/div>\n\t\t\t\t<\/div>\n\t\t","protected":false},"excerpt":{"rendered":"<p>Czas dostarczenia produktu\/us\u0142ugi Czas dostarczenia zam\u00f3wionego produktu wynosi od [2-6] dni roboczych, licz\u0105c od momentu z\u0142o\u017cenia zam\u00f3wienia i potwierdzenia jego [&hellip;]<\/p>\n","protected":false},"author":1,"featured_media":0,"parent":0,"menu_order":0,"comment_status":"closed","ping_status":"closed","template":"","meta":{"site-sidebar-layout":"no-sidebar","site-content-layout":"","ast-site-content-layout":"full-width-container","site-content-style":"default","site-sidebar-style":"default","ast-global-header-display":"","ast-banner-title-visibility":"","ast-main-header-display":"","ast-hfb-above-header-display":"","ast-hfb-below-header-display":"","ast-hfb-mobile-header-display":"","site-post-title":"disabled","ast-breadcrumbs-content":"","ast-featured-img":"disabled","footer-sml-layout":"","theme-transparent-header-meta":"","adv-header-id-meta":"","stick-header-meta":"","header-above-stick-meta":"","header-main-stick-meta":"","header-below-stick-meta":"","astra-migrate-meta-layouts":"default","ast-page-background-enabled":"default","ast-page-background-meta":{"desktop":{"background-color":"var(--ast-global-color-4)","background-image":"","background-repeat":"repeat","background-position":"center center","background-size":"auto","background-attachment":"scroll","background-type":"","background-media":"","overlay-type":"","overlay-color":"","overlay-opacity":"","overlay-gradient":""},"tablet":{"background-color":"","background-image":"","background-repeat":"repeat","background-position":"center center","background-size":"auto","background-attachment":"scroll","background-type":"","background-media":"","overlay-type":"","overlay-color":"","overlay-opacity":"","overlay-gradient":""},"mobile":{"background-color":"","background-image":"","background-repeat":"repeat","background-position":"center center","background-size":"auto","background-attachment":"scroll","background-type":"","background-media":"","overlay-type":"","overlay-color":"","overlay-opacity":"","overlay-gradient":""}},"ast-content-background-meta":{"desktop":{"background-color":"var(--ast-global-color-5)","background-image":"","background-repeat":"repeat","background-position":"center center","background-size":"auto","background-attachment":"scroll","background-type":"","background-media":"","overlay-type":"","overlay-color":"","overlay-opacity":"","overlay-gradient":""},"tablet":{"background-color":"var(--ast-global-color-5)","background-image":"","background-repeat":"repeat","background-position":"center center","background-size":"auto","background-attachment":"scroll","background-type":"","background-media":"","overlay-type":"","overlay-color":"","overlay-opacity":"","overlay-gradient":""},"mobile":{"background-color":"var(--ast-global-color-5)","background-image":"","background-repeat":"repeat","background-position":"center center","background-size":"auto","background-attachment":"scroll","background-type":"","background-media":"","overlay-type":"","overlay-color":"","overlay-opacity":"","overlay-gradient":""}},"footnotes":""},"class_list":["post-2761","page","type-page","status-publish","hentry"],"_links":{"self":[{"href":"https:\/\/hatu.pl\/index.php\/wp-json\/wp\/v2\/pages\/2761","targetHints":{"allow":["GET"]}}],"collection":[{"href":"https:\/\/hatu.pl\/index.php\/wp-json\/wp\/v2\/pages"}],"about":[{"href":"https:\/\/hatu.pl\/index.php\/wp-json\/wp\/v2\/types\/page"}],"author":[{"embeddable":true,"href":"https:\/\/hatu.pl\/index.php\/wp-json\/wp\/v2\/users\/1"}],"replies":[{"embeddable":true,"href":"https:\/\/hatu.pl\/index.php\/wp-json\/wp\/v2\/comments?post=2761"}],"version-history":[{"count":9,"href":"https:\/\/hatu.pl\/index.php\/wp-json\/wp\/v2\/pages\/2761\/revisions"}],"predecessor-version":[{"id":2877,"href":"https:\/\/hatu.pl\/index.php\/wp-json\/wp\/v2\/pages\/2761\/revisions\/2877"}],"wp:attachment":[{"href":"https:\/\/hatu.pl\/index.php\/wp-json\/wp\/v2\/media?parent=2761"}],"curies":[{"name":"wp","href":"https:\/\/api.w.org\/{rel}","templated":true}]}}