{"id":629,"date":"2024-03-25T11:23:22","date_gmt":"2024-03-25T10:23:22","guid":{"rendered":"https:\/\/hatu.pl\/?page_id=629"},"modified":"2024-03-25T11:37:05","modified_gmt":"2024-03-25T10:37:05","slug":"co-zrobic-aby-internet-smigal-w-kamperze-i-campervanie","status":"publish","type":"page","link":"https:\/\/hatu.pl\/index.php\/co-zrobic-aby-internet-smigal-w-kamperze-i-campervanie\/","title":{"rendered":"Co zrobi\u0107 aby Internet \u015bmiga\u0142 w kamperze i campervanie"},"content":{"rendered":"\t\t<div data-elementor-type=\"wp-page\" data-elementor-id=\"629\" class=\"elementor elementor-629\" data-elementor-post-type=\"page\">\n\t\t\t\t<div class=\"elementor-element elementor-element-fa5faae e-flex e-con-boxed e-con e-parent\" data-id=\"fa5faae\" data-element_type=\"container\" data-e-type=\"container\">\n\t\t\t\t\t<div class=\"e-con-inner\">\n\t\t\t\t<div class=\"elementor-element elementor-element-86f30ea elementor-widget elementor-widget-text-editor\" data-id=\"86f30ea\" data-element_type=\"widget\" data-e-type=\"widget\" data-widget_type=\"text-editor.default\">\n\t\t\t\t<div class=\"elementor-widget-container\">\n\t\t\t\t\t\t\t\t\t<h6>Dla os\u00f3b u\u017cytkuj\u0105cych intensywnie internetu podczas podr\u00f3\u017cy kamperem oferujemy specjalny zestawy anteny zewn\u0119trzne z routerem.<\/h6>\t\t\t\t\t\t\t\t<\/div>\n\t\t\t\t<\/div>\n\t\t\t\t\t<\/div>\n\t\t\t\t<\/div>\n\t\t<div class=\"elementor-element elementor-element-bf4abac e-flex e-con-boxed e-con e-parent\" data-id=\"bf4abac\" data-element_type=\"container\" data-e-type=\"container\">\n\t\t\t\t\t<div class=\"e-con-inner\">\n\t\t<div class=\"elementor-element elementor-element-9ac53c5 e-con-full e-flex e-con e-child\" data-id=\"9ac53c5\" data-element_type=\"container\" data-e-type=\"container\">\n\t\t\t\t<div class=\"elementor-element elementor-element-57113e6 elementor-widget elementor-widget-image\" data-id=\"57113e6\" data-element_type=\"widget\" data-e-type=\"widget\" data-widget_type=\"image.default\">\n\t\t\t\t<div class=\"elementor-widget-container\">\n\t\t\t\t\t\t\t\t\t\t\t\t\t\t\t<img fetchpriority=\"high\" decoding=\"async\" width=\"1000\" height=\"1000\" src=\"https:\/\/hatu.pl\/wp-content\/uploads\/2024\/03\/routerRUT200.webp\" class=\"attachment-large size-large wp-image-632\" alt=\"\" srcset=\"https:\/\/hatu.pl\/wp-content\/uploads\/2024\/03\/routerRUT200.webp 1000w, https:\/\/hatu.pl\/wp-content\/uploads\/2024\/03\/routerRUT200-300x300.webp 300w, https:\/\/hatu.pl\/wp-content\/uploads\/2024\/03\/routerRUT200-150x150.webp 150w, https:\/\/hatu.pl\/wp-content\/uploads\/2024\/03\/routerRUT200-768x768.webp 768w, https:\/\/hatu.pl\/wp-content\/uploads\/2024\/03\/routerRUT200-600x600.webp 600w, https:\/\/hatu.pl\/wp-content\/uploads\/2024\/03\/routerRUT200-100x100.webp 100w\" sizes=\"(max-width: 1000px) 100vw, 1000px\" \/>\t\t\t\t\t\t\t\t\t\t\t\t\t\t\t<\/div>\n\t\t\t\t<\/div>\n\t\t\t\t<\/div>\n\t\t<div class=\"elementor-element elementor-element-855c214 e-con-full e-flex e-con e-child\" data-id=\"855c214\" data-element_type=\"container\" data-e-type=\"container\">\n\t\t\t\t<div class=\"elementor-element elementor-element-f1eb945 elementor-widget elementor-widget-text-editor\" data-id=\"f1eb945\" data-element_type=\"widget\" data-e-type=\"widget\" data-widget_type=\"text-editor.default\">\n\t\t\t\t<div class=\"elementor-widget-container\">\n\t\t\t\t\t\t\t\t\t<div><h4>Opcja 1 podstawowa<\/h4><div>Router Teltonika RUT200, przemys\u0142owy router LTE, 4G\/LTE Cat.4, 2x LAN 100Mb\/s WiFi 2,4GHz, RMS.<\/div><div>Wyposa\u017cony w 4G LTE, Wi-Fi i dwa porty Ethernet, ten model jest idealny do szybkiego konfigurowania podstawowej i zapasowej \u0142\u0105czno\u015bci z mo\u017cliwo\u015bci\u0105 zdalnego zarz\u0105dzania.<\/div><div>Wej\u015bcia i wyj\u015bcia cyfrowe w po\u0142\u0105czeniu z zaawansowanym oprogramowaniem RutOS umo\u017cliwiaj\u0105 tworzenie scenariuszy automatyzacji rozwi\u0105za\u0144.<\/div><div>\u00a0<\/div><div>Antena dachowa Teltronica Combo MIMO LTE, SMA 3m<\/div><div>\u00a0<\/div><div>Zasilacz samochodowy, Teltonika Model PR2AM20M do router\u00f3w TELTONIKA.<\/div><div>\u00a0<\/div><div>Cena zestawu: 630 z\u0142<\/div><div>Koszt monta\u017cu i konfiguracji: 200-250 z\u0142<\/div><\/div><div>\u00a0<\/div>\t\t\t\t\t\t\t\t<\/div>\n\t\t\t\t<\/div>\n\t\t\t\t<\/div>\n\t\t\t\t\t<\/div>\n\t\t\t\t<\/div>\n\t\t<div class=\"elementor-element elementor-element-f16798a e-flex e-con-boxed e-con e-parent\" data-id=\"f16798a\" data-element_type=\"container\" data-e-type=\"container\">\n\t\t\t\t\t<div class=\"e-con-inner\">\n\t\t<div class=\"elementor-element elementor-element-e8cbfa4 e-con-full e-flex e-con e-child\" data-id=\"e8cbfa4\" data-element_type=\"container\" data-e-type=\"container\">\n\t\t\t\t<div class=\"elementor-element elementor-element-9d0bbdf elementor-widget elementor-widget-text-editor\" data-id=\"9d0bbdf\" data-element_type=\"widget\" data-e-type=\"widget\" data-widget_type=\"text-editor.default\">\n\t\t\t\t<div class=\"elementor-widget-container\">\n\t\t\t\t\t\t\t\t\t<h4>Opcja 2<\/h4><p>Router Teltronica RUT360, przemys\u0142owy router LTE, Cat.6, 1x LAN, 1x WAN 100Mb\/s WiFi 2,4GHz, RUT360 000000<\/p><p>Ten kompaktowy przemys\u0142owy router oferuje mo\u017cliwo\u015b\u0107 \u0142\u0105czenia si\u0119 z Internetem za pomoc\u0105 sieci kom\u00f3rkowych, Wi-Fi i przewodowych. RUT360 wyposa\u017cony jest w dwa interfejsy Ethernet, WiFi 802.11 b\/g\/n oraz modu\u0142 kom\u00f3rkowy 4G LTE Cat 6, oferuj\u0105cy pr\u0119dko\u015b\u0107 transmisji danych do 300 Mbps.<\/p><p>Unikalne funkcje programowania, zdalnego monitorowania i zabezpiecze\u0144 czyni\u0105 RUT360 idealnym rozwi\u0105zaniem dla aplikacji IoT i M2M, gdzie bezpieczna i niezawodna \u0142\u0105czno\u015b\u0107 jest konieczno\u015bci\u0105. Funkcjonalno\u015b\u0107 agregacji operator\u00f3w sprawia, \u017ce to kompaktowe urz\u0105dzenie jest niezast\u0105pione w obszarach lub aplikacjach, w kt\u00f3rych pr\u0119dko\u015bci danych kom\u00f3rkowych s\u0105 ograniczone.<\/p><p>Sie\u0107 bezprzewodowa<br \/>Dzi\u0119ki wbudowanej \u0142\u0105czno\u015bci WiFi mo\u017cesz korzysta\u0107 z LTE za pomoc\u0105 sieci Wi-Fi dzia\u0142aj\u0105cej na cz\u0119stotliwo\u015bci 2,4GHz.<\/p><p>Zewn\u0119trzny slot kart SIM<br \/>Slot karty SIM umo\u017cliwia \u0142atwy monta\u017c karty SIM w routerze. Urz\u0105dzenie po zamontowaniu karty SIM po\u0142\u0105czy si\u0119 z sieci\u0105, bez potrzeby restartu urz\u0105dzenia. Konfiguracja po\u0142\u0105czenia LTE ogranicza si\u0119 do podania nazwy APN oraz numeru PINu do karty SIM.<\/p><p>2 porty Ethernetowe<br \/>Ma\u0142e i kompaktowe urz\u0105dzenie posiada 2 porty 10\/100Mb\/s. Porty mog\u0105 by\u0107 u\u017cywane jako g\u0142\u00f3wne po\u0142\u0105czenie internetowe lub po\u0142\u0105czenie zapasowe.<\/p><p>Teltonika RMS<br \/>System Zdalnego Zarz\u0105dzania (RMS) firmy Teltonika Networks pozwala na kontrol\u0119 nad pod\u0142\u0105czonym rozwi\u0105zaniem i sk\u0142ada si\u0119 z trzech g\u0142\u00f3wnych cz\u0119\u015bci:<\/p><p>RMS MANAGEMENT daje Ci pe\u0142n\u0105 kontrol\u0119 nad flot\u0105 router\u00f3w i bram Teltonika Networks, zapewniaj\u0105c ich bezpiecze\u0144stwo i dost\u0119pno\u015b\u0107.<br \/>RMS CONNECT pozwala na zdalny dost\u0119p i sterowanie innymi inteligentnymi urz\u0105dzeniami, nawet bez publicznego IP.<br \/>RMS API pomaga Ci wzi\u0105\u0107 to, czego potrzebujesz z RMS i wdro\u017cy\u0107 to do wybranej platformy IoT.<\/p><p>Antena dachowa Teltronica Combo PR1KCO28 MIMO LTE\/GPS\/GLONASS\/Wi-FI, SMA 3,m (003R-00253)<\/p><p>Teltonika antena dachowa combo MIMO LTE\/GPS\/GLONASS\/Wi-Fi, SMA 3m (PR1KCO28) o zysku 2dBi (WiFi) i 3 dBi (LTE) oraz z przewodem d\u0142ugo\u015bci 3m. Antena Combo MIMO sk\u0142ada si\u0119 z 5 zintegrowanych anten: 2 anten LTE , 2 anten Wi-Fi oraz anteny GPS. Przeznaczona jest do monta\u017cu dachowego w pojazdach.<\/p><p>Zasilacz samochodowy, Teltonika Model PR2AM20M do router\u00f3w TELTONIKA.<\/p><p>Cena zestawu 1340 z\u0142<br \/>Koszt monta\u017cu i konfiguracji: 250-300 z\u0142<\/p>\t\t\t\t\t\t\t\t<\/div>\n\t\t\t\t<\/div>\n\t\t\t\t<\/div>\n\t\t<div class=\"elementor-element elementor-element-61ba94f e-con-full e-flex e-con e-child\" data-id=\"61ba94f\" data-element_type=\"container\" data-e-type=\"container\">\n\t\t\t\t<div class=\"elementor-element elementor-element-6cc076a elementor-widget elementor-widget-gallery\" data-id=\"6cc076a\" data-element_type=\"widget\" data-e-type=\"widget\" data-settings=\"{&quot;columns&quot;:1,&quot;gap&quot;:{&quot;unit&quot;:&quot;px&quot;,&quot;size&quot;:61,&quot;sizes&quot;:[]},&quot;aspect_ratio&quot;:&quot;1:1&quot;,&quot;lazyload&quot;:&quot;yes&quot;,&quot;gallery_layout&quot;:&quot;grid&quot;,&quot;columns_tablet&quot;:2,&quot;columns_mobile&quot;:1,&quot;gap_tablet&quot;:{&quot;unit&quot;:&quot;px&quot;,&quot;size&quot;:10,&quot;sizes&quot;:[]},&quot;gap_mobile&quot;:{&quot;unit&quot;:&quot;px&quot;,&quot;size&quot;:10,&quot;sizes&quot;:[]},&quot;link_to&quot;:&quot;file&quot;,&quot;overlay_background&quot;:&quot;yes&quot;,&quot;content_hover_animation&quot;:&quot;fade-in&quot;}\" data-widget_type=\"gallery.default\">\n\t\t\t\t<div class=\"elementor-widget-container\">\n\t\t\t\t\t\t\t<div class=\"elementor-gallery__container\">\n\t\t\t\t\t\t\t<a class=\"e-gallery-item elementor-gallery-item elementor-animated-content\" href=\"https:\/\/hatu.pl\/wp-content\/uploads\/2024\/03\/teltonika-antena-dachowa-comb_15730.jpg\" data-elementor-open-lightbox=\"yes\" data-elementor-lightbox-slideshow=\"6cc076a\" data-elementor-lightbox-title=\"teltonika-antena-dachowa-comb_15730\" data-e-action-hash=\"#elementor-action%3Aaction%3Dlightbox%26settings%3DeyJpZCI6NjM3LCJ1cmwiOiJodHRwczpcL1wvaGF0dS5wbFwvd3AtY29udGVudFwvdXBsb2Fkc1wvMjAyNFwvMDNcL3RlbHRvbmlrYS1hbnRlbmEtZGFjaG93YS1jb21iXzE1NzMwLmpwZyIsInNsaWRlc2hvdyI6IjZjYzA3NmEifQ%3D%3D\">\n\t\t\t\t\t<div class=\"e-gallery-image elementor-gallery-item__image\" data-thumbnail=\"https:\/\/hatu.pl\/wp-content\/uploads\/2024\/03\/teltonika-antena-dachowa-comb_15730-300x300.jpg\" data-width=\"300\" data-height=\"300\" aria-label=\"\" role=\"img\" ><\/div>\n\t\t\t\t\t\t\t\t\t\t\t<div class=\"elementor-gallery-item__overlay\"><\/div>\n\t\t\t\t\t\t\t\t\t\t\t\t\t\t<\/a>\n\t\t\t\t\t\t\t<a class=\"e-gallery-item elementor-gallery-item elementor-animated-content\" href=\"https:\/\/hatu.pl\/wp-content\/uploads\/2024\/03\/routerRUT360.webp\" data-elementor-open-lightbox=\"yes\" data-elementor-lightbox-slideshow=\"6cc076a\" data-elementor-lightbox-title=\"routerRUT360\" data-e-action-hash=\"#elementor-action%3Aaction%3Dlightbox%26settings%3DeyJpZCI6NjMzLCJ1cmwiOiJodHRwczpcL1wvaGF0dS5wbFwvd3AtY29udGVudFwvdXBsb2Fkc1wvMjAyNFwvMDNcL3JvdXRlclJVVDM2MC53ZWJwIiwic2xpZGVzaG93IjoiNmNjMDc2YSJ9\">\n\t\t\t\t\t<div class=\"e-gallery-image elementor-gallery-item__image\" data-thumbnail=\"https:\/\/hatu.pl\/wp-content\/uploads\/2024\/03\/routerRUT360-300x300.webp\" data-width=\"300\" data-height=\"300\" aria-label=\"\" role=\"img\" ><\/div>\n\t\t\t\t\t\t\t\t\t\t\t<div class=\"elementor-gallery-item__overlay\"><\/div>\n\t\t\t\t\t\t\t\t\t\t\t\t\t\t<\/a>\n\t\t\t\t\t<\/div>\n\t\t\t\t\t<\/div>\n\t\t\t\t<\/div>\n\t\t\t\t<\/div>\n\t\t<div class=\"elementor-element elementor-element-aba7f24 e-con-full e-flex e-con e-child\" data-id=\"aba7f24\" data-element_type=\"container\" data-e-type=\"container\">\n\t\t\t\t<div class=\"elementor-element elementor-element-fa5c3f1 elementor-widget elementor-widget-image\" data-id=\"fa5c3f1\" data-element_type=\"widget\" data-e-type=\"widget\" data-widget_type=\"image.default\">\n\t\t\t\t<div class=\"elementor-widget-container\">\n\t\t\t\t\t\t\t\t\t\t\t\t\t\t\t<img decoding=\"async\" width=\"900\" height=\"756\" src=\"https:\/\/hatu.pl\/wp-content\/uploads\/2024\/03\/RUTX14.webp\" class=\"attachment-large size-large wp-image-641\" alt=\"\" srcset=\"https:\/\/hatu.pl\/wp-content\/uploads\/2024\/03\/RUTX14.webp 900w, https:\/\/hatu.pl\/wp-content\/uploads\/2024\/03\/RUTX14-300x252.webp 300w, https:\/\/hatu.pl\/wp-content\/uploads\/2024\/03\/RUTX14-768x645.webp 768w, https:\/\/hatu.pl\/wp-content\/uploads\/2024\/03\/RUTX14-600x504.webp 600w\" sizes=\"(max-width: 900px) 100vw, 900px\" \/>\t\t\t\t\t\t\t\t\t\t\t\t\t\t\t<\/div>\n\t\t\t\t<\/div>\n\t\t\t\t<\/div>\n\t\t<div class=\"elementor-element elementor-element-4b303b0 e-con-full e-flex e-con e-child\" data-id=\"4b303b0\" data-element_type=\"container\" data-e-type=\"container\">\n\t\t\t\t<div class=\"elementor-element elementor-element-7953957 elementor-widget elementor-widget-text-editor\" data-id=\"7953957\" data-element_type=\"widget\" data-e-type=\"widget\" data-widget_type=\"text-editor.default\">\n\t\t\t\t<div class=\"elementor-widget-container\">\n\t\t\t\t\t\t\t\t\t<h4>Opcja 3 Full<\/h4><p>Router Teltronica RUTX14, przemys\u0142owy router 4G LTE, Cat 12, Dual Sim, 1x Gigabit WAN, 4x Gigabit LAN, WiFi 802.11 AC Wave 2<br \/>eltonika RUTX14 &#8211; Router przemys\u0142owy nowej generacji &#8211; Dual LTE Cat12<br \/>Pot\u0119\u017cny router Dual LTE Cat12 do zastosowa\u0144 w miejscach, kt\u00f3re wymagaj\u0105 najlepszej jako\u015bci po\u0142\u0105czenia. Wyposa\u017cony w dwa modemy LTE do dw\u00f3ch jednoczesnych po\u0142\u0105cze\u0144, co pozwala na b\u0142yskawiczne, bezproblemowe prze\u0142\u0105czanie us\u0142ug LTE i r\u00f3wnowa\u017cenie obci\u0105\u017ce\u0144 mi\u0119dzy dwoma operatorami. 5 port\u00f3w Gigabit Ethernet, Dual Band 802.11ac WiFi Wave 2, interfejsy Bluetooth LE i USB z oprogramowaniem RutOS oraz z zabezpieczeniami sprawiaj\u0105, \u017ce urz\u0105dzenie RUTX14 jest niezast\u0105pione w zastosowaniach, w kt\u00f3rych utrata po\u0142\u0105czenia nie jest dopuszczalna.<br \/>Profesjonalny i wydajny<br \/>&#8211; Wave-2 802.11ac, podw\u00f3jna cz\u0119stotliwo\u015b\u0107 WIFI i Bluetooth LE<br \/>&#8211; Maksymalna pr\u0119dko\u015b\u0107 transmisji to 867Mb\/s<br \/>&#8211; Wysoka wydajno\u015b\u0107 przetwarzania<br \/>&#8211; Wygodny dost\u0119p do routera za pomoc\u0105 systemu zdalnego zarz\u0105dzania (RMS)<br \/>&#8211; Dwa gniazda SIM &#8211; automatyczne prze\u0142\u0105czanie, tworzenie kopii zapasowych WAN i inne scenariusze<br \/>&#8211; GNSS Globalny system nawigacji satelitarnej dla us\u0142ug lokalizacyjnych z funkcj\u0105 geofencing<br \/>&#8211; 5 port\u00f3w Gigabit Ethernet<br \/>&#8211; Wyposa\u017cony w zaawansowane funkcje bezpiecze\u0144stwa, takie jak wiele sieci VPN, zapora sieciowa i ochrona przed cyberatakami.Antena dachowa Teltronica Combo PR1KCO28 MIMO LTE\/GPS\/GLONASS\/Wi-FI, SMA 3,m (003R-00253)<\/p><p>Teltonika antena dachowa combo MIMO LTE\/GPS\/GLONASS\/Wi-Fi, SMA 3m (PR1KCO28) o zysku 2dBi (WiFi) i 3 dBi (LTE) oraz z przewodem d\u0142ugo\u015bci 3m. Antena Combo MIMO sk\u0142ada si\u0119 z 5 zintegrowanych anten: 2 anten LTE , 2 anten Wi-Fi oraz anteny GPS. Przeznaczona jest do monta\u017cu dachowego w pojazdach.<\/p><p>Zasilacz samochodowy, Teltonika Model PR2AM20M do router\u00f3w TELTONIKA.<\/p><p>Cena zestawu: 1780 z\u0142<br \/>Koszt monta\u017cu i konfiguracji: 300-350 z\u0142<\/p>\t\t\t\t\t\t\t\t<\/div>\n\t\t\t\t<\/div>\n\t\t\t\t<\/div>\n\t\t\t\t\t<\/div>\n\t\t\t\t<\/div>\n\t\t\t\t<\/div>\n\t\t","protected":false},"excerpt":{"rendered":"<p>Dla os\u00f3b u\u017cytkuj\u0105cych intensywnie internetu podczas podr\u00f3\u017cy kamperem oferujemy specjalny zestawy anteny zewn\u0119trzne z routerem. Opcja 1 podstawowa Router Teltonika [&hellip;]<\/p>\n","protected":false},"author":1,"featured_media":0,"parent":0,"menu_order":0,"comment_status":"closed","ping_status":"closed","template":"","meta":{"site-sidebar-layout":"default","site-content-layout":"","ast-site-content-layout":"default","site-content-style":"default","site-sidebar-style":"default","ast-global-header-display":"","ast-banner-title-visibility":"","ast-main-header-display":"","ast-hfb-above-header-display":"","ast-hfb-below-header-display":"","ast-hfb-mobile-header-display":"","site-post-title":"","ast-breadcrumbs-content":"","ast-featured-img":"","footer-sml-layout":"","theme-transparent-header-meta":"","adv-header-id-meta":"","stick-header-meta":"","header-above-stick-meta":"","header-main-stick-meta":"","header-below-stick-meta":"","astra-migrate-meta-layouts":"default","ast-page-background-enabled":"default","ast-page-background-meta":{"desktop":{"background-color":"var(--ast-global-color-4)","background-image":"","background-repeat":"repeat","background-position":"center center","background-size":"auto","background-attachment":"scroll","background-type":"","background-media":"","overlay-type":"","overlay-color":"","overlay-opacity":"","overlay-gradient":""},"tablet":{"background-color":"","background-image":"","background-repeat":"repeat","background-position":"center center","background-size":"auto","background-attachment":"scroll","background-type":"","background-media":"","overlay-type":"","overlay-color":"","overlay-opacity":"","overlay-gradient":""},"mobile":{"background-color":"","background-image":"","background-repeat":"repeat","background-position":"center center","background-size":"auto","background-attachment":"scroll","background-type":"","background-media":"","overlay-type":"","overlay-color":"","overlay-opacity":"","overlay-gradient":""}},"ast-content-background-meta":{"desktop":{"background-color":"var(--ast-global-color-5)","background-image":"","background-repeat":"repeat","background-position":"center center","background-size":"auto","background-attachment":"scroll","background-type":"","background-media":"","overlay-type":"","overlay-color":"","overlay-opacity":"","overlay-gradient":""},"tablet":{"background-color":"var(--ast-global-color-5)","background-image":"","background-repeat":"repeat","background-position":"center center","background-size":"auto","background-attachment":"scroll","background-type":"","background-media":"","overlay-type":"","overlay-color":"","overlay-opacity":"","overlay-gradient":""},"mobile":{"background-color":"var(--ast-global-color-5)","background-image":"","background-repeat":"repeat","background-position":"center center","background-size":"auto","background-attachment":"scroll","background-type":"","background-media":"","overlay-type":"","overlay-color":"","overlay-opacity":"","overlay-gradient":""}},"footnotes":""},"class_list":["post-629","page","type-page","status-publish","hentry"],"_links":{"self":[{"href":"https:\/\/hatu.pl\/index.php\/wp-json\/wp\/v2\/pages\/629","targetHints":{"allow":["GET"]}}],"collection":[{"href":"https:\/\/hatu.pl\/index.php\/wp-json\/wp\/v2\/pages"}],"about":[{"href":"https:\/\/hatu.pl\/index.php\/wp-json\/wp\/v2\/types\/page"}],"author":[{"embeddable":true,"href":"https:\/\/hatu.pl\/index.php\/wp-json\/wp\/v2\/users\/1"}],"replies":[{"embeddable":true,"href":"https:\/\/hatu.pl\/index.php\/wp-json\/wp\/v2\/comments?post=629"}],"version-history":[{"count":13,"href":"https:\/\/hatu.pl\/index.php\/wp-json\/wp\/v2\/pages\/629\/revisions"}],"predecessor-version":[{"id":647,"href":"https:\/\/hatu.pl\/index.php\/wp-json\/wp\/v2\/pages\/629\/revisions\/647"}],"wp:attachment":[{"href":"https:\/\/hatu.pl\/index.php\/wp-json\/wp\/v2\/media?parent=629"}],"curies":[{"name":"wp","href":"https:\/\/api.w.org\/{rel}","templated":true}]}}