{"id":1000,"date":"2024-10-25T13:52:19","date_gmt":"2024-10-25T11:52:19","guid":{"rendered":"https:\/\/hatu.pl\/?post_type=product&#038;p=1000"},"modified":"2025-11-27T14:38:11","modified_gmt":"2025-11-27T13:38:11","slug":"3-fazowy-hybrydowy-inwerter-power-ocean","status":"publish","type":"product","link":"https:\/\/hatu.pl\/index.php\/produkt\/3-fazowy-hybrydowy-inwerter-power-ocean\/","title":{"rendered":"3-Fazowy Hybrydowy Inwerter EcoFlow PowerOcean Plus 29,9kW"},"content":{"rendered":"\t\t<div data-elementor-type=\"product-post\" data-elementor-id=\"1000\" class=\"elementor elementor-1000\" data-elementor-post-type=\"product\">\n\t\t\t\t<div class=\"elementor-element elementor-element-f9efc5c e-flex e-con-boxed e-con e-parent\" data-id=\"f9efc5c\" data-element_type=\"container\" data-e-type=\"container\">\n\t\t\t\t\t<div class=\"e-con-inner\">\n\t\t\t\t<div class=\"elementor-element elementor-element-811a39c elementor-widget elementor-widget-heading\" data-id=\"811a39c\" data-element_type=\"widget\" data-e-type=\"widget\" data-widget_type=\"heading.default\">\n\t\t\t\t<div class=\"elementor-widget-container\">\n\t\t\t\t\t<h2 class=\"elementor-heading-title elementor-size-default\">3-Fazowy Hybrydowy Inwerter PowerOcean<\/h2>\t\t\t\t<\/div>\n\t\t\t\t<\/div>\n\t\t\t\t\t<\/div>\n\t\t\t\t<\/div>\n\t\t<div class=\"elementor-element elementor-element-1f771d5 e-flex e-con-boxed e-con e-parent\" data-id=\"1f771d5\" data-element_type=\"container\" data-e-type=\"container\">\n\t\t\t\t\t<div class=\"e-con-inner\">\n\t\t\t\t<div class=\"elementor-element elementor-element-bd50fb0 elementor-widget elementor-widget-text-editor\" data-id=\"bd50fb0\" data-element_type=\"widget\" data-e-type=\"widget\" data-widget_type=\"text-editor.default\">\n\t\t\t\t<div class=\"elementor-widget-container\">\n\t\t\t\t\t\t\t\t\t<p>Zasilaj wszystko naraz dzi\u0119ki energii s\u0142onecznej! 3-Fazowy hybrydowy inwerter PowerOcean Plus oferuje moc wyj\u015bciow\u0105 do 29,9 kW AC, maksymalizuj\u0105c wykorzystanie energii s\u0142onecznej w ca\u0142ym domu. \u017badne urz\u0105dzenie nie jest zbyt du\u017ce dla energii s\u0142onecznej. Teraz masz mo\u017cliwo\u015b\u0107 zasilania swojego domu w pe\u0142ni energi\u0105 s\u0142oneczn\u0105.<\/p>\t\t\t\t\t\t\t\t<\/div>\n\t\t\t\t<\/div>\n\t\t\t\t\t<\/div>\n\t\t\t\t<\/div>\n\t\t<div class=\"elementor-element elementor-element-1c6c845 e-flex e-con-boxed e-con e-parent\" data-id=\"1c6c845\" data-element_type=\"container\" data-e-type=\"container\">\n\t\t\t\t\t<div class=\"e-con-inner\">\n\t\t\t\t<div class=\"elementor-element elementor-element-c801555 elementor-widget elementor-widget-image\" data-id=\"c801555\" data-element_type=\"widget\" data-e-type=\"widget\" data-widget_type=\"image.default\">\n\t\t\t\t<div class=\"elementor-widget-container\">\n\t\t\t\t\t\t\t\t\t\t\t\t\t\t\t<img fetchpriority=\"high\" decoding=\"async\" width=\"2048\" height=\"1024\" src=\"https:\/\/hatu.pl\/wp-content\/uploads\/2024\/10\/pc-tuya-2048x1024.jpg\" class=\"attachment-2048x2048 size-2048x2048 wp-image-1095\" alt=\"\" srcset=\"https:\/\/hatu.pl\/wp-content\/uploads\/2024\/10\/pc-tuya-2048x1024.jpg 2048w, https:\/\/hatu.pl\/wp-content\/uploads\/2024\/10\/pc-tuya-300x150.jpg 300w, https:\/\/hatu.pl\/wp-content\/uploads\/2024\/10\/pc-tuya-1024x512.jpg 1024w, https:\/\/hatu.pl\/wp-content\/uploads\/2024\/10\/pc-tuya-768x384.jpg 768w, https:\/\/hatu.pl\/wp-content\/uploads\/2024\/10\/pc-tuya-1536x768.jpg 1536w, https:\/\/hatu.pl\/wp-content\/uploads\/2024\/10\/pc-tuya-600x300.jpg 600w\" sizes=\"(max-width: 2048px) 100vw, 2048px\" \/>\t\t\t\t\t\t\t\t\t\t\t\t\t\t\t<\/div>\n\t\t\t\t<\/div>\n\t\t\t\t\t<\/div>\n\t\t\t\t<\/div>\n\t\t<div class=\"elementor-element elementor-element-428706e e-flex e-con-boxed e-con e-parent\" data-id=\"428706e\" data-element_type=\"container\" data-e-type=\"container\">\n\t\t\t\t\t<div class=\"e-con-inner\">\n\t\t\t\t<div class=\"elementor-element elementor-element-76a7e15 elementor-widget elementor-widget-heading\" data-id=\"76a7e15\" data-element_type=\"widget\" data-e-type=\"widget\" data-widget_type=\"heading.default\">\n\t\t\t\t<div class=\"elementor-widget-container\">\n\t\t\t\t\t<h2 class=\"elementor-heading-title elementor-size-default\">Ujednolicone zasialnie domu, uproszczona kontrola<\/h2>\t\t\t\t<\/div>\n\t\t\t\t<\/div>\n\t\t\t\t\t<\/div>\n\t\t\t\t<\/div>\n\t\t<div class=\"elementor-element elementor-element-28c1012 e-flex e-con-boxed e-con e-parent\" data-id=\"28c1012\" data-element_type=\"container\" data-e-type=\"container\">\n\t\t\t\t\t<div class=\"e-con-inner\">\n\t\t\t\t<div class=\"elementor-element elementor-element-370ea1e elementor-widget elementor-widget-text-editor\" data-id=\"370ea1e\" data-element_type=\"widget\" data-e-type=\"widget\" data-widget_type=\"text-editor.default\">\n\t\t\t\t<div class=\"elementor-widget-container\">\n\t\t\t\t\t\t\t\t\t<p>Od \u0142adowania pojazd\u00f3w elektrycznych po tworzenie przytulnej atmosfery \u2013 przygotuj si\u0119 na podr\u00f3\u017c do niezale\u017cno\u015bci energetycznej z ekosystemem energii domowej EcoFlow. Inteligentne \u015bledzenie zu\u017cycia energii, energii s\u0142onecznej i stanu akumulator\u00f3w w czasie rzeczywistym za pomoc\u0105 jednej aplikacji. Zarz\u0105dzaj systemem magazynowania energii s\u0142onecznej, \u0142adowark\u0105 EV i pomp\u0105 ciep\u0142a. Priorytezuj energi\u0119 s\u0142oneczn\u0105, automatycznie \u0142aduj\u0105c akumulator nadwy\u017ck\u0105 energii do u\u017cytku nocnego.<\/p>\t\t\t\t\t\t\t\t<\/div>\n\t\t\t\t<\/div>\n\t\t\t\t\t<\/div>\n\t\t\t\t<\/div>\n\t\t<div class=\"elementor-element elementor-element-88a4a0d e-flex e-con-boxed e-con e-parent\" data-id=\"88a4a0d\" data-element_type=\"container\" data-e-type=\"container\">\n\t\t\t\t\t<div class=\"e-con-inner\">\n\t\t\t\t<div class=\"elementor-element elementor-element-f9a82cc elementor-widget elementor-widget-image\" data-id=\"f9a82cc\" data-element_type=\"widget\" data-e-type=\"widget\" data-widget_type=\"image.default\">\n\t\t\t\t<div class=\"elementor-widget-container\">\n\t\t\t\t\t\t\t\t\t\t\t\t\t\t\t<img decoding=\"async\" width=\"2048\" height=\"864\" src=\"https:\/\/hatu.pl\/wp-content\/uploads\/2024\/10\/pc-tuya1-2048x864.jpg\" class=\"attachment-2048x2048 size-2048x2048 wp-image-1096\" alt=\"\" srcset=\"https:\/\/hatu.pl\/wp-content\/uploads\/2024\/10\/pc-tuya1-2048x864.jpg 2048w, https:\/\/hatu.pl\/wp-content\/uploads\/2024\/10\/pc-tuya1-300x127.jpg 300w, https:\/\/hatu.pl\/wp-content\/uploads\/2024\/10\/pc-tuya1-1024x432.jpg 1024w, https:\/\/hatu.pl\/wp-content\/uploads\/2024\/10\/pc-tuya1-768x324.jpg 768w, https:\/\/hatu.pl\/wp-content\/uploads\/2024\/10\/pc-tuya1-1536x648.jpg 1536w, https:\/\/hatu.pl\/wp-content\/uploads\/2024\/10\/pc-tuya1-600x253.jpg 600w\" sizes=\"(max-width: 2048px) 100vw, 2048px\" \/>\t\t\t\t\t\t\t\t\t\t\t\t\t\t\t<\/div>\n\t\t\t\t<\/div>\n\t\t\t\t\t<\/div>\n\t\t\t\t<\/div>\n\t\t<div class=\"elementor-element elementor-element-696c81b e-flex e-con-boxed e-con e-parent\" data-id=\"696c81b\" data-element_type=\"container\" data-e-type=\"container\">\n\t\t\t\t\t<div class=\"e-con-inner\">\n\t\t\t\t<div class=\"elementor-element elementor-element-7bead21 elementor-widget elementor-widget-heading\" data-id=\"7bead21\" data-element_type=\"widget\" data-e-type=\"widget\" data-widget_type=\"heading.default\">\n\t\t\t\t<div class=\"elementor-widget-container\">\n\t\t\t\t\t<h2 class=\"elementor-heading-title elementor-size-default\">Niezawodne zasilanie podczas awarii<\/h2>\t\t\t\t<\/div>\n\t\t\t\t<\/div>\n\t\t\t\t\t<\/div>\n\t\t\t\t<\/div>\n\t\t<div class=\"elementor-element elementor-element-c4dfad5 e-flex e-con-boxed e-con e-parent\" data-id=\"c4dfad5\" data-element_type=\"container\" data-e-type=\"container\">\n\t\t\t\t\t<div class=\"e-con-inner\">\n\t\t\t\t<div class=\"elementor-element elementor-element-6ce70f2 elementor-widget elementor-widget-text-editor\" data-id=\"6ce70f2\" data-element_type=\"widget\" data-e-type=\"widget\" data-widget_type=\"text-editor.default\">\n\t\t\t\t<div class=\"elementor-widget-container\">\n\t\t\t\t\t\t\t\t\t<p>Utrzymaj sw\u00f3j styl \u017cycia bez zak\u0142\u00f3ce\u0144 dzi\u0119ki EcoFlow PowerOcean Plus. Ten zaawansowany falownik dostarcza do 29,9 kW mocy rezerwowej, zasilaj\u0105c ca\u0142y dom podczas awarii.Nasza konstrukcja bez licznik\u00f3w eliminuje konieczno\u015b\u0107 skomplikowanego okablowania podczas instalacji systemu awaryjnego. Ciesz si\u0119 niezawodnym, bezwysi\u0142kowym zasilaniem zawsze, gdy go potrzebujesz.<\/p>\t\t\t\t\t\t\t\t<\/div>\n\t\t\t\t<\/div>\n\t\t\t\t\t<\/div>\n\t\t\t\t<\/div>\n\t\t<div class=\"elementor-element elementor-element-98346fd e-flex e-con-boxed e-con e-parent\" data-id=\"98346fd\" data-element_type=\"container\" data-e-type=\"container\">\n\t\t\t\t\t<div class=\"e-con-inner\">\n\t\t\t\t<div class=\"elementor-element elementor-element-d55262d elementor-widget elementor-widget-image\" data-id=\"d55262d\" data-element_type=\"widget\" data-e-type=\"widget\" data-widget_type=\"image.default\">\n\t\t\t\t<div class=\"elementor-widget-container\">\n\t\t\t\t\t\t\t\t\t\t\t\t\t\t\t<img decoding=\"async\" width=\"1188\" height=\"596\" src=\"https:\/\/hatu.pl\/wp-content\/uploads\/2024\/10\/sdsd.png\" class=\"attachment-2048x2048 size-2048x2048 wp-image-1103\" alt=\"\" srcset=\"https:\/\/hatu.pl\/wp-content\/uploads\/2024\/10\/sdsd.png 1188w, https:\/\/hatu.pl\/wp-content\/uploads\/2024\/10\/sdsd-300x151.png 300w, https:\/\/hatu.pl\/wp-content\/uploads\/2024\/10\/sdsd-1024x514.png 1024w, https:\/\/hatu.pl\/wp-content\/uploads\/2024\/10\/sdsd-768x385.png 768w, https:\/\/hatu.pl\/wp-content\/uploads\/2024\/10\/sdsd-600x301.png 600w\" sizes=\"(max-width: 1188px) 100vw, 1188px\" \/>\t\t\t\t\t\t\t\t\t\t\t\t\t\t\t<\/div>\n\t\t\t\t<\/div>\n\t\t\t\t\t<\/div>\n\t\t\t\t<\/div>\n\t\t<div class=\"elementor-element elementor-element-f44c04f e-flex e-con-boxed e-con e-parent\" data-id=\"f44c04f\" data-element_type=\"container\" data-e-type=\"container\">\n\t\t\t\t\t<div class=\"e-con-inner\">\n\t\t\t\t<div class=\"elementor-element elementor-element-8a2ffa4 elementor-widget elementor-widget-heading\" data-id=\"8a2ffa4\" data-element_type=\"widget\" data-e-type=\"widget\" data-widget_type=\"heading.default\">\n\t\t\t\t<div class=\"elementor-widget-container\">\n\t\t\t\t\t<h2 class=\"elementor-heading-title elementor-size-default\">Technologia akumulator\u00f3w<\/h2>\t\t\t\t<\/div>\n\t\t\t\t<\/div>\n\t\t\t\t\t<\/div>\n\t\t\t\t<\/div>\n\t\t<div class=\"elementor-element elementor-element-243e335 e-flex e-con-boxed e-con e-parent\" data-id=\"243e335\" data-element_type=\"container\" data-e-type=\"container\">\n\t\t\t\t\t<div class=\"e-con-inner\">\n\t\t\t\t<div class=\"elementor-element elementor-element-6764146 elementor-widget elementor-widget-text-editor\" data-id=\"6764146\" data-element_type=\"widget\" data-e-type=\"widget\" data-widget_type=\"text-editor.default\">\n\t\t\t\t<div class=\"elementor-widget-container\">\n\t\t\t\t\t\t\t\t\t<p>Sercem EcoFlow PowerOcean jest zaawansowany zestaw baterii LFP, starannie zaprojektowany w celu zapewnienia maksymalnej wydajno\u015bci i niezr\u00f3wnanego bezpiecze\u0144stwa. Ten akumulator \u0142\u0105czy wysok\u0105 efektywno\u015b\u0107 z innowacyjnymi funkcjami ochrony, oferuj\u0105c nieustaj\u0105c\u0105 moc i spok\u00f3j ducha wszystkim u\u017cytkownikom PowerOcean.<\/p>\t\t\t\t\t\t\t\t<\/div>\n\t\t\t\t<\/div>\n\t\t\t\t\t<\/div>\n\t\t\t\t<\/div>\n\t\t<div class=\"elementor-element elementor-element-5e3013e e-flex e-con-boxed e-con e-parent\" data-id=\"5e3013e\" data-element_type=\"container\" data-e-type=\"container\">\n\t\t\t\t\t<div class=\"e-con-inner\">\n\t\t\t\t<div class=\"elementor-element elementor-element-c974edb elementor-widget elementor-widget-heading\" data-id=\"c974edb\" data-element_type=\"widget\" data-e-type=\"widget\" data-widget_type=\"heading.default\">\n\t\t\t\t<div class=\"elementor-widget-container\">\n\t\t\t\t\t<h2 class=\"elementor-heading-title elementor-size-default\">Mo\u017cliwo\u015b\u0107 rozbudowy baterii<\/h2>\t\t\t\t<\/div>\n\t\t\t\t<\/div>\n\t\t\t\t\t<\/div>\n\t\t\t\t<\/div>\n\t\t<div class=\"elementor-element elementor-element-04788fc e-flex e-con-boxed e-con e-parent\" data-id=\"04788fc\" data-element_type=\"container\" data-e-type=\"container\">\n\t\t\t\t\t<div class=\"e-con-inner\">\n\t\t\t\t<div class=\"elementor-element elementor-element-b38bd33 elementor-widget elementor-widget-text-editor\" data-id=\"b38bd33\" data-element_type=\"widget\" data-e-type=\"widget\" data-widget_type=\"text-editor.default\">\n\t\t\t\t<div class=\"elementor-widget-container\">\n\t\t\t\t\t\t\t\t\t<p>Dzi\u0119ki innowacyjnej technologii po\u0142\u0105cze\u0144 r\u00f3wnoleg\u0142ych mo\u017cesz rozpocz\u0105\u0107 z pakietem o pojemno\u015bci 5 kWh i \u0142atwo zwi\u0119ksza\u0107 go a\u017c do 60 kWh, dostosowuj\u0105c system do swoich potrzeb. Zyskaj elastyczno\u015b\u0107 w zarz\u0105dzaniu pojemno\u015bci\u0105 energetyczn\u0105, kiedy tylko zajdzie taka potrzeba. Odwied\u017a nasz\u0105 <a href=\"https:\/\/hatu.pl\/index.php\/kategoria-produktu\/elektryka\/power-ocean\/\">stron\u0119 sklepu<\/a>, gdzie znajdziesz szerok\u0105 ofert\u0119 baterii, kt\u00f3re idealnie pasuj\u0105 do tego systemu, i wybierz rozwi\u0105zanie dopasowane do Twoich oczekiwa\u0144!<\/p>\t\t\t\t\t\t\t\t<\/div>\n\t\t\t\t<\/div>\n\t\t\t\t\t<\/div>\n\t\t\t\t<\/div>\n\t\t<div class=\"elementor-element elementor-element-09fd0ec e-flex e-con-boxed e-con e-parent\" data-id=\"09fd0ec\" data-element_type=\"container\" data-e-type=\"container\">\n\t\t\t\t\t<div class=\"e-con-inner\">\n\t\t\t\t<div class=\"elementor-element elementor-element-fe35caa elementor-widget elementor-widget-image\" data-id=\"fe35caa\" data-element_type=\"widget\" data-e-type=\"widget\" data-widget_type=\"image.default\">\n\t\t\t\t<div class=\"elementor-widget-container\">\n\t\t\t\t\t\t\t\t\t\t\t\t\t\t\t<img loading=\"lazy\" decoding=\"async\" width=\"2048\" height=\"717\" src=\"https:\/\/hatu.pl\/wp-content\/uploads\/2024\/10\/Battery-Technology-tuya-1-2048x717.jpg\" class=\"attachment-2048x2048 size-2048x2048 wp-image-1104\" alt=\"\" srcset=\"https:\/\/hatu.pl\/wp-content\/uploads\/2024\/10\/Battery-Technology-tuya-1-2048x717.jpg 2048w, https:\/\/hatu.pl\/wp-content\/uploads\/2024\/10\/Battery-Technology-tuya-1-300x105.jpg 300w, https:\/\/hatu.pl\/wp-content\/uploads\/2024\/10\/Battery-Technology-tuya-1-1024x358.jpg 1024w, https:\/\/hatu.pl\/wp-content\/uploads\/2024\/10\/Battery-Technology-tuya-1-768x269.jpg 768w, https:\/\/hatu.pl\/wp-content\/uploads\/2024\/10\/Battery-Technology-tuya-1-1536x538.jpg 1536w, https:\/\/hatu.pl\/wp-content\/uploads\/2024\/10\/Battery-Technology-tuya-1-600x210.jpg 600w\" sizes=\"(max-width: 2048px) 100vw, 2048px\" \/>\t\t\t\t\t\t\t\t\t\t\t\t\t\t\t<\/div>\n\t\t\t\t<\/div>\n\t\t\t\t\t<\/div>\n\t\t\t\t<\/div>\n\t\t<div class=\"elementor-element elementor-element-094b16d e-flex e-con-boxed e-con e-parent\" data-id=\"094b16d\" data-element_type=\"container\" data-e-type=\"container\">\n\t\t\t\t\t<div class=\"e-con-inner\">\n\t\t\t\t<div class=\"elementor-element elementor-element-c2bd2a8 elementor-widget-divider--view-line elementor-widget elementor-widget-divider\" data-id=\"c2bd2a8\" data-element_type=\"widget\" data-e-type=\"widget\" data-widget_type=\"divider.default\">\n\t\t\t\t<div class=\"elementor-widget-container\">\n\t\t\t\t\t\t\t<div class=\"elementor-divider\">\n\t\t\t<span class=\"elementor-divider-separator\">\n\t\t\t\t\t\t<\/span>\n\t\t<\/div>\n\t\t\t\t\t\t<\/div>\n\t\t\t\t<\/div>\n\t\t\t\t\t<\/div>\n\t\t\t\t<\/div>\n\t\t<div class=\"elementor-element elementor-element-a7ea0d2 e-grid e-con-boxed e-con e-parent\" data-id=\"a7ea0d2\" data-element_type=\"container\" data-e-type=\"container\">\n\t\t\t\t\t<div class=\"e-con-inner\">\n\t\t\t\t<div class=\"elementor-element elementor-element-1ff1fe7 elementor-widget elementor-widget-text-editor\" data-id=\"1ff1fe7\" data-element_type=\"widget\" data-e-type=\"widget\" data-widget_type=\"text-editor.default\">\n\t\t\t\t<div class=\"elementor-widget-container\">\n\t\t\t\t\t\t\t\t\t<p style=\"text-align: center;\">Zach\u0119camy do odwiedzenia naszych profili na Facebooku i Instagramie, aby by\u0107 na bie\u017c\u0105co z nowo\u015bciami i inspiracjami!<\/p>\t\t\t\t\t\t\t\t<\/div>\n\t\t\t\t<\/div>\n\t\t\t\t<div class=\"elementor-element elementor-element-21f0f5d elementor-shape-rounded elementor-grid-0 e-grid-align-center elementor-widget elementor-widget-social-icons\" data-id=\"21f0f5d\" data-element_type=\"widget\" data-e-type=\"widget\" data-widget_type=\"social-icons.default\">\n\t\t\t\t<div class=\"elementor-widget-container\">\n\t\t\t\t\t\t\t<div class=\"elementor-social-icons-wrapper elementor-grid\" role=\"list\">\n\t\t\t\t\t\t\t<span class=\"elementor-grid-item\" role=\"listitem\">\n\t\t\t\t\t<a class=\"elementor-icon elementor-social-icon elementor-social-icon-facebook elementor-repeater-item-8bc87d2\" href=\"https:\/\/www.facebook.com\/hatucampsolutions\" target=\"_blank\" rel=\"noopener\">\n\t\t\t\t\t\t<span class=\"elementor-screen-only\">Facebook<\/span>\n\t\t\t\t\t\t<svg aria-hidden=\"true\" class=\"e-font-icon-svg e-fab-facebook\" viewBox=\"0 0 512 512\" xmlns=\"http:\/\/www.w3.org\/2000\/svg\"><path d=\"M504 256C504 119 393 8 256 8S8 119 8 256c0 123.78 90.69 226.38 209.25 245V327.69h-63V256h63v-54.64c0-62.15 37-96.48 93.67-96.48 27.14 0 55.52 4.84 55.52 4.84v61h-31.28c-30.8 0-40.41 19.12-40.41 38.73V256h68.78l-11 71.69h-57.78V501C413.31 482.38 504 379.78 504 256z\"><\/path><\/svg>\t\t\t\t\t<\/a>\n\t\t\t\t<\/span>\n\t\t\t\t\t\t\t<span class=\"elementor-grid-item\" role=\"listitem\">\n\t\t\t\t\t<a class=\"elementor-icon elementor-social-icon elementor-social-icon-instagram elementor-repeater-item-a6f43e8\" href=\"https:\/\/www.instagram.com\/hatucampsolutions\/\" target=\"_blank\" rel=\"noopener\">\n\t\t\t\t\t\t<span class=\"elementor-screen-only\">Instagram<\/span>\n\t\t\t\t\t\t<svg aria-hidden=\"true\" class=\"e-font-icon-svg e-fab-instagram\" viewBox=\"0 0 448 512\" xmlns=\"http:\/\/www.w3.org\/2000\/svg\"><path d=\"M224.1 141c-63.6 0-114.9 51.3-114.9 114.9s51.3 114.9 114.9 114.9S339 319.5 339 255.9 287.7 141 224.1 141zm0 189.6c-41.1 0-74.7-33.5-74.7-74.7s33.5-74.7 74.7-74.7 74.7 33.5 74.7 74.7-33.6 74.7-74.7 74.7zm146.4-194.3c0 14.9-12 26.8-26.8 26.8-14.9 0-26.8-12-26.8-26.8s12-26.8 26.8-26.8 26.8 12 26.8 26.8zm76.1 27.2c-1.7-35.9-9.9-67.7-36.2-93.9-26.2-26.2-58-34.4-93.9-36.2-37-2.1-147.9-2.1-184.9 0-35.8 1.7-67.6 9.9-93.9 36.1s-34.4 58-36.2 93.9c-2.1 37-2.1 147.9 0 184.9 1.7 35.9 9.9 67.7 36.2 93.9s58 34.4 93.9 36.2c37 2.1 147.9 2.1 184.9 0 35.9-1.7 67.7-9.9 93.9-36.2 26.2-26.2 34.4-58 36.2-93.9 2.1-37 2.1-147.8 0-184.8zM398.8 388c-7.8 19.6-22.9 34.7-42.6 42.6-29.5 11.7-99.5 9-132.1 9s-102.7 2.6-132.1-9c-19.6-7.8-34.7-22.9-42.6-42.6-11.7-29.5-9-99.5-9-132.1s-2.6-102.7 9-132.1c7.8-19.6 22.9-34.7 42.6-42.6 29.5-11.7 99.5-9 132.1-9s102.7-2.6 132.1 9c19.6 7.8 34.7 22.9 42.6 42.6 11.7 29.5 9 99.5 9 132.1s2.7 102.7-9 132.1z\"><\/path><\/svg>\t\t\t\t\t<\/a>\n\t\t\t\t<\/span>\n\t\t\t\t\t<\/div>\n\t\t\t\t\t\t<\/div>\n\t\t\t\t<\/div>\n\t\t\t\t\t<\/div>\n\t\t\t\t<\/div>\n\t\t<div class=\"elementor-element elementor-element-824bf48 e-flex e-con-boxed e-con e-parent\" data-id=\"824bf48\" data-element_type=\"container\" data-e-type=\"container\">\n\t\t\t\t\t<div class=\"e-con-inner\">\n\t\t\t\t<div class=\"elementor-element elementor-element-4b35837 elementor-widget-divider--view-line elementor-widget elementor-widget-divider\" data-id=\"4b35837\" data-element_type=\"widget\" data-e-type=\"widget\" data-widget_type=\"divider.default\">\n\t\t\t\t<div class=\"elementor-widget-container\">\n\t\t\t\t\t\t\t<div class=\"elementor-divider\">\n\t\t\t<span class=\"elementor-divider-separator\">\n\t\t\t\t\t\t<\/span>\n\t\t<\/div>\n\t\t\t\t\t\t<\/div>\n\t\t\t\t<\/div>\n\t\t\t\t\t<\/div>\n\t\t\t\t<\/div>\n\t\t\t\t<\/div>\n\t\t","protected":false},"excerpt":{"rendered":"<h5>3-Fazowy Hybrydowy Inwerter PowerOcean 29.9 kW \u2013 Zasilaj wszystko naraz dzi\u0119ki energii s\u0142onecznej!<\/h5>\n<p>3-fazowy hybrydowy inwerter PowerOcean Plus oferuje moc wyj\u015bciow\u0105 do 29,9 kW AC, maksymalizuj\u0105c wykorzystanie energii s\u0142onecznej w ca\u0142ym domu. Teraz mo\u017cesz zasila\u0107 wszystkie urz\u0105dzenia w swoim domu w pe\u0142ni ekologiczn\u0105 energi\u0105 s\u0142oneczn\u0105. \u017badne urz\u0105dzenie nie b\u0119dzie zbyt du\u017cym wyzwaniem dla Twojego systemu!<\/p>\n<p>Odwied\u017a nasz\u0105 <a href=\"https:\/\/hatu.pl\/index.php\/kategoria-produktu\/elektryka\/power-ocean\/\">stron\u0119 sklepu<\/a>, gdzie znajdziesz szerok\u0105 ofert\u0119 baterii, kt\u00f3re idealnie wsp\u00f3\u0142pracuj\u0105 z tym inwerterem, i wybierz rozwi\u0105zanie, kt\u00f3re najlepiej odpowiada Twoim potrzebom.<\/p>\n<p>Je\u015bli chcesz pozna\u0107 wszystkie szczeg\u00f3\u0142y na temat Ecoflow PowerOcean, zapraszamy r\u00f3wnie\u017c na <a href=\"https:\/\/homebattery.ecoflow.com\/eu\/products\/PowerOcean\">stron\u0119 producenta!<\/a><\/p>\n","protected":false},"featured_media":1166,"comment_status":"open","ping_status":"closed","template":"","meta":{"site-sidebar-layout":"default","site-content-layout":"","ast-site-content-layout":"default","site-content-style":"default","site-sidebar-style":"default","ast-global-header-display":"","ast-banner-title-visibility":"","ast-main-header-display":"","ast-hfb-above-header-display":"","ast-hfb-below-header-display":"","ast-hfb-mobile-header-display":"","site-post-title":"","ast-breadcrumbs-content":"","ast-featured-img":"","footer-sml-layout":"","ast-disable-related-posts":"","theme-transparent-header-meta":"default","adv-header-id-meta":"","stick-header-meta":"","header-above-stick-meta":"","header-main-stick-meta":"","header-below-stick-meta":"","astra-migrate-meta-layouts":"set","ast-page-background-enabled":"default","ast-page-background-meta":{"desktop":{"background-color":"var(--ast-global-color-4)","background-image":"","background-repeat":"repeat","background-position":"center center","background-size":"auto","background-attachment":"scroll","background-type":"","background-media":"","overlay-type":"","overlay-color":"","overlay-opacity":"","overlay-gradient":""},"tablet":{"background-color":"","background-image":"","background-repeat":"repeat","background-position":"center center","background-size":"auto","background-attachment":"scroll","background-type":"","background-media":"","overlay-type":"","overlay-color":"","overlay-opacity":"","overlay-gradient":""},"mobile":{"background-color":"","background-image":"","background-repeat":"repeat","background-position":"center center","background-size":"auto","background-attachment":"scroll","background-type":"","background-media":"","overlay-type":"","overlay-color":"","overlay-opacity":"","overlay-gradient":""}},"ast-content-background-meta":{"desktop":{"background-color":"var(--ast-global-color-5)","background-image":"","background-repeat":"repeat","background-position":"center center","background-size":"auto","background-attachment":"scroll","background-type":"","background-media":"","overlay-type":"","overlay-color":"","overlay-opacity":"","overlay-gradient":""},"tablet":{"background-color":"var(--ast-global-color-5)","background-image":"","background-repeat":"repeat","background-position":"center center","background-size":"auto","background-attachment":"scroll","background-type":"","background-media":"","overlay-type":"","overlay-color":"","overlay-opacity":"","overlay-gradient":""},"mobile":{"background-color":"var(--ast-global-color-5)","background-image":"","background-repeat":"repeat","background-position":"center center","background-size":"auto","background-attachment":"scroll","background-type":"","background-media":"","overlay-type":"","overlay-color":"","overlay-opacity":"","overlay-gradient":""}}},"product_brand":[267],"product_cat":[70],"product_tag":[],"class_list":{"0":"post-1000","1":"product","2":"type-product","3":"status-publish","4":"has-post-thumbnail","6":"product_brand-ecoflow","7":"product_cat-banki-energii","8":"product_shipping_class-importowane-ue","9":"pa_moc-77","10":"desktop-align-center","11":"tablet-align-left","12":"mobile-align-left","14":"first","15":"onbackorder","16":"taxable","17":"shipping-taxable","18":"purchasable","19":"product-type-simple"},"_links":{"self":[{"href":"https:\/\/hatu.pl\/index.php\/wp-json\/wp\/v2\/product\/1000","targetHints":{"allow":["GET"]}}],"collection":[{"href":"https:\/\/hatu.pl\/index.php\/wp-json\/wp\/v2\/product"}],"about":[{"href":"https:\/\/hatu.pl\/index.php\/wp-json\/wp\/v2\/types\/product"}],"replies":[{"embeddable":true,"href":"https:\/\/hatu.pl\/index.php\/wp-json\/wp\/v2\/comments?post=1000"}],"version-history":[{"count":47,"href":"https:\/\/hatu.pl\/index.php\/wp-json\/wp\/v2\/product\/1000\/revisions"}],"predecessor-version":[{"id":2756,"href":"https:\/\/hatu.pl\/index.php\/wp-json\/wp\/v2\/product\/1000\/revisions\/2756"}],"wp:featuredmedia":[{"embeddable":true,"href":"https:\/\/hatu.pl\/index.php\/wp-json\/wp\/v2\/media\/1166"}],"wp:attachment":[{"href":"https:\/\/hatu.pl\/index.php\/wp-json\/wp\/v2\/media?parent=1000"}],"wp:term":[{"taxonomy":"product_brand","embeddable":true,"href":"https:\/\/hatu.pl\/index.php\/wp-json\/wp\/v2\/product_brand?post=1000"},{"taxonomy":"product_cat","embeddable":true,"href":"https:\/\/hatu.pl\/index.php\/wp-json\/wp\/v2\/product_cat?post=1000"},{"taxonomy":"product_tag","embeddable":true,"href":"https:\/\/hatu.pl\/index.php\/wp-json\/wp\/v2\/product_tag?post=1000"}],"curies":[{"name":"wp","href":"https:\/\/api.w.org\/{rel}","templated":true}]}}