{"id":131,"date":"2023-11-03T17:05:13","date_gmt":"2023-11-03T16:05:13","guid":{"rendered":"http:\/\/serwer235124.lh.pl\/autoinstalator\/serwer235124.lh.pl\/wordpress40291\/?post_type=product&#038;p=131"},"modified":"2026-03-16T11:13:04","modified_gmt":"2026-03-16T10:13:04","slug":"torby-na-drzwi-motylkowe-hatu-lewe-drzwi","status":"publish","type":"product","link":"https:\/\/hatu.pl\/index.php\/produkt\/torby-na-drzwi-motylkowe-hatu-lewe-drzwi\/","title":{"rendered":"Torby na drzwi motylkowe HATU CARGO z panelem monta\u017cowym &#8211; lewe drzwi"},"content":{"rendered":"<p>Dzi\u0119kujemy za wsparcie na\u00a0<a class=\"custom_link\" href=\"https:\/\/www.kickstarter.com\/projects\/hatu\/hatu-campervan-cargo-bag\" target=\"_blank\" rel=\"noopener\">Kicksterter<\/a>! To dzi\u0119ki wam powsta\u0142y torby na drzwi!<\/p>\n<h4>Dlaczego powsta\u0142y?<\/h4>\n<p>W ma\u0142ych vanach zawsze pojawia si\u0119 problem z zagospodarowaniem przestrzeni. Najwi\u0119kszym zabieraczem miejsca s\u0105 gabaryty takie jak stolik i krzese\u0142ka. To w\u0142a\u015bnie one zmotywowa\u0142y nas do dzia\u0142ania. Po przestudiowaniu oferty dost\u0119pnych krzese\u0142ek i stolik\u00f3w powsta\u0142a optymalna wymiarowo torba. Wype\u0142nia praktycznie ca\u0142\u0105 niezagospodarowan\u0105 przestrze\u0144 przy czym nie ogranicza widoczno\u015bci nie zabiera miejsca w \u015brodku baga\u017cnika.<\/p>\n<p>&nbsp;<\/p>\n<h4>Monta\u017c:<\/h4>\n<p>Przeznaczona do samodzielnego monta\u017cu.<\/p>\n<p>Potrzebujesz tylko m\u0142otek a reszta narz\u0119dzi znajduje si\u0119 w zestawie.<\/p>\n<p>Zestaw zawiera wszystkie niezb\u0119dne elementy mocuj\u0105ce. Dodatkowo do wersji na klap\u0119, otrzymasz zestaw si\u0142ownik\u00f3w ze sprytn\u0105 blokad\u0105 pozwalaj\u0105c\u0105 na prze\u0142adowanie torby.<\/p>\n<p>Monta\u017c torby odbywa si\u0119 przy wykorzystaniu istniej\u0105cych otwor\u00f3w i nie wymaga ingerencji w poszycie samochodu.<\/p>\n<p>Bez problemu mo\u017cna prze\u0142o\u017cy\u0107 do innego Transportera nie pozostawiaj\u0105c \u015bladu w poprzednim. Komplet zawiera graficzn\u0105 instrukcj\u0119 monta\u017cu.<\/p>\n<h4><\/h4>\n<h4>Dla kogo:<\/h4>\n<p>Torba wyst\u0119puje w wersji na klap\u0119 i ma wymiar 65x120cm, oraz komplet na drzwi skrzyde\u0142kowe 2sztuki 65x60cm.<\/p>\n<p>Na dzie\u0144 dzisiejszy dost\u0119pny jest system mocowania do VW T5, T6, T6.1 oraz Mercedes Vito II generacja.<\/p>\n<p>Mocowanie mo\u017cna zastosowa\u0107 tylko w przypadku wersji podstawowych (czyli je\u015bli Twoja klapa lub drzwi s\u0105 obudowane os\u0142onami b\u0119dziesz musia\u0142 je zdj\u0105\u0107).<\/p>\n<p>Trwaj\u0105 prace nad dostosowaniem mocowania do innych marek i modeli, o dost\u0119pno\u015bci b\u0119dziemy informowa\u0107 niebawem.<\/p>\n<p>Dost\u0119pna b\u0119dzie r\u00f3wnie\u017c wersja DIY dla majsterkowicz\u00f3w. Dla wszystkich innych zastosowa\u0144, kt\u00f3rych nie znamy \ud83d\ude42<\/p>\n<p>&nbsp;<\/p>\n<h4>G\u0142\u00f3wne zalety:<\/h4>\n<ul>\n<li><strong>\u00a0 Mocna, solidna, wytrzyma\u0142a.<\/strong><\/li>\n<\/ul>\n<p>Wykorzystano materia\u0142y wodoodporne, grube solidne zamki, klamry i ta\u015bmy dobrej jako\u015bci, elementy mocuj\u0105ce malowane proszkowo lub cynkowane a z\u0142\u0105cza ze stali nierdzewnej.<\/p>\n<ul>\n<li><strong>Ergonomiczna, skrojona na miar\u0119<\/strong><\/li>\n<\/ul>\n<p>Optymalnie wykorzystuje przestrze\u0144. Specjalne usztywnienia nadaj\u0105 kszta\u0142t. Nawet pusta torba zachowuje swoj\u0105 bry\u0142\u0119.<\/p>\n<p>System ta\u015bm pozwalaj\u0105cych odpowiednio przytrzyma\u0107 \u0142adunek. Dzi\u0119ki temu nic si\u0119 nie ociera, nie ha\u0142asuje, nie pracuje.<\/p>\n<ul>\n<li><strong>Jako\u015b\u0107 wykonania<\/strong><\/li>\n<\/ul>\n<p>W 100% szyta w Polsce w profesjonalnym zak\u0142adzie kaletniczym. Fachowcy z wieloletnim do\u015bwiadczeniem brali r\u00f3wnie\u017c udzia\u0142 w projektowaniu.<\/p>\n<p>Wielokrotnie testowana i dopracowywana.<\/p>\n<ul>\n<li><strong>Estetyka<\/strong><\/li>\n<\/ul>\n<p>Prosta w formie, bez zb\u0119dnych dodatk\u00f3w.<\/p>\n<p>Dost\u0119pna w dw\u00f3ch wariantach kolorystycznych.<\/p>\n<p>Elegancko komponuje si\u0119 z zabudow\u0105 kampervana lub oryginaln\u0105 tapicerk\u0105.<\/p>\n<ul>\n<li><strong>Pojemna uniwersalna. Pomie\u015bci wszystko:)<\/strong><\/li>\n<\/ul>\n<p>Je\u015bli ju\u017c masz stolik lub krzese\u0142ka potrzebujesz tylko torby.<\/p>\n<p>Je\u015bli nie u\u017cywasz stolika to zapakuj co chcesz: buty narciarskie, kask, kuchenk\u0119, garnki,ubrania, koc, karimat\u0119&#8230;.<\/p>\n","protected":false},"excerpt":{"rendered":"<p>Torby na drzwi<strong> Hatu Cargo<\/strong>\u00a0to kompletny zestaw baga\u017cowy przeznaczony do samodzielnego monta\u017cu.<\/p>\n<p>&nbsp;<\/p>\n<h4>Co zawiera?<\/h4>\n<ul>\n<li>Torb\u0119 60cm x 65cm<\/li>\n<li>Tapicerowane plecki dedykowane do modelu samochodu<\/li>\n<li>Spinki do monta\u017cu pleck\u00f3w<\/li>\n<li>Podk\u0142adki i \u015bruby do monta\u017cu torby<\/li>\n<li>Klucze oraz \u0142y\u017ck\u0119 tapicersk\u0105<\/li>\n<li>Instrukcj\u0119 monta\u017cu<\/li>\n<\/ul>\n<p>&nbsp;<\/p>\n","protected":false},"featured_media":817,"comment_status":"open","ping_status":"closed","template":"","meta":{"site-sidebar-layout":"default","site-content-layout":"","ast-site-content-layout":"default","site-content-style":"default","site-sidebar-style":"default","ast-global-header-display":"","ast-banner-title-visibility":"","ast-main-header-display":"","ast-hfb-above-header-display":"","ast-hfb-below-header-display":"","ast-hfb-mobile-header-display":"","site-post-title":"","ast-breadcrumbs-content":"","ast-featured-img":"","footer-sml-layout":"","theme-transparent-header-meta":"default","adv-header-id-meta":"","stick-header-meta":"","header-above-stick-meta":"","header-main-stick-meta":"","header-below-stick-meta":"","astra-migrate-meta-layouts":"set","ast-page-background-enabled":"default","ast-page-background-meta":{"desktop":{"background-color":"var(--ast-global-color-4)","background-image":"","background-repeat":"repeat","background-position":"center center","background-size":"auto","background-attachment":"scroll","background-type":"","background-media":"","overlay-type":"","overlay-color":"","overlay-opacity":"","overlay-gradient":""},"tablet":{"background-color":"","background-image":"","background-repeat":"repeat","background-position":"center center","background-size":"auto","background-attachment":"scroll","background-type":"","background-media":"","overlay-type":"","overlay-color":"","overlay-opacity":"","overlay-gradient":""},"mobile":{"background-color":"","background-image":"","background-repeat":"repeat","background-position":"center center","background-size":"auto","background-attachment":"scroll","background-type":"","background-media":"","overlay-type":"","overlay-color":"","overlay-opacity":"","overlay-gradient":""}},"ast-content-background-meta":{"desktop":{"background-color":"var(--ast-global-color-5)","background-image":"","background-repeat":"repeat","background-position":"center center","background-size":"auto","background-attachment":"scroll","background-type":"","background-media":"","overlay-type":"","overlay-color":"","overlay-opacity":"","overlay-gradient":""},"tablet":{"background-color":"var(--ast-global-color-5)","background-image":"","background-repeat":"repeat","background-position":"center center","background-size":"auto","background-attachment":"scroll","background-type":"","background-media":"","overlay-type":"","overlay-color":"","overlay-opacity":"","overlay-gradient":""},"mobile":{"background-color":"var(--ast-global-color-5)","background-image":"","background-repeat":"repeat","background-position":"center center","background-size":"auto","background-attachment":"scroll","background-type":"","background-media":"","overlay-type":"","overlay-color":"","overlay-opacity":"","overlay-gradient":""}}},"product_brand":[265],"product_cat":[17],"product_tag":[],"class_list":{"0":"post-131","1":"product","2":"type-product","3":"status-publish","4":"has-post-thumbnail","6":"product_brand-hatu","7":"product_cat-torby-do-vana","8":"product_shipping_class-duze","9":"pa_kolor-czarny","10":"pa_kolor-szary","11":"pa_samoch-t5","12":"pa_samoch-t6","13":"desktop-align-center","14":"tablet-align-left","15":"mobile-align-left","17":"first","18":"instock","19":"taxable","20":"shipping-taxable","21":"purchasable","22":"product-type-variable","23":"has-default-attributes"},"_links":{"self":[{"href":"https:\/\/hatu.pl\/index.php\/wp-json\/wp\/v2\/product\/131","targetHints":{"allow":["GET"]}}],"collection":[{"href":"https:\/\/hatu.pl\/index.php\/wp-json\/wp\/v2\/product"}],"about":[{"href":"https:\/\/hatu.pl\/index.php\/wp-json\/wp\/v2\/types\/product"}],"replies":[{"embeddable":true,"href":"https:\/\/hatu.pl\/index.php\/wp-json\/wp\/v2\/comments?post=131"}],"version-history":[{"count":5,"href":"https:\/\/hatu.pl\/index.php\/wp-json\/wp\/v2\/product\/131\/revisions"}],"predecessor-version":[{"id":5159,"href":"https:\/\/hatu.pl\/index.php\/wp-json\/wp\/v2\/product\/131\/revisions\/5159"}],"wp:featuredmedia":[{"embeddable":true,"href":"https:\/\/hatu.pl\/index.php\/wp-json\/wp\/v2\/media\/817"}],"wp:attachment":[{"href":"https:\/\/hatu.pl\/index.php\/wp-json\/wp\/v2\/media?parent=131"}],"wp:term":[{"taxonomy":"product_brand","embeddable":true,"href":"https:\/\/hatu.pl\/index.php\/wp-json\/wp\/v2\/product_brand?post=131"},{"taxonomy":"product_cat","embeddable":true,"href":"https:\/\/hatu.pl\/index.php\/wp-json\/wp\/v2\/product_cat?post=131"},{"taxonomy":"product_tag","embeddable":true,"href":"https:\/\/hatu.pl\/index.php\/wp-json\/wp\/v2\/product_tag?post=131"}],"curies":[{"name":"wp","href":"https:\/\/api.w.org\/{rel}","templated":true}]}}