{"id":138,"date":"2023-11-03T17:08:27","date_gmt":"2023-11-03T16:08:27","guid":{"rendered":"http:\/\/serwer235124.lh.pl\/autoinstalator\/serwer235124.lh.pl\/wordpress40291\/?post_type=product&#038;p=138"},"modified":"2026-03-16T11:16:49","modified_gmt":"2026-03-16T10:16:49","slug":"torby-na-drzwi-bagaznika-hatu-cargo-kopia","status":"publish","type":"product","link":"https:\/\/hatu.pl\/index.php\/produkt\/torby-na-drzwi-bagaznika-hatu-cargo-kopia\/","title":{"rendered":"2 Torby na drzwi baga\u017cnika HATU CARGO"},"content":{"rendered":"<p>Dzi\u0119kujemy za wsparcie na\u00a0<a class=\"custom_link\" href=\"https:\/\/www.kickstarter.com\/projects\/hatu\/hatu-campervan-cargo-bag\" target=\"_blank\" rel=\"noopener\">Kicksterter<\/a>! To dzi\u0119ki wam powsta\u0142 ten produkt!<\/p>\n<h4>Dlaczego powsta\u0142y torby na drzwi baga\u017cnika Hatu Cargo?<\/h4>\n<p>W ma\u0142ych vanach zawsze pojawia si\u0119 problem z zagospodarowaniem przestrzeni. Najwi\u0119kszym zabieraczem miejsca s\u0105 gabaryty takie jak stolik i krzese\u0142ka. To w\u0142a\u015bnie one zmotywowa\u0142y nas do dzia\u0142ania. Po przestudiowaniu oferty dost\u0119pnych krzese\u0142ek i stolik\u00f3w powsta\u0142a optymalna wymiarowo torba. Wype\u0142nia praktycznie ca\u0142\u0105 niezagospodarowan\u0105 przestrze\u0144 przy czym nie ogranicza widoczno\u015bci nie zabiera miejsca w \u015brodku baga\u017cnika.<\/p>\n<p>&nbsp;<\/p>\n<h4>Monta\u017c:<\/h4>\n<p>Torby na drzwi baga\u017cnika s\u0105 przeznaczone do samodzielnego monta\u017cu.<\/p>\n<p>Potrzebujesz tylko m\u0142otek a reszta narz\u0119dzi znajduje si\u0119 w zestawie.<\/p>\n<p>Zestaw zawiera wszystkie niezb\u0119dne elementy mocuj\u0105ce.<\/p>\n<p>Monta\u017c torby odbywa si\u0119 przy wykorzystaniu istniej\u0105cych otwor\u00f3w i nie wymaga ingerencji w poszycie samochodu.<\/p>\n<p>Bez problemu mo\u017cna prze\u0142o\u017cy\u0107 do innego Transportera nie pozostawiaj\u0105c \u015bladu w poprzednim. Komplet zawiera graficzn\u0105 instrukcj\u0119 monta\u017cu.<\/p>\n<h4><\/h4>\n<h4>Dla kogo:<\/h4>\n<p>Torby wyst\u0119puje w wersji na klap\u0119 i ma wymiar 65x120cm, oraz komplet na drzwi skrzyde\u0142kowe 2 sztuki 65x60cm.<\/p>\n<p>Na dzie\u0144 dzisiejszy dost\u0119pny jest system mocowania do VW T5, T6, T6.1 oraz Mercedes Vito II generacja.<\/p>\n<p>Mocowanie mo\u017cna zastosowa\u0107 tylko w przypadku wersji podstawowych (czyli je\u015bli Twoja klapa lub drzwi s\u0105 obudowane os\u0142onami b\u0119dziesz musia\u0142 je zdj\u0105\u0107).<\/p>\n<p>Trwaj\u0105 prace nad dostosowaniem mocowania do innych marek i modeli, o dost\u0119pno\u015bci b\u0119dziemy informowa\u0107 niebawem.<\/p>\n<p>Dost\u0119pna b\u0119dzie r\u00f3wnie\u017c wersja DIY dla majsterkowicz\u00f3w. Dla wszystkich innych zastosowa\u0144, kt\u00f3rych nie znamy \ud83d\ude42<\/p>\n<p>&nbsp;<\/p>\n<h4>G\u0142\u00f3wne zalety:<\/h4>\n<ul>\n<li><strong>\u00a0 Mocna, solidna, wytrzyma\u0142a.<\/strong><\/li>\n<\/ul>\n<p>Wykorzystano materia\u0142y wodoodporne, grube solidne zamki, klamry i ta\u015bmy dobrej jako\u015bci, elementy mocuj\u0105ce malowane proszkowo lub cynkowane a z\u0142\u0105cza ze stali nierdzewnej.<\/p>\n<ul>\n<li><strong>Ergonomiczna, skrojona na miar\u0119<\/strong><\/li>\n<\/ul>\n<p>Optymalnie wykorzystuje przestrze\u0144. Specjalne usztywnienia nadaj\u0105 kszta\u0142t. Nawet pusta torba zachowuje swoj\u0105 bry\u0142\u0119.<\/p>\n<p>System ta\u015bm pozwalaj\u0105cych odpowiednio przytrzyma\u0107 \u0142adunek. Dzi\u0119ki temu nic si\u0119 nie ociera, nie ha\u0142asuje, nie pracuje.<\/p>\n<ul>\n<li><strong>Jako\u015b\u0107 wykonania<\/strong><\/li>\n<\/ul>\n<p>W 100% szyta w Polsce w profesjonalnym zak\u0142adzie kaletniczym. Fachowcy z wieloletnim do\u015bwiadczeniem brali r\u00f3wnie\u017c udzia\u0142 w projektowaniu.<\/p>\n<p>Wielokrotnie testowana i dopracowywana.<\/p>\n<ul>\n<li><strong>Estetyka<\/strong><\/li>\n<\/ul>\n<p>Prosta w formie, bez zb\u0119dnych dodatk\u00f3w.<\/p>\n<p>Dost\u0119pna w dw\u00f3ch wariantach kolorystycznych.<\/p>\n<p>Elegancko komponuje si\u0119 z zabudow\u0105 kampervana lub oryginaln\u0105 tapicerk\u0105.<\/p>\n<ul>\n<li><strong>Pojemna uniwersalna. Pomie\u015bci wszystko:)<\/strong><\/li>\n<\/ul>\n<p>Je\u015bli ju\u017c masz stolik lub krzese\u0142ka potrzebujesz tylko torby.<\/p>\n<p>Najlepiej dopasowany do naszych toreb zestaw to <a href=\"https:\/\/hatu.pl\/index.php\/produkt\/krzeslo-turystyczne-moita-eurotrail\/\" target=\"_blank\" rel=\"noopener\">krzese\u0142ka Moita firmy Euro Trail<\/a><\/p>\n<p><a href=\"https:\/\/hatu.pl\/index.php\/produkt\/krzeslo-turystyczne-moita-eurotrail\/\" target=\"_blank\" rel=\"noopener\"><img fetchpriority=\"high\" decoding=\"async\" class=\"aligncenter wp-image-319 size-medium\" src=\"https:\/\/hatu.pl\/wp-content\/uploads\/2023\/11\/100007110_krzeslo-kempingowe-moita-eurotrail_600x882_FFFFFF_pad-204x300.jpg\" alt=\"Krzes\u0142o kempingowe Moita - Euro Trail\" width=\"204\" height=\"300\" srcset=\"https:\/\/hatu.pl\/wp-content\/uploads\/2023\/11\/100007110_krzeslo-kempingowe-moita-eurotrail_600x882_FFFFFF_pad-204x300.jpg 204w, https:\/\/hatu.pl\/wp-content\/uploads\/2023\/11\/100007110_krzeslo-kempingowe-moita-eurotrail_600x882_FFFFFF_pad.jpg 600w\" sizes=\"(max-width: 204px) 100vw, 204px\" \/><\/a><\/p>\n<p>oraz <a href=\"https:\/\/hatu.pl\/index.php\/produkt\/stol-kempingowy-euro-trail-pescara-l\/\" target=\"_blank\" rel=\"noopener\">stolik Pescara L\u00a0<\/a><\/p>\n<p><a href=\"https:\/\/hatu.pl\/index.php\/produkt\/stol-kempingowy-euro-trail-pescara-l\/\" target=\"_blank\" rel=\"noopener\"><img decoding=\"async\" class=\"aligncenter wp-image-437 size-medium\" src=\"https:\/\/hatu.pl\/wp-content\/uploads\/2023\/12\/stolETCF1536-0400-300x266.jpg\" alt=\"stolik\" width=\"300\" height=\"266\" srcset=\"https:\/\/hatu.pl\/wp-content\/uploads\/2023\/12\/stolETCF1536-0400-300x266.jpg 300w, https:\/\/hatu.pl\/wp-content\/uploads\/2023\/12\/stolETCF1536-0400-768x681.jpg 768w, https:\/\/hatu.pl\/wp-content\/uploads\/2023\/12\/stolETCF1536-0400-600x532.jpg 600w, https:\/\/hatu.pl\/wp-content\/uploads\/2023\/12\/stolETCF1536-0400.jpg 800w\" sizes=\"(max-width: 300px) 100vw, 300px\" \/><\/a><\/p>\n<p>Je\u015bli nie u\u017cywasz stolika to zapakuj co chcesz: buty narciarskie, kask, kuchenk\u0119, garnki, ubrania, koc, karimat\u0119&#8230;.<\/p>\n","protected":false},"excerpt":{"rendered":"<p>Torby na drzwi baga\u017cnika<strong> Hatu Cargo<\/strong> to kompletny zestaw baga\u017cowy przeznaczony do samodzielnego monta\u017cu na drzwiach dwuskrzyd\u0142owych z ty\u0142u smochodu.<\/p>\n<p>&nbsp;<\/p>\n<h4>Co zawiera?<\/h4>\n<ul>\n<li>Dwie torby 60cm x 65cm<\/li>\n<li>Tapicerowane plecki dedykowane do modelu samochodu<\/li>\n<li>Spinki do monta\u017cu pleck\u00f3w<\/li>\n<li>Podk\u0142adki i \u015bruby do monta\u017cu torby<\/li>\n<li>Klucze oraz \u0142y\u017ck\u0119 tapicersk\u0105<\/li>\n<li>Instrukcj\u0119 monta\u017cu<\/li>\n<\/ul>\n<p>&nbsp;<\/p>\n","protected":false},"featured_media":817,"comment_status":"open","ping_status":"closed","template":"","meta":{"site-sidebar-layout":"default","site-content-layout":"","ast-site-content-layout":"default","site-content-style":"default","site-sidebar-style":"default","ast-global-header-display":"","ast-banner-title-visibility":"","ast-main-header-display":"","ast-hfb-above-header-display":"","ast-hfb-below-header-display":"","ast-hfb-mobile-header-display":"","site-post-title":"","ast-breadcrumbs-content":"","ast-featured-img":"","footer-sml-layout":"","theme-transparent-header-meta":"default","adv-header-id-meta":"","stick-header-meta":"","header-above-stick-meta":"","header-main-stick-meta":"","header-below-stick-meta":"","astra-migrate-meta-layouts":"set","ast-page-background-enabled":"default","ast-page-background-meta":{"desktop":{"background-color":"var(--ast-global-color-4)","background-image":"","background-repeat":"repeat","background-position":"center center","background-size":"auto","background-attachment":"scroll","background-type":"","background-media":"","overlay-type":"","overlay-color":"","overlay-opacity":"","overlay-gradient":""},"tablet":{"background-color":"","background-image":"","background-repeat":"repeat","background-position":"center center","background-size":"auto","background-attachment":"scroll","background-type":"","background-media":"","overlay-type":"","overlay-color":"","overlay-opacity":"","overlay-gradient":""},"mobile":{"background-color":"","background-image":"","background-repeat":"repeat","background-position":"center center","background-size":"auto","background-attachment":"scroll","background-type":"","background-media":"","overlay-type":"","overlay-color":"","overlay-opacity":"","overlay-gradient":""}},"ast-content-background-meta":{"desktop":{"background-color":"var(--ast-global-color-5)","background-image":"","background-repeat":"repeat","background-position":"center center","background-size":"auto","background-attachment":"scroll","background-type":"","background-media":"","overlay-type":"","overlay-color":"","overlay-opacity":"","overlay-gradient":""},"tablet":{"background-color":"var(--ast-global-color-5)","background-image":"","background-repeat":"repeat","background-position":"center center","background-size":"auto","background-attachment":"scroll","background-type":"","background-media":"","overlay-type":"","overlay-color":"","overlay-opacity":"","overlay-gradient":""},"mobile":{"background-color":"var(--ast-global-color-5)","background-image":"","background-repeat":"repeat","background-position":"center center","background-size":"auto","background-attachment":"scroll","background-type":"","background-media":"","overlay-type":"","overlay-color":"","overlay-opacity":"","overlay-gradient":""}}},"product_brand":[265],"product_cat":[17],"product_tag":[],"class_list":{"0":"post-138","1":"product","2":"type-product","3":"status-publish","4":"has-post-thumbnail","6":"product_brand-hatu","7":"product_cat-torby-do-vana","8":"product_shipping_class-duze","9":"pa_kolor-czarny","10":"pa_kolor-szary","11":"desktop-align-center","12":"tablet-align-left","13":"mobile-align-left","15":"first","16":"instock","17":"taxable","18":"shipping-taxable","19":"purchasable","20":"product-type-woosg"},"_links":{"self":[{"href":"https:\/\/hatu.pl\/index.php\/wp-json\/wp\/v2\/product\/138","targetHints":{"allow":["GET"]}}],"collection":[{"href":"https:\/\/hatu.pl\/index.php\/wp-json\/wp\/v2\/product"}],"about":[{"href":"https:\/\/hatu.pl\/index.php\/wp-json\/wp\/v2\/types\/product"}],"replies":[{"embeddable":true,"href":"https:\/\/hatu.pl\/index.php\/wp-json\/wp\/v2\/comments?post=138"}],"version-history":[{"count":3,"href":"https:\/\/hatu.pl\/index.php\/wp-json\/wp\/v2\/product\/138\/revisions"}],"predecessor-version":[{"id":484,"href":"https:\/\/hatu.pl\/index.php\/wp-json\/wp\/v2\/product\/138\/revisions\/484"}],"wp:featuredmedia":[{"embeddable":true,"href":"https:\/\/hatu.pl\/index.php\/wp-json\/wp\/v2\/media\/817"}],"wp:attachment":[{"href":"https:\/\/hatu.pl\/index.php\/wp-json\/wp\/v2\/media?parent=138"}],"wp:term":[{"taxonomy":"product_brand","embeddable":true,"href":"https:\/\/hatu.pl\/index.php\/wp-json\/wp\/v2\/product_brand?post=138"},{"taxonomy":"product_cat","embeddable":true,"href":"https:\/\/hatu.pl\/index.php\/wp-json\/wp\/v2\/product_cat?post=138"},{"taxonomy":"product_tag","embeddable":true,"href":"https:\/\/hatu.pl\/index.php\/wp-json\/wp\/v2\/product_tag?post=138"}],"curies":[{"name":"wp","href":"https:\/\/api.w.org\/{rel}","templated":true}]}}