{"id":143,"date":"2023-11-04T14:15:12","date_gmt":"2023-11-04T13:15:12","guid":{"rendered":"http:\/\/serwer235124.lh.pl\/autoinstalator\/serwer235124.lh.pl\/wordpress40291\/?post_type=product&#038;p=143"},"modified":"2025-12-10T17:01:49","modified_gmt":"2025-12-10T16:01:49","slug":"panel-tapicerowany-do-vana-prawa-strona3","status":"publish","type":"product","link":"https:\/\/hatu.pl\/index.php\/produkt\/panel-tapicerowany-do-vana-prawa-strona3\/","title":{"rendered":"Panel tapicerowany do vana HATU AREA &#8211; (3-ci rz\u0105d, prawa strona)"},"content":{"rendered":"<h5><strong>Panel Tapicerowany do vana Hatu Area<\/strong><br \/>\n<strong>Seria produkt\u00f3w do samodzielnego monta\u017cu \u2013 \u0142atwa zmiana wn\u0119trza Twojego VW T5, T6, T6.1<\/strong><\/h5>\n<p>Szukasz sposobu na szybk\u0105 i prost\u0105 zmian\u0119 wn\u0119trza swojego vana? Panele tapicerowane Hatu Area to idealne rozwi\u0105zanie! Nasza seria produkt\u00f3w do samodzielnego monta\u017cu pozwala na \u0142atw\u0105 transformacj\u0119 wn\u0119trza Twojego pojazdu, nadaj\u0105c mu nowoczesny, estetyczny i funkcjonalny charakter.<\/p>\n<h5><strong>Zabudowa \u015acian Vana \u2013 Precyzyjno\u015b\u0107 i Wytrzyma\u0142o\u015b\u0107<\/strong><\/h5>\n<p>Elementy zabudowy \u015bcian produkowane s\u0105 przy u\u017cyciu technologii CNC, co zapewnia najwy\u017csz\u0105 precyzj\u0119, doskona\u0142\u0105 jako\u015b\u0107 wykonania i powtarzalno\u015b\u0107. Do produkcji stosujemy tylko wysokiej jako\u015bci materia\u0142y: p\u0142yty laminowane o identyczne jak oryginalne, fornirowan\u0105 sklejk\u0119 zabezpieczon\u0105 trwa\u0142\u0105 lazur\u0105 ochronn\u0105 oraz bezpieczne tapicerskie materia\u0142y z certyfikatem\u00a0<strong>OEKO-TEX Standard 100<\/strong>, kt\u00f3re gwarantuj\u0105 bezpiecze\u0144stwo zar\u00f3wno u\u017cytkownika, jak i \u015brodowiska.<\/p>\n<h5><strong>Panele do Vana \u2013 Komfort, Funkcjonalno\u015b\u0107 i Estetyka<\/strong><\/h5>\n<p>Panele do zabudowy \u015bcian to doskona\u0142y wyb\u00f3r dla os\u00f3b, kt\u00f3re pragn\u0105 stworzy\u0107 komfortowe, funkcjonalne i estetyczne wn\u0119trze swojego vana. Dzi\u0119ki prostemu monta\u017cowi i wysokiej jako\u015bci materia\u0142om, z \u0142atwo\u015bci\u0105 mo\u017cesz odmieni\u0107 przestrze\u0144 w swoim poje\u017adzie na w\u0142asn\u0105 r\u0119k\u0119.<\/p>\n<p>Zapraszamy do zapoznania si\u0119 z\u00a0<a href=\"https:\/\/hatu.pl\/index.php\/sklep\/\">pe\u0142n\u0105 ofert\u0105 naszych produkt\u00f3w<\/a>, kt\u00f3re pozwol\u0105 Ci na kompleksow\u0105 zabudow\u0119 wn\u0119trza Twojego samochodu!<br \/>\nNie zapomnij odwiedzi\u0107 naszych profili na\u00a0<a href=\"https:\/\/www.facebook.com\/hatucampsolutions\" target=\"_blank\" rel=\"noopener\">Facebooku<\/a>\u00a0i\u00a0<a href=\"https:\/\/www.instagram.com\/hatucampsolutions\/\" target=\"_blank\" rel=\"noopener\">Instagramie<\/a>, aby by\u0107 na bie\u017c\u0105co z nowo\u015bciami i inspiracjami!<\/p>\n","protected":false},"excerpt":{"rendered":"<p><strong>Hatu Area\u00a0<\/strong>to seria produkt\u00f3w do samodzielnego monta\u017cu pozwalaj\u0105cych w \u0142atwy i szybki spos\u00f3b zmieni\u0107 wn\u0119trze VW T5, T6, T6.1.<\/p>\n<p>Panel zabudowy \u015bcian do vana wykonujemy w technologii CNC daj\u0105cej absolutn\u0105 dok\u0142adno\u015b\u0107 i powtarzalno\u015b\u0107. Do produkcji u\u017cywamy p\u0142yt laminowanych identycznych z oryginalnymi, fornirowanej sklejki zabezpieczonej wysokiej jako\u015bci lazur\u0105 ochronn\u0105 oraz trwa\u0142ych i bezpiecznych dla u\u017cytkowanika i \u015brodowiska materia\u0142\u00f3w tapicerskich posiadaj\u0105cych certyfikat &#8222;OEKO-TEX Standard 100&#8221;.<\/p>\n<p>W celu zachowania najwy\u017cszych standard\u00f3w jako\u015bci oraz zminimalizowania \u015bladu w\u0119glowego naszych produkt\u00f3w torby z serii Hatu Area szyte s\u0105 w Polsce z wysokiej jako\u015bci certyfikowanych materia\u0142\u00f3w europejskiego pochodzenia.<\/p>\n","protected":false},"featured_media":150,"comment_status":"open","ping_status":"closed","template":"","meta":{"site-sidebar-layout":"default","site-content-layout":"","ast-site-content-layout":"default","site-content-style":"default","site-sidebar-style":"default","ast-global-header-display":"","ast-banner-title-visibility":"","ast-main-header-display":"","ast-hfb-above-header-display":"","ast-hfb-below-header-display":"","ast-hfb-mobile-header-display":"","site-post-title":"","ast-breadcrumbs-content":"","ast-featured-img":"","footer-sml-layout":"","theme-transparent-header-meta":"default","adv-header-id-meta":"","stick-header-meta":"","header-above-stick-meta":"","header-main-stick-meta":"","header-below-stick-meta":"","astra-migrate-meta-layouts":"set","ast-page-background-enabled":"default","ast-page-background-meta":{"desktop":{"background-color":"var(--ast-global-color-4)","background-image":"","background-repeat":"repeat","background-position":"center center","background-size":"auto","background-attachment":"scroll","background-type":"","background-media":"","overlay-type":"","overlay-color":"","overlay-opacity":"","overlay-gradient":""},"tablet":{"background-color":"","background-image":"","background-repeat":"repeat","background-position":"center center","background-size":"auto","background-attachment":"scroll","background-type":"","background-media":"","overlay-type":"","overlay-color":"","overlay-opacity":"","overlay-gradient":""},"mobile":{"background-color":"","background-image":"","background-repeat":"repeat","background-position":"center center","background-size":"auto","background-attachment":"scroll","background-type":"","background-media":"","overlay-type":"","overlay-color":"","overlay-opacity":"","overlay-gradient":""}},"ast-content-background-meta":{"desktop":{"background-color":"var(--ast-global-color-5)","background-image":"","background-repeat":"repeat","background-position":"center center","background-size":"auto","background-attachment":"scroll","background-type":"","background-media":"","overlay-type":"","overlay-color":"","overlay-opacity":"","overlay-gradient":""},"tablet":{"background-color":"var(--ast-global-color-5)","background-image":"","background-repeat":"repeat","background-position":"center center","background-size":"auto","background-attachment":"scroll","background-type":"","background-media":"","overlay-type":"","overlay-color":"","overlay-opacity":"","overlay-gradient":""},"mobile":{"background-color":"var(--ast-global-color-5)","background-image":"","background-repeat":"repeat","background-position":"center center","background-size":"auto","background-attachment":"scroll","background-type":"","background-media":"","overlay-type":"","overlay-color":"","overlay-opacity":"","overlay-gradient":""}}},"product_brand":[265],"product_cat":[23],"product_tag":[18,19],"class_list":{"0":"post-143","1":"product","2":"type-product","3":"status-publish","4":"has-post-thumbnail","6":"product_brand-hatu","7":"product_cat-zabudowa-scian-do-vana","8":"product_tag-t5","9":"product_tag-t6","10":"product_shipping_class-male-paczki","11":"pa_kolor-czarny","12":"pa_kolor-szary","13":"pa_samoch-volkswagen-t5-t6-t6-1-long","14":"pa_samoch-vwt","15":"pa_wersjascian-scianka","16":"pa_wersjascian-okno","17":"desktop-align-center","18":"tablet-align-left","19":"mobile-align-left","21":"first","22":"instock","23":"taxable","24":"shipping-taxable","25":"purchasable","26":"product-type-variable","27":"has-default-attributes"},"_links":{"self":[{"href":"https:\/\/hatu.pl\/index.php\/wp-json\/wp\/v2\/product\/143","targetHints":{"allow":["GET"]}}],"collection":[{"href":"https:\/\/hatu.pl\/index.php\/wp-json\/wp\/v2\/product"}],"about":[{"href":"https:\/\/hatu.pl\/index.php\/wp-json\/wp\/v2\/types\/product"}],"replies":[{"embeddable":true,"href":"https:\/\/hatu.pl\/index.php\/wp-json\/wp\/v2\/comments?post=143"}],"version-history":[{"count":4,"href":"https:\/\/hatu.pl\/index.php\/wp-json\/wp\/v2\/product\/143\/revisions"}],"predecessor-version":[{"id":373,"href":"https:\/\/hatu.pl\/index.php\/wp-json\/wp\/v2\/product\/143\/revisions\/373"}],"wp:featuredmedia":[{"embeddable":true,"href":"https:\/\/hatu.pl\/index.php\/wp-json\/wp\/v2\/media\/150"}],"wp:attachment":[{"href":"https:\/\/hatu.pl\/index.php\/wp-json\/wp\/v2\/media?parent=143"}],"wp:term":[{"taxonomy":"product_brand","embeddable":true,"href":"https:\/\/hatu.pl\/index.php\/wp-json\/wp\/v2\/product_brand?post=143"},{"taxonomy":"product_cat","embeddable":true,"href":"https:\/\/hatu.pl\/index.php\/wp-json\/wp\/v2\/product_cat?post=143"},{"taxonomy":"product_tag","embeddable":true,"href":"https:\/\/hatu.pl\/index.php\/wp-json\/wp\/v2\/product_tag?post=143"}],"curies":[{"name":"wp","href":"https:\/\/api.w.org\/{rel}","templated":true}]}}