{"id":2277,"date":"2025-02-11T15:55:32","date_gmt":"2025-02-11T14:55:32","guid":{"rendered":"https:\/\/hatu.pl\/?post_type=product&#038;p=2277"},"modified":"2025-05-20T10:36:36","modified_gmt":"2025-05-20T08:36:36","slug":"bagaznik-dachowy-vw-t5-t6-california","status":"publish","type":"product","link":"https:\/\/hatu.pl\/index.php\/produkt\/bagaznik-dachowy-vw-t5-t6-california\/","title":{"rendered":"Modu\u0142owy baga\u017cnik dachowy VW T5\/T6 California ze stali nierdzewnej"},"content":{"rendered":"\t\t<div data-elementor-type=\"product-post\" data-elementor-id=\"2277\" class=\"elementor elementor-2277\" data-elementor-post-type=\"product\">\n\t\t\t\t<div class=\"elementor-element elementor-element-000bd50 e-flex e-con-boxed e-con e-parent\" data-id=\"000bd50\" data-element_type=\"container\" data-e-type=\"container\">\n\t\t\t\t\t<div class=\"e-con-inner\">\n\t\t\t\t<div class=\"elementor-element elementor-element-c846453 elementor-widget elementor-widget-text-editor\" data-id=\"c846453\" data-element_type=\"widget\" data-e-type=\"widget\" data-widget_type=\"text-editor.default\">\n\t\t\t\t<div class=\"elementor-widget-container\">\n\t\t\t\t\t\t\t\t\t<h4 style=\"text-align: center;\">Baga\u017cnik dachowy ND-Rack Cali \u2013 Zyskaj Wi\u0119cej Przestrzeni w Swoim Kamperze<\/h4><p>Tw\u00f3j kamper znowu jest wype\u0142niony po brzegi? Dzi\u0119ki baga\u017cnikowi dachowemu ND-Rack Cali stworzysz dodatkowe miejsce na wszystkie wa\u017cne rzeczy w swojej furgonetce. Nasze baga\u017cniki dachowe to idealne rozwi\u0105zanie, kt\u00f3re pomo\u017ce Ci przechowa\u0107 wszystko, od paneli s\u0142onecznych, przez markizy, namioty dachowe, a\u017c po boxy dachowe. Wykorzystaj przestrze\u0144 na dachu do maksimum, aby zorganizowa\u0107 sw\u00f3j kamper!<\/p><h4 style=\"text-align: center;\">Cechy produktu:<\/h4><ul><li><strong>Bardzo p\u0142aski<\/strong> \u2013 niski profil umo\u017cliwia \u0142atwiejszy wjazd na parkingi i promy.<\/li><li><strong>Stal nierdzewna<\/strong> \u2013 materia\u0142 odporny na rdz\u0119, zapewniaj\u0105cy d\u0142ugotrwa\u0142\u0105 trwa\u0142o\u015b\u0107.<\/li><li><strong>Lekka konstrukcja<\/strong> \u2013 niski ci\u0119\u017car pozwala na zwi\u0119kszenie \u0142adowno\u015bci pojazdu.<\/li><li><strong>Opcjonalny uchwyt Uni<\/strong> \u2013 idealny do monta\u017cu paneli s\u0142onecznych, reflektor\u00f3w LED lub innych akcesori\u00f3w jako punkt centralny.<\/li><\/ul><p>Prosty monta\u017c baga\u017cnika sprawia, \u017ce w kilka krok\u00f3w mo\u017cesz stworzy\u0107 solidn\u0105 baz\u0119 do transportu rozmaitych akcesori\u00f3w, takich jak markizy, namioty dachowe, boxy dachowe, kajaki, deski surfingowe czy inne nadbudowy.<\/p><h4 style=\"text-align: center;\">Dane techniczne:<\/h4><ul><li><strong>Pasuje do:<\/strong> Ka\u017cdego oryginalnego wysuwanego dachu VW od 2003 roku do dzi\u015b<\/li><li><strong>Wyprodukowano w Niemczech<\/strong><\/li><li><strong>Materia\u0142:<\/strong> Stal nierdzewna (V2A 1.4301), malowana proszkowo na czarno<\/li><li><strong>Waga:<\/strong> 2,5 kg na uchwyt<\/li><li><strong>No\u015bno\u015b\u0107 dynamiczna:<\/strong><ul><li>2 wsporniki = 80 kg (maksymalne obci\u0105\u017cenie dachu w modelu California to 50 kg)<\/li><\/ul><\/li><li><strong>Wymiary wspornika:<\/strong> szeroko\u015b\u0107 40 mm, wysoko\u015b\u0107 20 mm, d\u0142ugo\u015b\u0107 1240 mm<\/li><li><strong>Kompatybilno\u015b\u0107:<\/strong> Pasuje do szyny California C-rail<\/li><li><strong>Zawarto\u015b\u0107:<\/strong> Bloki przesuwne w zestawie<\/li><li><strong>Certyfikaty:<\/strong> Brak wymogu rejestracji T\u00dcV ani ABE<\/li><\/ul><h4 style=\"text-align: center;\">Zakres dostawy:<\/h4><ul><li>1x baga\u017cnik dachowy Cali<\/li><li>Materia\u0142 mocuj\u0105cy wykonany ze stali nierdzewnej<\/li><\/ul><h4 style=\"text-align: center;\"><strong>Dodatkowe informacje:<\/strong><\/h4><p>Baga\u017cnik ND-Rack Cali to idealne rozwi\u0105zanie dla os\u00f3b, kt\u00f3re potrzebuj\u0105 dodatkowej przestrzeni do przechowywania sprz\u0119tu na dachu swojego kampera. Dzi\u0119ki swojej prostocie i funkcjonalno\u015bci, b\u0119dzie to doskona\u0142e narz\u0119dzie do organizacji przestrzeni podr\u00f3\u017cnej.<\/p>\t\t\t\t\t\t\t\t<\/div>\n\t\t\t\t<\/div>\n\t\t\t\t\t<\/div>\n\t\t\t\t<\/div>\n\t\t\t\t<\/div>\n\t\t","protected":false},"excerpt":{"rendered":"<p>Baga\u017cnik dachowy ND-Rack Cali \u2013 Zyskaj Wi\u0119cej Przestrzeni w Swoim Kamperze Tw\u00f3j kamper znowu jest wype\u0142niony po brzegi? Dzi\u0119ki baga\u017cnikowi [&hellip;]<\/p>\n","protected":false},"featured_media":2284,"comment_status":"open","ping_status":"closed","template":"","meta":{"site-sidebar-layout":"no-sidebar","site-content-layout":"","ast-site-content-layout":"full-width-container","site-content-style":"default","site-sidebar-style":"default","ast-global-header-display":"","ast-banner-title-visibility":"","ast-main-header-display":"","ast-hfb-above-header-display":"","ast-hfb-below-header-display":"","ast-hfb-mobile-header-display":"","site-post-title":"disabled","ast-breadcrumbs-content":"","ast-featured-img":"disabled","footer-sml-layout":"","theme-transparent-header-meta":"default","adv-header-id-meta":"","stick-header-meta":"","header-above-stick-meta":"","header-main-stick-meta":"","header-below-stick-meta":"","astra-migrate-meta-layouts":"set","ast-page-background-enabled":"default","ast-page-background-meta":{"desktop":{"background-color":"var(--ast-global-color-4)","background-image":"","background-repeat":"repeat","background-position":"center center","background-size":"auto","background-attachment":"scroll","background-type":"","background-media":"","overlay-type":"","overlay-color":"","overlay-opacity":"","overlay-gradient":""},"tablet":{"background-color":"","background-image":"","background-repeat":"repeat","background-position":"center center","background-size":"auto","background-attachment":"scroll","background-type":"","background-media":"","overlay-type":"","overlay-color":"","overlay-opacity":"","overlay-gradient":""},"mobile":{"background-color":"","background-image":"","background-repeat":"repeat","background-position":"center center","background-size":"auto","background-attachment":"scroll","background-type":"","background-media":"","overlay-type":"","overlay-color":"","overlay-opacity":"","overlay-gradient":""}},"ast-content-background-meta":{"desktop":{"background-color":"var(--ast-global-color-5)","background-image":"","background-repeat":"repeat","background-position":"center center","background-size":"auto","background-attachment":"scroll","background-type":"","background-media":"","overlay-type":"","overlay-color":"","overlay-opacity":"","overlay-gradient":""},"tablet":{"background-color":"var(--ast-global-color-5)","background-image":"","background-repeat":"repeat","background-position":"center center","background-size":"auto","background-attachment":"scroll","background-type":"","background-media":"","overlay-type":"","overlay-color":"","overlay-opacity":"","overlay-gradient":""},"mobile":{"background-color":"var(--ast-global-color-5)","background-image":"","background-repeat":"repeat","background-position":"center center","background-size":"auto","background-attachment":"scroll","background-type":"","background-media":"","overlay-type":"","overlay-color":"","overlay-opacity":"","overlay-gradient":""}}},"product_brand":[266],"product_cat":[95,163],"product_tag":[],"class_list":{"0":"post-2277","1":"product","2":"type-product","3":"status-publish","4":"has-post-thumbnail","6":"product_brand-nd-rack","7":"product_cat-platformy-dachowe","8":"product_cat-volkswagen","9":"product_shipping_class-dlugie-paczki","10":"pa_marka-samochodu-vw","11":"pa_model-california","12":"pa_model-t5","13":"pa_model-t5t6","14":"pa_model-t6","15":"pa_zestaw-1x-uchwyt","16":"pa_zestaw-2x-uchwyty","17":"pa_zestaw-3x-uchwyty","18":"pa_zestaw-4x-uchwyty","19":"desktop-align-center","20":"tablet-align-left","21":"mobile-align-left","23":"first","24":"onbackorder","25":"taxable","26":"shipping-taxable","27":"purchasable","28":"product-type-variable","29":"has-default-attributes"},"_links":{"self":[{"href":"https:\/\/hatu.pl\/index.php\/wp-json\/wp\/v2\/product\/2277","targetHints":{"allow":["GET"]}}],"collection":[{"href":"https:\/\/hatu.pl\/index.php\/wp-json\/wp\/v2\/product"}],"about":[{"href":"https:\/\/hatu.pl\/index.php\/wp-json\/wp\/v2\/types\/product"}],"replies":[{"embeddable":true,"href":"https:\/\/hatu.pl\/index.php\/wp-json\/wp\/v2\/comments?post=2277"}],"version-history":[{"count":14,"href":"https:\/\/hatu.pl\/index.php\/wp-json\/wp\/v2\/product\/2277\/revisions"}],"predecessor-version":[{"id":3311,"href":"https:\/\/hatu.pl\/index.php\/wp-json\/wp\/v2\/product\/2277\/revisions\/3311"}],"wp:featuredmedia":[{"embeddable":true,"href":"https:\/\/hatu.pl\/index.php\/wp-json\/wp\/v2\/media\/2284"}],"wp:attachment":[{"href":"https:\/\/hatu.pl\/index.php\/wp-json\/wp\/v2\/media?parent=2277"}],"wp:term":[{"taxonomy":"product_brand","embeddable":true,"href":"https:\/\/hatu.pl\/index.php\/wp-json\/wp\/v2\/product_brand?post=2277"},{"taxonomy":"product_cat","embeddable":true,"href":"https:\/\/hatu.pl\/index.php\/wp-json\/wp\/v2\/product_cat?post=2277"},{"taxonomy":"product_tag","embeddable":true,"href":"https:\/\/hatu.pl\/index.php\/wp-json\/wp\/v2\/product_tag?post=2277"}],"curies":[{"name":"wp","href":"https:\/\/api.w.org\/{rel}","templated":true}]}}