{"id":2296,"date":"2025-02-11T13:55:48","date_gmt":"2025-02-11T12:55:48","guid":{"rendered":"https:\/\/hatu.pl\/?post_type=product&#038;p=2296"},"modified":"2025-05-20T10:35:30","modified_gmt":"2025-05-20T08:35:30","slug":"bagaznik-dachowy-t5-t6-zamykany-na-klucz","status":"publish","type":"product","link":"https:\/\/hatu.pl\/index.php\/produkt\/bagaznik-dachowy-t5-t6-zamykany-na-klucz\/","title":{"rendered":"Baga\u017cnik dachowy ND-Rack VW T5 \/ T6 California zamykany na klucz"},"content":{"rendered":"\t\t<div data-elementor-type=\"product-post\" data-elementor-id=\"2296\" class=\"elementor elementor-2296\" data-elementor-post-type=\"product\">\n\t\t\t\t<div class=\"elementor-element elementor-element-5a218f0 e-flex e-con-boxed e-con e-parent\" data-id=\"5a218f0\" data-element_type=\"container\" data-e-type=\"container\">\n\t\t\t\t\t<div class=\"e-con-inner\">\n\t\t\t\t<div class=\"elementor-element elementor-element-beb1f98 elementor-widget elementor-widget-text-editor\" data-id=\"beb1f98\" data-element_type=\"widget\" data-e-type=\"widget\" data-widget_type=\"text-editor.default\">\n\t\t\t\t<div class=\"elementor-widget-container\">\n\t\t\t\t\t\t\t\t\t<p>Wyobra\u017a sobie pocz\u0105tek swojej kolejnej wielkiej przygody. Tw\u00f3j VW T5\/T6 California jest gotowy do drogi, ale zn\u00f3w brakuje miejsca na wszystko, co chcesz zabra\u0107. Baga\u017cnik dachowy ND-Rack to idealne rozwi\u0105zanie dla ka\u017cdego, kto chce uporz\u0105dkowa\u0107 przestrze\u0144 w swoim kamperze, zyskuj\u0105c dodatkowe miejsce do przechowywania, bez rezygnacji z bezpiecze\u0144stwa.<\/p><h4 style=\"text-align: center;\"><strong>Dlaczego warto wybra\u0107 zamykany baga\u017cnik dachowy?<\/strong><\/h4><ul><li><strong>Bardzo p\u0142aska konstrukcja:<\/strong> Niezwykle aerodynamiczna i praktyczna \u2013 nie ogranicza u\u017cytkowania przestrzeni, zapewniaj\u0105c wygod\u0119 podczas jazdy.<\/li><li><strong>Wykonany ze stali nierdzewnej:<\/strong> Gwarantuje wyj\u0105tkow\u0105 wytrzyma\u0142o\u015b\u0107 i odporno\u015b\u0107 na rdz\u0119, co zapewnia d\u0142ugotrwa\u0142\u0105 trwa\u0142o\u015b\u0107.<\/li><li><strong>Niska waga:<\/strong> Dzi\u0119ki temu baga\u017cnik zapewnia wi\u0119ksz\u0105 \u0142adowno\u015b\u0107 i nie obci\u0105\u017ca nadmiernie pojazdu.<\/li><li><strong>Bezpiecze\u0144stwo:<\/strong> Zamykany na klucz, co pozwala spa\u0107 spokojnie, wiedz\u0105c, \u017ce baga\u017cnik pozostanie na swoim miejscu, nawet gdy kamper jest zaparkowany.<\/li><li><strong>Praktyczno\u015b\u0107:<\/strong> \u0141atwy monta\u017c dodatkowych akcesori\u00f3w, takich jak uchwyty Uni do paneli s\u0142onecznych, reflektory LED i inne.<\/li><\/ul><h4 style=\"text-align: center;\"><strong>Dane techniczne:<\/strong><\/h4><ul><li><strong>Pasuje do:<\/strong> Ka\u017cdego oryginalnego dachu wyskakuj\u0105cego VW T5\/T6 California (produkcja 2003 &#8211; obecnie).<\/li><li><strong>Materia\u0142:<\/strong> Stal nierdzewna (V2A 1.4301), malowana proszkowo na czarno.<\/li><li><strong>Waga:<\/strong> 2,5 kg na uchwyt.<\/li><li><strong>No\u015bno\u015b\u0107 dynamiczna:<\/strong> 2 uchwyty = 80 kg (maksymalne obci\u0105\u017cenie dachu California 50 kg).<\/li><li><strong>Wymiary uchwytu:<\/strong> szeroko\u015b\u0107 40 mm, wysoko\u015b\u0107 20 mm, d\u0142ugo\u015b\u0107 1240 mm.<\/li><li><strong>Kompatybilno\u015b\u0107:<\/strong> Uchwyt pasuje do szyny California C-rail.<\/li><li><strong>Zamek:<\/strong> Uchwyty gwiazdowe z kluczem do szybkiego blokowania.<\/li><li><strong>Monta\u017c:<\/strong> Bardzo szybki monta\u017c i demonta\u017c, dostosowany do Twoich potrzeb.<\/li><li><strong>Bloki przesuwne:<\/strong> U\u0142atwiaj\u0105 monta\u017c i regulacj\u0119.<\/li><li><strong>Rejestracja:<\/strong> Nie jest wymagana rejestracja T\u00dcV ani ABE.<\/li><li><strong>Kraj produkcji:<\/strong> Wyprodukowano w Niemczech.<\/li><\/ul><h4 style=\"text-align: center;\"><strong>Zakres dostawy:<\/strong><\/h4><ul><li>Zamykany baga\u017cnik dachowy VW T5\/T6 California (ilo\u015b\u0107 do wyboru).<\/li><li>Materia\u0142 mocuj\u0105cy.<\/li><\/ul><p>Zamykany baga\u017cnik dachowy ND-Rack to idealne rozwi\u0105zanie, aby zwi\u0119kszy\u0107 pojemno\u015b\u0107 swojego VW T5\/T6 California i zapewni\u0107 bezpieczne przechowywanie sprz\u0119tu podczas podr\u00f3\u017cy. Dzi\u0119ki solidnej konstrukcji i \u0142atwo\u015bci w monta\u017cu, b\u0119dziesz m\u00f3g\u0142 cieszy\u0107 si\u0119 ka\u017cd\u0105 chwil\u0105 na drodze, bez obawy o zgubienie baga\u017cu!<\/p>\t\t\t\t\t\t\t\t<\/div>\n\t\t\t\t<\/div>\n\t\t\t\t\t<\/div>\n\t\t\t\t<\/div>\n\t\t\t\t<\/div>\n\t\t","protected":false},"excerpt":{"rendered":"<p>Wyobra\u017a sobie pocz\u0105tek swojej kolejnej wielkiej przygody. Tw\u00f3j VW T5\/T6 California jest gotowy do drogi, ale zn\u00f3w brakuje miejsca na [&hellip;]<\/p>\n","protected":false},"featured_media":2301,"comment_status":"open","ping_status":"closed","template":"","meta":{"site-sidebar-layout":"no-sidebar","site-content-layout":"","ast-site-content-layout":"full-width-container","site-content-style":"default","site-sidebar-style":"default","ast-global-header-display":"","ast-banner-title-visibility":"","ast-main-header-display":"","ast-hfb-above-header-display":"","ast-hfb-below-header-display":"","ast-hfb-mobile-header-display":"","site-post-title":"disabled","ast-breadcrumbs-content":"","ast-featured-img":"disabled","footer-sml-layout":"","theme-transparent-header-meta":"default","adv-header-id-meta":"","stick-header-meta":"","header-above-stick-meta":"","header-main-stick-meta":"","header-below-stick-meta":"","astra-migrate-meta-layouts":"set","ast-page-background-enabled":"default","ast-page-background-meta":{"desktop":{"background-color":"var(--ast-global-color-4)","background-image":"","background-repeat":"repeat","background-position":"center center","background-size":"auto","background-attachment":"scroll","background-type":"","background-media":"","overlay-type":"","overlay-color":"","overlay-opacity":"","overlay-gradient":""},"tablet":{"background-color":"","background-image":"","background-repeat":"repeat","background-position":"center center","background-size":"auto","background-attachment":"scroll","background-type":"","background-media":"","overlay-type":"","overlay-color":"","overlay-opacity":"","overlay-gradient":""},"mobile":{"background-color":"","background-image":"","background-repeat":"repeat","background-position":"center center","background-size":"auto","background-attachment":"scroll","background-type":"","background-media":"","overlay-type":"","overlay-color":"","overlay-opacity":"","overlay-gradient":""}},"ast-content-background-meta":{"desktop":{"background-color":"var(--ast-global-color-5)","background-image":"","background-repeat":"repeat","background-position":"center center","background-size":"auto","background-attachment":"scroll","background-type":"","background-media":"","overlay-type":"","overlay-color":"","overlay-opacity":"","overlay-gradient":""},"tablet":{"background-color":"var(--ast-global-color-5)","background-image":"","background-repeat":"repeat","background-position":"center center","background-size":"auto","background-attachment":"scroll","background-type":"","background-media":"","overlay-type":"","overlay-color":"","overlay-opacity":"","overlay-gradient":""},"mobile":{"background-color":"var(--ast-global-color-5)","background-image":"","background-repeat":"repeat","background-position":"center center","background-size":"auto","background-attachment":"scroll","background-type":"","background-media":"","overlay-type":"","overlay-color":"","overlay-opacity":"","overlay-gradient":""}}},"product_brand":[266],"product_cat":[163,95],"product_tag":[],"class_list":{"0":"post-2296","1":"product","2":"type-product","3":"status-publish","4":"has-post-thumbnail","6":"product_brand-nd-rack","7":"product_cat-volkswagen","8":"product_cat-platformy-dachowe","9":"product_shipping_class-dlugie-paczki","10":"pa_ilosc-114","11":"pa_ilosc-115","12":"pa_ilosc-116","13":"pa_ilosc-117","14":"pa_marka-samochodu-vw","15":"pa_model-california","16":"pa_model-t5","17":"pa_model-t5t6","18":"pa_model-t6","19":"desktop-align-center","20":"tablet-align-left","21":"mobile-align-left","23":"first","24":"onbackorder","25":"taxable","26":"shipping-taxable","27":"purchasable","28":"product-type-variable","29":"has-default-attributes"},"_links":{"self":[{"href":"https:\/\/hatu.pl\/index.php\/wp-json\/wp\/v2\/product\/2296","targetHints":{"allow":["GET"]}}],"collection":[{"href":"https:\/\/hatu.pl\/index.php\/wp-json\/wp\/v2\/product"}],"about":[{"href":"https:\/\/hatu.pl\/index.php\/wp-json\/wp\/v2\/types\/product"}],"replies":[{"embeddable":true,"href":"https:\/\/hatu.pl\/index.php\/wp-json\/wp\/v2\/comments?post=2296"}],"version-history":[{"count":10,"href":"https:\/\/hatu.pl\/index.php\/wp-json\/wp\/v2\/product\/2296\/revisions"}],"predecessor-version":[{"id":3285,"href":"https:\/\/hatu.pl\/index.php\/wp-json\/wp\/v2\/product\/2296\/revisions\/3285"}],"wp:featuredmedia":[{"embeddable":true,"href":"https:\/\/hatu.pl\/index.php\/wp-json\/wp\/v2\/media\/2301"}],"wp:attachment":[{"href":"https:\/\/hatu.pl\/index.php\/wp-json\/wp\/v2\/media?parent=2296"}],"wp:term":[{"taxonomy":"product_brand","embeddable":true,"href":"https:\/\/hatu.pl\/index.php\/wp-json\/wp\/v2\/product_brand?post=2296"},{"taxonomy":"product_cat","embeddable":true,"href":"https:\/\/hatu.pl\/index.php\/wp-json\/wp\/v2\/product_cat?post=2296"},{"taxonomy":"product_tag","embeddable":true,"href":"https:\/\/hatu.pl\/index.php\/wp-json\/wp\/v2\/product_tag?post=2296"}],"curies":[{"name":"wp","href":"https:\/\/api.w.org\/{rel}","templated":true}]}}