{"id":2310,"date":"2025-01-17T13:55:46","date_gmt":"2025-01-17T12:55:46","guid":{"rendered":"https:\/\/hatu.pl\/?post_type=product&#038;p=2310"},"modified":"2025-05-20T10:37:29","modified_gmt":"2025-05-20T08:37:29","slug":"platforma-dachowa-man-vw","status":"publish","type":"product","link":"https:\/\/hatu.pl\/index.php\/produkt\/platforma-dachowa-man-vw\/","title":{"rendered":"Platforma dachowa MAN TGE &#038; VW Crafter od roku: 2017"},"content":{"rendered":"\t\t<div data-elementor-type=\"product-post\" data-elementor-id=\"2310\" class=\"elementor elementor-2310\" data-elementor-post-type=\"product\">\n\t\t\t\t<div class=\"elementor-element elementor-element-41eda0c e-flex e-con-boxed e-con e-parent\" data-id=\"41eda0c\" data-element_type=\"container\" data-e-type=\"container\">\n\t\t\t\t\t<div class=\"e-con-inner\">\n\t\t\t\t<div class=\"elementor-element elementor-element-0dba2f2 elementor-widget elementor-widget-text-editor\" data-id=\"0dba2f2\" data-element_type=\"widget\" data-e-type=\"widget\" data-widget_type=\"text-editor.default\">\n\t\t\t\t<div class=\"elementor-widget-container\">\n\t\t\t\t\t\t\t\t\t<h4 style=\"text-align: center;\"><strong>Baga\u017cnik Dachowy ND-Rack dla MAN TGE i VW Crafter \u2013 Stw\u00f3rz Wi\u0119cej Miejsca na Dachu Twojego Kampera<\/strong><\/h4><p>Tw\u00f3j kamper zn\u00f3w jest pe\u0142en? Platforma dachowa ND-Rack zapewni dodatkow\u0105 przestrze\u0144 na wszystko, co wa\u017cne \u2013 od paneli s\u0142onecznych po markizy, namioty dachowe i boxy dachowe. Nasza platforma dachowa to idealne rozwi\u0105zanie dla ka\u017cdego kampera, zapewniaj\u0105c miejsce na wszystkie akcesoria.<\/p><h4 style=\"text-align: center;\"><strong>Platforma dachowa ND-Rack czym si\u0119 wyr\u00f3\u017cnia?<\/strong><\/h4><ul><li><strong>Spoiler w zestawie:<\/strong> Redukuje ha\u0142as wiatru nawet o 80%.<\/li><li><strong>Bardzo lekka konstrukcja:<\/strong> Niska waga dla wi\u0119kszej \u0142adowno\u015bci.<\/li><li><strong>Wyj\u0105tkowo niski profil:<\/strong> U\u0142atwia wjazd na parkingi i promy.<\/li><li><strong>System modu\u0142owy:<\/strong> Platforma dostosowuje si\u0119 do pojazdu, zapewniaj\u0105c optymaln\u0105 stabilno\u015b\u0107.<\/li><li><strong>Solidna konstrukcja:<\/strong> Wysoka no\u015bno\u015b\u0107 baga\u017cnika, gwarantuj\u0105ca bezpiecze\u0144stwo transportu.<\/li><li><strong>Stal nierdzewna:<\/strong> Wyj\u0105tkowo stabilna, odporna na rdz\u0119 i d\u0142ugotrwa\u0142a.<\/li><li><strong>Zawiera uchwyt na markiz\u0119:<\/strong> U\u0142atwia monta\u017c markiz takich jak Fiamma F45.<\/li><\/ul><h4 style=\"text-align: center;\"><strong>Dane techniczne:<\/strong><\/h4><ul><li><strong>Pasuje do:<\/strong> MAN TGE i VW Crafter (od 2017 r. wzwy\u017c)<\/li><li><strong>Odpowiedni dla rozstawu osi:<\/strong><ul><li>L3 (5986 mm)<\/li><li>L4 (6836 mm)<\/li><li>L5 (7391 mm)<\/li><\/ul><\/li><li><strong>Odpowiedni dla wysoko\u015bci H2 (2355 mm) i H3 (2590 mm)<\/strong><\/li><li><strong>Ud\u017awig dynamiczny:<\/strong><ul><li>H2\/H3 &#8211; L3: 150 kg (r\u00f3wnomiernie roz\u0142o\u017cony)<\/li><li>H2\/H3 &#8211; L4: 200 kg (r\u00f3wnomiernie roz\u0142o\u017cony)<\/li><\/ul><\/li><li><strong>Wymiary rozp\u00f3rki:<\/strong><ul><li>H3: Szeroko\u015b\u0107 40 mm, wysoko\u015b\u0107 20 mm, d\u0142ugo\u015b\u0107 1375 mm<\/li><li>H2: Szeroko\u015b\u0107 40 mm, wysoko\u015b\u0107 20 mm, d\u0142ugo\u015b\u0107 1375 mm<\/li><\/ul><\/li><li><strong>Materia\u0142:<\/strong> Stal nierdzewna, malowana proszkowo na czarno<\/li><li><strong>Monta\u017c:<\/strong> Mo\u017cliwy tylko na szynie C, bez wiercenia<\/li><li><strong>Wysoko\u015b\u0107 monta\u017cu:<\/strong> Od g\u00f3rnej kraw\u0119dzi dachu do g\u00f3rnej kraw\u0119dzi wspornika \u2013 8 cm<\/li><li><strong>Dodatkowe funkcje:<\/strong> W bocznych cz\u0119\u015bciach platformy znajduj\u0105 si\u0119 otwory do mocowania poprzeczek, co umo\u017cliwia ich przesuwanie lub pomijanie przy oknach dachowych\/wy\u0142azach dachowych.<\/li><\/ul><h4 style=\"text-align: center;\"><strong>Odpowiednie markizy:<\/strong><\/h4><ul><li><strong>L3:<\/strong> Fiamma F45 w 300 cm = 3x uchwyt markizy<\/li><li><strong>L4:<\/strong> Fiamma F45 w 400 cm = 4x uchwyt markizy<\/li><\/ul><h4 style=\"text-align: center;\"><strong>Zakres dostawy:<\/strong><\/h4><ul><li>1x platforma (wybierz odpowiedni\u0105 d\u0142ugo\u015b\u0107)<\/li><li>1x Spoiler<\/li><li>Materia\u0142 monta\u017cowy<\/li><li>Uchwyty markizy<\/li><\/ul><p>Platforma dachowa baga\u017cnika ND-Rack to doskona\u0142e rozwi\u0105zanie dla ka\u017cdego kampera, zapewniaj\u0105ca dodatkow\u0105 przestrze\u0144 do transportu i bezpieczne mocowanie akcesori\u00f3w. Prosty monta\u017c i wyj\u0105tkowa funkcjonalno\u015b\u0107 sprawiaj\u0105, \u017ce jest to niezast\u0105piony element wyposa\u017cenia Twojego pojazdu!<\/p>\t\t\t\t\t\t\t\t<\/div>\n\t\t\t\t<\/div>\n\t\t\t\t\t<\/div>\n\t\t\t\t<\/div>\n\t\t\t\t<\/div>\n\t\t","protected":false},"excerpt":{"rendered":"<p>Baga\u017cnik Dachowy ND-Rack dla MAN TGE i VW Crafter \u2013 Stw\u00f3rz Wi\u0119cej Miejsca na Dachu Twojego Kampera Tw\u00f3j kamper zn\u00f3w [&hellip;]<\/p>\n","protected":false},"featured_media":2315,"comment_status":"open","ping_status":"closed","template":"","meta":{"site-sidebar-layout":"no-sidebar","site-content-layout":"","ast-site-content-layout":"full-width-container","site-content-style":"default","site-sidebar-style":"default","ast-global-header-display":"","ast-banner-title-visibility":"","ast-main-header-display":"","ast-hfb-above-header-display":"","ast-hfb-below-header-display":"","ast-hfb-mobile-header-display":"","site-post-title":"disabled","ast-breadcrumbs-content":"","ast-featured-img":"disabled","footer-sml-layout":"","theme-transparent-header-meta":"default","adv-header-id-meta":"","stick-header-meta":"","header-above-stick-meta":"","header-main-stick-meta":"","header-below-stick-meta":"","astra-migrate-meta-layouts":"set","ast-page-background-enabled":"default","ast-page-background-meta":{"desktop":{"background-color":"var(--ast-global-color-4)","background-image":"","background-repeat":"repeat","background-position":"center center","background-size":"auto","background-attachment":"scroll","background-type":"","background-media":"","overlay-type":"","overlay-color":"","overlay-opacity":"","overlay-gradient":""},"tablet":{"background-color":"","background-image":"","background-repeat":"repeat","background-position":"center center","background-size":"auto","background-attachment":"scroll","background-type":"","background-media":"","overlay-type":"","overlay-color":"","overlay-opacity":"","overlay-gradient":""},"mobile":{"background-color":"","background-image":"","background-repeat":"repeat","background-position":"center center","background-size":"auto","background-attachment":"scroll","background-type":"","background-media":"","overlay-type":"","overlay-color":"","overlay-opacity":"","overlay-gradient":""}},"ast-content-background-meta":{"desktop":{"background-color":"var(--ast-global-color-5)","background-image":"","background-repeat":"repeat","background-position":"center center","background-size":"auto","background-attachment":"scroll","background-type":"","background-media":"","overlay-type":"","overlay-color":"","overlay-opacity":"","overlay-gradient":""},"tablet":{"background-color":"var(--ast-global-color-5)","background-image":"","background-repeat":"repeat","background-position":"center center","background-size":"auto","background-attachment":"scroll","background-type":"","background-media":"","overlay-type":"","overlay-color":"","overlay-opacity":"","overlay-gradient":""},"mobile":{"background-color":"var(--ast-global-color-5)","background-image":"","background-repeat":"repeat","background-position":"center center","background-size":"auto","background-attachment":"scroll","background-type":"","background-media":"","overlay-type":"","overlay-color":"","overlay-opacity":"","overlay-gradient":""}}},"product_brand":[266],"product_cat":[95,166,163],"product_tag":[],"class_list":{"0":"post-2310","1":"product","2":"type-product","3":"status-publish","4":"has-post-thumbnail","6":"product_brand-nd-rack","7":"product_cat-platformy-dachowe","8":"product_cat-man","9":"product_cat-volkswagen","10":"product_shipping_class-dlugie-paczki","11":"pa_dlugosc-l3","12":"pa_dlugosc-l4","13":"pa_marka-samochodu-man","14":"pa_marka-samochodu-vw","15":"pa_model-crafter","16":"pa_model-tge","17":"pa_uchwyt-markizy-fiamma-f45","18":"pa_uchwyt-markizy-uniwersalny","19":"desktop-align-center","20":"tablet-align-left","21":"mobile-align-left","23":"first","24":"onbackorder","25":"taxable","26":"shipping-taxable","27":"purchasable","28":"product-type-variable","29":"has-default-attributes"},"_links":{"self":[{"href":"https:\/\/hatu.pl\/index.php\/wp-json\/wp\/v2\/product\/2310","targetHints":{"allow":["GET"]}}],"collection":[{"href":"https:\/\/hatu.pl\/index.php\/wp-json\/wp\/v2\/product"}],"about":[{"href":"https:\/\/hatu.pl\/index.php\/wp-json\/wp\/v2\/types\/product"}],"replies":[{"embeddable":true,"href":"https:\/\/hatu.pl\/index.php\/wp-json\/wp\/v2\/comments?post=2310"}],"version-history":[{"count":14,"href":"https:\/\/hatu.pl\/index.php\/wp-json\/wp\/v2\/product\/2310\/revisions"}],"predecessor-version":[{"id":3142,"href":"https:\/\/hatu.pl\/index.php\/wp-json\/wp\/v2\/product\/2310\/revisions\/3142"}],"wp:featuredmedia":[{"embeddable":true,"href":"https:\/\/hatu.pl\/index.php\/wp-json\/wp\/v2\/media\/2315"}],"wp:attachment":[{"href":"https:\/\/hatu.pl\/index.php\/wp-json\/wp\/v2\/media?parent=2310"}],"wp:term":[{"taxonomy":"product_brand","embeddable":true,"href":"https:\/\/hatu.pl\/index.php\/wp-json\/wp\/v2\/product_brand?post=2310"},{"taxonomy":"product_cat","embeddable":true,"href":"https:\/\/hatu.pl\/index.php\/wp-json\/wp\/v2\/product_cat?post=2310"},{"taxonomy":"product_tag","embeddable":true,"href":"https:\/\/hatu.pl\/index.php\/wp-json\/wp\/v2\/product_tag?post=2310"}],"curies":[{"name":"wp","href":"https:\/\/api.w.org\/{rel}","templated":true}]}}