{"id":2317,"date":"2025-01-17T11:29:01","date_gmt":"2025-01-17T10:29:01","guid":{"rendered":"https:\/\/hatu.pl\/?post_type=product&#038;p=2317"},"modified":"2025-05-20T10:37:29","modified_gmt":"2025-05-20T08:37:29","slug":"platforma-dachowa-vw-mercedes","status":"publish","type":"product","link":"https:\/\/hatu.pl\/index.php\/produkt\/platforma-dachowa-vw-mercedes\/","title":{"rendered":"Platforma dachowa Mercedes Sprinter (od 2006) \/ VW Crafter (2006 \u2013 2016)"},"content":{"rendered":"\t\t<div data-elementor-type=\"product-post\" data-elementor-id=\"2317\" class=\"elementor elementor-2317\" data-elementor-post-type=\"product\">\n\t\t\t\t<div class=\"elementor-element elementor-element-2535011 e-flex e-con-boxed e-con e-parent\" data-id=\"2535011\" data-element_type=\"container\" data-e-type=\"container\">\n\t\t\t\t\t<div class=\"e-con-inner\">\n\t\t\t\t<div class=\"elementor-element elementor-element-e8b48db elementor-widget elementor-widget-text-editor\" data-id=\"e8b48db\" data-element_type=\"widget\" data-e-type=\"widget\" data-widget_type=\"text-editor.default\">\n\t\t\t\t<div class=\"elementor-widget-container\">\n\t\t\t\t\t\t\t\t\t<h4 style=\"text-align: center;\"><strong>Platforma dachowa ND-Rack \u2013 Wi\u0119cej Miejsca na Dachu Twojego Kampera<\/strong><\/h4>\n<p>Tw\u00f3j kamper zn\u00f3w jest pe\u0142en? Dzi\u0119ki platformie baga\u017cnika dachowego ND-Rack zyskasz dodatkow\u0105 przestrze\u0144 do przechowywania wa\u017cnych rzeczy, takich jak panele s\u0142oneczne, markizy, namiot dachowy czy box dachowy. Nasza platforma baga\u017cnika dachowego to solidne rozwi\u0105zanie dla kamper\u00f3w i furgonetek, kt\u00f3re potrzebuj\u0105 wi\u0119cej przestrzeni na dachu.<\/p>\n<h4 style=\"text-align: center;\"><strong>Platforma dachowa ND-Rack czym si\u0119 wyr\u00f3\u017cnia?<\/strong><\/h4>\n<ul>\n<li><strong>Zawiera uchwyt markizy Fiamma F45:<\/strong> Uniwersalny uchwyt pozwala na \u0142atwe zamocowanie markizy.<\/li>\n<li><strong>Spoiler w zestawie:<\/strong> Redukuje ha\u0142as wiatru a\u017c o 80%.<\/li>\n<li><strong>Bardzo lekka konstrukcja:<\/strong> Niska waga dla wi\u0119kszej \u0142adowno\u015bci.<\/li>\n<li><strong>Niezwykle niski profil:<\/strong> U\u0142atwia dost\u0119p do parking\u00f3w i prom\u00f3w, zapewniaj\u0105c wygod\u0119 u\u017cytkowania.<\/li>\n<li><strong>System modu\u0142owy:<\/strong> Platforma dostosowuje si\u0119 do r\u00f3\u017cnych pojazd\u00f3w, oferuj\u0105c elastyczno\u015b\u0107.<\/li>\n<li><strong>Solidna konstrukcja:<\/strong> Wysoka no\u015bno\u015b\u0107 baga\u017cnika, kt\u00f3ry zapewnia bezpieczny transport.<\/li>\n<li><strong>Wykonany ze stali nierdzewnej:<\/strong> Gwarantuje stabilno\u015b\u0107 i odporno\u015b\u0107 na rdz\u0119.<\/li>\n<\/ul>\n<h4 style=\"text-align: center;\"><strong>Dane techniczne:<\/strong><\/h4>\n<ul>\n<li><strong>Pasuje do:<\/strong>\n<ul>\n<li>VW Crafter (2006 &#8211; 2016) \u2013 Kliknij [tutaj] dla nowej platformy do VW Crafter \/ MAN TGE<\/li>\n<li>Mercedes Sprinter (2006 &#8211; dzi\u015b)<\/li>\n<li>VW Crafter \/ Mercedes Sprinter L1 do L4, H1 do H2<\/li>\n<\/ul>\n<\/li>\n<li><strong>Monta\u017c:<\/strong> Bez wiercenia otwor\u00f3w<\/li>\n<li><strong>D\u0142ugo\u015bci baga\u017cnik\u00f3w dachowych:<\/strong>\n<ul>\n<li>L1: 2450 mm<\/li>\n<li>L2: 3045 mm<\/li>\n<li>L3: 4100 mm<\/li>\n<li>L4: 4700 mm<\/li>\n<\/ul>\n<\/li>\n<li><strong>Ud\u017awig dynamiczny:<\/strong>\n<ul>\n<li>H2 L1: 100 kg (r\u00f3wnomiernie roz\u0142o\u017cony)<\/li>\n<li>H2 L2: 150 kg (r\u00f3wnomiernie roz\u0142o\u017cony)<\/li>\n<li>H2 L3: 250 kg (r\u00f3wnomiernie roz\u0142o\u017cony)<\/li>\n<li>H1 L1: 120 kg (r\u00f3wnomiernie roz\u0142o\u017cony)<\/li>\n<li>H1 L2: 150 kg (r\u00f3wnomiernie roz\u0142o\u017cony)<\/li>\n<\/ul>\n<\/li>\n<li><strong>Wymiary rozp\u00f3rki:<\/strong>\n<ul>\n<li>H2: Szeroko\u015b\u0107 40 mm, wysoko\u015b\u0107 20 mm, d\u0142ugo\u015b\u0107 1320 mm<\/li>\n<li>H1: Szeroko\u015b\u0107 40 mm, wysoko\u015b\u0107 20 mm, d\u0142ugo\u015b\u0107 1490 mm<\/li>\n<\/ul>\n<\/li>\n<li><strong>Materia\u0142:<\/strong> Stal nierdzewna, malowana proszkowo na czarno<\/li>\n<li><strong>Monta\u017c:<\/strong> Gumowa podk\u0142adka mi\u0119dzy wspornikiem a dachem<\/li>\n<li><strong>Waga:<\/strong> Ok. 38 kg<\/li>\n<li><strong>No\u015bno\u015b\u0107:<\/strong>\n<ul>\n<li>150 kg dynamicznie, 400 kg statycznie (idealne na namiot dachowy dla 3 os\u00f3b)<\/li>\n<\/ul>\n<\/li>\n<li><strong>Wysoko\u015b\u0107 monta\u017cu:<\/strong> 8 cm od g\u00f3rnej kraw\u0119dzi dachu do g\u00f3rnej kraw\u0119dzi wspornika<\/li>\n<li><strong>Bez rejestracji T\u00dcV lub ABE:<\/strong> Platforma nie wymaga dodatkowej rejestracji.<\/li>\n<\/ul>\n<h4 style=\"text-align: center;\"><strong>Zakres dostawy:<\/strong><\/h4>\n<ul>\n<li>1x platforma (prosz\u0119 wybra\u0107 odpowiedni\u0105 d\u0142ugo\u015b\u0107)<\/li>\n<li>1x spoiler<\/li>\n<li>Materia\u0142 monta\u017cowy<\/li>\n<li>Uchwyty markizy<\/li>\n<\/ul>\n<p>Platforma dachowa ND-Rack zapewnia bezpieczn\u0105 przestrze\u0144 do transportu akcesori\u00f3w, zapewniaj\u0105c sobie wygod\u0119 i funkcjonalno\u015b\u0107 w trakcie podr\u00f3\u017cy!<\/p>\t\t\t\t\t\t\t\t<\/div>\n\t\t\t\t<\/div>\n\t\t\t\t\t<\/div>\n\t\t\t\t<\/div>\n\t\t\t\t<\/div>\n\t\t","protected":false},"excerpt":{"rendered":"<p>Platforma dachowa ND-Rack \u2013 Wi\u0119cej Miejsca na Dachu Twojego Kampera Tw\u00f3j kamper zn\u00f3w jest pe\u0142en? Dzi\u0119ki platformie baga\u017cnika dachowego ND-Rack [&hellip;]<\/p>\n","protected":false},"featured_media":2315,"comment_status":"open","ping_status":"closed","template":"","meta":{"site-sidebar-layout":"no-sidebar","site-content-layout":"","ast-site-content-layout":"full-width-container","site-content-style":"default","site-sidebar-style":"default","ast-global-header-display":"","ast-banner-title-visibility":"","ast-main-header-display":"","ast-hfb-above-header-display":"","ast-hfb-below-header-display":"","ast-hfb-mobile-header-display":"","site-post-title":"disabled","ast-breadcrumbs-content":"","ast-featured-img":"disabled","footer-sml-layout":"","theme-transparent-header-meta":"default","adv-header-id-meta":"","stick-header-meta":"","header-above-stick-meta":"","header-main-stick-meta":"","header-below-stick-meta":"","astra-migrate-meta-layouts":"set","ast-page-background-enabled":"default","ast-page-background-meta":{"desktop":{"background-color":"var(--ast-global-color-4)","background-image":"","background-repeat":"repeat","background-position":"center center","background-size":"auto","background-attachment":"scroll","background-type":"","background-media":"","overlay-type":"","overlay-color":"","overlay-opacity":"","overlay-gradient":""},"tablet":{"background-color":"","background-image":"","background-repeat":"repeat","background-position":"center center","background-size":"auto","background-attachment":"scroll","background-type":"","background-media":"","overlay-type":"","overlay-color":"","overlay-opacity":"","overlay-gradient":""},"mobile":{"background-color":"","background-image":"","background-repeat":"repeat","background-position":"center center","background-size":"auto","background-attachment":"scroll","background-type":"","background-media":"","overlay-type":"","overlay-color":"","overlay-opacity":"","overlay-gradient":""}},"ast-content-background-meta":{"desktop":{"background-color":"var(--ast-global-color-5)","background-image":"","background-repeat":"repeat","background-position":"center center","background-size":"auto","background-attachment":"scroll","background-type":"","background-media":"","overlay-type":"","overlay-color":"","overlay-opacity":"","overlay-gradient":""},"tablet":{"background-color":"var(--ast-global-color-5)","background-image":"","background-repeat":"repeat","background-position":"center center","background-size":"auto","background-attachment":"scroll","background-type":"","background-media":"","overlay-type":"","overlay-color":"","overlay-opacity":"","overlay-gradient":""},"mobile":{"background-color":"var(--ast-global-color-5)","background-image":"","background-repeat":"repeat","background-position":"center center","background-size":"auto","background-attachment":"scroll","background-type":"","background-media":"","overlay-type":"","overlay-color":"","overlay-opacity":"","overlay-gradient":""}}},"product_brand":[266],"product_cat":[164,95,163],"product_tag":[],"class_list":{"0":"post-2317","1":"product","2":"type-product","3":"status-publish","4":"has-post-thumbnail","6":"product_brand-nd-rack","7":"product_cat-mercedes","8":"product_cat-platformy-dachowe","9":"product_cat-volkswagen","10":"product_shipping_class-dlugie-paczki","11":"pa_dlugosc-l1","12":"pa_dlugosc-l2","13":"pa_dlugosc-l3","14":"pa_dlugosc-l4","15":"pa_marka-samochodu-mercedes","16":"pa_marka-samochodu-vw","17":"pa_model-crafter","18":"pa_model-sprinter","19":"pa_rodzaj-mocowania-punkty-stale","20":"pa_rodzaj-mocowania-szyna-c","21":"pa_wysokosc-h1","22":"pa_wysokosc-h2","23":"desktop-align-center","24":"tablet-align-left","25":"mobile-align-left","27":"first","28":"onbackorder","29":"taxable","30":"shipping-taxable","31":"purchasable","32":"product-type-variable","33":"has-default-attributes"},"_links":{"self":[{"href":"https:\/\/hatu.pl\/index.php\/wp-json\/wp\/v2\/product\/2317","targetHints":{"allow":["GET"]}}],"collection":[{"href":"https:\/\/hatu.pl\/index.php\/wp-json\/wp\/v2\/product"}],"about":[{"href":"https:\/\/hatu.pl\/index.php\/wp-json\/wp\/v2\/types\/product"}],"replies":[{"embeddable":true,"href":"https:\/\/hatu.pl\/index.php\/wp-json\/wp\/v2\/comments?post=2317"}],"version-history":[{"count":23,"href":"https:\/\/hatu.pl\/index.php\/wp-json\/wp\/v2\/product\/2317\/revisions"}],"predecessor-version":[{"id":3174,"href":"https:\/\/hatu.pl\/index.php\/wp-json\/wp\/v2\/product\/2317\/revisions\/3174"}],"wp:featuredmedia":[{"embeddable":true,"href":"https:\/\/hatu.pl\/index.php\/wp-json\/wp\/v2\/media\/2315"}],"wp:attachment":[{"href":"https:\/\/hatu.pl\/index.php\/wp-json\/wp\/v2\/media?parent=2317"}],"wp:term":[{"taxonomy":"product_brand","embeddable":true,"href":"https:\/\/hatu.pl\/index.php\/wp-json\/wp\/v2\/product_brand?post=2317"},{"taxonomy":"product_cat","embeddable":true,"href":"https:\/\/hatu.pl\/index.php\/wp-json\/wp\/v2\/product_cat?post=2317"},{"taxonomy":"product_tag","embeddable":true,"href":"https:\/\/hatu.pl\/index.php\/wp-json\/wp\/v2\/product_tag?post=2317"}],"curies":[{"name":"wp","href":"https:\/\/api.w.org\/{rel}","templated":true}]}}