{"id":2335,"date":"2025-02-11T15:02:06","date_gmt":"2025-02-11T14:02:06","guid":{"rendered":"https:\/\/hatu.pl\/?post_type=product&#038;p=2335"},"modified":"2025-05-20T10:36:36","modified_gmt":"2025-05-20T08:36:36","slug":"bagaznik-dachowy-crafter-sprinter","status":"publish","type":"product","link":"https:\/\/hatu.pl\/index.php\/produkt\/bagaznik-dachowy-crafter-sprinter\/","title":{"rendered":"Standardowy modu\u0142owy baga\u017cnik dachowy VW Crafter \/ Mercedes Sprinter ze stali nierdzewnej"},"content":{"rendered":"\t\t<div data-elementor-type=\"product-post\" data-elementor-id=\"2335\" class=\"elementor elementor-2335\" data-elementor-post-type=\"product\">\n\t\t\t\t<div class=\"elementor-element elementor-element-ec748f0 e-flex e-con-boxed e-con e-parent\" data-id=\"ec748f0\" data-element_type=\"container\" data-e-type=\"container\">\n\t\t\t\t\t<div class=\"e-con-inner\">\n\t\t\t\t<div class=\"elementor-element elementor-element-2fca189 elementor-widget elementor-widget-text-editor\" data-id=\"2fca189\" data-element_type=\"widget\" data-e-type=\"widget\" data-widget_type=\"text-editor.default\">\n\t\t\t\t<div class=\"elementor-widget-container\">\n\t\t\t\t\t\t\t\t\t<h4 style=\"text-align: center;\">Baga\u017cnika dachowy ND-Rack \u2013 Zyskaj Wi\u0119cej Przestrzeni w Vanie<\/h4><p>Stoisz przed wyzwaniem zmieszczenia ca\u0142ego swojego sprz\u0119tu w pe\u0142ni zapakowanym vanie? Baga\u017cnik dachowy ND-Rack to idealne rozwi\u0105zanie. Dzi\u0119ki niemu zyskasz dodatkowe miejsce do przechowywania, co pozwoli Ci na wi\u0119ksz\u0105 swobod\u0119 i komfort podczas podr\u00f3\u017cy. Przekonaj si\u0119, jak to inteligentne rozwi\u0105zanie pomo\u017ce Ci zorganizowa\u0107 przestrze\u0144 w vanie, nie rezygnuj\u0105c z funkcjonalno\u015bci.<\/p><h4 style=\"text-align: center;\">Cechy produktu:<\/h4><ul><li><strong>Lekka konstrukcja<\/strong> \u2013 umo\u017cliwia wi\u0119ksz\u0105 \u0142adowno\u015b\u0107 pojazdu bez obci\u0105\u017cania go nadmiernie.<\/li><li><strong>Niska wysoko\u015b\u0107<\/strong> \u2013 dzi\u0119ki optymalnym wymiarom \u0142atwiej wjedziesz na parkingi i promy.<\/li><li><strong>Modu\u0142owy system<\/strong> \u2013 dopasowuje si\u0119 do r\u00f3\u017cnych modeli pojazd\u00f3w, zapewniaj\u0105c \u0142atwo\u015b\u0107 monta\u017cu.<\/li><li><strong>Wysoka no\u015bno\u015b\u0107<\/strong> \u2013 solidna konstrukcja gwarantuje du\u017c\u0105 no\u015bno\u015b\u0107, spe\u0142niaj\u0105c r\u00f3\u017cne potrzeby transportowe.<\/li><li><strong>Stal nierdzewna<\/strong> \u2013 materia\u0142 odporny na rdz\u0119 i uszkodzenia mechaniczne, zapewniaj\u0105cy d\u0142ugotrwa\u0142\u0105 stabilno\u015b\u0107.<\/li><\/ul><h4 style=\"text-align: center;\">Dane techniczne:<\/h4><ul><li><strong>Pasuje do modeli:<\/strong><ul><li>Mercedes Sprinter H1 i H2 (L1, L2, L3, L4)<\/li><li>Mercedes Sprinter (2006 do chwili obecnej)<\/li><li>VW Crafter (2006-2016)<\/li><\/ul><\/li><li><strong>Materia\u0142:<\/strong> stal nierdzewna (V2A 1.4301), malowana proszkowo na czarno<\/li><li><strong>Waga:<\/strong> 2,8 kg na uchwyt<\/li><li><strong>No\u015bno\u015b\u0107 dynamiczna:<\/strong><ul><li>2 uchwyty = 80 kg<\/li><li>3 uchwyty = 110 kg<\/li><li>4 uchwyty = 150 kg<\/li><li>6 uchwyt\u00f3w = 200 kg<\/li><\/ul><\/li><li><strong>Obci\u0105\u017cenie statyczne:<\/strong> 80 kg na jeden uchwyt<\/li><li><strong>Wymiary rozp\u00f3rki:<\/strong><ul><li>H2: szeroko\u015b\u0107 40 mm, wysoko\u015b\u0107 20 mm, d\u0142ugo\u015b\u0107 1320 mm<\/li><li>H1: szeroko\u015b\u0107 40 mm, wysoko\u015b\u0107 20 mm, d\u0142ugo\u015b\u0107 1488 mm<\/li><\/ul><\/li><li><strong>Wysoko\u015b\u0107 monta\u017cu:<\/strong> oko\u0142o 8 cm od g\u00f3rnej kraw\u0119dzi dachu do g\u00f3rnej kraw\u0119dzi wspornika<\/li><li><strong>Opcje monta\u017cu:<\/strong> szyna C lub punkty sta\u0142e<\/li><li><strong>Certyfikaty:<\/strong> brak wymogu rejestracji T\u00dcV ani ABE<\/li><\/ul><h4 style=\"text-align: center;\">Zakres dostawy:<\/h4><ul><li>1x materia\u0142 mocuj\u0105cy<\/li><li>Opcjonalnie wsporniki markizy (ilo\u015b\u0107 zale\u017cna od wyboru liczby no\u015bnik\u00f3w)<\/li><\/ul><h4 style=\"text-align: center;\">Opcjonalne akcesoria:<\/h4><ul><li><strong>Markiza:<\/strong> Mo\u017cliwo\u015b\u0107 dopasowania do markiz Fiamma F45 (260 cm, 300 cm, 400 cm) w zale\u017cno\u015bci od liczby no\u015bnik\u00f3w.<\/li><li><strong>Platforma dachowa:<\/strong> Mo\u017cliwo\u015b\u0107 rozbudowy systemu do wi\u0119kszego baga\u017cnika dachowego. Brakuj\u0105ce cz\u0119\u015bci (boczne, rozp\u00f3rki, spojlery) dost\u0119pne na zam\u00f3wienie.<\/li><\/ul><h4 style=\"text-align: center;\">Przyk\u0142adowa konfiguracja uchwyt\u00f3w markizy:<\/h4><ul><li>1 no\u015bnik = 1 uchwyt markizy<\/li><li>2 no\u015bniki = 2 uchwyty markizy<\/li><li>3 no\u015bniki = 3 uchwyty markizy<\/li><li>4 no\u015bniki = 3 uchwyty markizy<\/li><li>5 no\u015bnik\u00f3w = 3 uchwyty markizy<\/li><li>6 no\u015bnik\u00f3w = 3 uchwyty markizy<\/li><li>7 no\u015bnik\u00f3w = 3 uchwyty markizy<\/li><li>8 no\u015bnik\u00f3w = 3 uchwyty markizy<\/li><\/ul><h4 style=\"text-align: center;\">Kompatybilne markizy Fiamma F45:<\/h4><ul><li>Fiamma F45 260 cm = 2 uchwyty markizy<\/li><li>Fiamma F45 300 cm = 3 uchwyty markizy<\/li><li>Fiamma F45 400 cm = 4 uchwyty markizy<\/li><\/ul><h4 style=\"text-align: center;\">Dodatkowe informacje:<\/h4><p>Baga\u017cnik ND-Rack wykonany z wysokiej jako\u015bci stali nierdzewnej zapewnia trwa\u0142o\u015b\u0107 i odporno\u015b\u0107 na warunki atmosferyczne. Ze wzgl\u0119du na nisk\u0105 wag\u0119, rozp\u00f3rki mog\u0105 zaczyna\u0107 wibrowa\u0107 podczas jazdy, co mo\u017ce powodowa\u0107 wzrost ha\u0142asu wiatru. Ha\u0142as ten mo\u017cna zminimalizowa\u0107 lub wyeliminowa\u0107, gdy baga\u017cnik zostanie odpowiednio obci\u0105\u017cony, co zmienia jego w\u0142a\u015bciwo\u015bci rezonansowe.<\/p><p>Baga\u017cnik ND-Rack to praktyczne i wytrzyma\u0142e rozwi\u0105zanie, kt\u00f3re pomo\u017ce Ci maksymalnie wykorzysta\u0107 przestronno\u015b\u0107 Twojego vana!<\/p>\t\t\t\t\t\t\t\t<\/div>\n\t\t\t\t<\/div>\n\t\t\t\t\t<\/div>\n\t\t\t\t<\/div>\n\t\t\t\t<\/div>\n\t\t","protected":false},"excerpt":{"rendered":"<p>Baga\u017cnika dachowy ND-Rack \u2013 Zyskaj Wi\u0119cej Przestrzeni w Vanie Stoisz przed wyzwaniem zmieszczenia ca\u0142ego swojego sprz\u0119tu w pe\u0142ni zapakowanym vanie? [&hellip;]<\/p>\n","protected":false},"featured_media":2368,"comment_status":"open","ping_status":"closed","template":"","meta":{"site-sidebar-layout":"no-sidebar","site-content-layout":"","ast-site-content-layout":"full-width-container","site-content-style":"default","site-sidebar-style":"default","ast-global-header-display":"","ast-banner-title-visibility":"","ast-main-header-display":"","ast-hfb-above-header-display":"","ast-hfb-below-header-display":"","ast-hfb-mobile-header-display":"","site-post-title":"disabled","ast-breadcrumbs-content":"","ast-featured-img":"disabled","footer-sml-layout":"","theme-transparent-header-meta":"default","adv-header-id-meta":"","stick-header-meta":"","header-above-stick-meta":"","header-main-stick-meta":"","header-below-stick-meta":"","astra-migrate-meta-layouts":"set","ast-page-background-enabled":"default","ast-page-background-meta":{"desktop":{"background-color":"var(--ast-global-color-4)","background-image":"","background-repeat":"repeat","background-position":"center center","background-size":"auto","background-attachment":"scroll","background-type":"","background-media":"","overlay-type":"","overlay-color":"","overlay-opacity":"","overlay-gradient":""},"tablet":{"background-color":"","background-image":"","background-repeat":"repeat","background-position":"center center","background-size":"auto","background-attachment":"scroll","background-type":"","background-media":"","overlay-type":"","overlay-color":"","overlay-opacity":"","overlay-gradient":""},"mobile":{"background-color":"","background-image":"","background-repeat":"repeat","background-position":"center center","background-size":"auto","background-attachment":"scroll","background-type":"","background-media":"","overlay-type":"","overlay-color":"","overlay-opacity":"","overlay-gradient":""}},"ast-content-background-meta":{"desktop":{"background-color":"var(--ast-global-color-5)","background-image":"","background-repeat":"repeat","background-position":"center center","background-size":"auto","background-attachment":"scroll","background-type":"","background-media":"","overlay-type":"","overlay-color":"","overlay-opacity":"","overlay-gradient":""},"tablet":{"background-color":"var(--ast-global-color-5)","background-image":"","background-repeat":"repeat","background-position":"center center","background-size":"auto","background-attachment":"scroll","background-type":"","background-media":"","overlay-type":"","overlay-color":"","overlay-opacity":"","overlay-gradient":""},"mobile":{"background-color":"var(--ast-global-color-5)","background-image":"","background-repeat":"repeat","background-position":"center center","background-size":"auto","background-attachment":"scroll","background-type":"","background-media":"","overlay-type":"","overlay-color":"","overlay-opacity":"","overlay-gradient":""}}},"product_brand":[266],"product_cat":[95,164,163],"product_tag":[],"class_list":{"0":"post-2335","1":"product","2":"type-product","3":"status-publish","4":"has-post-thumbnail","6":"product_brand-nd-rack","7":"product_cat-platformy-dachowe","8":"product_cat-mercedes","9":"product_cat-volkswagen","10":"product_shipping_class-dlugie-paczki","11":"pa_ilosc-114","12":"pa_ilosc-115","13":"pa_ilosc-116","14":"pa_ilosc-117","15":"pa_marka-samochodu-mercedes","16":"pa_marka-samochodu-vw","17":"pa_model-crafter","18":"pa_model-sprinter","19":"pa_rodzaj-mocowania-h1-punkty-stale","20":"pa_rodzaj-mocowania-h1-szyna-c","21":"pa_rodzaj-mocowania-h2-punkty-stale","22":"pa_rodzaj-mocowania-h2-szyna-c","23":"pa_uchwyt-markizy-bez","24":"pa_uchwyt-markizy-f45-uniwersalny","25":"desktop-align-center","26":"tablet-align-left","27":"mobile-align-left","29":"first","30":"onbackorder","31":"taxable","32":"shipping-taxable","33":"purchasable","34":"product-type-variable","35":"has-default-attributes"},"_links":{"self":[{"href":"https:\/\/hatu.pl\/index.php\/wp-json\/wp\/v2\/product\/2335","targetHints":{"allow":["GET"]}}],"collection":[{"href":"https:\/\/hatu.pl\/index.php\/wp-json\/wp\/v2\/product"}],"about":[{"href":"https:\/\/hatu.pl\/index.php\/wp-json\/wp\/v2\/types\/product"}],"replies":[{"embeddable":true,"href":"https:\/\/hatu.pl\/index.php\/wp-json\/wp\/v2\/comments?post=2335"}],"version-history":[{"count":14,"href":"https:\/\/hatu.pl\/index.php\/wp-json\/wp\/v2\/product\/2335\/revisions"}],"predecessor-version":[{"id":3294,"href":"https:\/\/hatu.pl\/index.php\/wp-json\/wp\/v2\/product\/2335\/revisions\/3294"}],"wp:featuredmedia":[{"embeddable":true,"href":"https:\/\/hatu.pl\/index.php\/wp-json\/wp\/v2\/media\/2368"}],"wp:attachment":[{"href":"https:\/\/hatu.pl\/index.php\/wp-json\/wp\/v2\/media?parent=2335"}],"wp:term":[{"taxonomy":"product_brand","embeddable":true,"href":"https:\/\/hatu.pl\/index.php\/wp-json\/wp\/v2\/product_brand?post=2335"},{"taxonomy":"product_cat","embeddable":true,"href":"https:\/\/hatu.pl\/index.php\/wp-json\/wp\/v2\/product_cat?post=2335"},{"taxonomy":"product_tag","embeddable":true,"href":"https:\/\/hatu.pl\/index.php\/wp-json\/wp\/v2\/product_tag?post=2335"}],"curies":[{"name":"wp","href":"https:\/\/api.w.org\/{rel}","templated":true}]}}