{"id":2370,"date":"2025-02-11T10:27:19","date_gmt":"2025-02-11T09:27:19","guid":{"rendered":"https:\/\/hatu.pl\/?post_type=product&#038;p=2370"},"modified":"2025-05-20T10:36:36","modified_gmt":"2025-05-20T08:36:36","slug":"bagaznik-dachowy-man-tge-vw-crafter","status":"publish","type":"product","link":"https:\/\/hatu.pl\/index.php\/produkt\/bagaznik-dachowy-man-tge-vw-crafter\/","title":{"rendered":"Baga\u017cnik dachowy ND-Rack MAN TGE \/ VW Crafter od 2017 ze stali nierdzewnej"},"content":{"rendered":"\t\t<div data-elementor-type=\"product-post\" data-elementor-id=\"2370\" class=\"elementor elementor-2370\" data-elementor-post-type=\"product\">\n\t\t\t\t<div class=\"elementor-element elementor-element-a2193a0 e-flex e-con-boxed e-con e-parent\" data-id=\"a2193a0\" data-element_type=\"container\" data-e-type=\"container\">\n\t\t\t\t\t<div class=\"e-con-inner\">\n\t\t\t\t<div class=\"elementor-element elementor-element-e763ed0 elementor-widget elementor-widget-text-editor\" data-id=\"e763ed0\" data-element_type=\"widget\" data-e-type=\"widget\" data-widget_type=\"text-editor.default\">\n\t\t\t\t<div class=\"elementor-widget-container\">\n\t\t\t\t\t\t\t\t\t<h4 style=\"text-align: center;\" data-start=\"66\" data-end=\"133\"><strong data-start=\"66\" data-end=\"133\">Baga\u017cnik Dachowy ND-Rack &#8211; Idealne Rozwi\u0105zanie dla Twojego Vana<\/strong><\/h4>\n<p data-start=\"135\" data-end=\"507\">Dzi\u0119ki naszemu baga\u017cnikowi dachowemu ND-Rack, zyskasz dodatkow\u0105 przestrze\u0144 na niezb\u0119dne akcesoria i sprz\u0119t w swoim vanie! Jego wyj\u0105tkowa konstrukcja pozwala na monta\u017c paneli s\u0142onecznych, markiz, namiotu dachowego, a tak\u017ce boxu dachowego \u2013 wszystko to znajdzie swoje miejsce na baga\u017cniku ND-Rack, niezale\u017cnie od tego, czy podr\u00f3\u017cujesz w celach rekreacyjnych, czy s\u0142u\u017cbowych.<\/p>\n<h4 style=\"text-align: center;\" data-start=\"509\" data-end=\"564\"><strong data-start=\"513\" data-end=\"564\">Dlaczego warto wybra\u0107 baga\u017cnik dachowy ND-Rack?<\/strong><\/h4>\n<ul data-start=\"565\" data-end=\"1006\">\n<li data-start=\"565\" data-end=\"626\"><strong data-start=\"567\" data-end=\"579\">Lekko\u015b\u0107:<\/strong> Niska waga zapewnia wi\u0119ksz\u0105 \u0142adowno\u015b\u0107 pojazdu.<\/li>\n<li data-start=\"627\" data-end=\"711\"><strong data-start=\"629\" data-end=\"646\">Niski profil:<\/strong> U\u0142atwia wjazd na parkingi, promy i wszelkie niskie przestrzenie.<\/li>\n<li data-start=\"712\" data-end=\"803\"><strong data-start=\"714\" data-end=\"735\">Modularny system:<\/strong> Baga\u017cnik dostosowuje si\u0119 do indywidualnych potrzeb Twojego pojazdu.<\/li>\n<li data-start=\"804\" data-end=\"894\"><strong data-start=\"806\" data-end=\"820\">Solidno\u015b\u0107:<\/strong> Wysoka no\u015bno\u015b\u0107 baga\u017cnika zapewnia bezpiecze\u0144stwo transportowanych rzeczy.<\/li>\n<li data-start=\"895\" data-end=\"1006\"><strong data-start=\"897\" data-end=\"917\">Stal nierdzewna:<\/strong> Baga\u017cnik dachowy jest wyj\u0105tkowo stabilny i odporny na rdz\u0119, co zapewnia d\u0142ugotrwa\u0142e u\u017cytkowanie.<\/li>\n<\/ul>\n<h4 style=\"text-align: center;\" data-start=\"1008\" data-end=\"1032\"><strong data-start=\"1012\" data-end=\"1032\">Dane techniczne:<\/strong><\/h4>\n<ul data-start=\"1033\" data-end=\"1770\">\n<li data-start=\"1033\" data-end=\"1099\"><strong data-start=\"1035\" data-end=\"1054\">Kompatybilno\u015b\u0107:<\/strong> Pasuje do MAN TGE i VW Crafter (od 2017 r.).<\/li>\n<li data-start=\"1100\" data-end=\"1160\"><strong data-start=\"1102\" data-end=\"1118\">Rozstaw osi:<\/strong> L3 (5986 mm), L4 (6836 mm), L5 (7391 mm).<\/li>\n<li data-start=\"1161\" data-end=\"1204\"><strong data-start=\"1163\" data-end=\"1176\">Wysoko\u015b\u0107:<\/strong> H2 (2355 mm), H3 (2590 mm).<\/li>\n<li data-start=\"1205\" data-end=\"1281\"><strong data-start=\"1207\" data-end=\"1220\">Materia\u0142:<\/strong> Wykonany ze stali nierdzewnej, malowany proszkowo na czarno.<\/li>\n<li data-start=\"1282\" data-end=\"1407\"><strong data-start=\"1284\" data-end=\"1307\">No\u015bno\u015b\u0107 dynamiczna:<\/strong><br><ul data-start=\"1310\" data-end=\"1407\">\n<li data-start=\"1310\" data-end=\"1331\">2 wsporniki = 80 kg<\/li>\n<li data-start=\"1334\" data-end=\"1356\">3 wsporniki = 110 kg<\/li>\n<li data-start=\"1359\" data-end=\"1381\">4 wsporniki = 150 kg<\/li>\n<li data-start=\"1384\" data-end=\"1407\">6 wspornik\u00f3w = 200 kg<\/li>\n<\/ul>\n<\/li>\n<li data-start=\"1408\" data-end=\"1448\"><strong data-start=\"1410\" data-end=\"1432\">No\u015bno\u015b\u0107 statyczna:<\/strong> 80 kg \/ no\u015bnik.<\/li>\n<li data-start=\"1449\" data-end=\"1481\"><strong data-start=\"1451\" data-end=\"1460\">Waga:<\/strong> Oko\u0142o 2 kg na belk\u0119.<\/li>\n<li data-start=\"1482\" data-end=\"1564\"><strong data-start=\"1484\" data-end=\"1495\">Ud\u017awig:<\/strong> 150 kg dynamiczny, 400 kg statyczny (np. namiot dachowy dla 3 os\u00f3b).<\/li>\n<li data-start=\"1565\" data-end=\"1638\"><strong data-start=\"1567\" data-end=\"1588\">Wymiary rozp\u00f3rki:<\/strong> Szeroko\u015b\u0107 40 mm, wysoko\u015b\u0107 20 mm, d\u0142ugo\u015b\u0107 1375 mm.<\/li>\n<li data-start=\"1639\" data-end=\"1711\"><strong data-start=\"1641\" data-end=\"1662\">Wysoko\u015b\u0107 monta\u017cu:<\/strong> Oko\u0142o 8 cm od g\u00f3ry do dolnej kraw\u0119dzi wspornika.<\/li>\n<li data-start=\"1712\" data-end=\"1770\"><strong data-start=\"1714\" data-end=\"1730\">Rejestracja:<\/strong> Brak wymaganej rejestracji T\u00dcV lub ABE.<\/li>\n<\/ul>\n<h4 style=\"text-align: center;\" data-start=\"1772\" data-end=\"1795\"><strong data-start=\"1776\" data-end=\"1795\">Zakres dostawy:<\/strong><\/h4>\n<ul data-start=\"1796\" data-end=\"1918\">\n<li data-start=\"1796\" data-end=\"1848\">1x materia\u0142 mocuj\u0105cy (do wyboru liczba wspornik\u00f3w)<\/li>\n<li data-start=\"1849\" data-end=\"1915\">Opcjonalnie, uchwyty markizy (w zale\u017cno\u015bci od liczby wspornik\u00f3w)<\/li>\n<\/ul>\n<p style=\"text-align: center;\" data-start=\"1919\" data-end=\"1980\"><strong data-start=\"1919\" data-end=\"1930\">Monta\u017c:<\/strong><br data-start=\"1930\" data-end=\"1933\">Monta\u017c mo\u017cliwy jedynie na oryginalnej szynie C.<\/p>\n<p style=\"text-align: center;\" data-start=\"1982\" data-end=\"2004\"><strong data-start=\"1982\" data-end=\"2002\">Uchwyty markizy:<\/strong><\/p>\n<ul data-start=\"2005\" data-end=\"2278\">\n<li data-start=\"2005\" data-end=\"2036\">1 no\u015bnik = 1 uchwyt markizy<\/li>\n<li data-start=\"2037\" data-end=\"2070\">2 no\u015bniki = 2 uchwyty markizy<\/li>\n<li data-start=\"2071\" data-end=\"2104\">3 no\u015bniki = 3 uchwyty markizy<\/li>\n<li data-start=\"2105\" data-end=\"2138\">4 no\u015bniki = 3 uchwyty markizy<\/li>\n<li data-start=\"2139\" data-end=\"2173\">5 no\u015bnik\u00f3w = 3 uchwyty markizy<\/li>\n<li data-start=\"2174\" data-end=\"2208\">6 no\u015bnik\u00f3w = 3 uchwyty markizy<\/li>\n<li data-start=\"2209\" data-end=\"2243\">7 no\u015bnik\u00f3w = 3 uchwyty markizy<\/li>\n<li data-start=\"2244\" data-end=\"2278\">8 no\u015bnik\u00f3w = 3 uchwyty markizy<\/li>\n<\/ul>\n<p style=\"text-align: center;\" data-start=\"2280\" data-end=\"2304\"><strong data-start=\"2280\" data-end=\"2304\">Odpowiednie markizy:<\/strong><\/p>\n<ul data-start=\"2305\" data-end=\"2463\">\n<li data-start=\"2305\" data-end=\"2357\"><strong data-start=\"2307\" data-end=\"2314\">L3:<\/strong> Fiamma F45 (300 cm) \u2013 3x uchwyt do markizy<\/li>\n<li data-start=\"2358\" data-end=\"2410\"><strong data-start=\"2360\" data-end=\"2367\">L4:<\/strong> Fiamma F45 (400 cm) \u2013 4x uchwyt do markizy<\/li>\n<li data-start=\"2411\" data-end=\"2463\"><strong data-start=\"2413\" data-end=\"2420\">L5:<\/strong> Fiamma F45 (450 cm) \u2013 4x uchwyt do markizy<\/li>\n<\/ul>\n<p data-start=\"2465\" data-end=\"2553\">Zainwestuj w baga\u017cnik ND-Rack i ciesz si\u0119 jeszcze wi\u0119ksz\u0105 przestrzeni\u0105 i wygod\u0105 podr\u00f3\u017cy!<\/p>\t\t\t\t\t\t\t\t<\/div>\n\t\t\t\t<\/div>\n\t\t\t\t\t<\/div>\n\t\t\t\t<\/div>\n\t\t\t\t<\/div>\n\t\t","protected":false},"excerpt":{"rendered":"<p>Baga\u017cnik Dachowy ND-Rack &#8211; Idealne Rozwi\u0105zanie dla Twojego Vana Dzi\u0119ki naszemu baga\u017cnikowi dachowemu ND-Rack, zyskasz dodatkow\u0105 przestrze\u0144 na niezb\u0119dne akcesoria [&hellip;]<\/p>\n","protected":false},"featured_media":2368,"comment_status":"open","ping_status":"closed","template":"","meta":{"site-sidebar-layout":"no-sidebar","site-content-layout":"","ast-site-content-layout":"full-width-container","site-content-style":"default","site-sidebar-style":"default","ast-global-header-display":"","ast-banner-title-visibility":"","ast-main-header-display":"","ast-hfb-above-header-display":"","ast-hfb-below-header-display":"","ast-hfb-mobile-header-display":"","site-post-title":"disabled","ast-breadcrumbs-content":"","ast-featured-img":"disabled","footer-sml-layout":"","theme-transparent-header-meta":"default","adv-header-id-meta":"","stick-header-meta":"","header-above-stick-meta":"","header-main-stick-meta":"","header-below-stick-meta":"","astra-migrate-meta-layouts":"set","ast-page-background-enabled":"default","ast-page-background-meta":{"desktop":{"background-color":"var(--ast-global-color-4)","background-image":"","background-repeat":"repeat","background-position":"center center","background-size":"auto","background-attachment":"scroll","background-type":"","background-media":"","overlay-type":"","overlay-color":"","overlay-opacity":"","overlay-gradient":""},"tablet":{"background-color":"","background-image":"","background-repeat":"repeat","background-position":"center center","background-size":"auto","background-attachment":"scroll","background-type":"","background-media":"","overlay-type":"","overlay-color":"","overlay-opacity":"","overlay-gradient":""},"mobile":{"background-color":"","background-image":"","background-repeat":"repeat","background-position":"center center","background-size":"auto","background-attachment":"scroll","background-type":"","background-media":"","overlay-type":"","overlay-color":"","overlay-opacity":"","overlay-gradient":""}},"ast-content-background-meta":{"desktop":{"background-color":"var(--ast-global-color-5)","background-image":"","background-repeat":"repeat","background-position":"center center","background-size":"auto","background-attachment":"scroll","background-type":"","background-media":"","overlay-type":"","overlay-color":"","overlay-opacity":"","overlay-gradient":""},"tablet":{"background-color":"var(--ast-global-color-5)","background-image":"","background-repeat":"repeat","background-position":"center center","background-size":"auto","background-attachment":"scroll","background-type":"","background-media":"","overlay-type":"","overlay-color":"","overlay-opacity":"","overlay-gradient":""},"mobile":{"background-color":"var(--ast-global-color-5)","background-image":"","background-repeat":"repeat","background-position":"center center","background-size":"auto","background-attachment":"scroll","background-type":"","background-media":"","overlay-type":"","overlay-color":"","overlay-opacity":"","overlay-gradient":""}}},"product_brand":[266],"product_cat":[163,166,95],"product_tag":[],"class_list":{"0":"post-2370","1":"product","2":"type-product","3":"status-publish","4":"has-post-thumbnail","6":"product_brand-nd-rack","7":"product_cat-volkswagen","8":"product_cat-man","9":"product_cat-platformy-dachowe","10":"product_shipping_class-dlugie-paczki","11":"pa_ilosc-114","12":"pa_ilosc-115","13":"pa_ilosc-116","14":"pa_ilosc-117","15":"pa_ilosc-118","16":"pa_ilosc-139","17":"pa_ilosc-140","18":"pa_ilosc-141","19":"pa_marka-samochodu-man","20":"pa_marka-samochodu-vw","21":"pa_model-crafter","22":"pa_model-tge","23":"pa_uchwyt-markizy-bez","24":"pa_uchwyt-markizy-fiamma-f45","25":"pa_uchwyt-markizy-uniwersalny","26":"desktop-align-center","27":"tablet-align-left","28":"mobile-align-left","30":"first","31":"onbackorder","32":"taxable","33":"shipping-taxable","34":"purchasable","35":"product-type-variable","36":"has-default-attributes"},"_links":{"self":[{"href":"https:\/\/hatu.pl\/index.php\/wp-json\/wp\/v2\/product\/2370","targetHints":{"allow":["GET"]}}],"collection":[{"href":"https:\/\/hatu.pl\/index.php\/wp-json\/wp\/v2\/product"}],"about":[{"href":"https:\/\/hatu.pl\/index.php\/wp-json\/wp\/v2\/types\/product"}],"replies":[{"embeddable":true,"href":"https:\/\/hatu.pl\/index.php\/wp-json\/wp\/v2\/comments?post=2370"}],"version-history":[{"count":18,"href":"https:\/\/hatu.pl\/index.php\/wp-json\/wp\/v2\/product\/2370\/revisions"}],"predecessor-version":[{"id":3354,"href":"https:\/\/hatu.pl\/index.php\/wp-json\/wp\/v2\/product\/2370\/revisions\/3354"}],"wp:featuredmedia":[{"embeddable":true,"href":"https:\/\/hatu.pl\/index.php\/wp-json\/wp\/v2\/media\/2368"}],"wp:attachment":[{"href":"https:\/\/hatu.pl\/index.php\/wp-json\/wp\/v2\/media?parent=2370"}],"wp:term":[{"taxonomy":"product_brand","embeddable":true,"href":"https:\/\/hatu.pl\/index.php\/wp-json\/wp\/v2\/product_brand?post=2370"},{"taxonomy":"product_cat","embeddable":true,"href":"https:\/\/hatu.pl\/index.php\/wp-json\/wp\/v2\/product_cat?post=2370"},{"taxonomy":"product_tag","embeddable":true,"href":"https:\/\/hatu.pl\/index.php\/wp-json\/wp\/v2\/product_tag?post=2370"}],"curies":[{"name":"wp","href":"https:\/\/api.w.org\/{rel}","templated":true}]}}