{"id":2552,"date":"2025-01-07T13:02:59","date_gmt":"2025-01-07T12:02:59","guid":{"rendered":"https:\/\/hatu.pl\/?post_type=product&#038;p=2552"},"modified":"2025-11-22T09:53:03","modified_gmt":"2025-11-22T08:53:03","slug":"platforma-dachowa-vw","status":"publish","type":"product","link":"https:\/\/hatu.pl\/index.php\/produkt\/platforma-dachowa-vw\/","title":{"rendered":"Platforma dachowa VW T5\/T6 (od 2003 roku)"},"content":{"rendered":"\t\t<div data-elementor-type=\"product-post\" data-elementor-id=\"2552\" class=\"elementor elementor-2552\" data-elementor-post-type=\"product\">\n\t\t\t\t<div class=\"elementor-element elementor-element-2535011 e-flex e-con-boxed e-con e-parent\" data-id=\"2535011\" data-element_type=\"container\" data-e-type=\"container\">\n\t\t\t\t\t<div class=\"e-con-inner\">\n\t\t\t\t<div class=\"elementor-element elementor-element-e8b48db elementor-widget elementor-widget-text-editor\" data-id=\"e8b48db\" data-element_type=\"widget\" data-e-type=\"widget\" data-widget_type=\"text-editor.default\">\n\t\t\t\t<div class=\"elementor-widget-container\">\n\t\t\t\t\t\t\t\t\t<p><strong>Potrzebujesz wi\u0119cej miejsca w swoim kamperze?<\/strong><br>Nasza platforma dachowa ND-Rack to rozwi\u0105zanie, kt\u00f3re pomo\u017ce Ci zaoszcz\u0119dzi\u0107 przestrze\u0144 w Twoim poje\u017adzie, oferuj\u0105c miejsce na dodatkowe akcesoria, takie jak panele s\u0142oneczne, markizy, namioty dachowe czy boxy dachowe.<\/p>\n<h3 style=\"text-align: center;\">Cechy platformy ND-Rack:<\/h3>\n<ul>\n<li><strong>Spoiler w zestawie<\/strong> \u2013 zmniejsza ha\u0142as wiatru a\u017c o 80%.<\/li>\n<li><strong>Lekka konstrukcja<\/strong> \u2013 zapewnia nisk\u0105 wag\u0119, co przek\u0142ada si\u0119 na wi\u0119ksz\u0105 \u0142adowno\u015b\u0107.<\/li>\n<li><strong>Kompaktowa wysoko\u015b\u0107<\/strong> \u2013 idealna do parkowania na ni\u017cszych przestrzeniach, jak parkingi czy promy.<\/li>\n<li><strong>Modu\u0142owy system<\/strong> \u2013 umo\u017cliwia dopasowanie baga\u017cnika do r\u00f3\u017cnych typ\u00f3w pojazd\u00f3w.<\/li>\n<li><strong>Wysoka no\u015bno\u015b\u0107<\/strong> \u2013 stabilny, solidny baga\u017cnik z du\u017c\u0105 ud\u017awigiem.<\/li>\n<li><strong>Wykonanie ze stali nierdzewnej<\/strong> \u2013 gwarantuje odporno\u015b\u0107 na rdz\u0119 i d\u0142ugowieczno\u015b\u0107.<\/li>\n<\/ul>\n<h3 style=\"text-align: center;\">Dane techniczne:<\/h3>\n<p>Platforma dachowa ND-Rack jest kompatybilna z pojazdami VW T5\/T6 (od 2003 roku) \u2013 Transporter, Multivan, Caravelle (z wyj\u0105tkiem modelu California). Dost\u0119pna w wersji dla kr\u00f3tkiego i d\u0142ugiego rozstawu osi.<\/p>\n<ul>\n<li><strong>Materia\u0142<\/strong>: Stal nierdzewna, malowana proszkowo na czarno.<\/li>\n<li><strong>Mocowanie<\/strong>: Stal nierdzewna, z gumow\u0105 podk\u0142adk\u0105 mi\u0119dzy baga\u017cnikiem a dachem.<\/li>\n<li><strong>Waga<\/strong>: 38 kg<\/li>\n<li><strong>Ud\u017awig<\/strong>: 150 kg (dynamiczny), 400 kg (statyczny) \u2013 idealne dla namiotu dachowego 3-osobowego.<\/li>\n<li><strong>Wymiary<\/strong>:\n<ul>\n<li>Szeroko\u015b\u0107 rozp\u00f3rki: 40 mm<\/li>\n<li>Wysoko\u015b\u0107 rozp\u00f3rki: 20 mm<\/li>\n<li>D\u0142ugo\u015b\u0107 rozp\u00f3rki: 1300 mm<\/li>\n<li>Kr\u00f3tkie wsporniki: 2590 mm<\/li>\n<li>D\u0142ugie wsporniki: 2990 mm<\/li>\n<\/ul>\n<\/li>\n<li><strong>Wysoko\u015b\u0107 monta\u017cu<\/strong>: 6 cm od g\u00f3rnej kraw\u0119dzi dachu do kraw\u0119dzi wspornika.<\/li>\n<li><strong>Dostosowanie<\/strong>: Stopy o r\u00f3\u017cnych wysoko\u015bciach dla kompensacji krzywizny dachu.<\/li>\n<\/ul>\n<p>Nie wymaga rejestracji T\u00dcV ani ABE. Dodatkowe otwory w bocznych cz\u0119\u015bciach platformy pozwalaj\u0105 na \u0142atwe mocowanie poprzeczek, a tak\u017ce umo\u017cliwiaj\u0105 elastyczne ustawienie lub pomini\u0119cie element\u00f3w przeznaczonych do okien dachowych.<\/p>\n<h3 style=\"text-align: center;\">Zawarto\u015b\u0107 zestawu:<\/h3>\n<ul>\n<li>1x platforma dachowa (do wyboru odpowiednia d\u0142ugo\u015b\u0107)<\/li>\n<li>2x wsporniki markizy (w zale\u017cno\u015bci od wybranego typu wspornik\u00f3w)<\/li>\n<li>Materia\u0142 mocuj\u0105cy<\/li>\n<\/ul>\n<p>Dzi\u0119ki niskiej wysoko\u015bci naszej platformy, w przypadku ograniczonej przestrzeni mi\u0119dzy baga\u017cnikiem a dachem (tylko 4 cm), oferujemy r\u00f3wnie\u017c wyj\u0105tkowo niskie uchwyty na namioty dachowe. Dzi\u0119ki temu zachowasz optymaln\u0105 funkcjonalno\u015b\u0107 baga\u017cnika nawet przy minimalnej przestrzeni!<\/p>\t\t\t\t\t\t\t\t<\/div>\n\t\t\t\t<\/div>\n\t\t\t\t\t<\/div>\n\t\t\t\t<\/div>\n\t\t\t\t<\/div>\n\t\t","protected":false},"excerpt":{"rendered":"<p>Potrzebujesz wi\u0119cej miejsca w swoim kamperze? Nasza platforma dachowa ND-Rack to rozwi\u0105zanie, kt\u00f3re pomo\u017ce Ci zaoszcz\u0119dzi\u0107 przestrze\u0144 w Twoim poje\u017adzie, [&hellip;]<\/p>\n","protected":false},"featured_media":2315,"comment_status":"open","ping_status":"closed","template":"","meta":{"site-sidebar-layout":"no-sidebar","site-content-layout":"","ast-site-content-layout":"full-width-container","site-content-style":"default","site-sidebar-style":"default","ast-global-header-display":"","ast-banner-title-visibility":"","ast-main-header-display":"","ast-hfb-above-header-display":"","ast-hfb-below-header-display":"","ast-hfb-mobile-header-display":"","site-post-title":"disabled","ast-breadcrumbs-content":"","ast-featured-img":"disabled","footer-sml-layout":"","theme-transparent-header-meta":"default","adv-header-id-meta":"","stick-header-meta":"","header-above-stick-meta":"","header-main-stick-meta":"","header-below-stick-meta":"","astra-migrate-meta-layouts":"set","ast-page-background-enabled":"default","ast-page-background-meta":{"desktop":{"background-color":"var(--ast-global-color-4)","background-image":"","background-repeat":"repeat","background-position":"center center","background-size":"auto","background-attachment":"scroll","background-type":"","background-media":"","overlay-type":"","overlay-color":"","overlay-opacity":"","overlay-gradient":""},"tablet":{"background-color":"","background-image":"","background-repeat":"repeat","background-position":"center center","background-size":"auto","background-attachment":"scroll","background-type":"","background-media":"","overlay-type":"","overlay-color":"","overlay-opacity":"","overlay-gradient":""},"mobile":{"background-color":"","background-image":"","background-repeat":"repeat","background-position":"center center","background-size":"auto","background-attachment":"scroll","background-type":"","background-media":"","overlay-type":"","overlay-color":"","overlay-opacity":"","overlay-gradient":""}},"ast-content-background-meta":{"desktop":{"background-color":"var(--ast-global-color-5)","background-image":"","background-repeat":"repeat","background-position":"center center","background-size":"auto","background-attachment":"scroll","background-type":"","background-media":"","overlay-type":"","overlay-color":"","overlay-opacity":"","overlay-gradient":""},"tablet":{"background-color":"var(--ast-global-color-5)","background-image":"","background-repeat":"repeat","background-position":"center center","background-size":"auto","background-attachment":"scroll","background-type":"","background-media":"","overlay-type":"","overlay-color":"","overlay-opacity":"","overlay-gradient":""},"mobile":{"background-color":"var(--ast-global-color-5)","background-image":"","background-repeat":"repeat","background-position":"center center","background-size":"auto","background-attachment":"scroll","background-type":"","background-media":"","overlay-type":"","overlay-color":"","overlay-opacity":"","overlay-gradient":""}}},"product_brand":[266],"product_cat":[163,95],"product_tag":[],"class_list":{"0":"post-2552","1":"product","2":"type-product","3":"status-publish","4":"has-post-thumbnail","6":"product_brand-nd-rack","7":"product_cat-volkswagen","8":"product_cat-platformy-dachowe","9":"product_shipping_class-dlugie-paczki","10":"pa_dlugosc-l1","11":"pa_dlugosc-l2","12":"pa_marka-samochodu-vw","13":"pa_model-t5","14":"pa_model-t5t6","15":"pa_model-t6","16":"pa_rodzaj-mocowania-punkty-stale","17":"pa_rodzaj-mocowania-szyna-c","18":"pa_uchwyt-markizy-bez","19":"pa_uchwyt-markizy-fiamma-f35","20":"pa_uchwyt-markizy-fiamma-f45","21":"pa_uchwyt-markizy-uniwersalny","22":"pa_wysokosc-h1","23":"pa_wysokosc-h2","24":"desktop-align-center","25":"tablet-align-left","26":"mobile-align-left","28":"first","29":"onbackorder","30":"taxable","31":"shipping-taxable","32":"purchasable","33":"product-type-variable","34":"has-default-attributes"},"_links":{"self":[{"href":"https:\/\/hatu.pl\/index.php\/wp-json\/wp\/v2\/product\/2552","targetHints":{"allow":["GET"]}}],"collection":[{"href":"https:\/\/hatu.pl\/index.php\/wp-json\/wp\/v2\/product"}],"about":[{"href":"https:\/\/hatu.pl\/index.php\/wp-json\/wp\/v2\/types\/product"}],"replies":[{"embeddable":true,"href":"https:\/\/hatu.pl\/index.php\/wp-json\/wp\/v2\/comments?post=2552"}],"version-history":[{"count":18,"href":"https:\/\/hatu.pl\/index.php\/wp-json\/wp\/v2\/product\/2552\/revisions"}],"predecessor-version":[{"id":3173,"href":"https:\/\/hatu.pl\/index.php\/wp-json\/wp\/v2\/product\/2552\/revisions\/3173"}],"wp:featuredmedia":[{"embeddable":true,"href":"https:\/\/hatu.pl\/index.php\/wp-json\/wp\/v2\/media\/2315"}],"wp:attachment":[{"href":"https:\/\/hatu.pl\/index.php\/wp-json\/wp\/v2\/media?parent=2552"}],"wp:term":[{"taxonomy":"product_brand","embeddable":true,"href":"https:\/\/hatu.pl\/index.php\/wp-json\/wp\/v2\/product_brand?post=2552"},{"taxonomy":"product_cat","embeddable":true,"href":"https:\/\/hatu.pl\/index.php\/wp-json\/wp\/v2\/product_cat?post=2552"},{"taxonomy":"product_tag","embeddable":true,"href":"https:\/\/hatu.pl\/index.php\/wp-json\/wp\/v2\/product_tag?post=2552"}],"curies":[{"name":"wp","href":"https:\/\/api.w.org\/{rel}","templated":true}]}}