{"id":2574,"date":"2025-01-09T13:51:21","date_gmt":"2025-01-09T12:51:21","guid":{"rendered":"https:\/\/hatu.pl\/?post_type=product&#038;p=2574"},"modified":"2025-09-30T14:05:47","modified_gmt":"2025-09-30T12:05:47","slug":"panel-fotowoltaiczny-ecoflow-sztywny","status":"publish","type":"product","link":"https:\/\/hatu.pl\/index.php\/produkt\/panel-fotowoltaiczny-ecoflow-sztywny\/","title":{"rendered":"Panel fotowoltaiczny EcoFlow (sztywna konstrukcja)"},"content":{"rendered":"\t\t<div data-elementor-type=\"product-post\" data-elementor-id=\"2574\" class=\"elementor elementor-2574\" data-elementor-post-type=\"product\">\n\t\t\t\t<div class=\"elementor-element elementor-element-f32b61f e-flex e-con-boxed e-con e-parent\" data-id=\"f32b61f\" data-element_type=\"container\" data-e-type=\"container\">\n\t\t\t\t\t<div class=\"e-con-inner\">\n\t\t\t\t<div class=\"elementor-element elementor-element-fef1454 elementor-widget elementor-widget-text-editor\" data-id=\"fef1454\" data-element_type=\"widget\" data-e-type=\"widget\" data-widget_type=\"text-editor.default\">\n\t\t\t\t<div class=\"elementor-widget-container\">\n\t\t\t\t\t\t\t\t\t<h4 style=\"text-align: center;\"><strong>Panel fotowoltaiczny EcoFlow<\/strong><\/h4>\n<p>Je\u015bli marzysz o sta\u0142ym dost\u0119pie do ekologicznej i darmowej energii elektrycznej, panele fotowoltaiczne mog\u0105 by\u0107 idealnym rozwi\u0105zaniem! Charakteryzuj\u0105 si\u0119 one solidn\u0105 konstrukcj\u0105, odporn\u0105 na r\u00f3\u017cnorodne warunki atmosferyczne. Nowoczesne technologie zastosowane w panelach wp\u0142ywaj\u0105 na ich wysok\u0105 wydajno\u015b\u0107, a zastosowanie kabla MC4 sprawia, \u017ce ich instalacja jest szybka i wygodna.<\/p>\n<h4 style=\"text-align: center;\"><strong>Wydajno\u015b\u0107 i wytrzyma\u0142o\u015b\u0107<\/strong><\/h4>\n<p>Solidna konstrukcja sprawia, \u017ce s\u0105 odporne na uszkodzenia, zapewniaj\u0105c d\u0142ugowieczno\u015b\u0107 produktu. Pow\u0142oka paneli jest przejrzysta, a rama wykonana z aluminium, kt\u00f3re jest odporne na korozj\u0119, co dodatkowo zwi\u0119ksza ich trwa\u0142o\u015b\u0107. Dzi\u0119ki ogniwom monokrystalicznym, kt\u00f3re gwarantuj\u0105 sprawno\u015b\u0107 konwersji energii na poziomie do 23%, panele oferuj\u0105 wysok\u0105 efektywno\u015b\u0107 dzia\u0142ania.<\/p>\n<h4 style=\"text-align: center;\"><strong>\u0141atwa instalacja<\/strong><\/h4>\n<p>Panel fotowoltaiczny EcoFlow jest wyj\u0105tkowo prosty do zamontowania, dzi\u0119ki czemu nie b\u0119dziesz mia\u0142 \u017cadnych trudno\u015bci. Mo\u017cesz je bez problemu zamontowa\u0107 zar\u00f3wno na ziemi, jak i na dachu, poniewa\u017c zosta\u0142y zaprojektowane z wywierconymi otworami, co u\u0142atwia ich instalacj\u0119. Dodatkowo, ka\u017cdy panel wyposa\u017cony jest w kabel MC4 o d\u0142ugo\u015bci 1 m, kt\u00f3ry zapewnia wygodne i szybkie po\u0142\u0105czenie, wspieraj\u0105c ca\u0142y proces monta\u017cu.<\/p>\t\t\t\t\t\t\t\t<\/div>\n\t\t\t\t<\/div>\n\t\t\t\t\t<\/div>\n\t\t\t\t<\/div>\n\t\t\t\t<\/div>\n\t\t","protected":false},"excerpt":{"rendered":"<p>Panel fotowoltaiczny EcoFlow Je\u015bli marzysz o sta\u0142ym dost\u0119pie do ekologicznej i darmowej energii elektrycznej, panele fotowoltaiczne mog\u0105 by\u0107 idealnym rozwi\u0105zaniem! [&hellip;]<\/p>\n","protected":false},"featured_media":2584,"comment_status":"open","ping_status":"closed","template":"","meta":{"site-sidebar-layout":"no-sidebar","site-content-layout":"","ast-site-content-layout":"full-width-container","site-content-style":"default","site-sidebar-style":"default","ast-global-header-display":"","ast-banner-title-visibility":"","ast-main-header-display":"","ast-hfb-above-header-display":"","ast-hfb-below-header-display":"","ast-hfb-mobile-header-display":"","site-post-title":"disabled","ast-breadcrumbs-content":"","ast-featured-img":"disabled","footer-sml-layout":"","theme-transparent-header-meta":"default","adv-header-id-meta":"","stick-header-meta":"","header-above-stick-meta":"","header-main-stick-meta":"","header-below-stick-meta":"","astra-migrate-meta-layouts":"set","ast-page-background-enabled":"default","ast-page-background-meta":{"desktop":{"background-color":"var(--ast-global-color-4)","background-image":"","background-repeat":"repeat","background-position":"center center","background-size":"auto","background-attachment":"scroll","background-type":"","background-media":"","overlay-type":"","overlay-color":"","overlay-opacity":"","overlay-gradient":""},"tablet":{"background-color":"","background-image":"","background-repeat":"repeat","background-position":"center center","background-size":"auto","background-attachment":"scroll","background-type":"","background-media":"","overlay-type":"","overlay-color":"","overlay-opacity":"","overlay-gradient":""},"mobile":{"background-color":"","background-image":"","background-repeat":"repeat","background-position":"center center","background-size":"auto","background-attachment":"scroll","background-type":"","background-media":"","overlay-type":"","overlay-color":"","overlay-opacity":"","overlay-gradient":""}},"ast-content-background-meta":{"desktop":{"background-color":"var(--ast-global-color-5)","background-image":"","background-repeat":"repeat","background-position":"center center","background-size":"auto","background-attachment":"scroll","background-type":"","background-media":"","overlay-type":"","overlay-color":"","overlay-opacity":"","overlay-gradient":""},"tablet":{"background-color":"var(--ast-global-color-5)","background-image":"","background-repeat":"repeat","background-position":"center center","background-size":"auto","background-attachment":"scroll","background-type":"","background-media":"","overlay-type":"","overlay-color":"","overlay-opacity":"","overlay-gradient":""},"mobile":{"background-color":"var(--ast-global-color-5)","background-image":"","background-repeat":"repeat","background-position":"center center","background-size":"auto","background-attachment":"scroll","background-type":"","background-media":"","overlay-type":"","overlay-color":"","overlay-opacity":"","overlay-gradient":""}}},"product_brand":[267],"product_cat":[149,61],"product_tag":[],"class_list":{"0":"post-2574","1":"product","2":"type-product","3":"status-publish","4":"has-post-thumbnail","6":"product_brand-ecoflow","7":"product_cat-panele","8":"product_cat-elektryka","9":"product_shipping_class-importowane-ue","10":"desktop-align-center","11":"tablet-align-left","12":"mobile-align-left","14":"first","15":"instock","16":"taxable","17":"shipping-taxable","18":"purchasable","19":"product-type-variable","20":"has-default-attributes"},"_links":{"self":[{"href":"https:\/\/hatu.pl\/index.php\/wp-json\/wp\/v2\/product\/2574","targetHints":{"allow":["GET"]}}],"collection":[{"href":"https:\/\/hatu.pl\/index.php\/wp-json\/wp\/v2\/product"}],"about":[{"href":"https:\/\/hatu.pl\/index.php\/wp-json\/wp\/v2\/types\/product"}],"replies":[{"embeddable":true,"href":"https:\/\/hatu.pl\/index.php\/wp-json\/wp\/v2\/comments?post=2574"}],"version-history":[{"count":80,"href":"https:\/\/hatu.pl\/index.php\/wp-json\/wp\/v2\/product\/2574\/revisions"}],"predecessor-version":[{"id":2948,"href":"https:\/\/hatu.pl\/index.php\/wp-json\/wp\/v2\/product\/2574\/revisions\/2948"}],"wp:featuredmedia":[{"embeddable":true,"href":"https:\/\/hatu.pl\/index.php\/wp-json\/wp\/v2\/media\/2584"}],"wp:attachment":[{"href":"https:\/\/hatu.pl\/index.php\/wp-json\/wp\/v2\/media?parent=2574"}],"wp:term":[{"taxonomy":"product_brand","embeddable":true,"href":"https:\/\/hatu.pl\/index.php\/wp-json\/wp\/v2\/product_brand?post=2574"},{"taxonomy":"product_cat","embeddable":true,"href":"https:\/\/hatu.pl\/index.php\/wp-json\/wp\/v2\/product_cat?post=2574"},{"taxonomy":"product_tag","embeddable":true,"href":"https:\/\/hatu.pl\/index.php\/wp-json\/wp\/v2\/product_tag?post=2574"}],"curies":[{"name":"wp","href":"https:\/\/api.w.org\/{rel}","templated":true}]}}