{"id":2704,"date":"2025-01-16T15:02:12","date_gmt":"2025-01-16T14:02:12","guid":{"rendered":"https:\/\/hatu.pl\/?post_type=product&#038;p=2704"},"modified":"2025-09-30T13:48:08","modified_gmt":"2025-09-30T11:48:08","slug":"elastyczny-panel-fotowoltaiczny-100w","status":"publish","type":"product","link":"https:\/\/hatu.pl\/index.php\/produkt\/elastyczny-panel-fotowoltaiczny-100w\/","title":{"rendered":"Elastyczny Panel fotowoltaiczny 100W EcoFlow"},"content":{"rendered":"\t\t<div data-elementor-type=\"product-post\" data-elementor-id=\"2704\" class=\"elementor elementor-2704\" data-elementor-post-type=\"product\">\n\t\t\t\t<div class=\"elementor-element elementor-element-f276b80 e-flex e-con-boxed e-con e-parent\" data-id=\"f276b80\" data-element_type=\"container\" data-e-type=\"container\">\n\t\t\t\t\t<div class=\"e-con-inner\">\n\t\t\t\t<div class=\"elementor-element elementor-element-76a1936 elementor-widget elementor-widget-text-editor\" data-id=\"76a1936\" data-element_type=\"widget\" data-e-type=\"widget\" data-widget_type=\"text-editor.default\">\n\t\t\t\t<div class=\"elementor-widget-container\">\n\t\t\t\t\t\t\t\t\t<h4 style=\"text-align: center;\"><strong>Elastyczny panel fotowoltaiczny 100W<\/strong><\/h4><p>Innowacyjne, lekkie panele s\u0142oneczne EcoFlow elastycznego typu zosta\u0142y stworzone z my\u015bl\u0105 o idealnym dopasowaniu do zakrzywionych powierzchni dach\u00f3w furgonetek i kamper\u00f3w. Z \u0142atwo\u015bci\u0105 zamontujesz je, aby szybko na\u0142adowa\u0107 sw\u00f3j system Power Kits lub przeno\u015bn\u0105 stacj\u0119 zasilania.<\/p><h4 style=\"text-align: center;\"><strong>Niezwykle lekki i elastyczny jak nigdy dot\u0105d<\/strong><\/h4><p>Elastyczny panel fotowoltaiczny 100W EcoFlow charakteryzuje si\u0119 wyj\u0105tkow\u0105 lekko\u015bci\u0105 \u2013 jest a\u017c o 70% l\u017cejszy od tradycyjnych paneli s\u0142onecznych, co sprawia, \u017ce jego przenoszenie i monta\u017c staje si\u0119 niezwykle wygodne. Dzi\u0119ki elastyczno\u015bci pozwala na wyginanie a\u017c do 258 stopni, idealnie dopasowuj\u0105c si\u0119 do unikalnego kszta\u0142tu dachu kampera czy vana, nie wp\u0142ywaj\u0105c przy tym na efektywno\u015b\u0107 \u0142adowania energi\u0105 s\u0142oneczn\u0105.<\/p><h4 style=\"text-align: center;\"><strong>Trwa\u0142o\u015b\u0107 i wytrzyma\u0142o\u015b\u0107<\/strong><\/h4><p>Ka\u017cde z 182 ogniw monokrystalicznych wykonane jest z wysokiej jako\u015bci krzemu, a proces produkcji z zastosowaniem zaawansowanego w\u0142\u00f3kna szklanego i laminowania zapewnia panelowi wyj\u0105tkow\u0105 trwa\u0142o\u015b\u0107 oraz zwi\u0119ksza jego wydajno\u015b\u0107.<\/p>\t\t\t\t\t\t\t\t<\/div>\n\t\t\t\t<\/div>\n\t\t\t\t\t<\/div>\n\t\t\t\t<\/div>\n\t\t<div class=\"elementor-element elementor-element-ed81f39 e-flex e-con-boxed e-con e-parent\" data-id=\"ed81f39\" data-element_type=\"container\" data-e-type=\"container\">\n\t\t\t\t\t<div class=\"e-con-inner\">\n\t\t\t\t<div class=\"elementor-element elementor-element-7ac647f elementor-widget elementor-widget-text-editor\" data-id=\"7ac647f\" data-element_type=\"widget\" data-e-type=\"widget\" data-widget_type=\"text-editor.default\">\n\t\t\t\t<div class=\"elementor-widget-container\">\n\t\t\t\t\t\t\t\t\t<h4 style=\"text-align: center;\"><strong>Specyfikacje:<\/strong><\/h4><ul><li>Waga panelu s\u0142onecznego:\u00a0Oko\u0142o 2,3 kg<\/li><li>Wymiary:\u00a01055 \u00d7 612 \u00d7 25 mm<\/li><li>Moc znamionowa:\u00a0100W (+\/-5W)<\/li><li>Napi\u0119cie obwodu otwartego:\u00a020.3V<\/li><li>Pr\u0105d zwarcia:\u00a06.3A<\/li><li>Maksymalne napi\u0119cie robocze:\u00a017.1 V<\/li><li>Maksymalny pr\u0105d roboczy:\u00a05.9 A<\/li><li>Wsp\u00f3\u0142czynnik temperaturowy mocy znamionowej:\u00a0-0.39%\/\u00b0C<\/li><li>Wsp\u00f3\u0142czynnik temperaturowy napi\u0119cia obwodu otwartego:\u00a0-0.33%\/\u00b0C<\/li><li>Wsp\u00f3\u0142czynnik temperaturowy pr\u0105du zwarciowego:\u00a00.06%\/\u00b0C<\/li><li>Maksymalne napi\u0119cie systemu:\u00a0600 VDC (UL)<\/li><li>Maksymalny pr\u0105d bezpiecznika:\u00a015 A<\/li><\/ul>\t\t\t\t\t\t\t\t<\/div>\n\t\t\t\t<\/div>\n\t\t\t\t\t<\/div>\n\t\t\t\t<\/div>\n\t\t\t\t<\/div>\n\t\t","protected":false},"excerpt":{"rendered":"<p>Elastyczny panel fotowoltaiczny 100W Innowacyjne, lekkie panele s\u0142oneczne EcoFlow elastycznego typu zosta\u0142y stworzone z my\u015bl\u0105 o idealnym dopasowaniu do zakrzywionych [&hellip;]<\/p>\n","protected":false},"featured_media":2207,"comment_status":"open","ping_status":"closed","template":"","meta":{"site-sidebar-layout":"no-sidebar","site-content-layout":"","ast-site-content-layout":"full-width-container","site-content-style":"default","site-sidebar-style":"default","ast-global-header-display":"","ast-banner-title-visibility":"","ast-main-header-display":"","ast-hfb-above-header-display":"","ast-hfb-below-header-display":"","ast-hfb-mobile-header-display":"","site-post-title":"disabled","ast-breadcrumbs-content":"","ast-featured-img":"disabled","footer-sml-layout":"","theme-transparent-header-meta":"default","adv-header-id-meta":"","stick-header-meta":"","header-above-stick-meta":"","header-main-stick-meta":"","header-below-stick-meta":"","astra-migrate-meta-layouts":"set","ast-page-background-enabled":"default","ast-page-background-meta":{"desktop":{"background-color":"var(--ast-global-color-4)","background-image":"","background-repeat":"repeat","background-position":"center center","background-size":"auto","background-attachment":"scroll","background-type":"","background-media":"","overlay-type":"","overlay-color":"","overlay-opacity":"","overlay-gradient":""},"tablet":{"background-color":"","background-image":"","background-repeat":"repeat","background-position":"center center","background-size":"auto","background-attachment":"scroll","background-type":"","background-media":"","overlay-type":"","overlay-color":"","overlay-opacity":"","overlay-gradient":""},"mobile":{"background-color":"","background-image":"","background-repeat":"repeat","background-position":"center center","background-size":"auto","background-attachment":"scroll","background-type":"","background-media":"","overlay-type":"","overlay-color":"","overlay-opacity":"","overlay-gradient":""}},"ast-content-background-meta":{"desktop":{"background-color":"var(--ast-global-color-5)","background-image":"","background-repeat":"repeat","background-position":"center center","background-size":"auto","background-attachment":"scroll","background-type":"","background-media":"","overlay-type":"","overlay-color":"","overlay-opacity":"","overlay-gradient":""},"tablet":{"background-color":"var(--ast-global-color-5)","background-image":"","background-repeat":"repeat","background-position":"center center","background-size":"auto","background-attachment":"scroll","background-type":"","background-media":"","overlay-type":"","overlay-color":"","overlay-opacity":"","overlay-gradient":""},"mobile":{"background-color":"var(--ast-global-color-5)","background-image":"","background-repeat":"repeat","background-position":"center center","background-size":"auto","background-attachment":"scroll","background-type":"","background-media":"","overlay-type":"","overlay-color":"","overlay-opacity":"","overlay-gradient":""}}},"product_brand":[267],"product_cat":[149,61],"product_tag":[],"class_list":{"0":"post-2704","1":"product","2":"type-product","3":"status-publish","4":"has-post-thumbnail","6":"product_brand-ecoflow","7":"product_cat-panele","8":"product_cat-elektryka","9":"product_shipping_class-importowane-ue","10":"desktop-align-center","11":"tablet-align-left","12":"mobile-align-left","14":"first","15":"onbackorder","16":"taxable","17":"shipping-taxable","18":"purchasable","19":"product-type-simple"},"_links":{"self":[{"href":"https:\/\/hatu.pl\/index.php\/wp-json\/wp\/v2\/product\/2704","targetHints":{"allow":["GET"]}}],"collection":[{"href":"https:\/\/hatu.pl\/index.php\/wp-json\/wp\/v2\/product"}],"about":[{"href":"https:\/\/hatu.pl\/index.php\/wp-json\/wp\/v2\/types\/product"}],"replies":[{"embeddable":true,"href":"https:\/\/hatu.pl\/index.php\/wp-json\/wp\/v2\/comments?post=2704"}],"version-history":[{"count":20,"href":"https:\/\/hatu.pl\/index.php\/wp-json\/wp\/v2\/product\/2704\/revisions"}],"predecessor-version":[{"id":2992,"href":"https:\/\/hatu.pl\/index.php\/wp-json\/wp\/v2\/product\/2704\/revisions\/2992"}],"wp:featuredmedia":[{"embeddable":true,"href":"https:\/\/hatu.pl\/index.php\/wp-json\/wp\/v2\/media\/2207"}],"wp:attachment":[{"href":"https:\/\/hatu.pl\/index.php\/wp-json\/wp\/v2\/media?parent=2704"}],"wp:term":[{"taxonomy":"product_brand","embeddable":true,"href":"https:\/\/hatu.pl\/index.php\/wp-json\/wp\/v2\/product_brand?post=2704"},{"taxonomy":"product_cat","embeddable":true,"href":"https:\/\/hatu.pl\/index.php\/wp-json\/wp\/v2\/product_cat?post=2704"},{"taxonomy":"product_tag","embeddable":true,"href":"https:\/\/hatu.pl\/index.php\/wp-json\/wp\/v2\/product_tag?post=2704"}],"curies":[{"name":"wp","href":"https:\/\/api.w.org\/{rel}","templated":true}]}}