{"id":2711,"date":"2025-01-16T15:09:21","date_gmt":"2025-01-16T14:09:21","guid":{"rendered":"https:\/\/hatu.pl\/?post_type=product&#038;p=2711"},"modified":"2025-09-30T14:43:47","modified_gmt":"2025-09-30T12:43:47","slug":"przenosny-panel-fotowoltaiczny-ecoflow","status":"publish","type":"product","link":"https:\/\/hatu.pl\/index.php\/produkt\/przenosny-panel-fotowoltaiczny-ecoflow\/","title":{"rendered":"Przeno\u015bny panel fotowoltaiczny EcoFlow"},"content":{"rendered":"\t\t<div data-elementor-type=\"product-post\" data-elementor-id=\"2711\" class=\"elementor elementor-2711\" data-elementor-post-type=\"product\">\n\t\t\t\t<div class=\"elementor-element elementor-element-0526f4f e-flex e-con-boxed e-con e-parent\" data-id=\"0526f4f\" data-element_type=\"container\" data-e-type=\"container\">\n\t\t\t\t\t<div class=\"e-con-inner\">\n\t\t\t\t<div class=\"elementor-element elementor-element-5243722 elementor-widget elementor-widget-text-editor\" data-id=\"5243722\" data-element_type=\"widget\" data-e-type=\"widget\" data-widget_type=\"text-editor.default\">\n\t\t\t\t<div class=\"elementor-widget-container\">\n\t\t\t\t\t\t\t\t\t<h4>&nbsp;<\/h4>\n<h4 style=\"text-align: center;\"><strong>Mobilno\u015b\u0107 i wygoda<\/strong><\/h4>\n<p>Przeno\u015bny panel fotowoltaiczny jest lekki i \u0142atwy do transportu, dzi\u0119ki czemu idealnie sprawdza= si\u0119 w podr\u00f3\u017cy, na biwakach czy podczas innych aktywno\u015bci na \u015bwie\u017cym powietrzu. W zestawie znajduje si\u0119 futera\u0142, kt\u00f3ry pe\u0142ni r\u00f3wnie\u017c funkcj\u0119 podstawki, umo\u017cliwiaj\u0105c ustawienie panelu pod optymalnym k\u0105tem do \u0142adowania energi\u0105 s\u0142oneczn\u0105.<\/p>\n<h4 style=\"text-align: center;\"><strong>Wysoka sprawno\u015b\u0107 \u0142adowania<\/strong><\/h4>\n<p>Panele wykonane s\u0105 z wysokiej jako\u015bci monokrystalicznych ogniw krzemowych, kt\u00f3re zapewniaj\u0105 wysok\u0105 efektywno\u015b\u0107 konwersji energii s\u0142onecznej, umo\u017cliwiaj\u0105c szybkie i efektywne \u0142adowanie. Dodatkowo, mo\u017cliwo\u015b\u0107 \u0142\u0105czenia kilku paneli szeregowo lub r\u00f3wnolegle pozwala na uzyskanie jeszcze wi\u0119kszej mocy i szybsze \u0142adowanie.<\/p>\n<h4 style=\"text-align: center;\"><strong>Wytrzyma\u0142o\u015b\u0107 w r\u00f3\u017cnych warunkach<\/strong><\/h4>\n<p>Ka\u017cdy&nbsp; przeno\u015bny panel fotowoltaiczny jest zaprojektowany z my\u015bl\u0105 o pracy w r\u00f3\u017cnych warunkach pogodowych. Dzi\u0119ki solidnym materia\u0142om, takim jak ochronna folia ETFE oraz wysoki stopie\u0144 ochrony (np. IP67, IP68), panele s\u0105 odporne na deszcz, wilgo\u0107, kurz, a tak\u017ce na trudne warunki atmosferyczne, takie jak wysokie temperatury czy silny wiatr.<\/p>\n<p>Niezale\u017cnie od wybranej mocy, nasze panele fotowoltaiczne to idealne rozwi\u0105zanie do \u0142adowania urz\u0105dze\u0144 w terenie, na wyprawach, podczas awarii energetycznych czy w przypadku codziennego u\u017cytku.<\/p>\t\t\t\t\t\t\t\t<\/div>\n\t\t\t\t<\/div>\n\t\t\t\t\t<\/div>\n\t\t\t\t<\/div>\n\t\t\t\t<\/div>\n\t\t","protected":false},"excerpt":{"rendered":"<p>Mobilno\u015b\u0107 i wygoda Przeno\u015bny panel fotowoltaiczny jest lekki i \u0142atwy do transportu, dzi\u0119ki czemu idealnie sprawdza= si\u0119 w podr\u00f3\u017cy, na [&hellip;]<\/p>\n","protected":false},"featured_media":2912,"comment_status":"open","ping_status":"closed","template":"","meta":{"site-sidebar-layout":"no-sidebar","site-content-layout":"","ast-site-content-layout":"full-width-container","site-content-style":"default","site-sidebar-style":"default","ast-global-header-display":"","ast-banner-title-visibility":"","ast-main-header-display":"","ast-hfb-above-header-display":"","ast-hfb-below-header-display":"","ast-hfb-mobile-header-display":"","site-post-title":"disabled","ast-breadcrumbs-content":"","ast-featured-img":"disabled","footer-sml-layout":"","theme-transparent-header-meta":"default","adv-header-id-meta":"","stick-header-meta":"","header-above-stick-meta":"","header-main-stick-meta":"","header-below-stick-meta":"","astra-migrate-meta-layouts":"set","ast-page-background-enabled":"default","ast-page-background-meta":{"desktop":{"background-color":"var(--ast-global-color-4)","background-image":"","background-repeat":"repeat","background-position":"center center","background-size":"auto","background-attachment":"scroll","background-type":"","background-media":"","overlay-type":"","overlay-color":"","overlay-opacity":"","overlay-gradient":""},"tablet":{"background-color":"","background-image":"","background-repeat":"repeat","background-position":"center center","background-size":"auto","background-attachment":"scroll","background-type":"","background-media":"","overlay-type":"","overlay-color":"","overlay-opacity":"","overlay-gradient":""},"mobile":{"background-color":"","background-image":"","background-repeat":"repeat","background-position":"center center","background-size":"auto","background-attachment":"scroll","background-type":"","background-media":"","overlay-type":"","overlay-color":"","overlay-opacity":"","overlay-gradient":""}},"ast-content-background-meta":{"desktop":{"background-color":"var(--ast-global-color-5)","background-image":"","background-repeat":"repeat","background-position":"center center","background-size":"auto","background-attachment":"scroll","background-type":"","background-media":"","overlay-type":"","overlay-color":"","overlay-opacity":"","overlay-gradient":""},"tablet":{"background-color":"var(--ast-global-color-5)","background-image":"","background-repeat":"repeat","background-position":"center center","background-size":"auto","background-attachment":"scroll","background-type":"","background-media":"","overlay-type":"","overlay-color":"","overlay-opacity":"","overlay-gradient":""},"mobile":{"background-color":"var(--ast-global-color-5)","background-image":"","background-repeat":"repeat","background-position":"center center","background-size":"auto","background-attachment":"scroll","background-type":"","background-media":"","overlay-type":"","overlay-color":"","overlay-opacity":"","overlay-gradient":""}}},"product_brand":[267],"product_cat":[149,61],"product_tag":[],"class_list":{"0":"post-2711","1":"product","2":"type-product","3":"status-publish","4":"has-post-thumbnail","6":"product_brand-ecoflow","7":"product_cat-panele","8":"product_cat-elektryka","9":"product_shipping_class-importowane-ue","10":"desktop-align-center","11":"tablet-align-left","12":"mobile-align-left","14":"first","15":"onbackorder","16":"taxable","17":"shipping-taxable","18":"purchasable","19":"product-type-variable","20":"has-default-attributes"},"_links":{"self":[{"href":"https:\/\/hatu.pl\/index.php\/wp-json\/wp\/v2\/product\/2711","targetHints":{"allow":["GET"]}}],"collection":[{"href":"https:\/\/hatu.pl\/index.php\/wp-json\/wp\/v2\/product"}],"about":[{"href":"https:\/\/hatu.pl\/index.php\/wp-json\/wp\/v2\/types\/product"}],"replies":[{"embeddable":true,"href":"https:\/\/hatu.pl\/index.php\/wp-json\/wp\/v2\/comments?post=2711"}],"version-history":[{"count":13,"href":"https:\/\/hatu.pl\/index.php\/wp-json\/wp\/v2\/product\/2711\/revisions"}],"predecessor-version":[{"id":2914,"href":"https:\/\/hatu.pl\/index.php\/wp-json\/wp\/v2\/product\/2711\/revisions\/2914"}],"wp:featuredmedia":[{"embeddable":true,"href":"https:\/\/hatu.pl\/index.php\/wp-json\/wp\/v2\/media\/2912"}],"wp:attachment":[{"href":"https:\/\/hatu.pl\/index.php\/wp-json\/wp\/v2\/media?parent=2711"}],"wp:term":[{"taxonomy":"product_brand","embeddable":true,"href":"https:\/\/hatu.pl\/index.php\/wp-json\/wp\/v2\/product_brand?post=2711"},{"taxonomy":"product_cat","embeddable":true,"href":"https:\/\/hatu.pl\/index.php\/wp-json\/wp\/v2\/product_cat?post=2711"},{"taxonomy":"product_tag","embeddable":true,"href":"https:\/\/hatu.pl\/index.php\/wp-json\/wp\/v2\/product_tag?post=2711"}],"curies":[{"name":"wp","href":"https:\/\/api.w.org\/{rel}","templated":true}]}}