{"id":2934,"date":"2025-01-20T14:13:36","date_gmt":"2025-01-20T13:13:36","guid":{"rendered":"https:\/\/hatu.pl\/?post_type=product&#038;p=2934"},"modified":"2025-05-20T10:37:29","modified_gmt":"2025-05-20T08:37:29","slug":"platforma-dachowa-man-tge-vw-crafter","status":"publish","type":"product","link":"https:\/\/hatu.pl\/index.php\/produkt\/platforma-dachowa-man-tge-vw-crafter\/","title":{"rendered":"Platforma dachowa MAN TGE &#038; VW Crafter do monta\u017cy bez szyny od roku: 2017"},"content":{"rendered":"\t\t<div data-elementor-type=\"product-post\" data-elementor-id=\"2934\" class=\"elementor elementor-2934\" data-elementor-post-type=\"product\">\n\t\t\t\t<div class=\"elementor-element elementor-element-41eda0c e-flex e-con-boxed e-con e-parent\" data-id=\"41eda0c\" data-element_type=\"container\" data-e-type=\"container\">\n\t\t\t\t\t<div class=\"e-con-inner\">\n\t\t\t\t<div class=\"elementor-element elementor-element-0dba2f2 elementor-widget elementor-widget-text-editor\" data-id=\"0dba2f2\" data-element_type=\"widget\" data-e-type=\"widget\" data-widget_type=\"text-editor.default\">\n\t\t\t\t<div class=\"elementor-widget-container\">\n\t\t\t\t\t\t\t\t\t<h4 style=\"text-align: center;\"><strong>Platforma baga\u017cnika dachowego ND-Rack do monta\u017cu bez szyny C na MAN TGE i VW Crafter od 2017 r.<\/strong><\/h4><p>Czy Tw\u00f3j samoch\u00f3d kempingowy zn\u00f3w jest pe\u0142ny?<br \/>Platforma dachowa ND-Rack zapewnia wi\u0119cej miejsca na wszystkie wa\u017cne akcesoria! Od paneli s\u0142onecznych, przez markizy, namioty dachowe, po boxy dachowe \u2013 wszystko znajdzie swoje miejsce na tej wyj\u0105tkowej platformie.<\/p><h4 style=\"text-align: center;\"><strong>Platforma dachowa ND-Rack czym si\u0119 wyr\u00f3\u017cnia?<\/strong><\/h4><ul><li><strong>Spoiler w zestawie:<\/strong> Redukuje ha\u0142as wiatru nawet o 80%.<\/li><li><strong>Bardzo lekka konstrukcja:<\/strong> Niska waga umo\u017cliwia wi\u0119ksz\u0105 \u0142adowno\u015b\u0107.<\/li><li><strong>Wyj\u0105tkowo niski profil:<\/strong> U\u0142atwia wjazd na parkingi i promy.<\/li><li><strong>System modu\u0142owy:<\/strong> Dostosowuje si\u0119 do pojazdu, zapewniaj\u0105c optymaln\u0105 stabilno\u015b\u0107.<\/li><li><strong>Solidna konstrukcja:<\/strong> Wysoka no\u015bno\u015b\u0107 baga\u017cnika gwarantuje bezpiecze\u0144stwo transportu.<\/li><li><strong>Stal nierdzewna:<\/strong> Wyj\u0105tkowo stabilna, odporna na rdz\u0119, zapewnia d\u0142ugowieczno\u015b\u0107.<\/li><\/ul><h4 style=\"text-align: center;\"><strong>Dane techniczne:<\/strong><\/h4><ul><li><strong>Pasuje do:<\/strong> MAN TGE i VW Crafter L3 &#8211; L4 oraz H2 &#8211; H3 (od 2017 r. wzwy\u017c)<\/li><li><strong>D\u0142ugo\u015b\u0107 pojazdu:<\/strong><ul><li>L3 = ok. 5986 mm<\/li><li>L4 = ok. 6836 mm<\/li><\/ul><\/li><li><strong>No\u015bno\u015b\u0107 dynamiczna:<\/strong><ul><li>H2 L3 = 150 kg (r\u00f3wnomiernie roz\u0142o\u017cona)<\/li><li>H2 L4 = 200 kg (r\u00f3wnomiernie roz\u0142o\u017cona)<\/li><\/ul><\/li><li><strong>Wymiary rozp\u00f3rki:<\/strong><ul><li>H3 (wysoki dach): szeroko\u015b\u0107 40 mm, wysoko\u015b\u0107 20 mm, d\u0142ugo\u015b\u0107 1375 mm<\/li><li>H2 (normalny dach): szeroko\u015b\u0107 40 mm, wysoko\u015b\u0107 20 mm, d\u0142ugo\u015b\u0107 1375 mm<\/li><\/ul><\/li><li><strong>Materia\u0142:<\/strong> Stal nierdzewna, malowana proszkowo na czarno.<\/li><li><strong>Wysoko\u015b\u0107 monta\u017cu:<\/strong> 8 cm od g\u00f3rnej kraw\u0119dzi dachu do g\u00f3rnej kraw\u0119dzi wspornika.<\/li><li><strong>Monta\u017c:<\/strong> Bez oryginalnej szyny C, bez konieczno\u015bci wiercenia.<\/li><li><strong>Nie wymaga rejestracji T\u00dcV lub ABE.<\/strong><\/li><\/ul><h4 style=\"text-align: center;\"><strong>Zakres dostawy:<\/strong><\/h4><ul><li>1x platforma (wybierz odpowiedni\u0105 d\u0142ugo\u015b\u0107)<\/li><li>1x Spoiler<\/li><li>Materia\u0142 monta\u017cowy<\/li><\/ul><p>Platforma ND-Rack to idealne rozwi\u0105zanie dla ka\u017cdego, kto chce bezpiecznie i efektywnie przechowa\u0107 dodatkowe akcesoria na dachu swojego kampera.<\/p>\t\t\t\t\t\t\t\t<\/div>\n\t\t\t\t<\/div>\n\t\t\t\t\t<\/div>\n\t\t\t\t<\/div>\n\t\t\t\t<\/div>\n\t\t","protected":false},"excerpt":{"rendered":"<p>Baga\u017cnik Dachowy ND-Rack dla MAN TGE i VW Crafter \u2013 Stw\u00f3rz Wi\u0119cej Miejsca na Dachu Twojego Kampera Tw\u00f3j kamper zn\u00f3w [&hellip;]<\/p>\n","protected":false},"featured_media":2315,"comment_status":"open","ping_status":"closed","template":"","meta":{"site-sidebar-layout":"no-sidebar","site-content-layout":"","ast-site-content-layout":"full-width-container","site-content-style":"default","site-sidebar-style":"default","ast-global-header-display":"","ast-banner-title-visibility":"","ast-main-header-display":"","ast-hfb-above-header-display":"","ast-hfb-below-header-display":"","ast-hfb-mobile-header-display":"","site-post-title":"disabled","ast-breadcrumbs-content":"","ast-featured-img":"disabled","footer-sml-layout":"","theme-transparent-header-meta":"default","adv-header-id-meta":"","stick-header-meta":"","header-above-stick-meta":"","header-main-stick-meta":"","header-below-stick-meta":"","astra-migrate-meta-layouts":"set","ast-page-background-enabled":"default","ast-page-background-meta":{"desktop":{"background-color":"var(--ast-global-color-4)","background-image":"","background-repeat":"repeat","background-position":"center center","background-size":"auto","background-attachment":"scroll","background-type":"","background-media":"","overlay-type":"","overlay-color":"","overlay-opacity":"","overlay-gradient":""},"tablet":{"background-color":"","background-image":"","background-repeat":"repeat","background-position":"center center","background-size":"auto","background-attachment":"scroll","background-type":"","background-media":"","overlay-type":"","overlay-color":"","overlay-opacity":"","overlay-gradient":""},"mobile":{"background-color":"","background-image":"","background-repeat":"repeat","background-position":"center center","background-size":"auto","background-attachment":"scroll","background-type":"","background-media":"","overlay-type":"","overlay-color":"","overlay-opacity":"","overlay-gradient":""}},"ast-content-background-meta":{"desktop":{"background-color":"var(--ast-global-color-5)","background-image":"","background-repeat":"repeat","background-position":"center center","background-size":"auto","background-attachment":"scroll","background-type":"","background-media":"","overlay-type":"","overlay-color":"","overlay-opacity":"","overlay-gradient":""},"tablet":{"background-color":"var(--ast-global-color-5)","background-image":"","background-repeat":"repeat","background-position":"center center","background-size":"auto","background-attachment":"scroll","background-type":"","background-media":"","overlay-type":"","overlay-color":"","overlay-opacity":"","overlay-gradient":""},"mobile":{"background-color":"var(--ast-global-color-5)","background-image":"","background-repeat":"repeat","background-position":"center center","background-size":"auto","background-attachment":"scroll","background-type":"","background-media":"","overlay-type":"","overlay-color":"","overlay-opacity":"","overlay-gradient":""}}},"product_brand":[266],"product_cat":[95,166,163],"product_tag":[],"class_list":{"0":"post-2934","1":"product","2":"type-product","3":"status-publish","4":"has-post-thumbnail","6":"product_brand-nd-rack","7":"product_cat-platformy-dachowe","8":"product_cat-man","9":"product_cat-volkswagen","10":"product_shipping_class-dlugie-paczki","11":"pa_dlugosc-l3","12":"pa_dlugosc-l4","13":"pa_marka-samochodu-man","14":"pa_marka-samochodu-vw","15":"pa_model-crafter","16":"pa_model-tge","17":"pa_uchwyt-markizy-bez","18":"pa_uchwyt-markizy-fiamma-f45","19":"desktop-align-center","20":"tablet-align-left","21":"mobile-align-left","23":"first","24":"onbackorder","25":"taxable","26":"shipping-taxable","27":"purchasable","28":"product-type-variable","29":"has-default-attributes"},"_links":{"self":[{"href":"https:\/\/hatu.pl\/index.php\/wp-json\/wp\/v2\/product\/2934","targetHints":{"allow":["GET"]}}],"collection":[{"href":"https:\/\/hatu.pl\/index.php\/wp-json\/wp\/v2\/product"}],"about":[{"href":"https:\/\/hatu.pl\/index.php\/wp-json\/wp\/v2\/types\/product"}],"replies":[{"embeddable":true,"href":"https:\/\/hatu.pl\/index.php\/wp-json\/wp\/v2\/comments?post=2934"}],"version-history":[{"count":12,"href":"https:\/\/hatu.pl\/index.php\/wp-json\/wp\/v2\/product\/2934\/revisions"}],"predecessor-version":[{"id":3141,"href":"https:\/\/hatu.pl\/index.php\/wp-json\/wp\/v2\/product\/2934\/revisions\/3141"}],"wp:featuredmedia":[{"embeddable":true,"href":"https:\/\/hatu.pl\/index.php\/wp-json\/wp\/v2\/media\/2315"}],"wp:attachment":[{"href":"https:\/\/hatu.pl\/index.php\/wp-json\/wp\/v2\/media?parent=2934"}],"wp:term":[{"taxonomy":"product_brand","embeddable":true,"href":"https:\/\/hatu.pl\/index.php\/wp-json\/wp\/v2\/product_brand?post=2934"},{"taxonomy":"product_cat","embeddable":true,"href":"https:\/\/hatu.pl\/index.php\/wp-json\/wp\/v2\/product_cat?post=2934"},{"taxonomy":"product_tag","embeddable":true,"href":"https:\/\/hatu.pl\/index.php\/wp-json\/wp\/v2\/product_tag?post=2934"}],"curies":[{"name":"wp","href":"https:\/\/api.w.org\/{rel}","templated":true}]}}