{"id":3006,"date":"2025-01-31T10:33:51","date_gmt":"2025-01-31T09:33:51","guid":{"rendered":"https:\/\/hatu.pl\/?post_type=product&#038;p=3006"},"modified":"2025-11-22T10:43:46","modified_gmt":"2025-11-22T09:43:46","slug":"konstrukcja-montazowa-do-akumulatora","status":"publish","type":"product","link":"https:\/\/hatu.pl\/index.php\/produkt\/konstrukcja-montazowa-do-akumulatora\/","title":{"rendered":"Konstrukcja monta\u017cowa do akumulatora EcoFlow Power Kits5kWh"},"content":{"rendered":"\t\t<div data-elementor-type=\"product-post\" data-elementor-id=\"3006\" class=\"elementor elementor-3006\" data-elementor-post-type=\"product\">\n\t\t\t\t<div class=\"elementor-element elementor-element-56a5f8b e-flex e-con-boxed e-con e-parent\" data-id=\"56a5f8b\" data-element_type=\"container\" data-e-type=\"container\">\n\t\t\t\t\t<div class=\"e-con-inner\">\n\t\t\t\t<div class=\"elementor-element elementor-element-ce5975d elementor-widget elementor-widget-text-editor\" data-id=\"ce5975d\" data-element_type=\"widget\" data-e-type=\"widget\" data-widget_type=\"text-editor.default\">\n\t\t\t\t<div class=\"elementor-widget-container\">\n\t\t\t\t\t\t\t\t\t<h4 class=\"description-item__title desc-center\">\u00a0<\/h4><div class=\"description-item__content desc-center\"><h5>Konstrukcja monta\u017cowa do akumulatora<\/h5><p>Pozwala na \u0142atwe zamocowanie urz\u0105dzenia na \u015bcianie oraz integracj\u0119 wielu sztuk produktu w jedn\u0105, sp\u00f3jn\u0105 ca\u0142o\u015b\u0107. Zestaw sk\u0142ada si\u0119 z ramy, pask\u00f3w monta\u017cowych i uchwyt\u00f3w \u015bciennych. Dzi\u0119ki temu rozwi\u0105zaniu mo\u017cesz skoncentrowa\u0107 si\u0119 na funkcjonalno\u015bci i stworzy\u0107 swoje wymarzone systemy zasilania, kt\u00f3re odpowiadaj\u0105 Twoim potrzebom.<\/p><\/div>\t\t\t\t\t\t\t\t<\/div>\n\t\t\t\t<\/div>\n\t\t\t\t\t<\/div>\n\t\t\t\t<\/div>\n\t\t<div class=\"elementor-element elementor-element-f3fd0e1 e-flex e-con-boxed e-con e-parent\" data-id=\"f3fd0e1\" data-element_type=\"container\" data-e-type=\"container\">\n\t\t\t\t\t<div class=\"e-con-inner\">\n\t\t\t\t<div class=\"elementor-element elementor-element-ee10b6c elementor-widget elementor-widget-text-editor\" data-id=\"ee10b6c\" data-element_type=\"widget\" data-e-type=\"widget\" data-widget_type=\"text-editor.default\">\n\t\t\t\t<div class=\"elementor-widget-container\">\n\t\t\t\t\t\t\t\t\t<h5>W zestawie:<\/h5>\t\t\t\t\t\t\t\t<\/div>\n\t\t\t\t<\/div>\n\t\t\t\t\t<\/div>\n\t\t\t\t<\/div>\n\t\t<div class=\"elementor-element elementor-element-93129e0 e-grid e-con-boxed e-con e-parent\" data-id=\"93129e0\" data-element_type=\"container\" data-e-type=\"container\">\n\t\t\t\t\t<div class=\"e-con-inner\">\n\t\t\t\t<div class=\"elementor-element elementor-element-6cdd2d9 elementor-widget elementor-widget-image\" data-id=\"6cdd2d9\" data-element_type=\"widget\" data-e-type=\"widget\" data-widget_type=\"image.default\">\n\t\t\t\t<div class=\"elementor-widget-container\">\n\t\t\t\t\t\t\t\t\t\t\t\t<figure class=\"wp-caption\">\n\t\t\t\t\t\t\t\t\t\t<img fetchpriority=\"high\" decoding=\"async\" width=\"250\" height=\"250\" src=\"https:\/\/hatu.pl\/wp-content\/uploads\/2025\/01\/ramka-montazowa.webp\" class=\"attachment-large size-large wp-image-3011\" alt=\"\" srcset=\"https:\/\/hatu.pl\/wp-content\/uploads\/2025\/01\/ramka-montazowa.webp 250w, https:\/\/hatu.pl\/wp-content\/uploads\/2025\/01\/elementor\/thumbs\/ramka-montazowa-r0rchdr2xq5x6xgb1lv6zcbdoa7uj5ikmg14jr09jw.webp 150w, https:\/\/hatu.pl\/wp-content\/uploads\/2025\/01\/ramka-montazowa-100x100.webp 100w, https:\/\/hatu.pl\/wp-content\/uploads\/2025\/01\/ramka-montazowa-50x50.webp 50w, https:\/\/hatu.pl\/wp-content\/uploads\/2025\/01\/elementor\/thumbs\/ramka-montazowa-r0rchdr1u994qq3y2l352vcuqofdqkmfbtwh0hkriw.webp 60w\" sizes=\"(max-width: 250px) 100vw, 250px\" \/>\t\t\t\t\t\t\t\t\t\t\t<figcaption class=\"widget-image-caption wp-caption-text\">1x Rama montra\u017cowa<\/figcaption>\n\t\t\t\t\t\t\t\t\t\t<\/figure>\n\t\t\t\t\t\t\t\t\t<\/div>\n\t\t\t\t<\/div>\n\t\t\t\t<div class=\"elementor-element elementor-element-55c1653 elementor-widget elementor-widget-image\" data-id=\"55c1653\" data-element_type=\"widget\" data-e-type=\"widget\" data-widget_type=\"image.default\">\n\t\t\t\t<div class=\"elementor-widget-container\">\n\t\t\t\t\t\t\t\t\t\t\t\t<figure class=\"wp-caption\">\n\t\t\t\t\t\t\t\t\t\t<img decoding=\"async\" width=\"250\" height=\"250\" src=\"https:\/\/hatu.pl\/wp-content\/uploads\/2025\/01\/paski-montazowe.webp\" class=\"attachment-large size-large wp-image-3010\" alt=\"\" srcset=\"https:\/\/hatu.pl\/wp-content\/uploads\/2025\/01\/paski-montazowe.webp 250w, https:\/\/hatu.pl\/wp-content\/uploads\/2025\/01\/paski-montazowe-150x150.webp 150w, https:\/\/hatu.pl\/wp-content\/uploads\/2025\/01\/paski-montazowe-100x100.webp 100w, https:\/\/hatu.pl\/wp-content\/uploads\/2025\/01\/paski-montazowe-50x50.webp 50w\" sizes=\"(max-width: 250px) 100vw, 250px\" \/>\t\t\t\t\t\t\t\t\t\t\t<figcaption class=\"widget-image-caption wp-caption-text\">1x Paski monta\u017cowe<\/figcaption>\n\t\t\t\t\t\t\t\t\t\t<\/figure>\n\t\t\t\t\t\t\t\t\t<\/div>\n\t\t\t\t<\/div>\n\t\t\t\t<div class=\"elementor-element elementor-element-3fe0b15 elementor-widget elementor-widget-image\" data-id=\"3fe0b15\" data-element_type=\"widget\" data-e-type=\"widget\" data-widget_type=\"image.default\">\n\t\t\t\t<div class=\"elementor-widget-container\">\n\t\t\t\t\t\t\t\t\t\t\t\t<figure class=\"wp-caption\">\n\t\t\t\t\t\t\t\t\t\t<img decoding=\"async\" width=\"250\" height=\"250\" src=\"https:\/\/hatu.pl\/wp-content\/uploads\/2025\/01\/uchwyty-scienne.webp\" class=\"attachment-large size-large wp-image-3012\" alt=\"\" srcset=\"https:\/\/hatu.pl\/wp-content\/uploads\/2025\/01\/uchwyty-scienne.webp 250w, https:\/\/hatu.pl\/wp-content\/uploads\/2025\/01\/uchwyty-scienne-150x150.webp 150w, https:\/\/hatu.pl\/wp-content\/uploads\/2025\/01\/uchwyty-scienne-100x100.webp 100w, https:\/\/hatu.pl\/wp-content\/uploads\/2025\/01\/uchwyty-scienne-50x50.webp 50w\" sizes=\"(max-width: 250px) 100vw, 250px\" \/>\t\t\t\t\t\t\t\t\t\t\t<figcaption class=\"widget-image-caption wp-caption-text\">1x Uchwyty \u015bcienne<\/figcaption>\n\t\t\t\t\t\t\t\t\t\t<\/figure>\n\t\t\t\t\t\t\t\t\t<\/div>\n\t\t\t\t<\/div>\n\t\t\t\t\t<\/div>\n\t\t\t\t<\/div>\n\t\t\t\t<\/div>\n\t\t","protected":false},"excerpt":{"rendered":"<p>Konstrukcja monta\u017cowa do akumulatora Pozwala na \u0142atwe zamocowanie urz\u0105dzenia na \u015bcianie oraz integracj\u0119 wielu sztuk produktu w jedn\u0105, sp\u00f3jn\u0105 ca\u0142o\u015b\u0107. [&hellip;]<\/p>\n","protected":false},"featured_media":3009,"comment_status":"open","ping_status":"closed","template":"","meta":{"site-sidebar-layout":"no-sidebar","site-content-layout":"","ast-site-content-layout":"full-width-container","site-content-style":"default","site-sidebar-style":"default","ast-global-header-display":"","ast-banner-title-visibility":"","ast-main-header-display":"","ast-hfb-above-header-display":"","ast-hfb-below-header-display":"","ast-hfb-mobile-header-display":"","site-post-title":"disabled","ast-breadcrumbs-content":"","ast-featured-img":"disabled","footer-sml-layout":"","theme-transparent-header-meta":"default","adv-header-id-meta":"","stick-header-meta":"","header-above-stick-meta":"","header-main-stick-meta":"","header-below-stick-meta":"","astra-migrate-meta-layouts":"set","ast-page-background-enabled":"default","ast-page-background-meta":{"desktop":{"background-color":"var(--ast-global-color-4)","background-image":"","background-repeat":"repeat","background-position":"center center","background-size":"auto","background-attachment":"scroll","background-type":"","background-media":"","overlay-type":"","overlay-color":"","overlay-opacity":"","overlay-gradient":""},"tablet":{"background-color":"","background-image":"","background-repeat":"repeat","background-position":"center center","background-size":"auto","background-attachment":"scroll","background-type":"","background-media":"","overlay-type":"","overlay-color":"","overlay-opacity":"","overlay-gradient":""},"mobile":{"background-color":"","background-image":"","background-repeat":"repeat","background-position":"center center","background-size":"auto","background-attachment":"scroll","background-type":"","background-media":"","overlay-type":"","overlay-color":"","overlay-opacity":"","overlay-gradient":""}},"ast-content-background-meta":{"desktop":{"background-color":"var(--ast-global-color-5)","background-image":"","background-repeat":"repeat","background-position":"center center","background-size":"auto","background-attachment":"scroll","background-type":"","background-media":"","overlay-type":"","overlay-color":"","overlay-opacity":"","overlay-gradient":""},"tablet":{"background-color":"var(--ast-global-color-5)","background-image":"","background-repeat":"repeat","background-position":"center center","background-size":"auto","background-attachment":"scroll","background-type":"","background-media":"","overlay-type":"","overlay-color":"","overlay-opacity":"","overlay-gradient":""},"mobile":{"background-color":"var(--ast-global-color-5)","background-image":"","background-repeat":"repeat","background-position":"center center","background-size":"auto","background-attachment":"scroll","background-type":"","background-media":"","overlay-type":"","overlay-color":"","overlay-opacity":"","overlay-gradient":""}}},"product_brand":[267],"product_cat":[61,93,92],"product_tag":[],"class_list":{"0":"post-3006","1":"product","2":"type-product","3":"status-publish","4":"has-post-thumbnail","6":"product_brand-ecoflow","7":"product_cat-elektryka","8":"product_cat-akcesoria-ecoflow","9":"product_cat-zasilanie-off-grid","10":"product_shipping_class-importowane-ue","11":"desktop-align-center","12":"tablet-align-left","13":"mobile-align-left","15":"first","16":"onbackorder","17":"taxable","18":"shipping-taxable","19":"purchasable","20":"product-type-simple"},"_links":{"self":[{"href":"https:\/\/hatu.pl\/index.php\/wp-json\/wp\/v2\/product\/3006","targetHints":{"allow":["GET"]}}],"collection":[{"href":"https:\/\/hatu.pl\/index.php\/wp-json\/wp\/v2\/product"}],"about":[{"href":"https:\/\/hatu.pl\/index.php\/wp-json\/wp\/v2\/types\/product"}],"replies":[{"embeddable":true,"href":"https:\/\/hatu.pl\/index.php\/wp-json\/wp\/v2\/comments?post=3006"}],"version-history":[{"count":23,"href":"https:\/\/hatu.pl\/index.php\/wp-json\/wp\/v2\/product\/3006\/revisions"}],"predecessor-version":[{"id":3042,"href":"https:\/\/hatu.pl\/index.php\/wp-json\/wp\/v2\/product\/3006\/revisions\/3042"}],"wp:featuredmedia":[{"embeddable":true,"href":"https:\/\/hatu.pl\/index.php\/wp-json\/wp\/v2\/media\/3009"}],"wp:attachment":[{"href":"https:\/\/hatu.pl\/index.php\/wp-json\/wp\/v2\/media?parent=3006"}],"wp:term":[{"taxonomy":"product_brand","embeddable":true,"href":"https:\/\/hatu.pl\/index.php\/wp-json\/wp\/v2\/product_brand?post=3006"},{"taxonomy":"product_cat","embeddable":true,"href":"https:\/\/hatu.pl\/index.php\/wp-json\/wp\/v2\/product_cat?post=3006"},{"taxonomy":"product_tag","embeddable":true,"href":"https:\/\/hatu.pl\/index.php\/wp-json\/wp\/v2\/product_tag?post=3006"}],"curies":[{"name":"wp","href":"https:\/\/api.w.org\/{rel}","templated":true}]}}