{"id":3013,"date":"2025-01-31T10:12:54","date_gmt":"2025-01-31T09:12:54","guid":{"rendered":"https:\/\/hatu.pl\/?post_type=product&#038;p=3013"},"modified":"2025-11-22T10:44:15","modified_gmt":"2025-11-22T09:44:15","slug":"ecoflow-kabel-do-polaczenia-baterii","status":"publish","type":"product","link":"https:\/\/hatu.pl\/index.php\/produkt\/ecoflow-kabel-do-polaczenia-baterii\/","title":{"rendered":"Kabel do po\u0142\u0105czenia baterii EcoFlow Power Kits z Ecoflow Power HUB 1.5 m"},"content":{"rendered":"\t\t<div data-elementor-type=\"product-post\" data-elementor-id=\"3013\" class=\"elementor elementor-3013\" data-elementor-post-type=\"product\">\n\t\t\t\t<div class=\"elementor-element elementor-element-9be39dd e-flex e-con-boxed e-con e-parent\" data-id=\"9be39dd\" data-element_type=\"container\" data-e-type=\"container\">\n\t\t\t\t\t<div class=\"e-con-inner\">\n\t\t\t\t<div class=\"elementor-element elementor-element-4aed906 elementor-widget elementor-widget-text-editor\" data-id=\"4aed906\" data-element_type=\"widget\" data-e-type=\"widget\" data-widget_type=\"text-editor.default\">\n\t\t\t\t<div class=\"elementor-widget-container\">\n\t\t\t\t\t\t\t\t\t<h4>KABEL ZASILAJ\u0104CY ECOFLOW LFP 1,5M<\/h4><p>Szukasz wygodnego i niezawodnego sposobu na po\u0142\u0105czenie swoich urz\u0105dze\u0144 w sp\u00f3jny system zasilania? Mamy dla Ciebie idealne rozwi\u0105zanie \u2013 kabel o d\u0142ugo\u015bci 1,5 metra, umo\u017cliwiaj\u0105cy po\u0142\u0105czenie baterii EcoFlow Power Kits z EcoFlow Power Kits HUB.<\/p><p>Dzi\u0119ki d\u0142ugo\u015bci kabla 1,5 metra, zyskujesz pe\u0142n\u0105 elastyczno\u015b\u0107 w ustawieniu baterii i huba, co pozwala na optymalne zagospodarowanie przestrzeni \u2013 zar\u00f3wno przy bliskim, jak i bardziej rozproszonym rozmieszczeniu urz\u0105dze\u0144.<\/p><p>Zapewnij swoim urz\u0105dzeniom stabilne i niezawodne \u017ar\u00f3d\u0142o zasilania, wprowadzaj\u0105c kontrol\u0119 nad energi\u0105 i pewno\u015b\u0107, \u017ce Tw\u00f3j system dzia\u0142a bez zarzutu.<\/p>\t\t\t\t\t\t\t\t<\/div>\n\t\t\t\t<\/div>\n\t\t\t\t\t<\/div>\n\t\t\t\t<\/div>\n\t\t\t\t<\/div>\n\t\t","protected":false},"excerpt":{"rendered":"<p>KABEL ZASILAJ\u0104CY ECOFLOW LFP 1,5M Szukasz wygodnego i niezawodnego sposobu na po\u0142\u0105czenie swoich urz\u0105dze\u0144 w sp\u00f3jny system zasilania? Mamy dla [&hellip;]<\/p>\n","protected":false},"featured_media":3018,"comment_status":"open","ping_status":"closed","template":"","meta":{"site-sidebar-layout":"no-sidebar","site-content-layout":"","ast-site-content-layout":"full-width-container","site-content-style":"default","site-sidebar-style":"default","ast-global-header-display":"","ast-banner-title-visibility":"","ast-main-header-display":"","ast-hfb-above-header-display":"","ast-hfb-below-header-display":"","ast-hfb-mobile-header-display":"","site-post-title":"disabled","ast-breadcrumbs-content":"","ast-featured-img":"disabled","footer-sml-layout":"","theme-transparent-header-meta":"default","adv-header-id-meta":"","stick-header-meta":"","header-above-stick-meta":"","header-main-stick-meta":"","header-below-stick-meta":"","astra-migrate-meta-layouts":"set","ast-page-background-enabled":"default","ast-page-background-meta":{"desktop":{"background-color":"var(--ast-global-color-4)","background-image":"","background-repeat":"repeat","background-position":"center center","background-size":"auto","background-attachment":"scroll","background-type":"","background-media":"","overlay-type":"","overlay-color":"","overlay-opacity":"","overlay-gradient":""},"tablet":{"background-color":"","background-image":"","background-repeat":"repeat","background-position":"center center","background-size":"auto","background-attachment":"scroll","background-type":"","background-media":"","overlay-type":"","overlay-color":"","overlay-opacity":"","overlay-gradient":""},"mobile":{"background-color":"","background-image":"","background-repeat":"repeat","background-position":"center center","background-size":"auto","background-attachment":"scroll","background-type":"","background-media":"","overlay-type":"","overlay-color":"","overlay-opacity":"","overlay-gradient":""}},"ast-content-background-meta":{"desktop":{"background-color":"var(--ast-global-color-5)","background-image":"","background-repeat":"repeat","background-position":"center center","background-size":"auto","background-attachment":"scroll","background-type":"","background-media":"","overlay-type":"","overlay-color":"","overlay-opacity":"","overlay-gradient":""},"tablet":{"background-color":"var(--ast-global-color-5)","background-image":"","background-repeat":"repeat","background-position":"center center","background-size":"auto","background-attachment":"scroll","background-type":"","background-media":"","overlay-type":"","overlay-color":"","overlay-opacity":"","overlay-gradient":""},"mobile":{"background-color":"var(--ast-global-color-5)","background-image":"","background-repeat":"repeat","background-position":"center center","background-size":"auto","background-attachment":"scroll","background-type":"","background-media":"","overlay-type":"","overlay-color":"","overlay-opacity":"","overlay-gradient":""}}},"product_brand":[267],"product_cat":[61,93,94,92],"product_tag":[],"class_list":{"0":"post-3013","1":"product","2":"type-product","3":"status-publish","4":"has-post-thumbnail","6":"product_brand-ecoflow","7":"product_cat-elektryka","8":"product_cat-akcesoria-ecoflow","9":"product_cat-stacje-zasilania","10":"product_cat-zasilanie-off-grid","11":"product_shipping_class-importowane-ue","12":"desktop-align-center","13":"tablet-align-left","14":"mobile-align-left","16":"first","17":"onbackorder","18":"taxable","19":"shipping-taxable","20":"purchasable","21":"product-type-simple"},"_links":{"self":[{"href":"https:\/\/hatu.pl\/index.php\/wp-json\/wp\/v2\/product\/3013","targetHints":{"allow":["GET"]}}],"collection":[{"href":"https:\/\/hatu.pl\/index.php\/wp-json\/wp\/v2\/product"}],"about":[{"href":"https:\/\/hatu.pl\/index.php\/wp-json\/wp\/v2\/types\/product"}],"replies":[{"embeddable":true,"href":"https:\/\/hatu.pl\/index.php\/wp-json\/wp\/v2\/comments?post=3013"}],"version-history":[{"count":5,"href":"https:\/\/hatu.pl\/index.php\/wp-json\/wp\/v2\/product\/3013\/revisions"}],"predecessor-version":[{"id":3019,"href":"https:\/\/hatu.pl\/index.php\/wp-json\/wp\/v2\/product\/3013\/revisions\/3019"}],"wp:featuredmedia":[{"embeddable":true,"href":"https:\/\/hatu.pl\/index.php\/wp-json\/wp\/v2\/media\/3018"}],"wp:attachment":[{"href":"https:\/\/hatu.pl\/index.php\/wp-json\/wp\/v2\/media?parent=3013"}],"wp:term":[{"taxonomy":"product_brand","embeddable":true,"href":"https:\/\/hatu.pl\/index.php\/wp-json\/wp\/v2\/product_brand?post=3013"},{"taxonomy":"product_cat","embeddable":true,"href":"https:\/\/hatu.pl\/index.php\/wp-json\/wp\/v2\/product_cat?post=3013"},{"taxonomy":"product_tag","embeddable":true,"href":"https:\/\/hatu.pl\/index.php\/wp-json\/wp\/v2\/product_tag?post=3013"}],"curies":[{"name":"wp","href":"https:\/\/api.w.org\/{rel}","templated":true}]}}