{"id":315,"date":"2023-11-27T15:13:54","date_gmt":"2023-11-27T14:13:54","guid":{"rendered":"https:\/\/hatu.pl\/?post_type=product&#038;p=315"},"modified":"2026-01-14T13:03:48","modified_gmt":"2026-01-14T12:03:48","slug":"krzeslo-turystyczne-moita-eurotrail","status":"publish","type":"product","link":"https:\/\/hatu.pl\/index.php\/produkt\/krzeslo-turystyczne-moita-eurotrail\/","title":{"rendered":"Krzes\u0142o turystyczne Moita &#8211; EuroTrail"},"content":{"rendered":"\t\t<div data-elementor-type=\"product-post\" data-elementor-id=\"315\" class=\"elementor elementor-315\" data-elementor-post-type=\"product\">\n\t\t\t\t<div class=\"elementor-element elementor-element-42ec026c e-flex e-con-boxed e-con e-parent\" data-id=\"42ec026c\" data-element_type=\"container\" data-e-type=\"container\">\n\t\t\t\t\t<div class=\"e-con-inner\">\n\t\t\t\t<div class=\"elementor-element elementor-element-719c8515 elementor-widget elementor-widget-text-editor\" data-id=\"719c8515\" data-element_type=\"widget\" data-e-type=\"widget\" data-widget_type=\"text-editor.default\">\n\t\t\t\t<div class=\"elementor-widget-container\">\n\t\t\t\t\t\t\t\t\t<h5 style=\"text-align: center;\"><strong>Krzes\u0142o turystyczne sk\u0142adane<\/strong><\/h5>\n<p>Krzes\u0142o Moita od renomowanej marki EuroTrail to niezawodny wyb\u00f3r dla ka\u017cdego mi\u0142o\u015bnika wypoczynku na \u015bwie\u017cym powietrzu. Idealne na kemping, podr\u00f3\u017c kamperem, pod namiot, na dzia\u0142k\u0119, taras czy balkon, zapewnia wygod\u0119 i komfort w ka\u017cdych warunkach.<\/p>\n<p>Siedzisko i oparcie wykonane s\u0105 z materia\u0142u o du\u017cej wytrzyma\u0142o\u015bci, odpornym na dzia\u0142anie niekorzystnych warunk\u00f3w atmosferycznych, co gwarantuje d\u0142ugowieczno\u015b\u0107 i trwa\u0142o\u015b\u0107 krzes\u0142a.&nbsp;<span style=\"font-style: inherit; font-weight: inherit; color: var( --e-global-color-text ); text-align: var(--text-align); background-color: var(--ast-global-color-5);\">Dzi\u0119ki sk\u0142adanej konstrukcji, po z\u0142o\u017ceniu krzes\u0142o zajmuje ma\u0142o miejsca, co u\u0142atwia transport i przechowywanie, idealne na ka\u017cd\u0105 wypraw\u0119.<\/span><\/p><p><span style=\"font-style: inherit; font-weight: inherit; color: var( --e-global-color-text ); text-align: var(--text-align); background-color: var(--ast-global-color-5);\">Praktyczne, funkcjonalne i \u0142atwe do przechowania \u2013 krzes\u0142o kempingowe Moita EuroTrail to doskona\u0142y wyb\u00f3r dla os\u00f3b szukaj\u0105cych komfortu i wygody w plenerze.<\/span><\/p>\n<p>Zach\u0119camy do zapoznania si\u0119 z pe\u0142n\u0105 ofert\u0105 produkt\u00f3w na <a href=\"https:\/\/hatu.pl\/index.php\/sklep\">naszej stronie sklepu. <\/a><\/p>\n<p>Zapraszamy r\u00f3wnie\u017c do odwiedzenia naszych profili na <a href=\"https:\/\/www.facebook.com\/hatucampsolutions\" target=\"_blank\" rel=\"noopener\">Facebooku<\/a> i <a href=\"https:\/\/www.instagram.com\/hatucampsolutions\/\" target=\"_blank\" rel=\"noopener\">Instagramie!<\/a><\/p>\t\t\t\t\t\t\t\t<\/div>\n\t\t\t\t<\/div>\n\t\t\t\t\t<\/div>\n\t\t\t\t<\/div>\n\t\t\t\t<\/div>\n\t\t","protected":false},"excerpt":{"rendered":"<h5>Krzes\u0142o turystyczne<\/h5>\n<p>SPECYFIKACJE &#8211; DANE TECHNICZNE:<br \/>\nmateria\u0142: Polyester<br \/>\nkonstrukcja: aluminium fi 22 mm<br \/>\nd\u0142ugo\u015b\u0107: 55 cm<br \/>\nszeroko\u015b\u0107: 41 cm<br \/>\nwysoko\u015b\u0107: 90 cm<br \/>\nwymiary po z\u0142o\u017ceniu: 63 x 55 x 6 cm<br \/>\nmax obci\u0105\u017cenie: 120 kg<br \/>\nwaga: 2,0 kg<\/p>\n","protected":false},"featured_media":326,"comment_status":"open","ping_status":"closed","template":"","meta":{"site-sidebar-layout":"default","site-content-layout":"","ast-site-content-layout":"default","site-content-style":"default","site-sidebar-style":"default","ast-global-header-display":"","ast-banner-title-visibility":"","ast-main-header-display":"","ast-hfb-above-header-display":"","ast-hfb-below-header-display":"","ast-hfb-mobile-header-display":"","site-post-title":"","ast-breadcrumbs-content":"","ast-featured-img":"","footer-sml-layout":"","theme-transparent-header-meta":"default","adv-header-id-meta":"","stick-header-meta":"","header-above-stick-meta":"","header-main-stick-meta":"","header-below-stick-meta":"","astra-migrate-meta-layouts":"set","ast-page-background-enabled":"default","ast-page-background-meta":{"desktop":{"background-color":"var(--ast-global-color-4)","background-image":"","background-repeat":"repeat","background-position":"center center","background-size":"auto","background-attachment":"scroll","background-type":"","background-media":"","overlay-type":"","overlay-color":"","overlay-opacity":"","overlay-gradient":""},"tablet":{"background-color":"","background-image":"","background-repeat":"repeat","background-position":"center center","background-size":"auto","background-attachment":"scroll","background-type":"","background-media":"","overlay-type":"","overlay-color":"","overlay-opacity":"","overlay-gradient":""},"mobile":{"background-color":"","background-image":"","background-repeat":"repeat","background-position":"center center","background-size":"auto","background-attachment":"scroll","background-type":"","background-media":"","overlay-type":"","overlay-color":"","overlay-opacity":"","overlay-gradient":""}},"ast-content-background-meta":{"desktop":{"background-color":"var(--ast-global-color-5)","background-image":"","background-repeat":"repeat","background-position":"center center","background-size":"auto","background-attachment":"scroll","background-type":"","background-media":"","overlay-type":"","overlay-color":"","overlay-opacity":"","overlay-gradient":""},"tablet":{"background-color":"var(--ast-global-color-5)","background-image":"","background-repeat":"repeat","background-position":"center center","background-size":"auto","background-attachment":"scroll","background-type":"","background-media":"","overlay-type":"","overlay-color":"","overlay-opacity":"","overlay-gradient":""},"mobile":{"background-color":"var(--ast-global-color-5)","background-image":"","background-repeat":"repeat","background-position":"center center","background-size":"auto","background-attachment":"scroll","background-type":"","background-media":"","overlay-type":"","overlay-color":"","overlay-opacity":"","overlay-gradient":""}}},"product_brand":[270],"product_cat":[36],"product_tag":[],"class_list":{"0":"post-315","1":"product","2":"type-product","3":"status-publish","4":"has-post-thumbnail","6":"product_brand-euro-trail","7":"product_cat-meble-turystyczne","8":"product_shipping_class-male-paczki","9":"pa_kolor-czarny","10":"pa_kolor-granatowy","11":"pa_kolor-limonka","12":"pa_kolor-szary","13":"pa_kolor-zielony","14":"desktop-align-center","15":"tablet-align-left","16":"mobile-align-left","18":"first","19":"onbackorder","20":"sale","21":"taxable","22":"shipping-taxable","23":"purchasable","24":"product-type-variable","25":"has-default-attributes"},"_links":{"self":[{"href":"https:\/\/hatu.pl\/index.php\/wp-json\/wp\/v2\/product\/315","targetHints":{"allow":["GET"]}}],"collection":[{"href":"https:\/\/hatu.pl\/index.php\/wp-json\/wp\/v2\/product"}],"about":[{"href":"https:\/\/hatu.pl\/index.php\/wp-json\/wp\/v2\/types\/product"}],"replies":[{"embeddable":true,"href":"https:\/\/hatu.pl\/index.php\/wp-json\/wp\/v2\/comments?post=315"}],"version-history":[{"count":6,"href":"https:\/\/hatu.pl\/index.php\/wp-json\/wp\/v2\/product\/315\/revisions"}],"predecessor-version":[{"id":3271,"href":"https:\/\/hatu.pl\/index.php\/wp-json\/wp\/v2\/product\/315\/revisions\/3271"}],"wp:featuredmedia":[{"embeddable":true,"href":"https:\/\/hatu.pl\/index.php\/wp-json\/wp\/v2\/media\/326"}],"wp:attachment":[{"href":"https:\/\/hatu.pl\/index.php\/wp-json\/wp\/v2\/media?parent=315"}],"wp:term":[{"taxonomy":"product_brand","embeddable":true,"href":"https:\/\/hatu.pl\/index.php\/wp-json\/wp\/v2\/product_brand?post=315"},{"taxonomy":"product_cat","embeddable":true,"href":"https:\/\/hatu.pl\/index.php\/wp-json\/wp\/v2\/product_cat?post=315"},{"taxonomy":"product_tag","embeddable":true,"href":"https:\/\/hatu.pl\/index.php\/wp-json\/wp\/v2\/product_tag?post=315"}],"curies":[{"name":"wp","href":"https:\/\/api.w.org\/{rel}","templated":true}]}}