{"id":3150,"date":"2025-02-06T10:39:35","date_gmt":"2025-02-06T09:39:35","guid":{"rendered":"https:\/\/hatu.pl\/?post_type=product&#038;p=3150"},"modified":"2025-05-20T10:35:31","modified_gmt":"2025-05-20T08:35:31","slug":"platforma-dachowa-ford-custom-tourneo","status":"publish","type":"product","link":"https:\/\/hatu.pl\/index.php\/produkt\/platforma-dachowa-ford-custom-tourneo\/","title":{"rendered":"Platforma dachowa Ford Custom Tourneo od roku: 2024"},"content":{"rendered":"\t\t<div data-elementor-type=\"product-post\" data-elementor-id=\"3150\" class=\"elementor elementor-3150\" data-elementor-post-type=\"product\">\n\t\t\t\t<div class=\"elementor-element elementor-element-bf6670c e-flex e-con-boxed e-con e-parent\" data-id=\"bf6670c\" data-element_type=\"container\" data-e-type=\"container\">\n\t\t\t\t\t<div class=\"e-con-inner\">\n\t\t\t\t<div class=\"elementor-element elementor-element-ad03357 elementor-widget elementor-widget-text-editor\" data-id=\"ad03357\" data-element_type=\"widget\" data-e-type=\"widget\" data-widget_type=\"text-editor.default\">\n\t\t\t\t<div class=\"elementor-widget-container\">\n\t\t\t\t\t\t\t\t\t<h4 style=\"text-align: center;\"><strong>Platforma dachowa Ford Tourneo Custom ND-Rack\u2013 Tw\u00f3j Niezawodny Partner w Przewozie Baga\u017cy<\/strong><\/h4><p>Platforma dachowa Ford Tourneo Custom od ND-Rack pozwoli Ci na zmaksymalizowanie przestrzeni, kt\u00f3ra zosta\u0142a zaprojektowana z my\u015bl\u0105 o najbardziej wymagaj\u0105cych podr\u00f3\u017cnikach. Koniec z problemami z miejscem \u2013 transportuj kajaki, walizki, namioty dachowe i inne niezb\u0119dne akcesoria w wygodny spos\u00f3b, zaoszcz\u0119dzaj\u0105c przestrze\u0144 wewn\u0105trz pojazdu!<\/p><h4 style=\"text-align: center;\"><strong>Dlaczego warto wybra\u0107 nasz\u0105 platform\u0119 dachow\u0105?<\/strong><\/h4><ul><li><strong>Spoiler w zestawie:<\/strong> redukuje ha\u0142as wiatru nawet o 80%, zapewniaj\u0105c komfortow\u0105 podr\u00f3\u017c.<\/li><li><strong>Niska waga:<\/strong> lekka konstrukcja umo\u017cliwia wi\u0119ksz\u0105 \u0142adowno\u015b\u0107, bez obci\u0105\u017cania pojazdu.<\/li><li><strong>Niska wysoko\u015b\u0107:<\/strong> umo\u017cliwia \u0142atwy wjazd na parkingi i promy, bez obaw o uszkodzenie baga\u017cnika.<\/li><li><strong>Modularny system:<\/strong> elastyczne dopasowanie do r\u00f3\u017cnych wersji pojazdu.<\/li><li><strong>Wyj\u0105tkowa no\u015bno\u015b\u0107:<\/strong> solidny baga\u017cnik, kt\u00f3ry sprosta najci\u0119\u017cszym wyzwaniom transportowym.<\/li><li><strong>Stal nierdzewna:<\/strong> materia\u0142, kt\u00f3ry zapewnia stabilno\u015b\u0107 i odporno\u015b\u0107 na korozj\u0119, gwarantuj\u0105c d\u0142ugowieczno\u015b\u0107 produktu.<\/li><\/ul><h4 style=\"text-align: center;\"><strong>Dane techniczne:<\/strong><\/h4><ul><li><strong>Kompatybilno\u015b\u0107:<\/strong> Ford Tourneo Custom od B.J. 2024 do dzisiaj.<\/li><li><strong>Materia\u0142:<\/strong> Stal nierdzewna, malowana proszkowo na czarno.<\/li><li><strong>Mocowanie:<\/strong> Wykonane ze stali nierdzewnej z gumow\u0105 podk\u0142adk\u0105 mi\u0119dzy platform\u0105 a dachem, co zapewnia bezpiecze\u0144stwo i stabilno\u015b\u0107.<\/li><li><strong>Waga:<\/strong> 38 kg.<\/li><li><strong>Ud\u017awig:<\/strong> 150 kg dynamicznego (idealny do transportu kajak\u00f3w, rower\u00f3w), 400 kg statycznego (wspiera namioty dachowe dla 3 os\u00f3b).<\/li><li><strong>Wymiary rozp\u00f3rki:<\/strong> szeroko\u015b\u0107 40 mm, wysoko\u015b\u0107 20 mm, d\u0142ugo\u015b\u0107 1300 mm.<\/li><li><strong>D\u0142ugo\u015b\u0107 baga\u017cnika:<\/strong> 2590 mm (kr\u00f3tki rozstaw osi), 2990 mm (d\u0142ugi rozstaw osi).<\/li><li><strong>Wysoko\u015b\u0107 monta\u017cu:<\/strong> od g\u00f3rnej kraw\u0119dzi dachu do g\u00f3rnej kraw\u0119dzi wspornika \u2013 6 cm.<\/li><li><strong>Dostosowanie:<\/strong> Stopy o r\u00f3\u017cnej wysoko\u015bci zapewniaj\u0105 stabilne mocowanie na p\u0142askiej powierzchni, kompensuj\u0105c krzywizn\u0119 dachu.<\/li><li><strong>Rejestracja:<\/strong> Nie wymaga rejestracji T\u00dcV ani ABE.<\/li><\/ul><h4 style=\"text-align: center;\"><strong>Dodatkowe cechy:<\/strong><\/h4><ul><li>W bocznych cz\u0119\u015bciach platformy znajduj\u0105 si\u0119 dodatkowe otwory do mocowania poprzeczek, dzi\u0119ki czemu \u0142atwo mo\u017cna dostosowa\u0107 baga\u017cnik do swoich potrzeb, na przyk\u0142ad przesuwaj\u0105c poprzeczki do \u015bwietlik\u00f3w lub wy\u0142az\u00f3w dachowych.<\/li><\/ul><h4 style=\"text-align: center;\"><strong>Zakres dostawy:<\/strong><\/h4><ul><li>1x Spoiler<\/li><li>1x Platforma baga\u017cnika dachowego<\/li><li>1x Materia\u0142 mocuj\u0105cy<\/li><\/ul>\t\t\t\t\t\t\t\t<\/div>\n\t\t\t\t<\/div>\n\t\t\t\t\t<\/div>\n\t\t\t\t<\/div>\n\t\t\t\t<\/div>\n\t\t","protected":false},"excerpt":{"rendered":"<p>Platforma dachowa Ford Tourneo Custom ND-Rack\u2013 Tw\u00f3j Niezawodny Partner w Przewozie Baga\u017cy Platforma dachowa Ford Tourneo Custom od ND-Rack pozwoli [&hellip;]<\/p>\n","protected":false},"featured_media":2777,"comment_status":"open","ping_status":"closed","template":"","meta":{"site-sidebar-layout":"no-sidebar","site-content-layout":"","ast-site-content-layout":"full-width-container","site-content-style":"default","site-sidebar-style":"default","ast-global-header-display":"","ast-banner-title-visibility":"","ast-main-header-display":"","ast-hfb-above-header-display":"","ast-hfb-below-header-display":"","ast-hfb-mobile-header-display":"","site-post-title":"disabled","ast-breadcrumbs-content":"","ast-featured-img":"disabled","footer-sml-layout":"","theme-transparent-header-meta":"default","adv-header-id-meta":"","stick-header-meta":"","header-above-stick-meta":"","header-main-stick-meta":"","header-below-stick-meta":"","astra-migrate-meta-layouts":"set","ast-page-background-enabled":"default","ast-page-background-meta":{"desktop":{"background-color":"var(--ast-global-color-4)","background-image":"","background-repeat":"repeat","background-position":"center center","background-size":"auto","background-attachment":"scroll","background-type":"","background-media":"","overlay-type":"","overlay-color":"","overlay-opacity":"","overlay-gradient":""},"tablet":{"background-color":"","background-image":"","background-repeat":"repeat","background-position":"center center","background-size":"auto","background-attachment":"scroll","background-type":"","background-media":"","overlay-type":"","overlay-color":"","overlay-opacity":"","overlay-gradient":""},"mobile":{"background-color":"","background-image":"","background-repeat":"repeat","background-position":"center center","background-size":"auto","background-attachment":"scroll","background-type":"","background-media":"","overlay-type":"","overlay-color":"","overlay-opacity":"","overlay-gradient":""}},"ast-content-background-meta":{"desktop":{"background-color":"var(--ast-global-color-5)","background-image":"","background-repeat":"repeat","background-position":"center center","background-size":"auto","background-attachment":"scroll","background-type":"","background-media":"","overlay-type":"","overlay-color":"","overlay-opacity":"","overlay-gradient":""},"tablet":{"background-color":"var(--ast-global-color-5)","background-image":"","background-repeat":"repeat","background-position":"center center","background-size":"auto","background-attachment":"scroll","background-type":"","background-media":"","overlay-type":"","overlay-color":"","overlay-opacity":"","overlay-gradient":""},"mobile":{"background-color":"var(--ast-global-color-5)","background-image":"","background-repeat":"repeat","background-position":"center center","background-size":"auto","background-attachment":"scroll","background-type":"","background-media":"","overlay-type":"","overlay-color":"","overlay-opacity":"","overlay-gradient":""}}},"product_brand":[266],"product_cat":[167,95],"product_tag":[],"class_list":{"0":"post-3150","1":"product","2":"type-product","3":"status-publish","4":"has-post-thumbnail","6":"product_brand-nd-rack","7":"product_cat-ford","8":"product_cat-platformy-dachowe","9":"product_shipping_class-dlugie-paczki","10":"pa_dlugosc-l1","11":"pa_dlugosc-l2","12":"pa_marka-samochodu-ford","13":"pa_model-tourneo-custom-2024","14":"desktop-align-center","15":"tablet-align-left","16":"mobile-align-left","18":"first","19":"onbackorder","20":"taxable","21":"shipping-taxable","22":"purchasable","23":"product-type-variable","24":"has-default-attributes"},"_links":{"self":[{"href":"https:\/\/hatu.pl\/index.php\/wp-json\/wp\/v2\/product\/3150","targetHints":{"allow":["GET"]}}],"collection":[{"href":"https:\/\/hatu.pl\/index.php\/wp-json\/wp\/v2\/product"}],"about":[{"href":"https:\/\/hatu.pl\/index.php\/wp-json\/wp\/v2\/types\/product"}],"replies":[{"embeddable":true,"href":"https:\/\/hatu.pl\/index.php\/wp-json\/wp\/v2\/comments?post=3150"}],"version-history":[{"count":20,"href":"https:\/\/hatu.pl\/index.php\/wp-json\/wp\/v2\/product\/3150\/revisions"}],"predecessor-version":[{"id":4504,"href":"https:\/\/hatu.pl\/index.php\/wp-json\/wp\/v2\/product\/3150\/revisions\/4504"}],"wp:featuredmedia":[{"embeddable":true,"href":"https:\/\/hatu.pl\/index.php\/wp-json\/wp\/v2\/media\/2777"}],"wp:attachment":[{"href":"https:\/\/hatu.pl\/index.php\/wp-json\/wp\/v2\/media?parent=3150"}],"wp:term":[{"taxonomy":"product_brand","embeddable":true,"href":"https:\/\/hatu.pl\/index.php\/wp-json\/wp\/v2\/product_brand?post=3150"},{"taxonomy":"product_cat","embeddable":true,"href":"https:\/\/hatu.pl\/index.php\/wp-json\/wp\/v2\/product_cat?post=3150"},{"taxonomy":"product_tag","embeddable":true,"href":"https:\/\/hatu.pl\/index.php\/wp-json\/wp\/v2\/product_tag?post=3150"}],"curies":[{"name":"wp","href":"https:\/\/api.w.org\/{rel}","templated":true}]}}