{"id":3186,"date":"2025-02-06T11:27:55","date_gmt":"2025-02-06T10:27:55","guid":{"rendered":"https:\/\/hatu.pl\/?post_type=product&#038;p=3186"},"modified":"2025-05-20T10:35:31","modified_gmt":"2025-05-20T08:35:31","slug":"platforma-dachowa-ford-transit","status":"publish","type":"product","link":"https:\/\/hatu.pl\/index.php\/produkt\/platforma-dachowa-ford-transit\/","title":{"rendered":"Platforma dachowa Ford Transit od roku produkcji: 2014"},"content":{"rendered":"\t\t<div data-elementor-type=\"product-post\" data-elementor-id=\"3186\" class=\"elementor elementor-3186\" data-elementor-post-type=\"product\">\n\t\t\t\t<div class=\"elementor-element elementor-element-b6b7a09 e-flex e-con-boxed e-con e-parent\" data-id=\"b6b7a09\" data-element_type=\"container\" data-e-type=\"container\">\n\t\t\t\t\t<div class=\"e-con-inner\">\n\t\t\t\t<div class=\"elementor-element elementor-element-02d02d4 elementor-widget elementor-widget-text-editor\" data-id=\"02d02d4\" data-element_type=\"widget\" data-e-type=\"widget\" data-widget_type=\"text-editor.default\">\n\t\t\t\t<div class=\"elementor-widget-container\">\n\t\t\t\t\t\t\t\t\t<h4><strong>Platforma dachowa ND-Rack \u2013 Tw\u00f3j Niezawodny Towarzysz w Podr\u00f3\u017cy<\/strong><\/h4><p>Platforma dachowa ND-Rack pozwoli ci zabra\u0107 wszystko, czego potrzebujesz na wakacje, bez obaw o brak miejsca! Niezale\u017cnie od tego, czy planujesz kr\u00f3tk\u0105 wycieczk\u0119 z du\u017c\u0105 ilo\u015bci\u0105 baga\u017cu, surfing morski, czy kemping na \u0142onie natury \u2013 ND-Rack to idealne rozwi\u0105zanie do ka\u017cdego rodzaju podr\u00f3\u017cy.<\/p><h4><strong>Najwa\u017cniejsze cechy platformy:<\/strong><\/h4><ul><li><strong>Spojler z redukcj\u0105 ha\u0142asu (80%)<\/strong> \u2013 ciesz si\u0119 spokojn\u0105 jazd\u0105, nawet przy du\u017cych pr\u0119dko\u015bciach.<\/li><li><strong>Wykonana ze stali nierdzewnej<\/strong> \u2013 wyj\u0105tkowa wytrzyma\u0142o\u015b\u0107 i odporno\u015b\u0107 na warunki atmosferyczne.<\/li><li><strong>Niska waga, wysoka \u0142adowno\u015b\u0107<\/strong> \u2013 platforma zapewnia du\u017c\u0105 no\u015bno\u015b\u0107 przy minimalnej wadze.<\/li><li><strong>Opcjonalne akcesoria:<\/strong><ul><li>Uniwersalny uchwyt do monta\u017cu paneli s\u0142onecznych, reflektor\u00f3w LED lub jako dodatkowy \u015brodek ci\u0119\u017cko\u015bci.<\/li><li>Uchwyt na ko\u0142o zapasowe pasuj\u0105cy do wszystkich standardowych opon.<\/li><li>Monta\u017c markizy bez wiercenia i klejenia.<\/li><\/ul><\/li><\/ul><p><strong>Prosta instalacja<\/strong> \u2013 w kilku \u0142atwych krokach stworzysz solidn\u0105 baz\u0119 do transportu r\u00f3\u017cnych akcesori\u00f3w, takich jak:<\/p><ul><li>Namiot dachowy<\/li><li>Box dachowy<\/li><li>Kajak<\/li><li>Deska surfingowa<\/li><li>Panele s\u0142oneczne<\/li><li>W\u0142asne nadbud\u00f3wki<\/li><\/ul><h4><strong>Dane techniczne:<\/strong><\/h4><ul><li>Wyprodukowano w Niemczech<\/li><li>Monta\u017c bez wiercenia<\/li><li><strong>Kompatybilno\u015b\u0107:<\/strong> Ford Transit od roku modelowego 2014 do teraz<ul><li>Wysoko\u015b\u0107: H2-H3<\/li><li>D\u0142ugo\u015b\u0107: L2-L3<\/li><\/ul><\/li><li><strong>Materia\u0142:<\/strong> stal nierdzewna<\/li><li><strong>Kolor:<\/strong> czarny malowany proszkowo<\/li><li><strong>Waga<\/strong> (w zale\u017cno\u015bci od d\u0142ugo\u015bci): dostosowana do twoich potrzeb<\/li><li><strong>No\u015bno\u015b\u0107:<\/strong><ul><li>150 kg (dynamiczna)<\/li><li>400 kg (statyczna, np. namiot dachowy dla 3 os\u00f3b)<\/li><\/ul><\/li><li><strong>Wysoko\u015b\u0107 monta\u017cu:<\/strong> ok. 6 cm od g\u00f3rnej kraw\u0119dzi dachu do g\u00f3rnej kraw\u0119dzi wspornika<\/li><li><strong>Dostosowanie do krzywizny dachu:<\/strong> Stopy o r\u00f3\u017cnej wysoko\u015bci zapewniaj\u0105 stabilno\u015b\u0107 na nier\u00f3wnych powierzchniach<\/li><li><strong>Brak wymogu rejestracji T\u00dcV ani ABE<\/strong><\/li><li><strong>Uwaga:<\/strong> Platforma nie nadaje si\u0119 do bardzo wysokich dach\u00f3w<\/li><\/ul><p><strong>Wymiary pojazd\u00f3w kompatybilnych:<\/strong><\/p><ul><li><strong>L2:<\/strong> 5531 mm<\/li><li><strong>L3:<\/strong> 5981 mm<\/li><li><strong>L4:<\/strong> 6704 mm<\/li><li><strong>H2:<\/strong> 2542 mm &#8211; 2450 mm<\/li><li><strong>H3:<\/strong> 2780 mm &#8211; 2670 mm<\/li><\/ul><h4><strong>Zakres dostawy:<\/strong><\/h4><ul><li>1x platforma (wybierz d\u0142ugo\u015b\u0107)<\/li><li>1x spojler<\/li><li>Materia\u0142 monta\u017cowy<\/li><\/ul>\t\t\t\t\t\t\t\t<\/div>\n\t\t\t\t<\/div>\n\t\t\t\t\t<\/div>\n\t\t\t\t<\/div>\n\t\t\t\t<\/div>\n\t\t","protected":false},"excerpt":{"rendered":"<p>Platforma dachowa ND-Rack \u2013 Tw\u00f3j Niezawodny Towarzysz w Podr\u00f3\u017cy Platforma dachowa ND-Rack pozwoli ci zabra\u0107 wszystko, czego potrzebujesz na wakacje, [&hellip;]<\/p>\n","protected":false},"featured_media":2777,"comment_status":"open","ping_status":"closed","template":"","meta":{"site-sidebar-layout":"no-sidebar","site-content-layout":"","ast-site-content-layout":"full-width-container","site-content-style":"default","site-sidebar-style":"default","ast-global-header-display":"","ast-banner-title-visibility":"","ast-main-header-display":"","ast-hfb-above-header-display":"","ast-hfb-below-header-display":"","ast-hfb-mobile-header-display":"","site-post-title":"disabled","ast-breadcrumbs-content":"","ast-featured-img":"disabled","footer-sml-layout":"","theme-transparent-header-meta":"default","adv-header-id-meta":"","stick-header-meta":"","header-above-stick-meta":"","header-main-stick-meta":"","header-below-stick-meta":"","astra-migrate-meta-layouts":"set","ast-page-background-enabled":"default","ast-page-background-meta":{"desktop":{"background-color":"var(--ast-global-color-4)","background-image":"","background-repeat":"repeat","background-position":"center center","background-size":"auto","background-attachment":"scroll","background-type":"","background-media":"","overlay-type":"","overlay-color":"","overlay-opacity":"","overlay-gradient":""},"tablet":{"background-color":"","background-image":"","background-repeat":"repeat","background-position":"center center","background-size":"auto","background-attachment":"scroll","background-type":"","background-media":"","overlay-type":"","overlay-color":"","overlay-opacity":"","overlay-gradient":""},"mobile":{"background-color":"","background-image":"","background-repeat":"repeat","background-position":"center center","background-size":"auto","background-attachment":"scroll","background-type":"","background-media":"","overlay-type":"","overlay-color":"","overlay-opacity":"","overlay-gradient":""}},"ast-content-background-meta":{"desktop":{"background-color":"var(--ast-global-color-5)","background-image":"","background-repeat":"repeat","background-position":"center center","background-size":"auto","background-attachment":"scroll","background-type":"","background-media":"","overlay-type":"","overlay-color":"","overlay-opacity":"","overlay-gradient":""},"tablet":{"background-color":"var(--ast-global-color-5)","background-image":"","background-repeat":"repeat","background-position":"center center","background-size":"auto","background-attachment":"scroll","background-type":"","background-media":"","overlay-type":"","overlay-color":"","overlay-opacity":"","overlay-gradient":""},"mobile":{"background-color":"var(--ast-global-color-5)","background-image":"","background-repeat":"repeat","background-position":"center center","background-size":"auto","background-attachment":"scroll","background-type":"","background-media":"","overlay-type":"","overlay-color":"","overlay-opacity":"","overlay-gradient":""}}},"product_brand":[266],"product_cat":[167,95],"product_tag":[],"class_list":{"0":"post-3186","1":"product","2":"type-product","3":"status-publish","4":"has-post-thumbnail","6":"product_brand-nd-rack","7":"product_cat-ford","8":"product_cat-platformy-dachowe","9":"product_shipping_class-dlugie-paczki","10":"pa_dlugosc-l2","11":"pa_dlugosc-l3","12":"pa_marka-samochodu-ford","13":"pa_model-transit-bj-2014","14":"pa_wysokosc-h2","15":"pa_wysokosc-h3","16":"desktop-align-center","17":"tablet-align-left","18":"mobile-align-left","20":"first","21":"onbackorder","22":"taxable","23":"shipping-taxable","24":"purchasable","25":"product-type-variable","26":"has-default-attributes"},"_links":{"self":[{"href":"https:\/\/hatu.pl\/index.php\/wp-json\/wp\/v2\/product\/3186","targetHints":{"allow":["GET"]}}],"collection":[{"href":"https:\/\/hatu.pl\/index.php\/wp-json\/wp\/v2\/product"}],"about":[{"href":"https:\/\/hatu.pl\/index.php\/wp-json\/wp\/v2\/types\/product"}],"replies":[{"embeddable":true,"href":"https:\/\/hatu.pl\/index.php\/wp-json\/wp\/v2\/comments?post=3186"}],"version-history":[{"count":10,"href":"https:\/\/hatu.pl\/index.php\/wp-json\/wp\/v2\/product\/3186\/revisions"}],"predecessor-version":[{"id":3214,"href":"https:\/\/hatu.pl\/index.php\/wp-json\/wp\/v2\/product\/3186\/revisions\/3214"}],"wp:featuredmedia":[{"embeddable":true,"href":"https:\/\/hatu.pl\/index.php\/wp-json\/wp\/v2\/media\/2777"}],"wp:attachment":[{"href":"https:\/\/hatu.pl\/index.php\/wp-json\/wp\/v2\/media?parent=3186"}],"wp:term":[{"taxonomy":"product_brand","embeddable":true,"href":"https:\/\/hatu.pl\/index.php\/wp-json\/wp\/v2\/product_brand?post=3186"},{"taxonomy":"product_cat","embeddable":true,"href":"https:\/\/hatu.pl\/index.php\/wp-json\/wp\/v2\/product_cat?post=3186"},{"taxonomy":"product_tag","embeddable":true,"href":"https:\/\/hatu.pl\/index.php\/wp-json\/wp\/v2\/product_tag?post=3186"}],"curies":[{"name":"wp","href":"https:\/\/api.w.org\/{rel}","templated":true}]}}