{"id":3201,"date":"2025-02-06T13:44:00","date_gmt":"2025-02-06T12:44:00","guid":{"rendered":"https:\/\/hatu.pl\/?post_type=product&#038;p=3201"},"modified":"2025-05-20T10:35:31","modified_gmt":"2025-05-20T08:35:31","slug":"platforma-dachowa-mercedes-vito","status":"publish","type":"product","link":"https:\/\/hatu.pl\/index.php\/produkt\/platforma-dachowa-mercedes-vito\/","title":{"rendered":"Platforma dachowa Mercedes Vito\/V-Class W447 od roku: 2014"},"content":{"rendered":"\t\t<div data-elementor-type=\"product-post\" data-elementor-id=\"3201\" class=\"elementor elementor-3201\" data-elementor-post-type=\"product\">\n\t\t\t\t<div class=\"elementor-element elementor-element-44e9603 e-flex e-con-boxed e-con e-parent\" data-id=\"44e9603\" data-element_type=\"container\" data-e-type=\"container\">\n\t\t\t\t\t<div class=\"e-con-inner\">\n\t\t\t\t<div class=\"elementor-element elementor-element-e45c914 elementor-widget elementor-widget-text-editor\" data-id=\"e45c914\" data-element_type=\"widget\" data-e-type=\"widget\" data-widget_type=\"text-editor.default\">\n\t\t\t\t<div class=\"elementor-widget-container\">\n\t\t\t\t\t\t\t\t\t<h4 style=\"text-align: center;\"><strong>Platforma dachowa ND-Rack \u2013 Idealny do Twojego Mercedes Vito<\/strong><\/h4>\n<p>Twoje wakacje s\u0105 tu\u017c za rogiem, Vito jest ju\u017c spakowane, ale nadal brakuje miejsca na kilka niezb\u0119dnych rzeczy? Deska surfingowa, kajak, namioty dachowe, skrzynie czy walizki \u2013 wszystkie te przedmioty mo\u017cesz zabra\u0107 ze sob\u0105, korzystaj\u0105c z baga\u017cnika dachowego ND-Rack. Dzi\u0119ki niemu z \u0142atwo\u015bci\u0105 przewieziesz wszystko, czego potrzebujesz, bez obaw o brak miejsca!<\/p>\n<h4 style=\"text-align: center;\"><strong>Platforma dachowa ND-Rack i jej cechy:<\/strong><\/h4>\n<ul>\n<li><strong>Spoiler w zestawie<\/strong> \u2013 redukuje ha\u0142as wiatru a\u017c o 80%, zapewniaj\u0105c komfortow\u0105 jazd\u0119.<\/li>\n<li><strong>Bardzo lekki<\/strong> \u2013 niska waga platformy umo\u017cliwia wi\u0119ksz\u0105 \u0142adowno\u015b\u0107, nie obci\u0105\u017caj\u0105c pojazdu.<\/li>\n<li><strong>Niski profil<\/strong> \u2013 u\u0142atwia wjazd na parkingi i promy, idealny do miast i podr\u00f3\u017cy za granic\u0119.<\/li>\n<li><strong>System modu\u0142owy<\/strong> \u2013 dostosowuje si\u0119 do r\u00f3\u017cnych modeli pojazd\u00f3w, zapewniaj\u0105c \u0142atwy monta\u017c.<\/li>\n<li><strong>Solidna konstrukcja<\/strong> \u2013 wysoka no\u015bno\u015b\u0107, idealna do transportu ci\u0119\u017cszych przedmiot\u00f3w.<\/li>\n<li><strong>Stal nierdzewna<\/strong> \u2013 wykonany z wysokiej jako\u015bci stali nierdzewnej, odpornej na rdz\u0119, co gwarantuje d\u0142ugowieczno\u015b\u0107 i stabilno\u015b\u0107.<\/li>\n<\/ul>\n<h4 style=\"text-align: center;\"><strong>Dane techniczne:<\/strong><\/h4>\n<ul>\n<li>Wyprodukowano w Niemczech<\/li>\n<li><strong>Kompatybilno\u015b\u0107:<\/strong> Mercedes Vito i V-Class W447 od roku modelowego 2014 do teraz (nie pasuje do Marco Polo)<\/li>\n<li><strong>Materia\u0142:<\/strong> stal nierdzewna (V2A 1.4301)<\/li>\n<li><strong>D\u0142ugo\u015b\u0107:<\/strong> Pasuje do wersji L1 (4895 mm), L2 (5140 mm) oraz L3 (5370 mm)<\/li>\n<li><strong>Kolor:<\/strong> malowany proszkowo na czarno<\/li>\n<li><strong>Waga:<\/strong> 38 kg<\/li>\n<li><strong>No\u015bno\u015b\u0107:<\/strong>\n<ul>\n<li>150 kg dynamicznie<\/li>\n<li>400 kg statycznie (np. namiot dachowy dla 3 os\u00f3b)<\/li>\n<li>2 uchwyty = 80 kg<\/li>\n<\/ul>\n<\/li>\n<li><strong>Wymiary rozp\u00f3rki:<\/strong> szeroko\u015b\u0107 40 mm, wysoko\u015b\u0107 20 mm, d\u0142ugo\u015b\u0107 1345 mm<\/li>\n<li><strong>Dostosowanie do krzywizny dachu:<\/strong> Stopy o r\u00f3\u017cnej wysoko\u015bci zapewniaj\u0105 stabilno\u015b\u0107 na nier\u00f3wnych powierzchniach<\/li>\n<li><strong>Dodatkowe otwory:<\/strong> Boczna cz\u0119\u015b\u0107 platformy zawiera dodatkowe otwory do mocowania poprzeczek, kt\u00f3re mo\u017cna przesun\u0105\u0107 lub pomin\u0105\u0107 w zale\u017cno\u015bci od potrzeb.<\/li>\n<li>Brak wymogu rejestracji T\u00dcV ani ABE<\/li>\n<\/ul>\n<h4 style=\"text-align: center;\"><strong>Zakres dostawy:<\/strong><\/h4>\n<ul>\n<li>1x platforma dachowa (nale\u017cy wybra\u0107 odpowiedni\u0105 d\u0142ugo\u015b\u0107)<\/li>\n<li>Materia\u0142 monta\u017cowy ze stali nierdzewnej<\/li>\n<\/ul>\t\t\t\t\t\t\t\t<\/div>\n\t\t\t\t<\/div>\n\t\t\t\t\t<\/div>\n\t\t\t\t<\/div>\n\t\t\t\t<\/div>\n\t\t","protected":false},"excerpt":{"rendered":"<p>Platforma dachowa ND-Rack \u2013 Idealny do Twojego Mercedes Vito Twoje wakacje s\u0105 tu\u017c za rogiem, Vito jest ju\u017c spakowane, ale [&hellip;]<\/p>\n","protected":false},"featured_media":2777,"comment_status":"open","ping_status":"closed","template":"","meta":{"site-sidebar-layout":"no-sidebar","site-content-layout":"","ast-site-content-layout":"full-width-container","site-content-style":"default","site-sidebar-style":"default","ast-global-header-display":"","ast-banner-title-visibility":"","ast-main-header-display":"","ast-hfb-above-header-display":"","ast-hfb-below-header-display":"","ast-hfb-mobile-header-display":"","site-post-title":"disabled","ast-breadcrumbs-content":"","ast-featured-img":"disabled","footer-sml-layout":"","theme-transparent-header-meta":"default","adv-header-id-meta":"","stick-header-meta":"","header-above-stick-meta":"","header-main-stick-meta":"","header-below-stick-meta":"","astra-migrate-meta-layouts":"set","ast-page-background-enabled":"default","ast-page-background-meta":{"desktop":{"background-color":"var(--ast-global-color-4)","background-image":"","background-repeat":"repeat","background-position":"center center","background-size":"auto","background-attachment":"scroll","background-type":"","background-media":"","overlay-type":"","overlay-color":"","overlay-opacity":"","overlay-gradient":""},"tablet":{"background-color":"","background-image":"","background-repeat":"repeat","background-position":"center center","background-size":"auto","background-attachment":"scroll","background-type":"","background-media":"","overlay-type":"","overlay-color":"","overlay-opacity":"","overlay-gradient":""},"mobile":{"background-color":"","background-image":"","background-repeat":"repeat","background-position":"center center","background-size":"auto","background-attachment":"scroll","background-type":"","background-media":"","overlay-type":"","overlay-color":"","overlay-opacity":"","overlay-gradient":""}},"ast-content-background-meta":{"desktop":{"background-color":"var(--ast-global-color-5)","background-image":"","background-repeat":"repeat","background-position":"center center","background-size":"auto","background-attachment":"scroll","background-type":"","background-media":"","overlay-type":"","overlay-color":"","overlay-opacity":"","overlay-gradient":""},"tablet":{"background-color":"var(--ast-global-color-5)","background-image":"","background-repeat":"repeat","background-position":"center center","background-size":"auto","background-attachment":"scroll","background-type":"","background-media":"","overlay-type":"","overlay-color":"","overlay-opacity":"","overlay-gradient":""},"mobile":{"background-color":"var(--ast-global-color-5)","background-image":"","background-repeat":"repeat","background-position":"center center","background-size":"auto","background-attachment":"scroll","background-type":"","background-media":"","overlay-type":"","overlay-color":"","overlay-opacity":"","overlay-gradient":""}}},"product_brand":[266],"product_cat":[95,164],"product_tag":[],"class_list":{"0":"post-3201","1":"product","2":"type-product","3":"status-publish","4":"has-post-thumbnail","6":"product_brand-nd-rack","7":"product_cat-platformy-dachowe","8":"product_cat-mercedes","9":"product_shipping_class-dlugie-paczki","10":"pa_dlugosc-l2","11":"pa_dlugosc-l3","12":"pa_marka-samochodu-mercedes","13":"pa_model-v-class-w447-od-2014","14":"pa_model-vito","15":"desktop-align-center","16":"tablet-align-left","17":"mobile-align-left","19":"first","20":"onbackorder","21":"taxable","22":"shipping-taxable","23":"purchasable","24":"product-type-variable","25":"has-default-attributes"},"_links":{"self":[{"href":"https:\/\/hatu.pl\/index.php\/wp-json\/wp\/v2\/product\/3201","targetHints":{"allow":["GET"]}}],"collection":[{"href":"https:\/\/hatu.pl\/index.php\/wp-json\/wp\/v2\/product"}],"about":[{"href":"https:\/\/hatu.pl\/index.php\/wp-json\/wp\/v2\/types\/product"}],"replies":[{"embeddable":true,"href":"https:\/\/hatu.pl\/index.php\/wp-json\/wp\/v2\/comments?post=3201"}],"version-history":[{"count":9,"href":"https:\/\/hatu.pl\/index.php\/wp-json\/wp\/v2\/product\/3201\/revisions"}],"predecessor-version":[{"id":3212,"href":"https:\/\/hatu.pl\/index.php\/wp-json\/wp\/v2\/product\/3201\/revisions\/3212"}],"wp:featuredmedia":[{"embeddable":true,"href":"https:\/\/hatu.pl\/index.php\/wp-json\/wp\/v2\/media\/2777"}],"wp:attachment":[{"href":"https:\/\/hatu.pl\/index.php\/wp-json\/wp\/v2\/media?parent=3201"}],"wp:term":[{"taxonomy":"product_brand","embeddable":true,"href":"https:\/\/hatu.pl\/index.php\/wp-json\/wp\/v2\/product_brand?post=3201"},{"taxonomy":"product_cat","embeddable":true,"href":"https:\/\/hatu.pl\/index.php\/wp-json\/wp\/v2\/product_cat?post=3201"},{"taxonomy":"product_tag","embeddable":true,"href":"https:\/\/hatu.pl\/index.php\/wp-json\/wp\/v2\/product_tag?post=3201"}],"curies":[{"name":"wp","href":"https:\/\/api.w.org\/{rel}","templated":true}]}}