{"id":3215,"date":"2025-02-06T15:41:39","date_gmt":"2025-02-06T14:41:39","guid":{"rendered":"https:\/\/hatu.pl\/?post_type=product&#038;p=3215"},"modified":"2025-05-20T10:35:31","modified_gmt":"2025-05-20T08:35:31","slug":"platforma-dachowa-vw-t4","status":"publish","type":"product","link":"https:\/\/hatu.pl\/index.php\/produkt\/platforma-dachowa-vw-t4\/","title":{"rendered":"Platforma dachowa VW T4"},"content":{"rendered":"\t\t<div data-elementor-type=\"product-post\" data-elementor-id=\"3215\" class=\"elementor elementor-3215\" data-elementor-post-type=\"product\">\n\t\t\t\t<div class=\"elementor-element elementor-element-53adf33 e-flex e-con-boxed e-con e-parent\" data-id=\"53adf33\" data-element_type=\"container\" data-e-type=\"container\">\n\t\t\t\t\t<div class=\"e-con-inner\">\n\t\t\t\t<div class=\"elementor-element elementor-element-d281d49 elementor-widget elementor-widget-text-editor\" data-id=\"d281d49\" data-element_type=\"widget\" data-e-type=\"widget\" data-widget_type=\"text-editor.default\">\n\t\t\t\t<div class=\"elementor-widget-container\">\n\t\t\t\t\t\t\t\t\t<h4 style=\"text-align: center;\"><strong>Platforma dachowa WV T4 od ND-Rack \u2013 Wi\u0119cej Miejsca w Twoim Kamperze<\/strong><\/h4>\n<p>Tw\u00f3j kamper zn\u00f3w jest pe\u0142en, a przestrze\u0144 na baga\u017c jest ograniczona? Platforma dachowa zapewni ci dodatkowe miejsce na wszystkie niezb\u0119dne rzeczy w swojej furgonetce! Niezale\u017cnie od tego, czy przewozisz panele s\u0142oneczne, markizy, namiot dachowy czy box dachowy, wszystko znajdzie swoje miejsce na tej solidnej platformie.<\/p>\n<h4 style=\"text-align: center;\"><strong>Dlaczego warto wybra\u0107 platform\u0119 ND-Rack?<\/strong><\/h4>\n<ul>\n<li><strong>Niezwykle niska konstrukcja<\/strong> \u2013 zapewnia elegancki wygl\u0105d i nie utrudnia wjazdu na parkingi.<\/li>\n<li><strong>Wykonana ze stali nierdzewnej<\/strong> \u2013 gwarantuje trwa\u0142o\u015b\u0107 i odporno\u015b\u0107 na rdz\u0119, nawet w trudnych warunkach.<\/li>\n<li><strong>Lekka, a zarazem mocna<\/strong> \u2013 niska waga platformy zapewnia du\u017c\u0105 no\u015bno\u015b\u0107 bez obci\u0105\u017cania pojazdu.<\/li>\n<li><strong>Spojler w zestawie<\/strong> \u2013 redukuje ha\u0142as wiatru o 80%, co zapewnia komfortow\u0105 podr\u00f3\u017c.<\/li>\n<li><strong>Szybki monta\u017c<\/strong> \u2013 platforma jest \u0142atwa do zamontowania w zaledwie kilku krokach.<\/li>\n<\/ul>\n<h4 style=\"text-align: center;\"><strong>Dane techniczne:<\/strong><\/h4>\n<ul>\n<li><strong>Monta\u017c:<\/strong> Platforma przeznaczona wy\u0142\u0105cznie do monta\u017cu na relingach lotniczych.<\/li>\n<li><strong>Kompatybilno\u015b\u0107:<\/strong> VW T4 (rocznik 1990-2003) \u2013 tylko dla pojazd\u00f3w z normalnym dachem (nie pasuje do dach\u00f3w wysokich ani podnoszonych).<\/li>\n<li><strong>Pasuje do:<\/strong> Kr\u00f3tkiego i d\u0142ugiego rozstawu osi (w zale\u017cno\u015bci od wyboru).<\/li>\n<li><strong>Materia\u0142:<\/strong> Stal nierdzewna, malowana proszkowo na czarno.<\/li>\n<li><strong>Waga:<\/strong> Oko\u0142o 38 kg.<\/li>\n<li><strong>No\u015bno\u015b\u0107:<\/strong>\n<ul>\n<li>150 kg dynamicznie<\/li>\n<li>400 kg statycznie (np. namiot dachowy dla 3 os\u00f3b).<\/li>\n<\/ul>\n<\/li>\n<li><strong>Wymiary szelek:<\/strong> Szeroko\u015b\u0107 40 mm, wysoko\u015b\u0107 20 mm, d\u0142ugo\u015b\u0107 1130 mm.<\/li>\n<li><strong>Wymiary baga\u017cnika:<\/strong>\n<ul>\n<li>Kr\u00f3tki rozstaw osi: d\u0142ugo\u015b\u0107 platformy 2590 mm.<\/li>\n<li>D\u0142ugi rozstaw osi: d\u0142ugo\u015b\u0107 platformy 2990 mm.<\/li>\n<\/ul>\n<\/li>\n<li><strong>Wysoko\u015b\u0107 monta\u017cu:<\/strong> 6 cm od g\u00f3rnej kraw\u0119dzi dachu do g\u00f3rnej kraw\u0119dzi wspornika.<\/li>\n<li><strong>Dostosowanie do krzywizny dachu:<\/strong> Stopy o r\u00f3\u017cnej wysoko\u015bci umo\u017cliwiaj\u0105 wyr\u00f3wnanie krzywizny dachu.<\/li>\n<li><strong>Dodatkowe otwory mocuj\u0105ce:<\/strong> Boczna cz\u0119\u015b\u0107 platformy posiada dodatkowe otwory do mocowania poprzeczek, co pozwala na \u0142atwe przesuni\u0119cie lub pomini\u0119cie poprzeczek do \u015bwietlik\u00f3w lub wy\u0142az\u00f3w dachowych.<\/li>\n<\/ul>\n<h4 style=\"text-align: center;\"><strong>Zakres dostawy:<\/strong><\/h4>\n<ul>\n<li>1x platforma (L1 kr\u00f3tka lub L2 d\u0142uga)<\/li>\n<li>1x spojler<\/li>\n<li>2x szyna mocuj\u0105ca (do wyboru)<\/li>\n<li>Materia\u0142 monta\u017cowy ze stali nierdzewnej<\/li>\n<\/ul>\t\t\t\t\t\t\t\t<\/div>\n\t\t\t\t<\/div>\n\t\t\t\t\t<\/div>\n\t\t\t\t<\/div>\n\t\t\t\t<\/div>\n\t\t","protected":false},"excerpt":{"rendered":"<p>Platforma dachowa WV T4 od ND-Rack \u2013 Wi\u0119cej Miejsca w Twoim Kamperze Tw\u00f3j kamper zn\u00f3w jest pe\u0142en, a przestrze\u0144 na [&hellip;]<\/p>\n","protected":false},"featured_media":3229,"comment_status":"open","ping_status":"closed","template":"","meta":{"site-sidebar-layout":"no-sidebar","site-content-layout":"","ast-site-content-layout":"full-width-container","site-content-style":"default","site-sidebar-style":"default","ast-global-header-display":"","ast-banner-title-visibility":"","ast-main-header-display":"","ast-hfb-above-header-display":"","ast-hfb-below-header-display":"","ast-hfb-mobile-header-display":"","site-post-title":"disabled","ast-breadcrumbs-content":"","ast-featured-img":"disabled","footer-sml-layout":"","theme-transparent-header-meta":"default","adv-header-id-meta":"","stick-header-meta":"","header-above-stick-meta":"","header-main-stick-meta":"","header-below-stick-meta":"","astra-migrate-meta-layouts":"set","ast-page-background-enabled":"default","ast-page-background-meta":{"desktop":{"background-color":"var(--ast-global-color-4)","background-image":"","background-repeat":"repeat","background-position":"center center","background-size":"auto","background-attachment":"scroll","background-type":"","background-media":"","overlay-type":"","overlay-color":"","overlay-opacity":"","overlay-gradient":""},"tablet":{"background-color":"","background-image":"","background-repeat":"repeat","background-position":"center center","background-size":"auto","background-attachment":"scroll","background-type":"","background-media":"","overlay-type":"","overlay-color":"","overlay-opacity":"","overlay-gradient":""},"mobile":{"background-color":"","background-image":"","background-repeat":"repeat","background-position":"center center","background-size":"auto","background-attachment":"scroll","background-type":"","background-media":"","overlay-type":"","overlay-color":"","overlay-opacity":"","overlay-gradient":""}},"ast-content-background-meta":{"desktop":{"background-color":"var(--ast-global-color-5)","background-image":"","background-repeat":"repeat","background-position":"center center","background-size":"auto","background-attachment":"scroll","background-type":"","background-media":"","overlay-type":"","overlay-color":"","overlay-opacity":"","overlay-gradient":""},"tablet":{"background-color":"var(--ast-global-color-5)","background-image":"","background-repeat":"repeat","background-position":"center center","background-size":"auto","background-attachment":"scroll","background-type":"","background-media":"","overlay-type":"","overlay-color":"","overlay-opacity":"","overlay-gradient":""},"mobile":{"background-color":"var(--ast-global-color-5)","background-image":"","background-repeat":"repeat","background-position":"center center","background-size":"auto","background-attachment":"scroll","background-type":"","background-media":"","overlay-type":"","overlay-color":"","overlay-opacity":"","overlay-gradient":""}}},"product_brand":[266],"product_cat":[95,163],"product_tag":[],"class_list":{"0":"post-3215","1":"product","2":"type-product","3":"status-publish","4":"has-post-thumbnail","6":"product_brand-nd-rack","7":"product_cat-platformy-dachowe","8":"product_cat-volkswagen","9":"product_shipping_class-dlugie-paczki","10":"pa_dlugosc-l1","11":"pa_dlugosc-l2","12":"pa_marka-samochodu-vw","13":"pa_model-t4","14":"desktop-align-center","15":"tablet-align-left","16":"mobile-align-left","18":"first","19":"onbackorder","20":"taxable","21":"shipping-taxable","22":"purchasable","23":"product-type-variable","24":"has-default-attributes"},"_links":{"self":[{"href":"https:\/\/hatu.pl\/index.php\/wp-json\/wp\/v2\/product\/3215","targetHints":{"allow":["GET"]}}],"collection":[{"href":"https:\/\/hatu.pl\/index.php\/wp-json\/wp\/v2\/product"}],"about":[{"href":"https:\/\/hatu.pl\/index.php\/wp-json\/wp\/v2\/types\/product"}],"replies":[{"embeddable":true,"href":"https:\/\/hatu.pl\/index.php\/wp-json\/wp\/v2\/comments?post=3215"}],"version-history":[{"count":14,"href":"https:\/\/hatu.pl\/index.php\/wp-json\/wp\/v2\/product\/3215\/revisions"}],"predecessor-version":[{"id":4515,"href":"https:\/\/hatu.pl\/index.php\/wp-json\/wp\/v2\/product\/3215\/revisions\/4515"}],"wp:featuredmedia":[{"embeddable":true,"href":"https:\/\/hatu.pl\/index.php\/wp-json\/wp\/v2\/media\/3229"}],"wp:attachment":[{"href":"https:\/\/hatu.pl\/index.php\/wp-json\/wp\/v2\/media?parent=3215"}],"wp:term":[{"taxonomy":"product_brand","embeddable":true,"href":"https:\/\/hatu.pl\/index.php\/wp-json\/wp\/v2\/product_brand?post=3215"},{"taxonomy":"product_cat","embeddable":true,"href":"https:\/\/hatu.pl\/index.php\/wp-json\/wp\/v2\/product_cat?post=3215"},{"taxonomy":"product_tag","embeddable":true,"href":"https:\/\/hatu.pl\/index.php\/wp-json\/wp\/v2\/product_tag?post=3215"}],"curies":[{"name":"wp","href":"https:\/\/api.w.org\/{rel}","templated":true}]}}