{"id":3355,"date":"2025-02-18T14:46:24","date_gmt":"2025-02-18T13:46:24","guid":{"rendered":"https:\/\/hatu.pl\/?post_type=product&#038;p=3355"},"modified":"2026-04-14T16:32:36","modified_gmt":"2026-04-14T14:32:36","slug":"hybrydowy-system-ogrzewania-bobil-air","status":"publish","type":"product","link":"https:\/\/hatu.pl\/index.php\/produkt\/hybrydowy-system-ogrzewania-bobil-air\/","title":{"rendered":"Hybrydowy system ogrzewania dla kamper\u00f3w \u2013 Bobil Air Hybrid"},"content":{"rendered":"\t\t<div data-elementor-type=\"product-post\" data-elementor-id=\"3355\" class=\"elementor elementor-3355\" data-elementor-post-type=\"product\">\n\t\t\t\t<div class=\"elementor-element elementor-element-997cd29 e-flex e-con-boxed e-con e-parent\" data-id=\"997cd29\" data-element_type=\"container\" data-e-type=\"container\">\n\t\t\t\t\t<div class=\"e-con-inner\">\n\t\t\t\t<div class=\"elementor-element elementor-element-40e0e0a elementor-widget elementor-widget-text-editor\" data-id=\"40e0e0a\" data-element_type=\"widget\" data-e-type=\"widget\" data-widget_type=\"text-editor.default\">\n\t\t\t\t<div class=\"elementor-widget-container\">\n\t\t\t\t\t\t\t\t\t<h4 style=\"text-align: center;\" data-start=\"0\" data-end=\"69\">NAJLEPSZY HYBRYDOWY SYSTEM OGRZEWANIA DLA KAMPER\u00d3W \u2013 Bobil Air Hybrid<\/h4><p data-start=\"71\" data-end=\"519\">Zainwestuj w komfort swojej podr\u00f3\u017cy i ciesz si\u0119 ciep\u0142\u0105 wod\u0105 wsz\u0119dzie, gdzie jeste\u015b! Hybrydowy system ogrzewania Bobil Air Hybrid to innowacyjne rozwi\u0105zanie, kt\u00f3re pozwala na podgrzewanie wody zar\u00f3wno za pomoc\u0105 nagrzewnicy powietrza na olej nap\u0119dowy, jak i elektrycznie (12 V, 230 V lub oba). Dzi\u0119ki nowoczesnej technologii wymiennika ciep\u0142a, system wykorzystuje ciep\u0142o z nagrzewnicy Diesla, by dostarczy\u0107 ciep\u0142\u0105 wod\u0119 do mycia naczy\u0144 i komfortowego prysznica.<\/p><h4 style=\"text-align: center;\" data-start=\"521\" data-end=\"560\">Wydajno\u015b\u0107 i Oszcz\u0119dno\u015b\u0107 Energii<\/h4><p data-start=\"562\" data-end=\"1033\">Izolowany, ci\u015bnieniowy zbiornik o pojemno\u015bci 10 l (z opcj\u0105 rozszerzenia do 15 l) jest \u0142atwy do pod\u0142\u0105czenia do istniej\u0105cego \u017ar\u00f3d\u0142a wody. Wykorzystuj\u0105c bardzo ma\u0142\u0105 ilo\u015b\u0107 energii, utrzymuje temperatur\u0119 wody, zapewniaj\u0105c komfort i oszcz\u0119dno\u015b\u0107. Hybrydowy system ogrzewania Bobil wsp\u00f3\u0142pracuje z wi\u0119kszo\u015bci\u0105 nagrzewnic na olej nap\u0119dowy i LPG, takich jak Webasto, Eberspacher, chi\u0144skie modele czy Autoterm. A je\u015bli nie masz jeszcze ogrzewania olejowego, oferujemy pe\u0142ny zestaw z nagrzewnic\u0105 Autoterm.<\/p><h4 style=\"text-align: center;\" data-start=\"1035\" data-end=\"1106\">Inteligentny Sterownik Bobil \u2013 Automatyczne Zarz\u0105dzanie Ciep\u0142em<\/h4><p data-start=\"1108\" data-end=\"1530\">Hybrydowy system ogrzewania Bobil Air Hybrid jest wyposa\u017cony w innowacyjny sterownik, kt\u00f3ry automatycznie kieruje powietrze w stron\u0119 wymiennika ciep\u0142a lub z powrotem, w zale\u017cno\u015bci od Twoich potrzeb \u2013 czy chcesz ogrza\u0107 kamper, ciep\u0142\u0105 wod\u0119, czy oba jednocze\u015bnie. Dzi\u0119ki integracji z energi\u0105 s\u0142oneczn\u0105, sterownik umo\u017cliwia automatyczne zasilanie grza\u0142ki nadmiarem energii, zapewniaj\u0105c darmow\u0105 gor\u0105c\u0105 wod\u0119 w momencie, gdy akumulatory s\u0105 pe\u0142ne!<\/p><h4 style=\"text-align: center;\" data-start=\"1532\" data-end=\"1586\">\u00a0Wi\u0119ksza Pojemno\u015b\u0107 Wody<\/h4><p data-start=\"1588\" data-end=\"1970\">Z now\u0105 konstrukcj\u0105 systemu Bobil , z \u0142atwo\u015bci\u0105 pod\u0142\u0105czysz go do system\u00f3w o ci\u015bnieniu do 45 PSI. Z\u0142\u0105cza \u00bd\u201d BSP umo\u017cliwiaj\u0105 \u0142atwe pod\u0142\u0105czenie do systemu hydraulicznego, a wi\u0119kszy zbiornik 15 l Dual Voltage zapewni jeszcze wi\u0119cej ciep\u0142ej wody. Je\u015bli nie masz jeszcze pe\u0142nego zestawu hydraulicznego, oferujemy kompletny zestaw, kt\u00f3ry idealnie dopasuje si\u0119 do Twojego systemu.<\/p><h4 style=\"text-align: center;\" data-start=\"1972\" data-end=\"2016\">Bezpiecze\u0144stwo i Komfort U\u017cytkowania<\/h4><p data-start=\"2018\" data-end=\"2327\">Dla Twojego komfortu i bezpiecze\u0144stwa, system oferuje mo\u017cliwo\u015b\u0107 dodania termostatycznego zaworu mieszaj\u0105cego, kt\u00f3ry zapewni bezpieczn\u0105 ciep\u0142\u0105 wod\u0119 prosto z kran\u00f3w, eliminuj\u0105c ryzyko poparze\u0144. To doskona\u0142e rozwi\u0105zanie, je\u015bli podr\u00f3\u017cujesz z dzie\u0107mi lub zale\u017cy Ci na pe\u0142nym komforcie i bezpiecze\u0144stwie w kamperze.<\/p><h4 style=\"text-align: center;\" data-start=\"2329\" data-end=\"2387\"><strong data-start=\"2333\" data-end=\"2387\">\u0141atwa Instalacja i Wysoka Efektywno\u015b\u0107 Energetyczna<\/strong><\/h4><p data-start=\"2389\" data-end=\"2782\">System ogrzewania Bobil jest wyj\u0105tkowo \u0142atwy w instalacji \u2013 sk\u0142ada si\u0119 tylko z czterech g\u0142\u00f3wnych komponent\u00f3w, gumowego w\u0119\u017ca i sterownika. Do\u0142\u0105czony zbiornik wyr\u00f3wnawczy sprawia, \u017ce nie ma potrzeby stosowania dodatkowych akumulator\u00f3w. Gruba pianka poliuretanowa w zbiorniku utrzymuje temperatur\u0119 wody przez d\u0142ugi czas, zmniejszaj\u0105c zu\u017cycie energii elektrycznej i zapewniaj\u0105c ci\u0105g\u0142y dost\u0119p do ciep\u0142ej wody.<\/p><h4 style=\"text-align: center;\" data-start=\"2784\" data-end=\"2807\">Zestaw Zawiera:<\/h4><ul data-start=\"2809\" data-end=\"3163\"><li data-start=\"2809\" data-end=\"2868\">Zbiornik hybrydowy Bobil (10 l lub 15 l Dual Voltage)<\/li><li data-start=\"2869\" data-end=\"2914\">Nowy wysokoci\u015bnieniowy wymiennik ciep\u0142a<\/li><li data-start=\"2915\" data-end=\"2986\">Adaptery wymiennika + automatyczny rozdzielacz (60, 75 lub 90 mm)<\/li><li data-start=\"2987\" data-end=\"3021\">Inteligentny sterownik Bobil<\/li><li data-start=\"3022\" data-end=\"3060\">Pompa obiegowa + w\u0105\u017c gumowy EPDM<\/li><li data-start=\"3061\" data-end=\"3163\">Centralna jednostka hydrauliczna ze zbiornikiem wyr\u00f3wnawczym i zaworem nadci\u015bnieniowym\/spustowym<\/li><\/ul><h4 style=\"text-align: center;\" data-start=\"3165\" data-end=\"3188\"><strong data-start=\"3169\" data-end=\"3188\">Kluczowe Cechy:<\/strong><\/h4><ul data-start=\"3190\" data-end=\"3666\"><li data-start=\"3190\" data-end=\"3241\"><strong data-start=\"3192\" data-end=\"3212\">\u0141atwa instalacja<\/strong> \u2013 tylko 4 g\u0142\u00f3wne komponenty.<\/li><li data-start=\"3242\" data-end=\"3319\"><strong data-start=\"3244\" data-end=\"3262\">Kompatybilno\u015b\u0107<\/strong> \u2013 wsp\u00f3\u0142pracuje z wi\u0119kszo\u015bci\u0105 nagrzewnic olejowych i LPG.<\/li><li data-start=\"3320\" data-end=\"3416\"><strong data-start=\"3322\" data-end=\"3346\">Zwi\u0119kszona pojemno\u015b\u0107<\/strong> \u2013 opcja zbiornika 15 l Dual Voltage dla wi\u0119kszej ilo\u015bci ciep\u0142ej wody.<\/li><li data-start=\"3417\" data-end=\"3481\"><strong data-start=\"3419\" data-end=\"3437\">Bezpiecze\u0144stwo<\/strong> \u2013 mo\u017cliwo\u015b\u0107 instalacji zaworu mieszaj\u0105cego.<\/li><li data-start=\"3482\" data-end=\"3585\"><strong data-start=\"3484\" data-end=\"3505\">Energooszcz\u0119dno\u015b\u0107<\/strong> \u2013 pianka poliuretanowa utrzymuj\u0105ca temperatur\u0119 i zmniejszaj\u0105ca zu\u017cycie energii.<\/li><li data-start=\"3586\" data-end=\"3666\"><strong data-start=\"3588\" data-end=\"3624\">Automatyczne zarz\u0105dzanie energi\u0105<\/strong> \u2013 zasilanie nadmiarem energii s\u0142onecznej.<\/li><\/ul><h4 style=\"text-align: center;\" data-start=\"3753\" data-end=\"3800\">Zobacz, jak dzia\u0142a system Bobil Air Hybrid:<\/h4><ul data-start=\"3801\" data-end=\"3939\"><li data-start=\"3801\" data-end=\"3863\">Przegl\u0105d wideo: <a href=\"https:\/\/youtu.be\/bRYmLeXfDsM\" target=\"_new\" rel=\"noopener\" data-start=\"3819\" data-end=\"3863\">Bobil Hybrid<\/a><\/li><li data-start=\"3864\" data-end=\"3939\">Instalacja wideo: <a href=\"https:\/\/youtu.be\/mZ5-EDaCMlk\" target=\"_new\" rel=\"noopener\" data-start=\"3884\" data-end=\"3939\">Instalacja Bobil Hybrid<\/a><\/li><\/ul><p data-start=\"3941\" data-end=\"4104\">Ten system jest dostarczany z go\u0142ymi przewodami i posiada oznaczenie CE, zgodne z europejskimi przepisami dotycz\u0105cymi zdrowia, bezpiecze\u0144stwa i ochrony \u015brodowiska.<\/p>\t\t\t\t\t\t\t\t<\/div>\n\t\t\t\t<\/div>\n\t\t\t\t\t<\/div>\n\t\t\t\t<\/div>\n\t\t\t\t<\/div>\n\t\t","protected":false},"excerpt":{"rendered":"<table>\n<tbody>\n<tr>\n<td>Pojemno\u015b\u0107<\/td>\n<td>10 litr\u00f3w; 15litr\u00f3w<\/td>\n<\/tr>\n<tr>\n<td>Maksymalne ci\u015bnienie pompy<\/td>\n<td>45 PSI<\/td>\n<\/tr>\n<tr>\n<td>Moc<\/td>\n<td>200W (DC), 800W (AC), 2200W (Diesel)<\/td>\n<\/tr>\n<tr>\n<td>Pob\u00f3r mocy pompy i sterownika<\/td>\n<td>2 A podczas pracy. 0,3 A w trybie gotowo\u015bci.<\/td>\n<\/tr>\n<tr>\n<td>Czas nagrzewania elektrycznego od 15 do 60 stopni<\/td>\n<td>10L- AC: 40 minut; DC: 145 minut<br \/>\n15L- AC: 60 minut; DC: 220 minut<\/td>\n<\/tr>\n<tr>\n<td>4kW Diesel czas nagrzewania od 15 do 60 stopni<\/td>\n<td>10L- 15 minut<\/p>\n<p>15L- 25 minut<\/td>\n<\/tr>\n<tr>\n<td>2kW Diesel czas nagrzewania od 15 do 60 stopni<\/td>\n<td>10L- 30 minut<\/p>\n<p>15L- 45 minut<\/td>\n<\/tr>\n<tr>\n<td>Wymiary zbiornika<\/td>\n<td>10L- 430L x 270W x 280H (mm)<br \/>\n15L- 480L X 300W x 310H (mm)<\/td>\n<\/tr>\n<tr>\n<td>Wymiary wymiennika ciep\u0142a (z adapterami)<\/td>\n<td>240 d\u0142. x 120 szer. x 220 wys. (mm) Kr\u00f3tszy w przypadku przewod\u00f3w o \u015brednicy 75 i 90 mm.<\/td>\n<\/tr>\n<\/tbody>\n<\/table>\n<p style=\"text-align: center;\"><span style=\"text-decoration: underline;\"><a href=\"https:\/\/67186c01-69ba-4e2e-8cab-34f18107615a.usrfiles.com\/ugd\/67186c_340f7ecaca63458faaa00326c6fd069b.pdf\" target=\"_blank\" rel=\"noopener\">Instrukcja instalacji<\/a><\/span> (podw\u00f3jne napi\u0119cie)<br \/>\n<span style=\"text-decoration: underline;\"><a href=\"https:\/\/67186c01-69ba-4e2e-8cab-34f18107615a.usrfiles.com\/ugd\/67186c_01c61df484ef42348565ac53bc94892e.pdf\" target=\"_blank\" rel=\"noopener\">Instrukcja instalacji<\/a><\/span> (napi\u0119cie 12 V)<\/p>\n<hr \/>\n<p>&nbsp;<\/p>\n","protected":false},"featured_media":3385,"comment_status":"open","ping_status":"closed","template":"","meta":{"site-sidebar-layout":"no-sidebar","site-content-layout":"","ast-site-content-layout":"full-width-container","site-content-style":"default","site-sidebar-style":"default","ast-global-header-display":"","ast-banner-title-visibility":"","ast-main-header-display":"","ast-hfb-above-header-display":"","ast-hfb-below-header-display":"","ast-hfb-mobile-header-display":"","site-post-title":"disabled","ast-breadcrumbs-content":"","ast-featured-img":"disabled","footer-sml-layout":"","theme-transparent-header-meta":"default","adv-header-id-meta":"","stick-header-meta":"","header-above-stick-meta":"","header-main-stick-meta":"","header-below-stick-meta":"","astra-migrate-meta-layouts":"set","ast-page-background-enabled":"default","ast-page-background-meta":{"desktop":{"background-color":"var(--ast-global-color-4)","background-image":"","background-repeat":"repeat","background-position":"center center","background-size":"auto","background-attachment":"scroll","background-type":"","background-media":"","overlay-type":"","overlay-color":"","overlay-opacity":"","overlay-gradient":""},"tablet":{"background-color":"","background-image":"","background-repeat":"repeat","background-position":"center center","background-size":"auto","background-attachment":"scroll","background-type":"","background-media":"","overlay-type":"","overlay-color":"","overlay-opacity":"","overlay-gradient":""},"mobile":{"background-color":"","background-image":"","background-repeat":"repeat","background-position":"center center","background-size":"auto","background-attachment":"scroll","background-type":"","background-media":"","overlay-type":"","overlay-color":"","overlay-opacity":"","overlay-gradient":""}},"ast-content-background-meta":{"desktop":{"background-color":"var(--ast-global-color-5)","background-image":"","background-repeat":"repeat","background-position":"center center","background-size":"auto","background-attachment":"scroll","background-type":"","background-media":"","overlay-type":"","overlay-color":"","overlay-opacity":"","overlay-gradient":""},"tablet":{"background-color":"var(--ast-global-color-5)","background-image":"","background-repeat":"repeat","background-position":"center center","background-size":"auto","background-attachment":"scroll","background-type":"","background-media":"","overlay-type":"","overlay-color":"","overlay-opacity":"","overlay-gradient":""},"mobile":{"background-color":"var(--ast-global-color-5)","background-image":"","background-repeat":"repeat","background-position":"center center","background-size":"auto","background-attachment":"scroll","background-type":"","background-media":"","overlay-type":"","overlay-color":"","overlay-opacity":"","overlay-gradient":""}}},"product_brand":[268],"product_cat":[182,206],"product_tag":[],"class_list":{"0":"post-3355","1":"product","2":"type-product","3":"status-publish","4":"has-post-thumbnail","6":"product_brand-bobilvans","7":"product_cat-systemy-ogrzewania","8":"product_cat-nagrzewnice-olejowe-diesel","9":"product_shipping_class-importowane-uk","10":"desktop-align-center","11":"tablet-align-left","12":"mobile-align-left","14":"first","15":"onbackorder","16":"taxable","17":"shipping-taxable","18":"purchasable","19":"product-type-variable","20":"has-default-attributes"},"_links":{"self":[{"href":"https:\/\/hatu.pl\/index.php\/wp-json\/wp\/v2\/product\/3355","targetHints":{"allow":["GET"]}}],"collection":[{"href":"https:\/\/hatu.pl\/index.php\/wp-json\/wp\/v2\/product"}],"about":[{"href":"https:\/\/hatu.pl\/index.php\/wp-json\/wp\/v2\/types\/product"}],"replies":[{"embeddable":true,"href":"https:\/\/hatu.pl\/index.php\/wp-json\/wp\/v2\/comments?post=3355"}],"version-history":[{"count":59,"href":"https:\/\/hatu.pl\/index.php\/wp-json\/wp\/v2\/product\/3355\/revisions"}],"predecessor-version":[{"id":4478,"href":"https:\/\/hatu.pl\/index.php\/wp-json\/wp\/v2\/product\/3355\/revisions\/4478"}],"wp:featuredmedia":[{"embeddable":true,"href":"https:\/\/hatu.pl\/index.php\/wp-json\/wp\/v2\/media\/3385"}],"wp:attachment":[{"href":"https:\/\/hatu.pl\/index.php\/wp-json\/wp\/v2\/media?parent=3355"}],"wp:term":[{"taxonomy":"product_brand","embeddable":true,"href":"https:\/\/hatu.pl\/index.php\/wp-json\/wp\/v2\/product_brand?post=3355"},{"taxonomy":"product_cat","embeddable":true,"href":"https:\/\/hatu.pl\/index.php\/wp-json\/wp\/v2\/product_cat?post=3355"},{"taxonomy":"product_tag","embeddable":true,"href":"https:\/\/hatu.pl\/index.php\/wp-json\/wp\/v2\/product_tag?post=3355"}],"curies":[{"name":"wp","href":"https:\/\/api.w.org\/{rel}","templated":true}]}}