{"id":3422,"date":"2025-02-19T12:51:52","date_gmt":"2025-02-19T11:51:52","guid":{"rendered":"https:\/\/hatu.pl\/?post_type=product&#038;p=3422"},"modified":"2025-12-15T15:54:53","modified_gmt":"2025-12-15T14:54:53","slug":"elektryczny-podgrzewacz-wody-maxi-25l","status":"publish","type":"product","link":"https:\/\/hatu.pl\/index.php\/produkt\/elektryczny-podgrzewacz-wody-maxi-25l\/","title":{"rendered":"Elektryczny podgrzewacz wody Bobil Calorifer &#8211; zbiornik"},"content":{"rendered":"\t\t<div data-elementor-type=\"product-post\" data-elementor-id=\"3422\" class=\"elementor elementor-3422\" data-elementor-post-type=\"product\">\n\t\t\t\t<div class=\"elementor-element elementor-element-27b442d e-flex e-con-boxed e-con e-parent\" data-id=\"27b442d\" data-element_type=\"container\" data-e-type=\"container\">\n\t\t\t\t\t<div class=\"e-con-inner\">\n\t\t\t\t<div class=\"elementor-element elementor-element-461670b elementor-widget elementor-widget-text-editor\" data-id=\"461670b\" data-element_type=\"widget\" data-e-type=\"widget\" data-widget_type=\"text-editor.default\">\n\t\t\t\t<div class=\"elementor-widget-container\">\n\t\t\t\t\t\t\t\t\t<h4 style=\"text-align: center;\" data-start=\"71\" data-end=\"142\">Elektryczny podgrzewacz wody MAXI Bobil \u2013 Ciep\u0142a Woda w Kamperze i \u0141odzi<\/h4><p>\u00a0<\/p><p>Nowy,\u00a0 podgrzewacz wody Bobil Maxi pozwala podgrzewa\u0107 wod\u0119 w kamperze lub \u0142odzi za pomoc\u0105 silnika, poprzez w\u0119\u017cownic\u0119 ch\u0142odz\u0105c\u0105 oraz wbudowane elementy 12 V i 230 V, co sprawia, \u017ce jest idealnym rozwi\u0105zaniem na ka\u017cd\u0105 ewentualno\u015b\u0107!<\/p><p>Podgrzewacze Bobil Calorifier s\u0105 podgrzewaczami z podw\u00f3jnym napi\u0119ciem 12 V\/230 V. S\u0105 one dost\u0119pne w wersjach 15 l lub 25 l i stanowi\u0105 najlepszy system podgrzewania wody. Maj\u0105 one tak\u0105 sam\u0105 konstrukcj\u0119 jak nasze popularne elektryczne zbiorniki na ciep\u0142\u0105 wod\u0119 Bobil, ale dodatkowo s\u0105 wyposa\u017cone w w\u0119\u017cownic\u0119 ch\u0142odz\u0105c\u0105, kt\u00f3ra pozwala na podgrzewanie wody za pomoc\u0105 silnika.<\/p><p>\u00a0<\/p><p>Zbiorniki podgrzewaczy mog\u0105 podgrza\u0107 wod\u0119 do temperatury 85 stopni Celsjusza i z \u0142atwo\u015bci\u0105 utrzyma\u0107 komfortow\u0105 temperatur\u0119 prysznica w \u0142odzi lub kamperze dla wielu os\u00f3b. Sprawd\u017a czasy w specyfikacji produktu.<\/p><p>\u00a0<\/p><p>Zestaw jest wyposa\u017cony w nasz prosty sterownik Bobil, kt\u00f3ry umo\u017cliwia kontrol\u0119 nad systemami zbiornik\u00f3w, w tym elementem 12 V, pozwalaj\u0105c nadmiarowi energii s\u0142onecznej automatycznie zasila\u0107 element, gdy akumulatory s\u0105 pe\u0142ne, zapewniaj\u0105c BEZP\u0141ATN\u0104 CIEP\u0141\u0104 WOD\u0118!<\/p><p>\u00a0<\/p><p>Nadaj\u0105cy si\u0119 do wszystkich pomp wodnych o ci\u015bnieniu do 45 PSI, ten podgrzewacz wody idealnie mie\u015bci si\u0119 w schowku lub szafce i posiada z\u0142\u0105cza \u00bd\u201d BSP, kt\u00f3re pasuj\u0105 do wszystkich popularnych z\u0142\u0105czy hydraulicznych.<\/p><p>\u00a0<\/p><p>Aby po\u0142\u0105czy\u0107 zbiornik ciep\u0142ej wody Bobil Calorifier z systemem wodnym, sugerujemy nast\u0119puj\u0105ce dodatki:<\/p><p>Zbiornik wyr\u00f3wnawczy \u2013 pozwala on na zatrzymanie wody rozpr\u0119\u017conej w wyniku procesu ogrzewania w systemie; w przeciwnym razie wycieknie ona przez zaw\u00f3r spustowy. Je\u015bli kupisz nasz kompletny zestaw hydrauliczny, otrzymasz go w zestawie! Mo\u017cesz te\u017c kupi\u0107 go tutaj.<br \/>Pompa wody \u015bwie\u017cej \u2013 gdy zbiornik jest pod ci\u015bnieniem, musisz zapewni\u0107 ci\u015bnienie wody, aby zbiornik m\u00f3g\u0142 si\u0119 nape\u0142ni\u0107 i dostarcza\u0107 ciep\u0142\u0105 wod\u0119. Mo\u017cesz j\u0105 kupi\u0107 tutaj lub jest ona r\u00f3wnie\u017c zawarta w naszym kompletnym zestawie hydraulicznym.<br \/>Termostatyczny zaw\u00f3r mieszaj\u0105cy \u2013 utrzymywanie temperatury zbiornika ciep\u0142ej wody na poziomie 60\u00b0C lub wy\u017cszym jest idealnym rozwi\u0105zaniem, aby zapobiec rozwojowi bakterii w zbiorniku i zmaksymalizowa\u0107 zu\u017cycie ciep\u0142ej wody, ale mo\u017cesz nie chcie\u0107, aby z kranu z ciep\u0142\u0105 wod\u0105 wyp\u0142ywa\u0142a woda o temperaturze 60\u00b0C, zw\u0142aszcza je\u015bli masz dzieci. Mo\u017cesz go kupi\u0107 tutaj lub jest on opcjonalnym dodatkiem do naszego kompletnego zestawu hydraulicznego.<\/p><p>Wszystkie te produkty sprzedajemy osobno na naszej stronie internetowej w sekcji \u201eInstalacje hydrauliczne i osprz\u0119t\u201d lub oferujemy kompletny zestaw hydrauliczny, kt\u00f3ry zawiera wszystko, co wymieniono powy\u017cej, a nawet wi\u0119cej, \u0142\u0105cznie z ostatnim zaciskiem jubileuszowym!<\/p><p>\u00a0<\/p><p>Zestaw podgrzewacza wody Bobil zawiera:<\/p><p>Podgrzewacz wody Bobil z podw\u00f3jnym napi\u0119ciem (15 l lub 25 l) + osprz\u0119t<br \/>Prosty sterownik Bobil<br \/>Zaw\u00f3r nadci\u015bnieniowy\/spustowy<\/p><p>Nale\u017cy pami\u0119ta\u0107, \u017ce zestaw NIE zawiera rur ani zacisk\u00f3w do pod\u0142\u0105czenia podgrzewacza do obwodu silnika. Sprzedajemy zestaw do pod\u0142\u0105czenia podgrzewacza, kt\u00f3ry zawiera wszystkie niezb\u0119dne rury, z\u0142\u0105cza i zaciski, aby umo\u017cliwi\u0107 wykonanie tej czynno\u015bci, lub mo\u017cna wykona\u0107 w\u0142asny zestaw.<\/p><p>\u00a0<\/p><p>System jest dostarczany z nieizolowanymi przewodami. Produkt posiada oznaczenie CE. Spe\u0142nia wymagania europejskich przepis\u00f3w dotycz\u0105cych zdrowia, bezpiecze\u0144stwa i ochrony \u015brodowiska.<\/p><p>Przet\u0142umaczono z DeepL.com (wersja darmowa)<\/p>\t\t\t\t\t\t\t\t<\/div>\n\t\t\t\t<\/div>\n\t\t\t\t\t<\/div>\n\t\t\t\t<\/div>\n\t\t\t\t<\/div>\n\t\t","protected":false},"excerpt":{"rendered":"<p>Podgrzewacze Bobil Calorifier s\u0105 podgrzewaczami z podw\u00f3jnym napi\u0119ciem 12 V\/230 V. S\u0105 one dost\u0119pne w wersjach 15 l lub 25 l i stanowi\u0105 najlepszy system podgrzewania wody. Maj\u0105 one tak\u0105 sam\u0105 konstrukcj\u0119 jak nasze popularne elektryczne zbiorniki na ciep\u0142\u0105 wod\u0119 Bobil Air, ale dodatkowo s\u0105 wyposa\u017cone w w\u0119\u017cownic\u0119 ch\u0142odz\u0105c\u0105, kt\u00f3ra pozwala na podgrzewanie wody za pomoc\u0105 silnika.<\/p>\n","protected":false},"featured_media":5086,"comment_status":"open","ping_status":"closed","template":"","meta":{"site-sidebar-layout":"no-sidebar","site-content-layout":"","ast-site-content-layout":"full-width-container","site-content-style":"default","site-sidebar-style":"default","ast-global-header-display":"","ast-banner-title-visibility":"","ast-main-header-display":"","ast-hfb-above-header-display":"","ast-hfb-below-header-display":"","ast-hfb-mobile-header-display":"","site-post-title":"disabled","ast-breadcrumbs-content":"","ast-featured-img":"disabled","footer-sml-layout":"","theme-transparent-header-meta":"default","adv-header-id-meta":"","stick-header-meta":"","header-above-stick-meta":"","header-main-stick-meta":"","header-below-stick-meta":"","astra-migrate-meta-layouts":"set","ast-page-background-enabled":"default","ast-page-background-meta":{"desktop":{"background-color":"var(--ast-global-color-4)","background-image":"","background-repeat":"repeat","background-position":"center center","background-size":"auto","background-attachment":"scroll","background-type":"","background-media":"","overlay-type":"","overlay-color":"","overlay-opacity":"","overlay-gradient":""},"tablet":{"background-color":"","background-image":"","background-repeat":"repeat","background-position":"center center","background-size":"auto","background-attachment":"scroll","background-type":"","background-media":"","overlay-type":"","overlay-color":"","overlay-opacity":"","overlay-gradient":""},"mobile":{"background-color":"","background-image":"","background-repeat":"repeat","background-position":"center center","background-size":"auto","background-attachment":"scroll","background-type":"","background-media":"","overlay-type":"","overlay-color":"","overlay-opacity":"","overlay-gradient":""}},"ast-content-background-meta":{"desktop":{"background-color":"var(--ast-global-color-5)","background-image":"","background-repeat":"repeat","background-position":"center center","background-size":"auto","background-attachment":"scroll","background-type":"","background-media":"","overlay-type":"","overlay-color":"","overlay-opacity":"","overlay-gradient":""},"tablet":{"background-color":"var(--ast-global-color-5)","background-image":"","background-repeat":"repeat","background-position":"center center","background-size":"auto","background-attachment":"scroll","background-type":"","background-media":"","overlay-type":"","overlay-color":"","overlay-opacity":"","overlay-gradient":""},"mobile":{"background-color":"var(--ast-global-color-5)","background-image":"","background-repeat":"repeat","background-position":"center center","background-size":"auto","background-attachment":"scroll","background-type":"","background-media":"","overlay-type":"","overlay-color":"","overlay-opacity":"","overlay-gradient":""}}},"product_brand":[268],"product_cat":[182],"product_tag":[],"class_list":{"0":"post-3422","1":"product","2":"type-product","3":"status-publish","4":"has-post-thumbnail","6":"product_brand-bobilvans","7":"product_cat-systemy-ogrzewania","8":"product_shipping_class-importowane-uk","9":"desktop-align-center","10":"tablet-align-left","11":"mobile-align-left","13":"first","14":"onbackorder","15":"taxable","16":"shipping-taxable","17":"purchasable","18":"product-type-variable","19":"has-default-attributes"},"_links":{"self":[{"href":"https:\/\/hatu.pl\/index.php\/wp-json\/wp\/v2\/product\/3422","targetHints":{"allow":["GET"]}}],"collection":[{"href":"https:\/\/hatu.pl\/index.php\/wp-json\/wp\/v2\/product"}],"about":[{"href":"https:\/\/hatu.pl\/index.php\/wp-json\/wp\/v2\/types\/product"}],"replies":[{"embeddable":true,"href":"https:\/\/hatu.pl\/index.php\/wp-json\/wp\/v2\/comments?post=3422"}],"version-history":[{"count":30,"href":"https:\/\/hatu.pl\/index.php\/wp-json\/wp\/v2\/product\/3422\/revisions"}],"predecessor-version":[{"id":5214,"href":"https:\/\/hatu.pl\/index.php\/wp-json\/wp\/v2\/product\/3422\/revisions\/5214"}],"wp:featuredmedia":[{"embeddable":true,"href":"https:\/\/hatu.pl\/index.php\/wp-json\/wp\/v2\/media\/5086"}],"wp:attachment":[{"href":"https:\/\/hatu.pl\/index.php\/wp-json\/wp\/v2\/media?parent=3422"}],"wp:term":[{"taxonomy":"product_brand","embeddable":true,"href":"https:\/\/hatu.pl\/index.php\/wp-json\/wp\/v2\/product_brand?post=3422"},{"taxonomy":"product_cat","embeddable":true,"href":"https:\/\/hatu.pl\/index.php\/wp-json\/wp\/v2\/product_cat?post=3422"},{"taxonomy":"product_tag","embeddable":true,"href":"https:\/\/hatu.pl\/index.php\/wp-json\/wp\/v2\/product_tag?post=3422"}],"curies":[{"name":"wp","href":"https:\/\/api.w.org\/{rel}","templated":true}]}}