{"id":3614,"date":"2025-02-20T13:02:05","date_gmt":"2025-02-20T12:02:05","guid":{"rendered":"https:\/\/hatu.pl\/?post_type=product&#038;p=3614"},"modified":"2025-05-20T10:17:04","modified_gmt":"2025-05-20T08:17:04","slug":"zestaw-modernizacyjny-bobil-hybrid","status":"publish","type":"product","link":"https:\/\/hatu.pl\/index.php\/produkt\/zestaw-modernizacyjny-bobil-hybrid\/","title":{"rendered":"Zestaw modernizacyjny Bobil Hybrid"},"content":{"rendered":"\t\t<div data-elementor-type=\"product-post\" data-elementor-id=\"3614\" class=\"elementor elementor-3614\" data-elementor-post-type=\"product\">\n\t\t\t\t<div class=\"elementor-element elementor-element-805faa3 e-flex e-con-boxed e-con e-parent\" data-id=\"805faa3\" data-element_type=\"container\" data-e-type=\"container\">\n\t\t\t\t\t<div class=\"e-con-inner\">\n\t\t\t\t<div class=\"elementor-element elementor-element-040c68a elementor-widget elementor-widget-text-editor\" data-id=\"040c68a\" data-element_type=\"widget\" data-e-type=\"widget\" data-widget_type=\"text-editor.default\">\n\t\t\t\t<div class=\"elementor-widget-container\">\n\t\t\t\t\t\t\t\t\t<h4>Zestaw modernizacyjny bobil hybrid &#8211;<\/h4><p>Umo\u017cliwia modernizacj\u0119 starego wymiennika ciep\u0142a o ni\u017cszym ci\u015bnieniu za pomoc\u0105 naszej nowej konstrukcji, zdolnej do obs\u0142ugi pomp o ci\u015bnieniu do 45PSI. Oferuje on r\u00f3wnie\u017c wiele innych korzy\u015bci, w tym znacznie bardziej eleganck\u0105 instalacj\u0119, brak wycieku wody z zaworu nadci\u015bnieniowego i wy\u017csze nat\u0119\u017cenie przep\u0142ywu przez w\u0105\u017c o wi\u0119kszej \u015brednicy. Zapewnia r\u00f3wnie\u017c pojedynczy punkt spustowy, zamiast trzech punkt\u00f3w spustowych.<\/p><h5 style=\"text-align: center;\">W zestawie:<\/h5><ul><li>Nowy wymiennik ciep\u0142a (bez adapter\u00f3w)<\/li><li>Nowy w\u0105\u017c gumowy + zaciski<\/li><li>Centralna jednostka hydrauliczna ze zbiornikiem wyr\u00f3wnawczym i w\u0119\u017cem spustowym<\/li><li>Instrukcje<\/li><\/ul>\t\t\t\t\t\t\t\t<\/div>\n\t\t\t\t<\/div>\n\t\t\t\t\t<\/div>\n\t\t\t\t<\/div>\n\t\t\t\t<\/div>\n\t\t","protected":false},"excerpt":{"rendered":"<p>Zestaw modernizacyjny bobil hybrid &#8211; Umo\u017cliwia modernizacj\u0119 starego wymiennika ciep\u0142a o ni\u017cszym ci\u015bnieniu za pomoc\u0105 naszej nowej konstrukcji, zdolnej do [&hellip;]<\/p>\n","protected":false},"featured_media":3626,"comment_status":"open","ping_status":"closed","template":"","meta":{"site-sidebar-layout":"no-sidebar","site-content-layout":"","ast-site-content-layout":"full-width-container","site-content-style":"default","site-sidebar-style":"default","ast-global-header-display":"","ast-banner-title-visibility":"","ast-main-header-display":"","ast-hfb-above-header-display":"","ast-hfb-below-header-display":"","ast-hfb-mobile-header-display":"","site-post-title":"disabled","ast-breadcrumbs-content":"","ast-featured-img":"disabled","footer-sml-layout":"","theme-transparent-header-meta":"default","adv-header-id-meta":"","stick-header-meta":"","header-above-stick-meta":"","header-main-stick-meta":"","header-below-stick-meta":"","astra-migrate-meta-layouts":"set","ast-page-background-enabled":"default","ast-page-background-meta":{"desktop":{"background-color":"var(--ast-global-color-4)","background-image":"","background-repeat":"repeat","background-position":"center center","background-size":"auto","background-attachment":"scroll","background-type":"","background-media":"","overlay-type":"","overlay-color":"","overlay-opacity":"","overlay-gradient":""},"tablet":{"background-color":"","background-image":"","background-repeat":"repeat","background-position":"center center","background-size":"auto","background-attachment":"scroll","background-type":"","background-media":"","overlay-type":"","overlay-color":"","overlay-opacity":"","overlay-gradient":""},"mobile":{"background-color":"","background-image":"","background-repeat":"repeat","background-position":"center center","background-size":"auto","background-attachment":"scroll","background-type":"","background-media":"","overlay-type":"","overlay-color":"","overlay-opacity":"","overlay-gradient":""}},"ast-content-background-meta":{"desktop":{"background-color":"var(--ast-global-color-5)","background-image":"","background-repeat":"repeat","background-position":"center center","background-size":"auto","background-attachment":"scroll","background-type":"","background-media":"","overlay-type":"","overlay-color":"","overlay-opacity":"","overlay-gradient":""},"tablet":{"background-color":"var(--ast-global-color-5)","background-image":"","background-repeat":"repeat","background-position":"center center","background-size":"auto","background-attachment":"scroll","background-type":"","background-media":"","overlay-type":"","overlay-color":"","overlay-opacity":"","overlay-gradient":""},"mobile":{"background-color":"var(--ast-global-color-5)","background-image":"","background-repeat":"repeat","background-position":"center center","background-size":"auto","background-attachment":"scroll","background-type":"","background-media":"","overlay-type":"","overlay-color":"","overlay-opacity":"","overlay-gradient":""}}},"product_brand":[268],"product_cat":[182],"product_tag":[],"class_list":{"0":"post-3614","1":"product","2":"type-product","3":"status-publish","4":"has-post-thumbnail","6":"product_brand-bobilvans","7":"product_cat-systemy-ogrzewania","8":"product_shipping_class-importowane-uk","9":"desktop-align-center","10":"tablet-align-left","11":"mobile-align-left","13":"first","14":"onbackorder","15":"taxable","16":"shipping-taxable","17":"purchasable","18":"product-type-simple"},"_links":{"self":[{"href":"https:\/\/hatu.pl\/index.php\/wp-json\/wp\/v2\/product\/3614","targetHints":{"allow":["GET"]}}],"collection":[{"href":"https:\/\/hatu.pl\/index.php\/wp-json\/wp\/v2\/product"}],"about":[{"href":"https:\/\/hatu.pl\/index.php\/wp-json\/wp\/v2\/types\/product"}],"replies":[{"embeddable":true,"href":"https:\/\/hatu.pl\/index.php\/wp-json\/wp\/v2\/comments?post=3614"}],"version-history":[{"count":19,"href":"https:\/\/hatu.pl\/index.php\/wp-json\/wp\/v2\/product\/3614\/revisions"}],"predecessor-version":[{"id":3636,"href":"https:\/\/hatu.pl\/index.php\/wp-json\/wp\/v2\/product\/3614\/revisions\/3636"}],"wp:featuredmedia":[{"embeddable":true,"href":"https:\/\/hatu.pl\/index.php\/wp-json\/wp\/v2\/media\/3626"}],"wp:attachment":[{"href":"https:\/\/hatu.pl\/index.php\/wp-json\/wp\/v2\/media?parent=3614"}],"wp:term":[{"taxonomy":"product_brand","embeddable":true,"href":"https:\/\/hatu.pl\/index.php\/wp-json\/wp\/v2\/product_brand?post=3614"},{"taxonomy":"product_cat","embeddable":true,"href":"https:\/\/hatu.pl\/index.php\/wp-json\/wp\/v2\/product_cat?post=3614"},{"taxonomy":"product_tag","embeddable":true,"href":"https:\/\/hatu.pl\/index.php\/wp-json\/wp\/v2\/product_tag?post=3614"}],"curies":[{"name":"wp","href":"https:\/\/api.w.org\/{rel}","templated":true}]}}