{"id":3637,"date":"2025-02-25T14:54:40","date_gmt":"2025-02-25T13:54:40","guid":{"rendered":"https:\/\/hatu.pl\/?post_type=product&#038;p=3637"},"modified":"2025-08-13T14:24:39","modified_gmt":"2025-08-13T12:24:39","slug":"podgrzewacz-wody-bobil-nagrzewnica","status":"publish","type":"product","link":"https:\/\/hatu.pl\/index.php\/produkt\/podgrzewacz-wody-bobil-nagrzewnica\/","title":{"rendered":"Podgrzewacz wody Bobil Air Hybrid + Nagrzewnica powietrza Autoterm Diesel"},"content":{"rendered":"\t\t<div data-elementor-type=\"product-post\" data-elementor-id=\"3637\" class=\"elementor elementor-3637\" data-elementor-post-type=\"product\">\n\t\t\t\t<div class=\"elementor-element elementor-element-1d77335 e-flex e-con-boxed e-con e-parent\" data-id=\"1d77335\" data-element_type=\"container\" data-e-type=\"container\">\n\t\t\t\t\t<div class=\"e-con-inner\">\n\t\t\t\t<div class=\"elementor-element elementor-element-f480fc1 elementor-widget elementor-widget-text-editor\" data-id=\"f480fc1\" data-element_type=\"widget\" data-e-type=\"widget\" data-widget_type=\"text-editor.default\">\n\t\t\t\t<div class=\"elementor-widget-container\">\n\t\t\t\t\t\t\t\t\t<h4 style=\"text-align: center;\" data-start=\"71\" data-end=\"189\">Zestaw Podgrzewacz wody Bobil Air Hybrid + Nagrzewnica Autoterm Diesel : Kompleksowe rozwi\u0105zanie do ogrzewania kampera i ciep\u0142ej wody<\/h4><p data-start=\"191\" data-end=\"535\">Zestaw ten to wyj\u0105tkowe po\u0142\u0105czenie, w kt\u00f3rego sk\u0142ad wchodz\u0105 najpopularniejszy podgrzewacz wody Bobil Air Hybrid oraz wysokiej jako\u015bci nagrzewnica powietrza Autoterm Diesel. Dzi\u0119ki temu zestawowi zyskujesz nie tylko ciep\u0142\u0105 wod\u0119, ale i komfortow\u0105 temperatur\u0119 w Twoim kamperze przez ca\u0142y rok, a to wszystko w jednym pakiecie \u2013 oszcz\u0119dzaj\u0105c pieni\u0105dze i czas!<\/p><h4 style=\"text-align: center;\" data-start=\"537\" data-end=\"559\">Zawarto\u015b\u0107 zestawu:<\/h4><ul data-start=\"560\" data-end=\"865\"><li data-start=\"560\" data-end=\"715\"><strong data-start=\"562\" data-end=\"582\">Podgrzewacz wody Bobil Air Hybrid<\/strong>: dzia\u0142a zar\u00f3wno na energi\u0119 elektryczn\u0105 (12 V, 230 V), jak i na nagrzewnic\u0119 powietrza z silnikiem wysokopr\u0119\u017cnym.<\/li><li data-start=\"716\" data-end=\"862\"><strong data-start=\"718\" data-end=\"744\">Nagrzewnica Autoterm Diesel<\/strong>: Wyb\u00f3r nagrzewnicy o mocy 2 kW (idealnej do ma\u0142ych pojazd\u00f3w) lub 4 kW (dla \u015brednich i du\u017cych samochod\u00f3w dostawczych).<\/li><\/ul><h4 style=\"text-align: center;\" data-start=\"866\" data-end=\"900\">Innowacyjna funkcjonalno\u015b\u0107<\/h4><p data-start=\"901\" data-end=\"1443\">Bobil Air Hybrid to zaawansowany system, kt\u00f3ry pozwala na podgrzewanie wody dzi\u0119ki dw\u00f3m \u017ar\u00f3d\u0142om energii \u2013 wysokopr\u0119\u017cnemu podgrzewaczowi powietrza oraz energii elektrycznej. Dzi\u0119ki wbudowanemu wymiennikowi ciep\u0142a, woda mo\u017ce zosta\u0107 podgrzana przez nagrzewnic\u0119 wysokopr\u0119\u017cn\u0105, zapewniaj\u0105c Ci gor\u0105c\u0105 wod\u0119 do mycia naczy\u0144 lub komfortowy prysznic. Dodatkowo, izolowany, ci\u015bnieniowy zbiornik o pojemno\u015bci 10 litr\u00f3w mo\u017ce by\u0107 \u0142atwo pod\u0142\u0105czony do istniej\u0105cego \u017ar\u00f3d\u0142a wody, a jego wydajno\u015b\u0107 pozwala na utrzymanie temperatury z minimalnym zu\u017cyciem energii.<\/p><h4 style=\"text-align: center;\" data-start=\"1445\" data-end=\"1474\">Nowoczesne sterowanie<\/h4><p data-start=\"1475\" data-end=\"1858\">System wyposa\u017cony jest w nowy inteligentny sterownik Bobil, kt\u00f3ry automatycznie kieruje powietrze w kierunku wymiennika ciep\u0142a i z powrotem, zale\u017cnie od potrzeb \u2013 czy to ogrzewania powietrza w kamperze, czy podgrzewania wody. Sterownik ten obs\u0142uguje r\u00f3wnie\u017c zasilanie 12 V, umo\u017cliwiaj\u0105c wykorzystanie nadmiaru energii s\u0142onecznej, zapewniaj\u0105c w ten spos\u00f3b darmow\u0105 gor\u0105c\u0105 wod\u0119!<\/p><h4 style=\"text-align: center;\" data-start=\"1860\" data-end=\"1905\">Wi\u0119ksza moc i pojemno\u015b\u0107<\/h4><p data-start=\"1906\" data-end=\"2141\">W zestawie znajdziesz nowy, wydajniejszy zbiornik 15L, kt\u00f3ry zapewnia jeszcze wi\u0119ksz\u0105 ilo\u015b\u0107 ciep\u0142ej wody. System jest teraz kompatybilny z hydraulik\u0105 o ci\u015bnieniu do 45 PSI i zawiera nowe z\u0142\u0105cza BSP \u00bd\u201d do \u0142atwego pod\u0142\u0105czenia do systemu.<\/p><h4 style=\"text-align: center;\" data-start=\"2143\" data-end=\"2179\">Wszystko, czego potrzebujesz<\/h4><p data-start=\"2180\" data-end=\"2204\">W sk\u0142ad zestawu wchodzi:<\/p><ul data-start=\"2205\" data-end=\"2447\"><li data-start=\"2205\" data-end=\"2231\">Bobil Hybrid 10L lub 15L<\/li><li data-start=\"2232\" data-end=\"2268\">Wysokoci\u015bnieniowy wymiennik ciep\u0142a<\/li><li data-start=\"2269\" data-end=\"2317\">Adaptery wymiennika + automatyczny rozdzielacz<\/li><li data-start=\"2318\" data-end=\"2348\">Inteligentny sterownik Bobil<\/li><li data-start=\"2349\" data-end=\"2386\">Pompa obiegowa z gumowym w\u0119\u017cem EPDM<\/li><li data-start=\"2387\" data-end=\"2447\">Centralna jednostka hydrauliczna z zaworem nadci\u015bnieniowym<\/li><\/ul><p data-start=\"2449\" data-end=\"2491\"><strong data-start=\"2449\" data-end=\"2482\">Zestaw Autoterm Diesel Heater<\/strong> zawiera:<\/p><ul data-start=\"2492\" data-end=\"2614\"><li data-start=\"2492\" data-end=\"2519\">Nagrzewnic\u0119 2 kW lub 4 kW<\/li><li data-start=\"2520\" data-end=\"2539\">Wybrany panel sterowania<\/li><li data-start=\"2540\" data-end=\"2576\">Pompa paliwa z uchwytem monta\u017cowym<\/li><li data-start=\"2577\" data-end=\"2614\">Wlot powietrza z t\u0142umikiem i wi\u0119cej<\/li><\/ul><h4 style=\"text-align: center;\" data-start=\"2616\" data-end=\"2648\">Bezpiecze\u0144stwo i komfort<\/h4><p data-start=\"2649\" data-end=\"2867\">Dla dodatkowego bezpiecze\u0144stwa, polecamy nasz zestaw termostatycznego zaworu mieszaj\u0105cego, kt\u00f3ry zapewnia bezpieczn\u0105 ciep\u0142\u0105 wod\u0119 bez potrzeby stosowania miksera \u2013 doskona\u0142e rozwi\u0105zanie, je\u015bli podr\u00f3\u017cujesz z dzie\u0107mi!<\/p><h4 style=\"text-align: center;\" data-start=\"2869\" data-end=\"2897\">Zalety Bobil Hybrid:<\/h4><ul data-start=\"2898\" data-end=\"3245\"><li data-start=\"2898\" data-end=\"2972\"><strong data-start=\"2900\" data-end=\"2916\">\u0141atwy monta\u017c<\/strong> \u2013 zaledwie 4 g\u0142\u00f3wne komponenty, gumowy w\u0105\u017c i sterownik.<\/li><li data-start=\"2973\" data-end=\"3065\"><strong data-start=\"2975\" data-end=\"2996\">Energooszcz\u0119dno\u015b\u0107<\/strong> \u2013 gruba pianka poliuretanowa zmniejsza zu\u017cycie energii elektrycznej.<\/li><li data-start=\"3066\" data-end=\"3160\"><strong data-start=\"3068\" data-end=\"3088\">Kompletny zestaw<\/strong> \u2013 wszystkie elementy wymagane do pod\u0142\u0105czenia do systemu hydraulicznego.<\/li><li data-start=\"3161\" data-end=\"3245\"><strong data-start=\"3163\" data-end=\"3189\">Regulowana temperatura<\/strong> \u2013 \u0142atwe programowanie i monitorowanie temperatury wody.<\/li><\/ul><p data-start=\"3247\" data-end=\"3413\"><strong data-start=\"3247\" data-end=\"3283\">Bezpieczny i zgodny z normami CE<\/strong>, Bobil Hybrid to idealne rozwi\u0105zanie dla Twojego kampera, zapewniaj\u0105c komfort i oszcz\u0119dno\u015b\u0107 energii, gdziekolwiek si\u0119 znajdziesz!<\/p><h4 style=\"text-align: center;\" data-start=\"3415\" data-end=\"3438\">Przegl\u0105d wideo:<\/h4><ul data-start=\"3439\" data-end=\"3579\"><li data-start=\"3439\" data-end=\"3502\"><a href=\"https:\/\/youtu.be\/bRYmLeXfDsM\" target=\"_new\" rel=\"noopener\" data-start=\"3441\" data-end=\"3502\">Bobil Hybrid \u2013 Przegl\u0105d wideo<\/a><\/li><li data-start=\"3503\" data-end=\"3579\"><a href=\"https:\/\/youtu.be\/mZ5-EDaCMlk\" target=\"_new\" rel=\"noopener\" data-start=\"3505\" data-end=\"3579\">Instalacja Bobil Hybrid \u2013 Przewodnik wideo<\/a><\/li><\/ul><p data-start=\"3581\" data-end=\"3653\"><strong data-start=\"3581\" data-end=\"3600\">Zam\u00f3w ju\u017c teraz<\/strong> i ciesz si\u0119 wygod\u0105 podr\u00f3\u017cy w komfortowych warunkach!<\/p>\t\t\t\t\t\t\t\t<\/div>\n\t\t\t\t<\/div>\n\t\t\t\t\t<\/div>\n\t\t\t\t<\/div>\n\t\t\t\t<\/div>\n\t\t","protected":false},"excerpt":{"rendered":"<table>\n<tbody>\n<tr>\n<td>Pojemno\u015b\u0107<\/td>\n<td>10 litr\u00f3w; 15 litr\u00f3w<\/td>\n<\/tr>\n<tr>\n<td>Maksymalne ci\u015bnienie pompy<\/td>\n<td>45 PSI<\/td>\n<\/tr>\n<tr>\n<td>Moc<\/td>\n<td>200W (DC), 800W (AC), 2200W (Diesel)<\/td>\n<\/tr>\n<tr>\n<td>Pob\u00f3r mocy pompy i sterownika<\/td>\n<td>2 A podczas pracy. 0,3 A w trybie gotowo\u015bci.<\/td>\n<\/tr>\n<tr>\n<td>Czas nagrzewania elektrycznego od 15 do 60 stopni<\/td>\n<td>10L- AC: 40 minut;\u00a0 DC: 145 minut<br \/>\n15L- AC: 60 minut; DC: 220 minut<\/td>\n<\/tr>\n<tr>\n<td>4kW Diesel czas nagrzewania od 15 do 60 stopni<\/td>\n<td>10L- 15 minut<\/p>\n<p>15L- 25 minut<\/td>\n<\/tr>\n<tr>\n<td>2kW Diesel czas nagrzewania od 15 do 60 stopni<\/td>\n<td>10L- 30 minut<\/p>\n<p>15L- 45 minut<\/td>\n<\/tr>\n<tr>\n<td>Wymiary zbiornika<\/td>\n<td>10L- 430L x 270W x 280H (mm)<br \/>\n15L- 480L X 300W x 310H (mm)<\/td>\n<\/tr>\n<tr>\n<td>Wymiary wymiennika ciep\u0142a (z adapterami)<\/td>\n<td>240 d\u0142. x 120 szer. x 220 wys. (mm) Kr\u00f3tszy w przypadku przewod\u00f3w o \u015brednicy 75 i 90 mm.<\/td>\n<\/tr>\n<\/tbody>\n<\/table>\n<p style=\"text-align: center;\"><a href=\"https:\/\/67186c01-69ba-4e2e-8cab-34f18107615a.usrfiles.com\/ugd\/67186c_340f7ecaca63458faaa00326c6fd069b.pdf\" target=\"_blank\" rel=\"noopener\"><span style=\"text-decoration: underline;\">Instrukcja instalacji<\/span><\/a> (podw\u00f3jne napi\u0119cie)<\/p>\n<p style=\"text-align: center;\"><a href=\"https:\/\/67186c01-69ba-4e2e-8cab-34f18107615a.usrfiles.com\/ugd\/67186c_01c61df484ef42348565ac53bc94892e.pdf\" target=\"_blank\" rel=\"noopener\"><span style=\"text-decoration: underline;\">Instrukcja instalacji<\/span><\/a> (napi\u0119cie 12 V)<\/p>\n<hr \/>\n<p>&nbsp;<\/p>\n","protected":false},"featured_media":3539,"comment_status":"open","ping_status":"closed","template":"","meta":{"site-sidebar-layout":"no-sidebar","site-content-layout":"","ast-site-content-layout":"full-width-container","site-content-style":"default","site-sidebar-style":"default","ast-global-header-display":"","ast-banner-title-visibility":"","ast-main-header-display":"","ast-hfb-above-header-display":"","ast-hfb-below-header-display":"","ast-hfb-mobile-header-display":"","site-post-title":"disabled","ast-breadcrumbs-content":"","ast-featured-img":"disabled","footer-sml-layout":"","theme-transparent-header-meta":"default","adv-header-id-meta":"","stick-header-meta":"","header-above-stick-meta":"","header-main-stick-meta":"","header-below-stick-meta":"","astra-migrate-meta-layouts":"set","ast-page-background-enabled":"default","ast-page-background-meta":{"desktop":{"background-color":"var(--ast-global-color-4)","background-image":"","background-repeat":"repeat","background-position":"center center","background-size":"auto","background-attachment":"scroll","background-type":"","background-media":"","overlay-type":"","overlay-color":"","overlay-opacity":"","overlay-gradient":""},"tablet":{"background-color":"","background-image":"","background-repeat":"repeat","background-position":"center center","background-size":"auto","background-attachment":"scroll","background-type":"","background-media":"","overlay-type":"","overlay-color":"","overlay-opacity":"","overlay-gradient":""},"mobile":{"background-color":"","background-image":"","background-repeat":"repeat","background-position":"center center","background-size":"auto","background-attachment":"scroll","background-type":"","background-media":"","overlay-type":"","overlay-color":"","overlay-opacity":"","overlay-gradient":""}},"ast-content-background-meta":{"desktop":{"background-color":"var(--ast-global-color-5)","background-image":"","background-repeat":"repeat","background-position":"center center","background-size":"auto","background-attachment":"scroll","background-type":"","background-media":"","overlay-type":"","overlay-color":"","overlay-opacity":"","overlay-gradient":""},"tablet":{"background-color":"var(--ast-global-color-5)","background-image":"","background-repeat":"repeat","background-position":"center center","background-size":"auto","background-attachment":"scroll","background-type":"","background-media":"","overlay-type":"","overlay-color":"","overlay-opacity":"","overlay-gradient":""},"mobile":{"background-color":"var(--ast-global-color-5)","background-image":"","background-repeat":"repeat","background-position":"center center","background-size":"auto","background-attachment":"scroll","background-type":"","background-media":"","overlay-type":"","overlay-color":"","overlay-opacity":"","overlay-gradient":""}}},"product_brand":[272,268],"product_cat":[206],"product_tag":[],"class_list":{"0":"post-3637","1":"product","2":"type-product","3":"status-publish","4":"has-post-thumbnail","6":"product_brand-autoterm","7":"product_brand-bobilvans","8":"product_cat-nagrzewnice-olejowe-diesel","9":"product_shipping_class-importowane-uk","10":"desktop-align-center","11":"tablet-align-left","12":"mobile-align-left","14":"first","15":"onbackorder","16":"taxable","17":"shipping-taxable","18":"purchasable","19":"product-type-variable","20":"has-default-attributes"},"_links":{"self":[{"href":"https:\/\/hatu.pl\/index.php\/wp-json\/wp\/v2\/product\/3637","targetHints":{"allow":["GET"]}}],"collection":[{"href":"https:\/\/hatu.pl\/index.php\/wp-json\/wp\/v2\/product"}],"about":[{"href":"https:\/\/hatu.pl\/index.php\/wp-json\/wp\/v2\/types\/product"}],"replies":[{"embeddable":true,"href":"https:\/\/hatu.pl\/index.php\/wp-json\/wp\/v2\/comments?post=3637"}],"version-history":[{"count":16,"href":"https:\/\/hatu.pl\/index.php\/wp-json\/wp\/v2\/product\/3637\/revisions"}],"predecessor-version":[{"id":4509,"href":"https:\/\/hatu.pl\/index.php\/wp-json\/wp\/v2\/product\/3637\/revisions\/4509"}],"wp:featuredmedia":[{"embeddable":true,"href":"https:\/\/hatu.pl\/index.php\/wp-json\/wp\/v2\/media\/3539"}],"wp:attachment":[{"href":"https:\/\/hatu.pl\/index.php\/wp-json\/wp\/v2\/media?parent=3637"}],"wp:term":[{"taxonomy":"product_brand","embeddable":true,"href":"https:\/\/hatu.pl\/index.php\/wp-json\/wp\/v2\/product_brand?post=3637"},{"taxonomy":"product_cat","embeddable":true,"href":"https:\/\/hatu.pl\/index.php\/wp-json\/wp\/v2\/product_cat?post=3637"},{"taxonomy":"product_tag","embeddable":true,"href":"https:\/\/hatu.pl\/index.php\/wp-json\/wp\/v2\/product_tag?post=3637"}],"curies":[{"name":"wp","href":"https:\/\/api.w.org\/{rel}","templated":true}]}}