{"id":3704,"date":"2025-02-25T15:39:58","date_gmt":"2025-02-25T14:39:58","guid":{"rendered":"https:\/\/hatu.pl\/?post_type=product&#038;p=3704"},"modified":"2025-05-20T10:15:52","modified_gmt":"2025-05-20T08:15:52","slug":"vw-t5-t6-2kw-powietrzna-nagrzewnica","status":"publish","type":"product","link":"https:\/\/hatu.pl\/index.php\/produkt\/vw-t5-t6-2kw-powietrzna-nagrzewnica\/","title":{"rendered":"VW T5\/T6 2kW AUTOTERM powietrzna nagrzewnica na olej nap\u0119dowy (Air Diesel Heater)"},"content":{"rendered":"\t\t<div data-elementor-type=\"product-post\" data-elementor-id=\"3704\" class=\"elementor elementor-3704\" data-elementor-post-type=\"product\">\n\t\t\t\t<div class=\"elementor-element elementor-element-7d49677 e-flex e-con-boxed e-con e-parent\" data-id=\"7d49677\" data-element_type=\"container\" data-e-type=\"container\">\n\t\t\t\t\t<div class=\"e-con-inner\">\n\t\t\t\t<div class=\"elementor-element elementor-element-a6eddd8 elementor-widget elementor-widget-text-editor\" data-id=\"a6eddd8\" data-element_type=\"widget\" data-e-type=\"widget\" data-widget_type=\"text-editor.default\">\n\t\t\t\t<div class=\"elementor-widget-container\">\n\t\t\t\t\t\t\t\t\t<h4 style=\"text-align: center;\" data-start=\"138\" data-end=\"225\">Powietrzna nagrzewnica Autoterm 2 kW \u2013 wydajne ogrzewanie dla Twojego kampera<\/h4><p data-start=\"227\" data-end=\"590\">\u2705 <strong data-start=\"229\" data-end=\"251\">Wyprodukowana w UE<\/strong> nagrzewnica Autoterm \u0142\u0105czy w sobie <strong data-start=\"287\" data-end=\"306\">atrakcyjn\u0105 cen\u0119<\/strong> oraz <strong data-start=\"312\" data-end=\"340\">niezawodno\u015b\u0107 i gwarancj\u0119<\/strong> znan\u0105 z marek premium, takich jak Eberspacher i Webasto.<br data-start=\"397\" data-end=\"400\" \/>\u2705 <strong data-start=\"402\" data-end=\"425\">Idealna do VW T5\/T6<\/strong> \u2013 zestaw zaprojektowany specjalnie do monta\u017cu w tych modelach.<br data-start=\"488\" data-end=\"491\" \/>\u2705 <strong data-start=\"493\" data-end=\"523\">Ekonomiczne zu\u017cycie paliwa<\/strong> \u2013 tylko <strong data-start=\"532\" data-end=\"570\">0,25 l oleju nap\u0119dowego na godzin\u0119<\/strong> przy pe\u0142nej mocy!<\/p><h4 data-start=\"592\" data-end=\"634\">Zaawansowana kontrola ogrzewania<\/h4><p data-start=\"636\" data-end=\"703\">Wybierz jeden z <strong data-start=\"652\" data-end=\"669\">3 sterownik\u00f3w<\/strong> dopasowanych do Twoich potrzeb:<\/p><ul data-start=\"704\" data-end=\"970\"><li data-start=\"704\" data-end=\"772\"><strong data-start=\"706\" data-end=\"715\">PU-05<\/strong> \u2013 proste w\u0142\u0105czanie\/wy\u0142\u0105czanie i regulacja wentylatora.<\/li><li data-start=\"773\" data-end=\"834\"><strong data-start=\"775\" data-end=\"794\">Push Controller<\/strong> \u2013 minimalistyczny i elegancki design.<\/li><li data-start=\"835\" data-end=\"970\"><strong data-start=\"837\" data-end=\"859\">Comfort Controller<\/strong> \u2013 zaawansowany wy\u015bwietlacz i funkcja timera, np. ustawienie ogrzewania na okre\u015blon\u0105 godzin\u0119 lub temperatur\u0119.<\/li><\/ul><p data-start=\"972\" data-end=\"1140\">Sterowniki <strong data-start=\"983\" data-end=\"1010\">PU-05 i Push Controller<\/strong> mog\u0105 dzia\u0142a\u0107 termostatycznie po pod\u0142\u0105czeniu zewn\u0119trznego czujnika temperatury. <strong data-start=\"1090\" data-end=\"1112\">Comfort Controller<\/strong> ma ju\u017c wbudowany czujnik.<\/p><h4 style=\"text-align: center;\" data-start=\"1142\" data-end=\"1195\">Dlaczego warto wybra\u0107 nagrzewnic\u0119 Autoterm?<\/h4><p data-start=\"1196\" data-end=\"1525\">\u2705 <strong data-start=\"1198\" data-end=\"1220\">3-letnia gwarancja<\/strong> i globalna mo\u017cliwo\u015b\u0107 serwisowania<br data-start=\"1254\" data-end=\"1257\" \/>\u2705 <strong data-start=\"1259\" data-end=\"1274\">Cicha praca<\/strong> \u2013 dzi\u0119ki t\u0142umionemu wlotowi powietrza i cichej pompie paliwa<br data-start=\"1335\" data-end=\"1338\" \/>\u2705 <strong data-start=\"1340\" data-end=\"1371\">Odporno\u015b\u0107 na du\u017ce wysoko\u015bci<\/strong> \u2013 wbudowany czujnik ci\u015bnienia<br data-start=\"1401\" data-end=\"1404\" \/>\u2705 <strong data-start=\"1406\" data-end=\"1476\">Lepsza jako\u015b\u0107 ni\u017c chi\u0144skie nagrzewnice, lepsza cena ni\u017c niemieckie<\/strong><br data-start=\"1476\" data-end=\"1479\" \/>\u2705 <strong data-start=\"1481\" data-end=\"1512\">Brak potrzeby u\u017cywania gazu<\/strong> w kamperze<\/p><h4 style=\"text-align: center;\" data-start=\"1527\" data-end=\"1554\">Zawarto\u015b\u0107 zestawu<\/h4><ul data-start=\"1555\" data-end=\"1803\"><li data-start=\"1555\" data-end=\"1576\">Wybrany sterownik<\/li><li data-start=\"1577\" data-end=\"1615\">Pompa paliwa z uchwytem monta\u017cowym<\/li><li data-start=\"1616\" data-end=\"1660\"><strong data-start=\"1618\" data-end=\"1658\">1 m przewodu wydechowego z t\u0142umikiem<\/strong><\/li><li data-start=\"1661\" data-end=\"1720\">Przewody paliwowe i zasilaj\u0105ce + skrzynka bezpiecznik\u00f3w<\/li><li data-start=\"1721\" data-end=\"1751\">Wlot powietrza z t\u0142umikiem<\/li><li data-start=\"1752\" data-end=\"1803\">Wszystkie niezb\u0119dne mocowania, \u015bruby i nakr\u0119tki<\/li><\/ul><p data-start=\"1805\" data-end=\"1840\"><strong data-start=\"1805\" data-end=\"1838\">Dodatki w wersji zewn\u0119trznej:<\/strong><\/p><ul data-start=\"1841\" data-end=\"1972\"><li data-start=\"1841\" data-end=\"1881\"><strong data-start=\"1843\" data-end=\"1879\">Zewn\u0119trzny wspornik monta\u017cowy VW<\/strong><\/li><li data-start=\"1882\" data-end=\"1929\"><strong data-start=\"1884\" data-end=\"1915\">2 otwory wentylacyjne 60 mm<\/strong> (zamiast 1)<\/li><li data-start=\"1930\" data-end=\"1972\"><strong data-start=\"1932\" data-end=\"1956\">1,5 m przewodu 60 mm<\/strong> (zamiast 1 m)<\/li><\/ul><p data-start=\"1974\" data-end=\"2108\">\ud83d\udd0d <strong data-start=\"1977\" data-end=\"2048\">Chcesz zobaczy\u0107 pe\u0142ne por\u00f3wnanie Autoterm z ta\u0144szymi nagrzewnicami?<\/strong><br data-start=\"2048\" data-end=\"2051\" \/>Zobacz szczeg\u00f3\u0142owy test wideo Alexa Frooda<a href=\"https:\/\/www.youtube.com\/watch?v=-KBN6gXtpLY\" target=\"_blank\" rel=\"noopener\"> <strong data-start=\"2094\" data-end=\"2105\">[tutaj]<\/strong>.<\/a><\/p>\t\t\t\t\t\t\t\t<\/div>\n\t\t\t\t<\/div>\n\t\t\t\t\t<\/div>\n\t\t\t\t<\/div>\n\t\t\t\t<\/div>\n\t\t","protected":false},"excerpt":{"rendered":"<p>Powietrzna nagrzewnica Autoterm 2 kW \u2013 wydajne ogrzewanie dla Twojego kampera \u2705 Wyprodukowana w UE nagrzewnica Autoterm \u0142\u0105czy w sobie [&hellip;]<\/p>\n","protected":false},"featured_media":3716,"comment_status":"open","ping_status":"closed","template":"","meta":{"site-sidebar-layout":"no-sidebar","site-content-layout":"","ast-site-content-layout":"full-width-container","site-content-style":"default","site-sidebar-style":"default","ast-global-header-display":"","ast-banner-title-visibility":"","ast-main-header-display":"","ast-hfb-above-header-display":"","ast-hfb-below-header-display":"","ast-hfb-mobile-header-display":"","site-post-title":"disabled","ast-breadcrumbs-content":"","ast-featured-img":"disabled","footer-sml-layout":"","theme-transparent-header-meta":"default","adv-header-id-meta":"","stick-header-meta":"","header-above-stick-meta":"","header-main-stick-meta":"","header-below-stick-meta":"","astra-migrate-meta-layouts":"set","ast-page-background-enabled":"default","ast-page-background-meta":{"desktop":{"background-color":"var(--ast-global-color-4)","background-image":"","background-repeat":"repeat","background-position":"center center","background-size":"auto","background-attachment":"scroll","background-type":"","background-media":"","overlay-type":"","overlay-color":"","overlay-opacity":"","overlay-gradient":""},"tablet":{"background-color":"","background-image":"","background-repeat":"repeat","background-position":"center center","background-size":"auto","background-attachment":"scroll","background-type":"","background-media":"","overlay-type":"","overlay-color":"","overlay-opacity":"","overlay-gradient":""},"mobile":{"background-color":"","background-image":"","background-repeat":"repeat","background-position":"center center","background-size":"auto","background-attachment":"scroll","background-type":"","background-media":"","overlay-type":"","overlay-color":"","overlay-opacity":"","overlay-gradient":""}},"ast-content-background-meta":{"desktop":{"background-color":"var(--ast-global-color-5)","background-image":"","background-repeat":"repeat","background-position":"center center","background-size":"auto","background-attachment":"scroll","background-type":"","background-media":"","overlay-type":"","overlay-color":"","overlay-opacity":"","overlay-gradient":""},"tablet":{"background-color":"var(--ast-global-color-5)","background-image":"","background-repeat":"repeat","background-position":"center center","background-size":"auto","background-attachment":"scroll","background-type":"","background-media":"","overlay-type":"","overlay-color":"","overlay-opacity":"","overlay-gradient":""},"mobile":{"background-color":"var(--ast-global-color-5)","background-image":"","background-repeat":"repeat","background-position":"center center","background-size":"auto","background-attachment":"scroll","background-type":"","background-media":"","overlay-type":"","overlay-color":"","overlay-opacity":"","overlay-gradient":""}}},"product_brand":[272],"product_cat":[182,206],"product_tag":[],"class_list":{"0":"post-3704","1":"product","2":"type-product","3":"status-publish","4":"has-post-thumbnail","6":"product_brand-autoterm","7":"product_cat-systemy-ogrzewania","8":"product_cat-nagrzewnice-olejowe-diesel","9":"product_shipping_class-importowane-uk","10":"desktop-align-center","11":"tablet-align-left","12":"mobile-align-left","14":"first","15":"onbackorder","16":"taxable","17":"shipping-taxable","18":"purchasable","19":"product-type-variable","20":"has-default-attributes"},"_links":{"self":[{"href":"https:\/\/hatu.pl\/index.php\/wp-json\/wp\/v2\/product\/3704","targetHints":{"allow":["GET"]}}],"collection":[{"href":"https:\/\/hatu.pl\/index.php\/wp-json\/wp\/v2\/product"}],"about":[{"href":"https:\/\/hatu.pl\/index.php\/wp-json\/wp\/v2\/types\/product"}],"replies":[{"embeddable":true,"href":"https:\/\/hatu.pl\/index.php\/wp-json\/wp\/v2\/comments?post=3704"}],"version-history":[{"count":6,"href":"https:\/\/hatu.pl\/index.php\/wp-json\/wp\/v2\/product\/3704\/revisions"}],"predecessor-version":[{"id":3719,"href":"https:\/\/hatu.pl\/index.php\/wp-json\/wp\/v2\/product\/3704\/revisions\/3719"}],"wp:featuredmedia":[{"embeddable":true,"href":"https:\/\/hatu.pl\/index.php\/wp-json\/wp\/v2\/media\/3716"}],"wp:attachment":[{"href":"https:\/\/hatu.pl\/index.php\/wp-json\/wp\/v2\/media?parent=3704"}],"wp:term":[{"taxonomy":"product_brand","embeddable":true,"href":"https:\/\/hatu.pl\/index.php\/wp-json\/wp\/v2\/product_brand?post=3704"},{"taxonomy":"product_cat","embeddable":true,"href":"https:\/\/hatu.pl\/index.php\/wp-json\/wp\/v2\/product_cat?post=3704"},{"taxonomy":"product_tag","embeddable":true,"href":"https:\/\/hatu.pl\/index.php\/wp-json\/wp\/v2\/product_tag?post=3704"}],"curies":[{"name":"wp","href":"https:\/\/api.w.org\/{rel}","templated":true}]}}