{"id":3732,"date":"2025-02-26T10:55:25","date_gmt":"2025-02-26T09:55:25","guid":{"rendered":"https:\/\/hatu.pl\/?post_type=product&#038;p=3732"},"modified":"2025-11-28T12:51:41","modified_gmt":"2025-11-28T11:51:41","slug":"zbiornik-na-wode-85-l","status":"publish","type":"product","link":"https:\/\/hatu.pl\/index.php\/produkt\/zbiornik-na-wode-85-l\/","title":{"rendered":"Zbiornik na wod\u0119 85 L"},"content":{"rendered":"\t\t<div data-elementor-type=\"product-post\" data-elementor-id=\"3732\" class=\"elementor elementor-3732\" data-elementor-post-type=\"product\">\n\t\t\t\t<div class=\"elementor-element elementor-element-ffa889c e-flex e-con-boxed e-con e-parent\" data-id=\"ffa889c\" data-element_type=\"container\" data-e-type=\"container\">\n\t\t\t\t\t<div class=\"e-con-inner\">\n\t\t\t\t<div class=\"elementor-element elementor-element-12479af elementor-widget elementor-widget-text-editor\" data-id=\"12479af\" data-element_type=\"widget\" data-e-type=\"widget\" data-widget_type=\"text-editor.default\">\n\t\t\t\t<div class=\"elementor-widget-container\">\n\t\t\t\t\t\t\t\t\t<h4 data-start=\"61\" data-end=\"105\">Zbiornik na wod\u0119 85 L \u2013 Wydale Plastics<\/h4><p data-start=\"107\" data-end=\"350\">Solidny i praktyczny zbiornik na wod\u0119 o pojemno\u015bci 85 litr\u00f3w, wykonany przez renomowan\u0105 firm\u0119 <strong data-start=\"201\" data-end=\"220\">Wydale Plastics<\/strong>. Idealny do przechowywania \u015bwie\u017cej wody, sprawdzi si\u0119 w kamperach, przyczepach kempingowych oraz innych instalacjach mobilnych.<\/p><h4 data-start=\"352\" data-end=\"378\">Cechy produktu:<\/h4><p data-start=\"379\" data-end=\"660\">\u2705 Pojemno\u015b\u0107: <strong data-start=\"392\" data-end=\"405\">85 litr\u00f3w<\/strong><br data-start=\"405\" data-end=\"408\" \/>\u2705 Wykonany z wytrzyma\u0142ego tworzywa, odpornego na uszkodzenia<br data-start=\"468\" data-end=\"471\" \/>\u2705 5-calowa niewentylowana zakr\u0119tka u\u0142atwiaj\u0105ca dost\u0119p<br data-start=\"528\" data-end=\"531\" \/>\u2705 Wylot <strong data-start=\"539\" data-end=\"545\">\u00be\u201d<\/strong>, kompatybilny z typowymi systemami instalacyjnymi<br data-start=\"595\" data-end=\"598\" \/>\u2705 Wymiary<strong data-start=\"600\" data-end=\"612\">:<\/strong> 600 mm (d\u0142.) \u00d7 310 mm (szer.) \u00d7 500 mm (wys.)<\/p><p data-start=\"662\" data-end=\"720\">Szczeg\u00f3\u0142owe wymiary dost\u0119pne na drugim zdj\u0119ciu produktu.<\/p><h4 data-start=\"722\" data-end=\"753\"><strong data-start=\"727\" data-end=\"751\">Mo\u017cliwo\u015b\u0107 wyposa\u017cenia w:<\/strong><\/h4><p data-start=\"754\" data-end=\"869\">\ud83d\udd39 <span style=\"text-decoration: underline;\">gravity fill kit<\/span>\u00a0<br data-start=\"816\" data-end=\"819\" \/>\ud83d\udd39 <span style=\"text-decoration: underline;\">backfill kit<\/span><\/p><p data-start=\"871\" data-end=\"1018\">Potrzebujesz pompy, z\u0142\u0105czy lub rur do instalacji wodno-kanalizacyjnej? Sprawd\u017a nasz\u0105 pe\u0142n\u0105 ofert\u0119 w kategorii <a href=\"https:\/\/hatu.pl\/index.php\/kategoria-produktu\/systemy-ogrzewania\/instalacja-wodno-kanalizacyjna-osprzet\/\" target=\"_blank\" rel=\"noopener\"><span style=\"text-decoration: underline;\"><strong data-start=\"981\" data-end=\"1015\">instalacje wodno-kanalizacyjne<\/strong>.<\/span><\/a><\/p><p data-start=\"1020\" data-end=\"1095\" data-is-last-node=\"\" data-is-only-node=\"\">\ud83d\udc49 <strong data-start=\"1023\" data-end=\"1095\" data-is-last-node=\"\">Zam\u00f3w ju\u017c dzi\u015b i zadbaj o niezawodny system wodny w swoim poje\u017adzie!<\/strong><\/p>\t\t\t\t\t\t\t\t<\/div>\n\t\t\t\t<\/div>\n\t\t\t\t\t<\/div>\n\t\t\t\t<\/div>\n\t\t\t\t<\/div>\n\t\t","protected":false},"excerpt":{"rendered":"<p>Zbiornik na wod\u0119 85 L \u2013 Wydale Plastics Solidny i praktyczny zbiornik na wod\u0119 o pojemno\u015bci 85 litr\u00f3w, wykonany przez [&hellip;]<\/p>\n","protected":false},"featured_media":3730,"comment_status":"open","ping_status":"closed","template":"","meta":{"site-sidebar-layout":"no-sidebar","site-content-layout":"","ast-site-content-layout":"full-width-container","site-content-style":"default","site-sidebar-style":"default","ast-global-header-display":"","ast-banner-title-visibility":"","ast-main-header-display":"","ast-hfb-above-header-display":"","ast-hfb-below-header-display":"","ast-hfb-mobile-header-display":"","site-post-title":"disabled","ast-breadcrumbs-content":"","ast-featured-img":"disabled","footer-sml-layout":"","theme-transparent-header-meta":"default","adv-header-id-meta":"","stick-header-meta":"","header-above-stick-meta":"","header-main-stick-meta":"","header-below-stick-meta":"","astra-migrate-meta-layouts":"set","ast-page-background-enabled":"default","ast-page-background-meta":{"desktop":{"background-color":"var(--ast-global-color-4)","background-image":"","background-repeat":"repeat","background-position":"center center","background-size":"auto","background-attachment":"scroll","background-type":"","background-media":"","overlay-type":"","overlay-color":"","overlay-opacity":"","overlay-gradient":""},"tablet":{"background-color":"","background-image":"","background-repeat":"repeat","background-position":"center center","background-size":"auto","background-attachment":"scroll","background-type":"","background-media":"","overlay-type":"","overlay-color":"","overlay-opacity":"","overlay-gradient":""},"mobile":{"background-color":"","background-image":"","background-repeat":"repeat","background-position":"center center","background-size":"auto","background-attachment":"scroll","background-type":"","background-media":"","overlay-type":"","overlay-color":"","overlay-opacity":"","overlay-gradient":""}},"ast-content-background-meta":{"desktop":{"background-color":"var(--ast-global-color-5)","background-image":"","background-repeat":"repeat","background-position":"center center","background-size":"auto","background-attachment":"scroll","background-type":"","background-media":"","overlay-type":"","overlay-color":"","overlay-opacity":"","overlay-gradient":""},"tablet":{"background-color":"var(--ast-global-color-5)","background-image":"","background-repeat":"repeat","background-position":"center center","background-size":"auto","background-attachment":"scroll","background-type":"","background-media":"","overlay-type":"","overlay-color":"","overlay-opacity":"","overlay-gradient":""},"mobile":{"background-color":"var(--ast-global-color-5)","background-image":"","background-repeat":"repeat","background-position":"center center","background-size":"auto","background-attachment":"scroll","background-type":"","background-media":"","overlay-type":"","overlay-color":"","overlay-opacity":"","overlay-gradient":""}}},"product_brand":[268],"product_cat":[208,209],"product_tag":[],"class_list":{"0":"post-3732","1":"product","2":"type-product","3":"status-publish","4":"has-post-thumbnail","6":"product_brand-bobilvans","7":"product_cat-zbiorniki-na-wode","8":"product_cat-instalacja-sanitarna-w-kamperze","9":"product_shipping_class-importowane-uk","10":"desktop-align-center","11":"tablet-align-left","12":"mobile-align-left","14":"first","15":"onbackorder","16":"taxable","17":"shipping-taxable","18":"purchasable","19":"product-type-variable","20":"has-default-attributes"},"_links":{"self":[{"href":"https:\/\/hatu.pl\/index.php\/wp-json\/wp\/v2\/product\/3732","targetHints":{"allow":["GET"]}}],"collection":[{"href":"https:\/\/hatu.pl\/index.php\/wp-json\/wp\/v2\/product"}],"about":[{"href":"https:\/\/hatu.pl\/index.php\/wp-json\/wp\/v2\/types\/product"}],"replies":[{"embeddable":true,"href":"https:\/\/hatu.pl\/index.php\/wp-json\/wp\/v2\/comments?post=3732"}],"version-history":[{"count":17,"href":"https:\/\/hatu.pl\/index.php\/wp-json\/wp\/v2\/product\/3732\/revisions"}],"predecessor-version":[{"id":4176,"href":"https:\/\/hatu.pl\/index.php\/wp-json\/wp\/v2\/product\/3732\/revisions\/4176"}],"wp:featuredmedia":[{"embeddable":true,"href":"https:\/\/hatu.pl\/index.php\/wp-json\/wp\/v2\/media\/3730"}],"wp:attachment":[{"href":"https:\/\/hatu.pl\/index.php\/wp-json\/wp\/v2\/media?parent=3732"}],"wp:term":[{"taxonomy":"product_brand","embeddable":true,"href":"https:\/\/hatu.pl\/index.php\/wp-json\/wp\/v2\/product_brand?post=3732"},{"taxonomy":"product_cat","embeddable":true,"href":"https:\/\/hatu.pl\/index.php\/wp-json\/wp\/v2\/product_cat?post=3732"},{"taxonomy":"product_tag","embeddable":true,"href":"https:\/\/hatu.pl\/index.php\/wp-json\/wp\/v2\/product_tag?post=3732"}],"curies":[{"name":"wp","href":"https:\/\/api.w.org\/{rel}","templated":true}]}}