{"id":3769,"date":"2025-03-03T11:46:18","date_gmt":"2025-03-03T10:46:18","guid":{"rendered":"https:\/\/hatu.pl\/?post_type=product&#038;p=3769"},"modified":"2025-11-28T12:52:40","modified_gmt":"2025-11-28T11:52:40","slug":"zbiornik-na-wode-60l","status":"publish","type":"product","link":"https:\/\/hatu.pl\/index.php\/produkt\/zbiornik-na-wode-60l\/","title":{"rendered":"Zbiornik na wod\u0119 60L"},"content":{"rendered":"\t\t<div data-elementor-type=\"product-post\" data-elementor-id=\"3769\" class=\"elementor elementor-3769\" data-elementor-post-type=\"product\">\n\t\t\t\t<div class=\"elementor-element elementor-element-e57fb40 e-flex e-con-boxed e-con e-parent\" data-id=\"e57fb40\" data-element_type=\"container\" data-e-type=\"container\">\n\t\t\t\t\t<div class=\"e-con-inner\">\n\t\t\t\t<div class=\"elementor-element elementor-element-dd3b583 elementor-widget elementor-widget-text-editor\" data-id=\"dd3b583\" data-element_type=\"widget\" data-e-type=\"widget\" data-widget_type=\"text-editor.default\">\n\t\t\t\t<div class=\"elementor-widget-container\">\n\t\t\t\t\t\t\t\t\t<h3 style=\"text-align: center;\" data-start=\"0\" data-end=\"27\">Zbiornik na wod\u0119 60L<\/h3><p data-start=\"75\" data-end=\"322\">Solidny i praktyczny zbiornik na wod\u0119 o pojemno\u015bci <strong data-start=\"126\" data-end=\"139\">60 litr\u00f3w<\/strong>, wykonany przez renomowan\u0105 firm\u0119 <strong data-start=\"173\" data-end=\"192\">Wydale Plastics<\/strong>. Idealny do przechowywania \u015bwie\u017cej wody, sprawdzi si\u0119 w kamperach, przyczepach kempingowych oraz innych instalacjach mobilnych.<\/p><h4 style=\"text-align: center;\" data-start=\"324\" data-end=\"350\">Cechy produktu:<\/h4><p data-start=\"351\" data-end=\"636\">\u2705 <strong data-start=\"353\" data-end=\"367\">Pojemno\u015b\u0107:<\/strong> 60 litr\u00f3w<br data-start=\"377\" data-end=\"380\" \/>\u2705 <strong data-start=\"382\" data-end=\"418\">Wykonany z wytrzyma\u0142ego tworzywa<\/strong>, odpornego na uszkodzenia<br data-start=\"444\" data-end=\"447\" \/>\u2705 <strong data-start=\"449\" data-end=\"485\">5-calowa niewentylowana zakr\u0119tka<\/strong> u\u0142atwiaj\u0105ca dost\u0119p<br data-start=\"504\" data-end=\"507\" \/>\u2705 <strong data-start=\"509\" data-end=\"521\">Wylot \u00be\u201d<\/strong>, kompatybilny z typowymi systemami instalacyjnymi<br data-start=\"571\" data-end=\"574\" data-is-only-node=\"\" \/>\u2705 <strong data-start=\"576\" data-end=\"588\">Wymiary:<\/strong> 800 mm (d\u0142.) \u00d7 350 mm (szer.) \u00d7 250 mm (wys.)<\/p><p data-start=\"638\" data-end=\"696\">Szczeg\u00f3\u0142owe wymiary dost\u0119pne na drugim zdj\u0119ciu produktu.<\/p><h4 style=\"text-align: center;\" data-start=\"698\" data-end=\"733\">Mo\u017cliwo\u015b\u0107 wyposa\u017cenia w:<\/h4><p data-start=\"734\" data-end=\"781\">\ud83d\udd39 <strong data-start=\"737\" data-end=\"757\">Gravity fill kit<\/strong><br data-start=\"757\" data-end=\"760\" \/>\ud83d\udd39 <strong data-start=\"763\" data-end=\"779\">Backfill kit<\/strong><\/p><p data-start=\"783\" data-end=\"930\">Potrzebujesz pompy, z\u0142\u0105czy lub rur do instalacji wodno-kanalizacyjnej? Sprawd\u017a nasz\u0105 pe\u0142n\u0105 ofert\u0119 w kategorii<a href=\"https:\/\/hatu.pl\/index.php\/kategoria-produktu\/systemy-ogrzewania\/instalacja-wodno-kanalizacyjna-osprzet\/\" target=\"_blank\" rel=\"noopener\"> <span style=\"text-decoration: underline;\"><strong data-start=\"893\" data-end=\"927\">instalacje wodno-kanalizacyjne<\/strong>.<\/span><\/a><\/p><p data-start=\"932\" data-end=\"1007\" data-is-last-node=\"\" data-is-only-node=\"\">\ud83d\udc49 <strong data-start=\"935\" data-end=\"1007\" data-is-last-node=\"\">Zam\u00f3w ju\u017c dzi\u015b i zadbaj o niezawodny system wodny w swoim poje\u017adzie!<\/strong><\/p>\t\t\t\t\t\t\t\t<\/div>\n\t\t\t\t<\/div>\n\t\t\t\t\t<\/div>\n\t\t\t\t<\/div>\n\t\t\t\t<\/div>\n\t\t","protected":false},"excerpt":{"rendered":"<p>Zbiornik na wod\u0119 60L Solidny i praktyczny zbiornik na wod\u0119 o pojemno\u015bci 60 litr\u00f3w, wykonany przez renomowan\u0105 firm\u0119 Wydale Plastics. [&hellip;]<\/p>\n","protected":false},"featured_media":3779,"comment_status":"open","ping_status":"closed","template":"","meta":{"site-sidebar-layout":"no-sidebar","site-content-layout":"","ast-site-content-layout":"full-width-container","site-content-style":"default","site-sidebar-style":"default","ast-global-header-display":"","ast-banner-title-visibility":"","ast-main-header-display":"","ast-hfb-above-header-display":"","ast-hfb-below-header-display":"","ast-hfb-mobile-header-display":"","site-post-title":"disabled","ast-breadcrumbs-content":"","ast-featured-img":"disabled","footer-sml-layout":"","theme-transparent-header-meta":"default","adv-header-id-meta":"","stick-header-meta":"","header-above-stick-meta":"","header-main-stick-meta":"","header-below-stick-meta":"","astra-migrate-meta-layouts":"set","ast-page-background-enabled":"default","ast-page-background-meta":{"desktop":{"background-color":"var(--ast-global-color-4)","background-image":"","background-repeat":"repeat","background-position":"center center","background-size":"auto","background-attachment":"scroll","background-type":"","background-media":"","overlay-type":"","overlay-color":"","overlay-opacity":"","overlay-gradient":""},"tablet":{"background-color":"","background-image":"","background-repeat":"repeat","background-position":"center center","background-size":"auto","background-attachment":"scroll","background-type":"","background-media":"","overlay-type":"","overlay-color":"","overlay-opacity":"","overlay-gradient":""},"mobile":{"background-color":"","background-image":"","background-repeat":"repeat","background-position":"center center","background-size":"auto","background-attachment":"scroll","background-type":"","background-media":"","overlay-type":"","overlay-color":"","overlay-opacity":"","overlay-gradient":""}},"ast-content-background-meta":{"desktop":{"background-color":"var(--ast-global-color-5)","background-image":"","background-repeat":"repeat","background-position":"center center","background-size":"auto","background-attachment":"scroll","background-type":"","background-media":"","overlay-type":"","overlay-color":"","overlay-opacity":"","overlay-gradient":""},"tablet":{"background-color":"var(--ast-global-color-5)","background-image":"","background-repeat":"repeat","background-position":"center center","background-size":"auto","background-attachment":"scroll","background-type":"","background-media":"","overlay-type":"","overlay-color":"","overlay-opacity":"","overlay-gradient":""},"mobile":{"background-color":"var(--ast-global-color-5)","background-image":"","background-repeat":"repeat","background-position":"center center","background-size":"auto","background-attachment":"scroll","background-type":"","background-media":"","overlay-type":"","overlay-color":"","overlay-opacity":"","overlay-gradient":""}}},"product_brand":[268],"product_cat":[208,209],"product_tag":[],"class_list":{"0":"post-3769","1":"product","2":"type-product","3":"status-publish","4":"has-post-thumbnail","6":"product_brand-bobilvans","7":"product_cat-zbiorniki-na-wode","8":"product_cat-instalacja-sanitarna-w-kamperze","9":"product_shipping_class-importowane-uk","10":"desktop-align-center","11":"tablet-align-left","12":"mobile-align-left","14":"first","15":"onbackorder","16":"taxable","17":"shipping-taxable","18":"purchasable","19":"product-type-variable","20":"has-default-attributes"},"_links":{"self":[{"href":"https:\/\/hatu.pl\/index.php\/wp-json\/wp\/v2\/product\/3769","targetHints":{"allow":["GET"]}}],"collection":[{"href":"https:\/\/hatu.pl\/index.php\/wp-json\/wp\/v2\/product"}],"about":[{"href":"https:\/\/hatu.pl\/index.php\/wp-json\/wp\/v2\/types\/product"}],"replies":[{"embeddable":true,"href":"https:\/\/hatu.pl\/index.php\/wp-json\/wp\/v2\/comments?post=3769"}],"version-history":[{"count":13,"href":"https:\/\/hatu.pl\/index.php\/wp-json\/wp\/v2\/product\/3769\/revisions"}],"predecessor-version":[{"id":4174,"href":"https:\/\/hatu.pl\/index.php\/wp-json\/wp\/v2\/product\/3769\/revisions\/4174"}],"wp:featuredmedia":[{"embeddable":true,"href":"https:\/\/hatu.pl\/index.php\/wp-json\/wp\/v2\/media\/3779"}],"wp:attachment":[{"href":"https:\/\/hatu.pl\/index.php\/wp-json\/wp\/v2\/media?parent=3769"}],"wp:term":[{"taxonomy":"product_brand","embeddable":true,"href":"https:\/\/hatu.pl\/index.php\/wp-json\/wp\/v2\/product_brand?post=3769"},{"taxonomy":"product_cat","embeddable":true,"href":"https:\/\/hatu.pl\/index.php\/wp-json\/wp\/v2\/product_cat?post=3769"},{"taxonomy":"product_tag","embeddable":true,"href":"https:\/\/hatu.pl\/index.php\/wp-json\/wp\/v2\/product_tag?post=3769"}],"curies":[{"name":"wp","href":"https:\/\/api.w.org\/{rel}","templated":true}]}}