{"id":3806,"date":"2025-03-05T13:42:05","date_gmt":"2025-03-05T12:42:05","guid":{"rendered":"https:\/\/hatu.pl\/?post_type=product&#038;p=3806"},"modified":"2025-05-20T10:11:53","modified_gmt":"2025-05-20T08:11:53","slug":"kompletny-zestaw-instalacji-wodnej","status":"publish","type":"product","link":"https:\/\/hatu.pl\/index.php\/produkt\/kompletny-zestaw-instalacji-wodnej\/","title":{"rendered":"Kompletny zestaw instalacji wodnej"},"content":{"rendered":"\t\t<div data-elementor-type=\"product-post\" data-elementor-id=\"3806\" class=\"elementor elementor-3806\" data-elementor-post-type=\"product\">\n\t\t\t\t<div class=\"elementor-element elementor-element-102d95d e-flex e-con-boxed e-con e-parent\" data-id=\"102d95d\" data-element_type=\"container\" data-e-type=\"container\">\n\t\t\t\t\t<div class=\"e-con-inner\">\n\t\t\t\t<div class=\"elementor-element elementor-element-96be2da elementor-widget elementor-widget-text-editor\" data-id=\"96be2da\" data-element_type=\"widget\" data-e-type=\"widget\" data-widget_type=\"text-editor.default\">\n\t\t\t\t<div class=\"elementor-widget-container\">\n\t\t\t\t\t\t\t\t\t<h4 data-start=\"0\" data-end=\"90\"><strong>Kompletny zestaw instalacji wodnej do kampera \u2013 wszystko, czego potrzebujesz w 1 pude\u0142ku!<\/strong><\/h4><p data-start=\"92\" data-end=\"359\">Koniec z poszukiwaniem odpowiednich z\u0142\u0105czy i brakuj\u0105cych element\u00f3w! Ten kompletny zestaw wodno-kanalizacyjny zawiera wszystko, co jest potrzebne do instalacji wodnej w kamperze \u2013 od zbiornika zimnej wody po zlew, prysznic, a nawet hybrydowy podgrzewacz wody Bobil!<\/p><p data-start=\"361\" data-end=\"446\">Dzi\u0119ki systemowi John Guest 12 mm push-fit, monta\u017c jest szybki i bezproblemowy.<\/p><h4 data-start=\"448\" data-end=\"485\"><strong data-start=\"453\" data-end=\"483\">Dost\u0119pne warianty zestawu:<\/strong><\/h4><p data-start=\"487\" data-end=\"732\">\ud83d\udd39 <strong data-start=\"490\" data-end=\"517\">Zestaw kranu kuchennego<\/strong> \u2013 idealny do pod\u0142\u0105czenia wody do zlewu<br data-start=\"556\" data-end=\"559\" \/>\ud83d\udd39 <strong data-start=\"562\" data-end=\"592\">Zestaw kranowo-prysznicowy<\/strong> \u2013 zapewnia wod\u0119 zar\u00f3wno do zlewu, jak i prysznica<br data-start=\"642\" data-end=\"645\" \/>\ud83d\udd39 <strong data-start=\"648\" data-end=\"680\">Dodatkowy zestaw elektryczny<\/strong> \u2013 zawiera zbiornik wyr\u00f3wnawczy i dodatkowe z\u0142\u0105cza<\/p><p data-start=\"734\" data-end=\"841\"><span style=\"font-style: inherit; font-weight: inherit; color: var( --e-global-color-astglobalcolor3 ); text-align: var(--text-align); background-color: var(--ast-global-color-5);\">Zestaw instalacji wodnej przystosowany jest do pod\u0142\u0105czenia do urz\u0105dzenia <strong>Air Hybrid<\/strong>. Je\u015bli zamawiasz do <\/span><strong style=\"font-style: inherit; color: var( --e-global-color-astglobalcolor3 ); text-align: var(--text-align); background-color: var(--ast-global-color-5);\" data-start=\"750\" data-end=\"768\">Bobil Electric<\/strong><span style=\"font-style: inherit; font-weight: inherit; color: var( --e-global-color-astglobalcolor3 ); text-align: var(--text-align); background-color: var(--ast-global-color-5);\">, zaznacz odpowiedni\u0105 opcj\u0119 \u2013 zestaw b\u0119dzie zawiera\u0142 nieco inne z\u0142\u0105cza.<\/span><\/p><h4 data-start=\"843\" data-end=\"881\"><strong data-start=\"848\" data-end=\"879\">Co znajduje si\u0119 w zestawie?<\/strong><\/h4><p data-start=\"882\" data-end=\"1226\">\u2705 <strong data-start=\"884\" data-end=\"914\">Pompa Seaflo 20 lub 30 PSI<\/strong> + filtr<br data-start=\"922\" data-end=\"925\" \/>\u2705 <strong data-start=\"927\" data-end=\"947\">Akumulator Bobil<\/strong>, w\u0105\u017c i zaciski do pompy<br data-start=\"971\" data-end=\"974\" \/>\u2705 <strong data-start=\"976\" data-end=\"1001\">Rura John Guest 12 mm<\/strong> \u2013 <strong data-start=\"1004\" data-end=\"1028\">niebieska i czerwona<\/strong> (r\u00f3\u017cne d\u0142ugo\u015bci w zale\u017cno\u015bci od zestawu)<br data-start=\"1069\" data-end=\"1072\" \/>\u2705 <strong data-start=\"1074\" data-end=\"1088\">Z\u0142\u0105czki \u00bd\u201d<\/strong> \u2013 m\u0119skie i \u017ce\u0144skie do JG<br data-start=\"1113\" data-end=\"1116\" \/>\u2705 <strong data-start=\"1118\" data-end=\"1140\">Rozdzielacze Y i T<\/strong>, zawory odcinaj\u0105ce<br data-start=\"1159\" data-end=\"1162\" \/>\u2705 <strong data-start=\"1164\" data-end=\"1224\">Zaciski do rur, wk\u0142adki rurowe i inne niezb\u0119dne elementy<\/strong><\/p><h4 data-start=\"1228\" data-end=\"1272\"><strong data-start=\"1233\" data-end=\"1270\">Dopasuj zestaw do swoich potrzeb!<\/strong><\/h4><p data-start=\"1273\" data-end=\"1512\">Wszystkie elementy mo\u017cna kupi\u0107 osobno w naszej kategorii <strong data-start=\"1330\" data-end=\"1364\">instalacje wodno-kanalizacyjne<\/strong>.<br data-start=\"1365\" data-end=\"1368\" \/>Potrzebujesz wi\u0119cej rur? Zam\u00f3w dodatkow\u0105 d\u0142ugo\u015b\u0107, a wy\u015blemy je w jednym odcinku.<br data-start=\"1448\" data-end=\"1451\" \/>Masz ciasne zakr\u0119ty? Dodaj <strong data-start=\"1478\" data-end=\"1489\">kolanka<\/strong>, aby u\u0142atwi\u0107 monta\u017c.<\/p><p data-start=\"1514\" data-end=\"1593\" data-is-last-node=\"\" data-is-only-node=\"\">\ud83d\udc49 <strong data-start=\"1517\" data-end=\"1593\" data-is-last-node=\"\">Zam\u00f3w ju\u017c dzi\u015b i ciesz si\u0119 niezawodnym systemem wodnym w swoim kamperze!<\/strong><\/p>\t\t\t\t\t\t\t\t<\/div>\n\t\t\t\t<\/div>\n\t\t\t\t\t<\/div>\n\t\t\t\t<\/div>\n\t\t\t\t<\/div>\n\t\t","protected":false},"excerpt":{"rendered":"<p style=\"text-align: center;\"><a href=\"https:\/\/67186c01-69ba-4e2e-8cab-34f18107615a.usrfiles.com\/ugd\/67186c_ec444b343c3a4bf0a1833296b5e0e604.pdf\" target=\"_blank\" rel=\"noopener\"><span style=\"text-decoration: underline;\"><strong>Instrukcja instalacji<\/strong><\/span><\/a><\/p>\n<hr \/>\n<p>&nbsp;<\/p>\n","protected":false},"featured_media":3821,"comment_status":"open","ping_status":"closed","template":"","meta":{"site-sidebar-layout":"no-sidebar","site-content-layout":"","ast-site-content-layout":"full-width-container","site-content-style":"default","site-sidebar-style":"default","ast-global-header-display":"","ast-banner-title-visibility":"","ast-main-header-display":"","ast-hfb-above-header-display":"","ast-hfb-below-header-display":"","ast-hfb-mobile-header-display":"","site-post-title":"disabled","ast-breadcrumbs-content":"","ast-featured-img":"disabled","footer-sml-layout":"","theme-transparent-header-meta":"default","adv-header-id-meta":"","stick-header-meta":"","header-above-stick-meta":"","header-main-stick-meta":"","header-below-stick-meta":"","astra-migrate-meta-layouts":"set","ast-page-background-enabled":"default","ast-page-background-meta":{"desktop":{"background-color":"var(--ast-global-color-4)","background-image":"","background-repeat":"repeat","background-position":"center center","background-size":"auto","background-attachment":"scroll","background-type":"","background-media":"","overlay-type":"","overlay-color":"","overlay-opacity":"","overlay-gradient":""},"tablet":{"background-color":"","background-image":"","background-repeat":"repeat","background-position":"center center","background-size":"auto","background-attachment":"scroll","background-type":"","background-media":"","overlay-type":"","overlay-color":"","overlay-opacity":"","overlay-gradient":""},"mobile":{"background-color":"","background-image":"","background-repeat":"repeat","background-position":"center center","background-size":"auto","background-attachment":"scroll","background-type":"","background-media":"","overlay-type":"","overlay-color":"","overlay-opacity":"","overlay-gradient":""}},"ast-content-background-meta":{"desktop":{"background-color":"var(--ast-global-color-5)","background-image":"","background-repeat":"repeat","background-position":"center center","background-size":"auto","background-attachment":"scroll","background-type":"","background-media":"","overlay-type":"","overlay-color":"","overlay-opacity":"","overlay-gradient":""},"tablet":{"background-color":"var(--ast-global-color-5)","background-image":"","background-repeat":"repeat","background-position":"center center","background-size":"auto","background-attachment":"scroll","background-type":"","background-media":"","overlay-type":"","overlay-color":"","overlay-opacity":"","overlay-gradient":""},"mobile":{"background-color":"var(--ast-global-color-5)","background-image":"","background-repeat":"repeat","background-position":"center center","background-size":"auto","background-attachment":"scroll","background-type":"","background-media":"","overlay-type":"","overlay-color":"","overlay-opacity":"","overlay-gradient":""}}},"product_brand":[268],"product_cat":[209,182],"product_tag":[],"class_list":{"0":"post-3806","1":"product","2":"type-product","3":"status-publish","4":"has-post-thumbnail","6":"product_brand-bobilvans","7":"product_cat-instalacja-sanitarna-w-kamperze","8":"product_cat-systemy-ogrzewania","9":"product_shipping_class-importowane-uk","10":"desktop-align-center","11":"tablet-align-left","12":"mobile-align-left","14":"first","15":"onbackorder","16":"taxable","17":"shipping-taxable","18":"purchasable","19":"product-type-variable","20":"has-default-attributes"},"_links":{"self":[{"href":"https:\/\/hatu.pl\/index.php\/wp-json\/wp\/v2\/product\/3806","targetHints":{"allow":["GET"]}}],"collection":[{"href":"https:\/\/hatu.pl\/index.php\/wp-json\/wp\/v2\/product"}],"about":[{"href":"https:\/\/hatu.pl\/index.php\/wp-json\/wp\/v2\/types\/product"}],"replies":[{"embeddable":true,"href":"https:\/\/hatu.pl\/index.php\/wp-json\/wp\/v2\/comments?post=3806"}],"version-history":[{"count":24,"href":"https:\/\/hatu.pl\/index.php\/wp-json\/wp\/v2\/product\/3806\/revisions"}],"predecessor-version":[{"id":3841,"href":"https:\/\/hatu.pl\/index.php\/wp-json\/wp\/v2\/product\/3806\/revisions\/3841"}],"wp:featuredmedia":[{"embeddable":true,"href":"https:\/\/hatu.pl\/index.php\/wp-json\/wp\/v2\/media\/3821"}],"wp:attachment":[{"href":"https:\/\/hatu.pl\/index.php\/wp-json\/wp\/v2\/media?parent=3806"}],"wp:term":[{"taxonomy":"product_brand","embeddable":true,"href":"https:\/\/hatu.pl\/index.php\/wp-json\/wp\/v2\/product_brand?post=3806"},{"taxonomy":"product_cat","embeddable":true,"href":"https:\/\/hatu.pl\/index.php\/wp-json\/wp\/v2\/product_cat?post=3806"},{"taxonomy":"product_tag","embeddable":true,"href":"https:\/\/hatu.pl\/index.php\/wp-json\/wp\/v2\/product_tag?post=3806"}],"curies":[{"name":"wp","href":"https:\/\/api.w.org\/{rel}","templated":true}]}}