{"id":3874,"date":"2025-03-05T15:17:30","date_gmt":"2025-03-05T14:17:30","guid":{"rendered":"https:\/\/hatu.pl\/?post_type=product&#038;p=3874"},"modified":"2025-11-27T14:49:38","modified_gmt":"2025-11-27T13:49:38","slug":"trojfazowy-inteligentny-licznik-ecoflow-powerocean","status":"publish","type":"product","link":"https:\/\/hatu.pl\/index.php\/produkt\/trojfazowy-inteligentny-licznik-ecoflow-powerocean\/","title":{"rendered":"Tr\u00f3jfazowy inteligentny licznik EcoFlow PowerOcean"},"content":{"rendered":"<p>Tr\u00f3jfazowy inteligentny licznik ECOFLOW zapewnia precyzyjne monitorowanie i kontrol\u0119 zu\u017cycia energii w tr\u00f3jfazowych systemach zasilania. Mierzy pr\u0105d, napi\u0119cie i moc we wszystkich trzech fazach, dostarczaj\u0105c dane w czasie rzeczywistym w celu zwi\u0119kszenia efektywno\u015bci energetycznej. Ten inteligentny licznik jest idealny do zastosowa\u0144 w \u015brodowiskach mieszkalnych i komercyjnych i p\u0142ynnie integruje si\u0119 z elektrowniami ECOFLOW i systemami zarz\u0105dzania energi\u0105.<\/p>\n","protected":false},"excerpt":{"rendered":"<p>Tr\u00f3jfazowy inteligentny licznik ECOFLOW zapewnia precyzyjne monitorowanie i kontrol\u0119 zu\u017cycia energii w tr\u00f3jfazowych systemach zasilania. Mierzy pr\u0105d, napi\u0119cie i moc [&hellip;]<\/p>\n","protected":false},"featured_media":3875,"comment_status":"open","ping_status":"closed","template":"","meta":{"site-sidebar-layout":"default","site-content-layout":"","ast-site-content-layout":"default","site-content-style":"default","site-sidebar-style":"default","ast-global-header-display":"","ast-banner-title-visibility":"","ast-main-header-display":"","ast-hfb-above-header-display":"","ast-hfb-below-header-display":"","ast-hfb-mobile-header-display":"","site-post-title":"","ast-breadcrumbs-content":"","ast-featured-img":"","footer-sml-layout":"","ast-disable-related-posts":"","theme-transparent-header-meta":"default","adv-header-id-meta":"","stick-header-meta":"","header-above-stick-meta":"","header-main-stick-meta":"","header-below-stick-meta":"","astra-migrate-meta-layouts":"set","ast-page-background-enabled":"default","ast-page-background-meta":{"desktop":{"background-color":"var(--ast-global-color-4)","background-image":"","background-repeat":"repeat","background-position":"center center","background-size":"auto","background-attachment":"scroll","background-type":"","background-media":"","overlay-type":"","overlay-color":"","overlay-opacity":"","overlay-gradient":""},"tablet":{"background-color":"","background-image":"","background-repeat":"repeat","background-position":"center center","background-size":"auto","background-attachment":"scroll","background-type":"","background-media":"","overlay-type":"","overlay-color":"","overlay-opacity":"","overlay-gradient":""},"mobile":{"background-color":"","background-image":"","background-repeat":"repeat","background-position":"center center","background-size":"auto","background-attachment":"scroll","background-type":"","background-media":"","overlay-type":"","overlay-color":"","overlay-opacity":"","overlay-gradient":""}},"ast-content-background-meta":{"desktop":{"background-color":"var(--ast-global-color-5)","background-image":"","background-repeat":"repeat","background-position":"center center","background-size":"auto","background-attachment":"scroll","background-type":"","background-media":"","overlay-type":"","overlay-color":"","overlay-opacity":"","overlay-gradient":""},"tablet":{"background-color":"var(--ast-global-color-5)","background-image":"","background-repeat":"repeat","background-position":"center center","background-size":"auto","background-attachment":"scroll","background-type":"","background-media":"","overlay-type":"","overlay-color":"","overlay-opacity":"","overlay-gradient":""},"mobile":{"background-color":"var(--ast-global-color-5)","background-image":"","background-repeat":"repeat","background-position":"center center","background-size":"auto","background-attachment":"scroll","background-type":"","background-media":"","overlay-type":"","overlay-color":"","overlay-opacity":"","overlay-gradient":""}}},"product_brand":[267],"product_cat":[61,70],"product_tag":[],"class_list":{"0":"post-3874","1":"product","2":"type-product","3":"status-publish","4":"has-post-thumbnail","6":"product_brand-ecoflow","7":"product_cat-elektryka","8":"product_cat-banki-energii","9":"product_shipping_class-importowane-ue","10":"desktop-align-center","11":"tablet-align-left","12":"mobile-align-left","14":"first","15":"onbackorder","16":"taxable","17":"shipping-taxable","18":"purchasable","19":"product-type-simple"},"_links":{"self":[{"href":"https:\/\/hatu.pl\/index.php\/wp-json\/wp\/v2\/product\/3874","targetHints":{"allow":["GET"]}}],"collection":[{"href":"https:\/\/hatu.pl\/index.php\/wp-json\/wp\/v2\/product"}],"about":[{"href":"https:\/\/hatu.pl\/index.php\/wp-json\/wp\/v2\/types\/product"}],"replies":[{"embeddable":true,"href":"https:\/\/hatu.pl\/index.php\/wp-json\/wp\/v2\/comments?post=3874"}],"version-history":[{"count":4,"href":"https:\/\/hatu.pl\/index.php\/wp-json\/wp\/v2\/product\/3874\/revisions"}],"predecessor-version":[{"id":5077,"href":"https:\/\/hatu.pl\/index.php\/wp-json\/wp\/v2\/product\/3874\/revisions\/5077"}],"wp:featuredmedia":[{"embeddable":true,"href":"https:\/\/hatu.pl\/index.php\/wp-json\/wp\/v2\/media\/3875"}],"wp:attachment":[{"href":"https:\/\/hatu.pl\/index.php\/wp-json\/wp\/v2\/media?parent=3874"}],"wp:term":[{"taxonomy":"product_brand","embeddable":true,"href":"https:\/\/hatu.pl\/index.php\/wp-json\/wp\/v2\/product_brand?post=3874"},{"taxonomy":"product_cat","embeddable":true,"href":"https:\/\/hatu.pl\/index.php\/wp-json\/wp\/v2\/product_cat?post=3874"},{"taxonomy":"product_tag","embeddable":true,"href":"https:\/\/hatu.pl\/index.php\/wp-json\/wp\/v2\/product_tag?post=3874"}],"curies":[{"name":"wp","href":"https:\/\/api.w.org\/{rel}","templated":true}]}}