{"id":3879,"date":"2025-03-06T13:39:21","date_gmt":"2025-03-06T12:39:21","guid":{"rendered":"https:\/\/hatu.pl\/?post_type=product&#038;p=3879"},"modified":"2025-05-19T10:21:14","modified_gmt":"2025-05-19T08:21:14","slug":"inteligentny-sterownik-ogrzewacza","status":"publish","type":"product","link":"https:\/\/hatu.pl\/index.php\/produkt\/inteligentny-sterownik-ogrzewacza\/","title":{"rendered":"Inteligentny sterownik elektrycznego ogrzewacza wody oraz nagrzewnicy diesel &#8211; Bobil Smart Controller"},"content":{"rendered":"\t\t<div data-elementor-type=\"product-post\" data-elementor-id=\"3879\" class=\"elementor elementor-3879\" data-elementor-post-type=\"product\">\n\t\t\t\t<div class=\"elementor-element elementor-element-f888e08 e-flex e-con-boxed e-con e-parent\" data-id=\"f888e08\" data-element_type=\"container\" data-e-type=\"container\">\n\t\t\t\t\t<div class=\"e-con-inner\">\n\t\t\t\t<div class=\"elementor-element elementor-element-e39dc6a elementor-widget elementor-widget-text-editor\" data-id=\"e39dc6a\" data-element_type=\"widget\" data-e-type=\"widget\" data-widget_type=\"text-editor.default\">\n\t\t\t\t<div class=\"elementor-widget-container\">\n\t\t\t\t\t\t\t\t\t<h4 style=\"text-align: center;\" data-start=\"0\" data-end=\"88\">Bobil Smart Controller \u2013 Inteligentny sterownik elektrycznego ogrzewacza oraz nagrzewnicy diesel<\/h4><p data-start=\"90\" data-end=\"236\">Przedstawiamy <strong data-start=\"104\" data-end=\"130\">Bobil Smart Controller<\/strong> \u2013 nowoczesny, <strong data-start=\"145\" data-end=\"174\">zautomatyzowany sterownik<\/strong> do zarz\u0105dzania ogrzewaniem wody i powietrza w kamperze!<\/p><p data-start=\"238\" data-end=\"429\">To zaawansowane urz\u0105dzenie steruje zar\u00f3wno <strong data-start=\"281\" data-end=\"323\">nagrzewnic\u0105 powietrza na olej nap\u0119dowy<\/strong>, jak i systemami <strong data-start=\"341\" data-end=\"371\"><a href=\"https:\/\/hatu.pl\/index.php\/produkt\/hybrydowy-system-ogrzewania-bobil-air\/\" target=\"_blank\" rel=\"noopener\"><span style=\"text-decoration: underline;\">Bobil Hybrid<\/span><\/a>\/<a href=\"https:\/\/hatu.pl\/index.php\/produkt\/bobil-air-xchange-system-goracej-wody\/\" target=\"_blank\" rel=\"noopener\"><span style=\"text-decoration: underline;\">Bobil Xchange<\/span><\/a><\/strong>, zapewniaj\u0105c maksymaln\u0105 wydajno\u015b\u0107 i wygod\u0119 u\u017cytkowania.<\/p><h4 style=\"text-align: center;\" data-start=\"431\" data-end=\"463\">Najwa\u017cniejsze funkcje:<\/h4><p data-start=\"464\" data-end=\"971\">\u2705 <strong data-start=\"466\" data-end=\"512\">Automatyczne sterowanie nagrzewnic\u0105 diesla<\/strong> \u2013 w\u0142\u0105cza i wy\u0142\u0105cza ogrzewanie wed\u0142ug potrzeb<br data-start=\"557\" data-end=\"560\" \/>\u2705 <strong data-start=\"562\" data-end=\"598\">Zarz\u0105dzanie przep\u0142ywem powietrza<\/strong> \u2013 inteligentny <strong data-start=\"614\" data-end=\"637\">zaw\u00f3r prze\u0142\u0105czaj\u0105cy<\/strong> kieruje ciep\u0142o do ogrzewania powietrza w kamperze lub podgrzewania wody<br data-start=\"709\" data-end=\"712\" data-is-only-node=\"\" \/>\u2705 <strong data-start=\"714\" data-end=\"753\">Obs\u0142uga elementu elektrycznego 12 V<\/strong> wewn\u0105trz zbiornika <strong data-start=\"773\" data-end=\"789\">Bobil Hybrid<\/strong><br data-start=\"789\" data-end=\"792\" \/>\u2705 <strong data-start=\"794\" data-end=\"839\">Wykorzystanie nadmiaru energii s\u0142onecznej<\/strong> \u2013 podgrzewanie wody, gdy akumulatory s\u0105 pe\u0142ne<br data-start=\"885\" data-end=\"888\" \/>\u2705 <strong data-start=\"890\" data-end=\"925\">Czujniki poziomu wody i \u015bciek\u00f3w<\/strong> \u2013 pe\u0142ny przegl\u0105d systemu wodnego w kamperze<\/p><h4 data-start=\"973\" data-end=\"1024\">Dob\u00f3r odpowiedniego czujnika poziomu wody<\/h4><p data-start=\"1025\" data-end=\"1232\">\ud83d\udd39 Zmierz g\u0142\u0119boko\u015b\u0107 zbiornika \u015bwie\u017cej wody i wybierz czujnik o rozmiarze nieco mniejszym ni\u017c ta warto\u015b\u0107 (np. dla g\u0142\u0119boko\u015bci <strong data-start=\"1153\" data-end=\"1163\">330 mm<\/strong>, wybierz <strong data-start=\"1173\" data-end=\"1183\">300 mm<\/strong>).<br data-start=\"1185\" data-end=\"1188\" \/>\ud83d\udd39 Czujnik poziomu \u015bciek\u00f3w <strong data-start=\"1215\" data-end=\"1229\" data-is-only-node=\"\">w zestawie<\/strong>.<\/p><p data-start=\"1234\" data-end=\"1417\"><strong data-start=\"1234\" data-end=\"1260\">Bobil Smart Controller<\/strong> zast\u0119puje wiele oddzielnych urz\u0105dze\u0144, eliminuj\u0105c potrzeb\u0119 stosowania <strong data-start=\"1330\" data-end=\"1414\">kontrolera napi\u0119cia Solaris, kabla zdalnego sterowania i podw\u00f3jnego wy\u015bwietlacza<\/strong>.<\/p><p data-start=\"1419\" data-end=\"1475\">\ud83c\udfa5 <strong data-start=\"1422\" data-end=\"1473\">Obejrzyj film demonstracyjny nowego sterownika!<\/strong><\/p><p data-start=\"1477\" data-end=\"1564\" data-is-last-node=\"\" data-is-only-node=\"\">\ud83d\udc49 <strong data-start=\"1480\" data-end=\"1564\" data-is-last-node=\"\">Zam\u00f3w ju\u017c dzi\u015b i zyskaj pe\u0142n\u0105 kontrol\u0119 nad systemem ogrzewania w swoim kamperze!<\/strong><\/p>\t\t\t\t\t\t\t\t<\/div>\n\t\t\t\t<\/div>\n\t\t\t\t\t<\/div>\n\t\t\t\t<\/div>\n\t\t\t\t<\/div>\n\t\t","protected":false},"excerpt":{"rendered":"<p style=\"text-align: center;\"><strong><a href=\"https:\/\/67186c01-69ba-4e2e-8cab-34f18107615a.usrfiles.com\/ugd\/67186c_a533488e740f4a26a015a8b1e7c8ce6b.pdf\" target=\"_blank\" rel=\"noopener\"><span style=\"text-decoration: underline;\">Instrukcja obs\u0142ugi produktu<\/span><\/a><\/strong><\/p>\n<hr \/>\n<p>&nbsp;<\/p>\n","protected":false},"featured_media":3890,"comment_status":"open","ping_status":"closed","template":"","meta":{"site-sidebar-layout":"no-sidebar","site-content-layout":"","ast-site-content-layout":"full-width-container","site-content-style":"default","site-sidebar-style":"default","ast-global-header-display":"","ast-banner-title-visibility":"","ast-main-header-display":"","ast-hfb-above-header-display":"","ast-hfb-below-header-display":"","ast-hfb-mobile-header-display":"","site-post-title":"disabled","ast-breadcrumbs-content":"","ast-featured-img":"disabled","footer-sml-layout":"","theme-transparent-header-meta":"default","adv-header-id-meta":"","stick-header-meta":"","header-above-stick-meta":"","header-main-stick-meta":"","header-below-stick-meta":"","astra-migrate-meta-layouts":"set","ast-page-background-enabled":"default","ast-page-background-meta":{"desktop":{"background-color":"var(--ast-global-color-4)","background-image":"","background-repeat":"repeat","background-position":"center center","background-size":"auto","background-attachment":"scroll","background-type":"","background-media":"","overlay-type":"","overlay-color":"","overlay-opacity":"","overlay-gradient":""},"tablet":{"background-color":"","background-image":"","background-repeat":"repeat","background-position":"center center","background-size":"auto","background-attachment":"scroll","background-type":"","background-media":"","overlay-type":"","overlay-color":"","overlay-opacity":"","overlay-gradient":""},"mobile":{"background-color":"","background-image":"","background-repeat":"repeat","background-position":"center center","background-size":"auto","background-attachment":"scroll","background-type":"","background-media":"","overlay-type":"","overlay-color":"","overlay-opacity":"","overlay-gradient":""}},"ast-content-background-meta":{"desktop":{"background-color":"var(--ast-global-color-5)","background-image":"","background-repeat":"repeat","background-position":"center center","background-size":"auto","background-attachment":"scroll","background-type":"","background-media":"","overlay-type":"","overlay-color":"","overlay-opacity":"","overlay-gradient":""},"tablet":{"background-color":"var(--ast-global-color-5)","background-image":"","background-repeat":"repeat","background-position":"center center","background-size":"auto","background-attachment":"scroll","background-type":"","background-media":"","overlay-type":"","overlay-color":"","overlay-opacity":"","overlay-gradient":""},"mobile":{"background-color":"var(--ast-global-color-5)","background-image":"","background-repeat":"repeat","background-position":"center center","background-size":"auto","background-attachment":"scroll","background-type":"","background-media":"","overlay-type":"","overlay-color":"","overlay-opacity":"","overlay-gradient":""}}},"product_brand":[268],"product_cat":[206,182],"product_tag":[],"class_list":{"0":"post-3879","1":"product","2":"type-product","3":"status-publish","4":"has-post-thumbnail","6":"product_brand-bobilvans","7":"product_cat-nagrzewnice-olejowe-diesel","8":"product_cat-systemy-ogrzewania","9":"product_shipping_class-importowane-uk","10":"desktop-align-center","11":"tablet-align-left","12":"mobile-align-left","14":"first","15":"onbackorder","16":"taxable","17":"shipping-taxable","18":"purchasable","19":"product-type-variable","20":"has-default-attributes"},"_links":{"self":[{"href":"https:\/\/hatu.pl\/index.php\/wp-json\/wp\/v2\/product\/3879","targetHints":{"allow":["GET"]}}],"collection":[{"href":"https:\/\/hatu.pl\/index.php\/wp-json\/wp\/v2\/product"}],"about":[{"href":"https:\/\/hatu.pl\/index.php\/wp-json\/wp\/v2\/types\/product"}],"replies":[{"embeddable":true,"href":"https:\/\/hatu.pl\/index.php\/wp-json\/wp\/v2\/comments?post=3879"}],"version-history":[{"count":24,"href":"https:\/\/hatu.pl\/index.php\/wp-json\/wp\/v2\/product\/3879\/revisions"}],"predecessor-version":[{"id":4047,"href":"https:\/\/hatu.pl\/index.php\/wp-json\/wp\/v2\/product\/3879\/revisions\/4047"}],"wp:featuredmedia":[{"embeddable":true,"href":"https:\/\/hatu.pl\/index.php\/wp-json\/wp\/v2\/media\/3890"}],"wp:attachment":[{"href":"https:\/\/hatu.pl\/index.php\/wp-json\/wp\/v2\/media?parent=3879"}],"wp:term":[{"taxonomy":"product_brand","embeddable":true,"href":"https:\/\/hatu.pl\/index.php\/wp-json\/wp\/v2\/product_brand?post=3879"},{"taxonomy":"product_cat","embeddable":true,"href":"https:\/\/hatu.pl\/index.php\/wp-json\/wp\/v2\/product_cat?post=3879"},{"taxonomy":"product_tag","embeddable":true,"href":"https:\/\/hatu.pl\/index.php\/wp-json\/wp\/v2\/product_tag?post=3879"}],"curies":[{"name":"wp","href":"https:\/\/api.w.org\/{rel}","templated":true}]}}