{"id":3906,"date":"2025-03-06T15:50:40","date_gmt":"2025-03-06T14:50:40","guid":{"rendered":"https:\/\/hatu.pl\/?post_type=product&#038;p=3906"},"modified":"2025-05-20T10:05:58","modified_gmt":"2025-05-20T08:05:58","slug":"bobil-air-xchange-system-goracej-wody","status":"publish","type":"product","link":"https:\/\/hatu.pl\/index.php\/produkt\/bobil-air-xchange-system-goracej-wody\/","title":{"rendered":"Bobil Air Xchange \u2013 Oryginalny system gor\u0105cej wody do kampera"},"content":{"rendered":"\t\t<div data-elementor-type=\"product-post\" data-elementor-id=\"3906\" class=\"elementor elementor-3906\" data-elementor-post-type=\"product\">\n\t\t\t\t<div class=\"elementor-element elementor-element-281e857 e-flex e-con-boxed e-con e-parent\" data-id=\"281e857\" data-element_type=\"container\" data-e-type=\"container\">\n\t\t\t\t\t<div class=\"e-con-inner\">\n\t\t\t\t<div class=\"elementor-element elementor-element-ad9e1f8 elementor-widget elementor-widget-text-editor\" data-id=\"ad9e1f8\" data-element_type=\"widget\" data-e-type=\"widget\" data-widget_type=\"text-editor.default\">\n\t\t\t\t<div class=\"elementor-widget-container\">\n\t\t\t\t\t\t\t\t\t<h4 style=\"text-align: center;\" data-start=\"0\" data-end=\"71\">Bobil Air Xchange \u2013 Oryginalny system gor\u0105cej wody do kampera<\/h4><p style=\"text-align: center;\" data-start=\"73\" data-end=\"121\"><strong>Sprawdzony system podgrzewania wody Bobil!<\/strong><\/p><p data-start=\"123\" data-end=\"420\">\u2705 Podgrzewa wod\u0119 za pomoc\u0105 ciep\u0142ego powietrza z nagrzewnicy diesla<br data-start=\"193\" data-end=\"196\" \/>\u2705 Idealny do mycia naczy\u0144 i gor\u0105cych prysznic\u00f3w<br data-start=\"247\" data-end=\"250\" \/>\u2705 Mo\u017cliwo\u015b\u0107 jednoczesnego ogrzewania wn\u0119trza kampera i podgrzewania wody<br data-start=\"326\" data-end=\"329\" \/>\u2705 Automatyczne sterowanie temperatur\u0105<br data-start=\"370\" data-end=\"373\" \/>\u2705 Kompatybilno\u015b\u0107 z Bobil Smart Controller<\/p><h3 data-start=\"422\" data-end=\"461\"><strong data-start=\"426\" data-end=\"459\">Jak dzia\u0142a Bobil Air Xchange?<\/strong><\/h3><p data-start=\"462\" data-end=\"751\">System wykorzystuje ciep\u0142e powietrze nagrzewnicy wysokopr\u0119\u017cnej, kt\u00f3re przep\u0142ywa przez wymiennik ciep\u0142a, podgrzewaj\u0105c wod\u0119. Mo\u017cesz dostosowa\u0107 ustawienia tak, aby:<br data-start=\"631\" data-end=\"634\" \/>\ud83d\udd39 Ogrzewa\u0107 tylko wod\u0119<br data-start=\"656\" data-end=\"659\" \/>\ud83d\udd39 Ogrzewa\u0107 jednocze\u015bnie wod\u0119 i wn\u0119trze kampera<br data-start=\"706\" data-end=\"709\" \/>\ud83d\udd39 Kierowa\u0107 ciep\u0142e powietrze poza kamper<\/p><p data-start=\"753\" data-end=\"938\">Dzi\u0119ki <strong data-start=\"760\" data-end=\"812\">opcjonalnemu sterownikowi Bobil Smart Controller<\/strong>, system mo\u017ce automatycznie sterowa\u0107 przep\u0142ywem powietrza i wykorzysta\u0107 nadmiar energii s\u0142onecznej do podgrzewania wody!<\/p><h3 data-start=\"940\" data-end=\"977\"><strong data-start=\"944\" data-end=\"975\">Co znajduje si\u0119 w zestawie?<\/strong><\/h3><p data-start=\"978\" data-end=\"1411\">\u2714\ufe0f <strong data-start=\"981\" data-end=\"1012\">Opcjonalny zbiornik na wod\u0119<\/strong> (12L\/18L) lub mo\u017cliwo\u015b\u0107 zakupu samego systemu<br data-start=\"1058\" data-end=\"1061\" \/>\u2714\ufe0f <strong data-start=\"1064\" data-end=\"1093\">Podw\u00f3jny wymiennik ciep\u0142a<\/strong> (adaptery 60, 75 lub 90 mm)<br data-start=\"1121\" data-end=\"1124\" \/>\u2714\ufe0f <strong data-start=\"1127\" data-end=\"1161\">Prze\u0142\u0105cznik gor\u0105cego powietrza<\/strong> + opcjonalny kabel zdalny<br data-start=\"1187\" data-end=\"1190\" \/>\u2714\ufe0f <strong data-start=\"1193\" data-end=\"1232\">Pompa cyrkulacyjna + w\u0105\u017c silikonowy<\/strong><br data-start=\"1232\" data-end=\"1235\" \/>\u2714\ufe0f <strong data-start=\"1238\" data-end=\"1287\">Z\u0142\u0105czki, kolce, rozga\u0142\u0119\u017aniki, zaciski do w\u0119\u017cy<\/strong><br data-start=\"1287\" data-end=\"1290\" \/>\u2714\ufe0f <strong data-start=\"1293\" data-end=\"1317\">Rura PVC do przelewu<\/strong><br data-start=\"1317\" data-end=\"1320\" \/>\u2714\ufe0f <strong data-start=\"1323\" data-end=\"1384\">Podw\u00f3jny regulator temperatury lub Bobil Smart Controller<\/strong><br data-start=\"1384\" data-end=\"1387\" \/>\u2714\ufe0f <strong data-start=\"1390\" data-end=\"1409\">Zestaw spustowy<\/strong><\/p><p data-start=\"1413\" data-end=\"1489\">\u26a0\ufe0f <strong data-start=\"1416\" data-end=\"1487\">System nie jest ci\u015bnieniowy \u2013 konieczne jest zamontowanie przelewu.<\/strong><\/p><p data-start=\"1491\" data-end=\"1615\">\ud83d\udca1 <strong data-start=\"1494\" data-end=\"1549\">W wi\u0119kszo\u015bci przypadk\u00f3w rekomendujemy nowszy system<\/strong> <span style=\"text-decoration: underline;\"><a href=\"https:\/\/hatu.pl\/index.php\/produkt\/hybrydowy-system-ogrzewania-bobil-air\/\" target=\"_blank\" rel=\"noopener\" data-start=\"1550\" data-end=\"1567\">Bobil Hybrid<\/a><\/span>, <strong data-start=\"1569\" data-end=\"1613\">kt\u00f3ry oferuje jeszcze wi\u0119cej mo\u017cliwo\u015bci!<\/strong><\/p><p data-start=\"1617\" data-end=\"1703\" data-is-last-node=\"\" data-is-only-node=\"\">\ud83c\udfa5 <strong data-start=\"1620\" data-end=\"1703\" data-is-last-node=\"\">Obejrzyj filmy demonstracyjne na YouTube i wybierz najlepszy system dla siebie!<\/strong><\/p><p data-start=\"1617\" data-end=\"1703\" data-is-last-node=\"\" data-is-only-node=\"\">Wi\u0119cej informacji o Bobil Air Xchange<\/p><ul><li><span style=\"text-decoration: underline;\"><a href=\"https:\/\/www.youtube.com\/watch?v=jR6bqUHGKOQ&amp;t=4s\" target=\"_blank\" rel=\"noopener\">Bobil Vans<\/a><\/span><\/li><li><span style=\"text-decoration: underline;\"><a href=\"https:\/\/www.youtube.com\/watch?v=SWbIvlFH1SU&amp;t=2s\" target=\"_blank\" rel=\"noopener\">David McLuckie<\/a><\/span><\/li><li><a href=\"https:\/\/www.youtube.com\/watch?v=ofVk5Zc2G9E&amp;t=1s\" target=\"_blank\" rel=\"noopener\"><span style=\"text-decoration: underline;\">Mispronounced<\/span> <span style=\"text-decoration: underline;\">Adventures<\/span><\/a><\/li><\/ul><p data-start=\"1617\" data-end=\"1703\" data-is-last-node=\"\" data-is-only-node=\"\"><strong data-start=\"1620\" data-end=\"1703\" data-is-last-node=\"\">Jaki wybra\u0107 system ogrzewania?<\/strong><\/p><ul><li data-start=\"1617\" data-end=\"1703\"><a href=\"https:\/\/www.youtube.com\/watch?v=0Dl6lj53O1Q\" target=\"_blank\" rel=\"noopener\"><span style=\"text-decoration: underline;\">Pomoc w wyborze<\/span><\/a>\u00a0<\/li><\/ul>\t\t\t\t\t\t\t\t<\/div>\n\t\t\t\t<\/div>\n\t\t\t\t\t<\/div>\n\t\t\t\t<\/div>\n\t\t\t\t<\/div>\n\t\t","protected":false},"excerpt":{"rendered":"<p style=\"text-align: center;\"><strong><a href=\"https:\/\/67186c01-69ba-4e2e-8cab-34f18107615a.usrfiles.com\/ugd\/67186c_2f5703574e3942aeb65963a33073475d.pdf\" target=\"_blank\" rel=\"noopener\"><span style=\"text-decoration: underline;\">Instrukcja instalacji<\/span><\/a> (Sterownik Smart)<\/strong><\/p>\n<p style=\"text-align: center;\"><strong><span style=\"text-decoration: underline;\"><a href=\"https:\/\/67186c01-69ba-4e2e-8cab-34f18107615a.usrfiles.com\/ugd\/67186c_40d9eec0406c42089574a32a5819c02c.pdf\" target=\"_blank\" rel=\"noopener\">Instrukcja instalacji<\/a> (System kablowy)<\/span><\/strong><\/p>\n<hr \/>\n<p>&nbsp;<\/p>\n","protected":false},"featured_media":3917,"comment_status":"open","ping_status":"closed","template":"","meta":{"site-sidebar-layout":"no-sidebar","site-content-layout":"","ast-site-content-layout":"full-width-container","site-content-style":"default","site-sidebar-style":"default","ast-global-header-display":"","ast-banner-title-visibility":"","ast-main-header-display":"","ast-hfb-above-header-display":"","ast-hfb-below-header-display":"","ast-hfb-mobile-header-display":"","site-post-title":"disabled","ast-breadcrumbs-content":"","ast-featured-img":"disabled","footer-sml-layout":"","theme-transparent-header-meta":"default","adv-header-id-meta":"","stick-header-meta":"","header-above-stick-meta":"","header-main-stick-meta":"","header-below-stick-meta":"","astra-migrate-meta-layouts":"set","ast-page-background-enabled":"default","ast-page-background-meta":{"desktop":{"background-color":"var(--ast-global-color-4)","background-image":"","background-repeat":"repeat","background-position":"center center","background-size":"auto","background-attachment":"scroll","background-type":"","background-media":"","overlay-type":"","overlay-color":"","overlay-opacity":"","overlay-gradient":""},"tablet":{"background-color":"","background-image":"","background-repeat":"repeat","background-position":"center center","background-size":"auto","background-attachment":"scroll","background-type":"","background-media":"","overlay-type":"","overlay-color":"","overlay-opacity":"","overlay-gradient":""},"mobile":{"background-color":"","background-image":"","background-repeat":"repeat","background-position":"center center","background-size":"auto","background-attachment":"scroll","background-type":"","background-media":"","overlay-type":"","overlay-color":"","overlay-opacity":"","overlay-gradient":""}},"ast-content-background-meta":{"desktop":{"background-color":"var(--ast-global-color-5)","background-image":"","background-repeat":"repeat","background-position":"center center","background-size":"auto","background-attachment":"scroll","background-type":"","background-media":"","overlay-type":"","overlay-color":"","overlay-opacity":"","overlay-gradient":""},"tablet":{"background-color":"var(--ast-global-color-5)","background-image":"","background-repeat":"repeat","background-position":"center center","background-size":"auto","background-attachment":"scroll","background-type":"","background-media":"","overlay-type":"","overlay-color":"","overlay-opacity":"","overlay-gradient":""},"mobile":{"background-color":"var(--ast-global-color-5)","background-image":"","background-repeat":"repeat","background-position":"center center","background-size":"auto","background-attachment":"scroll","background-type":"","background-media":"","overlay-type":"","overlay-color":"","overlay-opacity":"","overlay-gradient":""}}},"product_brand":[268],"product_cat":[182],"product_tag":[],"class_list":{"0":"post-3906","1":"product","2":"type-product","3":"status-publish","4":"has-post-thumbnail","6":"product_brand-bobilvans","7":"product_cat-systemy-ogrzewania","8":"product_shipping_class-importowane-uk","9":"desktop-align-center","10":"tablet-align-left","11":"mobile-align-left","13":"first","14":"onbackorder","15":"taxable","16":"shipping-taxable","17":"purchasable","18":"product-type-variable","19":"has-default-attributes"},"_links":{"self":[{"href":"https:\/\/hatu.pl\/index.php\/wp-json\/wp\/v2\/product\/3906","targetHints":{"allow":["GET"]}}],"collection":[{"href":"https:\/\/hatu.pl\/index.php\/wp-json\/wp\/v2\/product"}],"about":[{"href":"https:\/\/hatu.pl\/index.php\/wp-json\/wp\/v2\/types\/product"}],"replies":[{"embeddable":true,"href":"https:\/\/hatu.pl\/index.php\/wp-json\/wp\/v2\/comments?post=3906"}],"version-history":[{"count":8,"href":"https:\/\/hatu.pl\/index.php\/wp-json\/wp\/v2\/product\/3906\/revisions"}],"predecessor-version":[{"id":3998,"href":"https:\/\/hatu.pl\/index.php\/wp-json\/wp\/v2\/product\/3906\/revisions\/3998"}],"wp:featuredmedia":[{"embeddable":true,"href":"https:\/\/hatu.pl\/index.php\/wp-json\/wp\/v2\/media\/3917"}],"wp:attachment":[{"href":"https:\/\/hatu.pl\/index.php\/wp-json\/wp\/v2\/media?parent=3906"}],"wp:term":[{"taxonomy":"product_brand","embeddable":true,"href":"https:\/\/hatu.pl\/index.php\/wp-json\/wp\/v2\/product_brand?post=3906"},{"taxonomy":"product_cat","embeddable":true,"href":"https:\/\/hatu.pl\/index.php\/wp-json\/wp\/v2\/product_cat?post=3906"},{"taxonomy":"product_tag","embeddable":true,"href":"https:\/\/hatu.pl\/index.php\/wp-json\/wp\/v2\/product_tag?post=3906"}],"curies":[{"name":"wp","href":"https:\/\/api.w.org\/{rel}","templated":true}]}}