{"id":436,"date":"2023-12-07T18:37:45","date_gmt":"2023-12-07T17:37:45","guid":{"rendered":"https:\/\/hatu.pl\/?post_type=product&#038;p=436"},"modified":"2025-11-25T17:07:26","modified_gmt":"2025-11-25T16:07:26","slug":"stol-kempingowy-euro-trail-pescara-l","status":"publish","type":"product","link":"https:\/\/hatu.pl\/index.php\/produkt\/stol-kempingowy-euro-trail-pescara-l\/","title":{"rendered":"St\u00f3\u0142 kempingowy Euro Trail Pescara L"},"content":{"rendered":"<h5>St\u00f3\u0142 kempingowy Pescara L marki EuroTrail<\/h5>\n<p>Sk\u0142adany st\u00f3\u0142 z blatem MDF z szerok\u0105 aluminiow\u0105 kraw\u0119dzi\u0105 oraz lekk\u0105 aluminiow\u0105 ram\u0105 w kszta\u0142cie litery U<br \/>\nNowoczesny wygl\u0105d dzi\u0119ki antracytowemu kolorowi i malowanej ramie<br \/>\nSt\u00f3\u0142 mo\u017ce by\u0107 u\u017cywane wsz\u0119dzie, jest lekki i kompaktowy<\/p>\n<h5>Specyfikacja &#8211; Dane techniczne:<br \/>\nblat: p\u0142yta MDF<br \/>\nrama: aluminium<br \/>\nd\u0142ugo\u015b\u0107: 120 cm<br \/>\nszeroko\u015b\u0107: 60 cm<br \/>\nwysoko\u015b\u0107: 70 cm<br \/>\nwymiary po z\u0142o\u017ceniu: 120 x 60 x h5 cm<br \/>\nwaga: 4,9 kg<br \/>\nkolor: czarny<\/h5>\n<p>&nbsp;<\/p>\n<p>Zach\u0119camy do zapoznania si\u0119 z pe\u0142n\u0105 ofert\u0105 produkt\u00f3w na <a href=\"https:\/\/hatu.pl\/index.php\/sklep\">naszej stronie sklepu.<\/a><\/p>\n<p>Zapraszamy r\u00f3wnie\u017c do odwiedzenia naszych profili na <a href=\"https:\/\/www.facebook.com\/hatucampsolutions\" target=\"_blank\" rel=\"noopener\">Facebooku<\/a> i <a href=\"https:\/\/www.instagram.com\/hatucampsolutions\/\" target=\"_blank\" rel=\"noopener\">Instagramie!<\/a><\/p>\n","protected":false},"excerpt":{"rendered":"<p>Sk\u0142adany st\u00f3\u0142\u00a0 kempingowy z blatem MDF z szerok\u0105 aluminiow\u0105 kraw\u0119dzi\u0105 oraz lekk\u0105 aluminiow\u0105 ram\u0105 w kszta\u0142cie litery U<br \/>\nNowoczesny wygl\u0105d dzi\u0119ki antracytowemu kolorowi i malowanej ramie<br \/>\nSt\u00f3\u0142 mo\u017ce by\u0107 u\u017cywane wsz\u0119dzie, jest lekki i kompaktowy<\/p>\n","protected":false},"featured_media":437,"comment_status":"open","ping_status":"closed","template":"","meta":{"site-sidebar-layout":"default","site-content-layout":"","ast-site-content-layout":"default","site-content-style":"default","site-sidebar-style":"default","ast-global-header-display":"","ast-banner-title-visibility":"","ast-main-header-display":"","ast-hfb-above-header-display":"","ast-hfb-below-header-display":"","ast-hfb-mobile-header-display":"","site-post-title":"","ast-breadcrumbs-content":"","ast-featured-img":"","footer-sml-layout":"","theme-transparent-header-meta":"default","adv-header-id-meta":"","stick-header-meta":"","header-above-stick-meta":"","header-main-stick-meta":"","header-below-stick-meta":"","astra-migrate-meta-layouts":"set","ast-page-background-enabled":"default","ast-page-background-meta":{"desktop":{"background-color":"var(--ast-global-color-4)","background-image":"","background-repeat":"repeat","background-position":"center center","background-size":"auto","background-attachment":"scroll","background-type":"","background-media":"","overlay-type":"","overlay-color":"","overlay-opacity":"","overlay-gradient":""},"tablet":{"background-color":"","background-image":"","background-repeat":"repeat","background-position":"center center","background-size":"auto","background-attachment":"scroll","background-type":"","background-media":"","overlay-type":"","overlay-color":"","overlay-opacity":"","overlay-gradient":""},"mobile":{"background-color":"","background-image":"","background-repeat":"repeat","background-position":"center center","background-size":"auto","background-attachment":"scroll","background-type":"","background-media":"","overlay-type":"","overlay-color":"","overlay-opacity":"","overlay-gradient":""}},"ast-content-background-meta":{"desktop":{"background-color":"var(--ast-global-color-5)","background-image":"","background-repeat":"repeat","background-position":"center center","background-size":"auto","background-attachment":"scroll","background-type":"","background-media":"","overlay-type":"","overlay-color":"","overlay-opacity":"","overlay-gradient":""},"tablet":{"background-color":"var(--ast-global-color-5)","background-image":"","background-repeat":"repeat","background-position":"center center","background-size":"auto","background-attachment":"scroll","background-type":"","background-media":"","overlay-type":"","overlay-color":"","overlay-opacity":"","overlay-gradient":""},"mobile":{"background-color":"var(--ast-global-color-5)","background-image":"","background-repeat":"repeat","background-position":"center center","background-size":"auto","background-attachment":"scroll","background-type":"","background-media":"","overlay-type":"","overlay-color":"","overlay-opacity":"","overlay-gradient":""}}},"product_brand":[270],"product_cat":[36],"product_tag":[],"class_list":{"0":"post-436","1":"product","2":"type-product","3":"status-publish","4":"has-post-thumbnail","6":"product_brand-euro-trail","7":"product_cat-meble-turystyczne","8":"product_shipping_class-male-paczki","9":"desktop-align-center","10":"tablet-align-left","11":"mobile-align-left","13":"first","14":"instock","15":"taxable","16":"shipping-taxable","17":"purchasable","18":"product-type-simple"},"_links":{"self":[{"href":"https:\/\/hatu.pl\/index.php\/wp-json\/wp\/v2\/product\/436","targetHints":{"allow":["GET"]}}],"collection":[{"href":"https:\/\/hatu.pl\/index.php\/wp-json\/wp\/v2\/product"}],"about":[{"href":"https:\/\/hatu.pl\/index.php\/wp-json\/wp\/v2\/types\/product"}],"replies":[{"embeddable":true,"href":"https:\/\/hatu.pl\/index.php\/wp-json\/wp\/v2\/comments?post=436"}],"version-history":[{"count":5,"href":"https:\/\/hatu.pl\/index.php\/wp-json\/wp\/v2\/product\/436\/revisions"}],"predecessor-version":[{"id":1748,"href":"https:\/\/hatu.pl\/index.php\/wp-json\/wp\/v2\/product\/436\/revisions\/1748"}],"wp:featuredmedia":[{"embeddable":true,"href":"https:\/\/hatu.pl\/index.php\/wp-json\/wp\/v2\/media\/437"}],"wp:attachment":[{"href":"https:\/\/hatu.pl\/index.php\/wp-json\/wp\/v2\/media?parent=436"}],"wp:term":[{"taxonomy":"product_brand","embeddable":true,"href":"https:\/\/hatu.pl\/index.php\/wp-json\/wp\/v2\/product_brand?post=436"},{"taxonomy":"product_cat","embeddable":true,"href":"https:\/\/hatu.pl\/index.php\/wp-json\/wp\/v2\/product_cat?post=436"},{"taxonomy":"product_tag","embeddable":true,"href":"https:\/\/hatu.pl\/index.php\/wp-json\/wp\/v2\/product_tag?post=436"}],"curies":[{"name":"wp","href":"https:\/\/api.w.org\/{rel}","templated":true}]}}