{"id":4908,"date":"2025-10-01T14:09:39","date_gmt":"2025-10-01T12:09:39","guid":{"rendered":"https:\/\/hatu.pl\/?post_type=product&#038;p=4908"},"modified":"2025-11-27T14:20:48","modified_gmt":"2025-11-27T13:20:48","slug":"przenosna-stacja-ladowania-river-3","status":"publish","type":"product","link":"https:\/\/hatu.pl\/index.php\/produkt\/przenosna-stacja-ladowania-river-3\/","title":{"rendered":"Przeno\u015bna stacja \u0142adowania EcoFlow RIVER 3"},"content":{"rendered":"\t\t<div data-elementor-type=\"product-post\" data-elementor-id=\"4908\" class=\"elementor elementor-4908\" data-elementor-post-type=\"product\">\n\t\t\t\t<div class=\"elementor-element elementor-element-7953aa24 e-flex e-con-boxed e-con e-parent\" data-id=\"7953aa24\" data-element_type=\"container\" data-e-type=\"container\">\n\t\t\t\t\t<div class=\"e-con-inner\">\n\t\t\t\t<div class=\"elementor-element elementor-element-2a4de0a9 elementor-widget elementor-widget-text-editor\" data-id=\"2a4de0a9\" data-element_type=\"widget\" data-e-type=\"widget\" data-widget_type=\"text-editor.default\">\n\t\t\t\t<div class=\"elementor-widget-container\">\n\t\t\t\t\t\t\t\t\t<div id=\"shopify-section-template--26416186098007__pdp_unlimited_section_4DAYTD\" class=\"shopify-section\"><section id=\"template--26416186098007__pdp_unlimited_section_4DAYTD\" class=\"pdp pdp-video pdp-unlimited\"><div id=\"product_information\" class=\"pdp-video-container\"><div class=\"pdp-section-header alignment--center\"><h1><span dir=\"auto\">Idealny akumulator rozruchowy, kt\u00f3ry jest kompaktowy, a jednocze\u015bnie zapewnia du\u017c\u0105 wydajno\u015b\u0107<\/span><\/h1><\/div><div class=\"video-container\"><div class=\"image-content\"><picture><source srcset=\"\/\/eu.ecoflow.com\/cdn\/shop\/files\/PC_R3_01.png?v=1730861705&amp;width=2000\" media=\"(min-width:750px)\" \/><source srcset=\"\/\/eu.ecoflow.com\/cdn\/shop\/files\/M_R3_01.png?v=1730947363&amp;width=749\" media=\"(max-width:749px)\" \/><img decoding=\"async\" src=\"https:\/\/eu.ecoflow.com\/products\/Liquid%20error%20(sections\/pdp-unlimited-section%20line%2076):%20wrong%20number%20of%20arguments%20(given%202,%20expected%201)\" alt=\"\" \/><\/picture><\/div><div class=\"pdp-section-header bottom\">\u00a0<\/div><\/div><\/div><\/section><\/div><div id=\"shopify-section-template--26416186098007__pdp_unlimited_section_Rtx3Mn\" class=\"shopify-section\"><section id=\"template--26416186098007__pdp_unlimited_section_Rtx3Mn\" class=\"pdp pdp-video pdp-unlimited\"><div id=\"\" class=\"pdp-video-container\"><div class=\"pdp-section-header alignment--center\"><h1><span dir=\"auto\">Kompaktowa konstrukcja i wysoka wydajno\u015b\u0107<\/span><\/h1><div class=\"subtitle\"><p><span dir=\"auto\">\u0141atwe przed\u0142u\u017canie pobytu na \u015bwie\u017cym powietrzu i radzenie sobie z przerwami w dostawie pr\u0105du dzi\u0119ki GaN<\/span><\/p><\/div><div class=\"content content-align-m-left\"><p><span dir=\"auto\">Dzi\u0119ki prze\u0142omowej technologii X-GaNPower RIVER 3 zapewnia wy\u017csz\u0105 efektywno\u015b\u0107 energetyczn\u0105, co wyd\u0142u\u017ca czas dzia\u0142ania urz\u0105dze\u0144 o niskim poborze mocy dzi\u0119ki kompaktowej konstrukcji i cichszej pracy.<\/span><\/p><\/div><\/div><div class=\"video-container\"><div class=\"image-content\"><picture><source srcset=\"\/\/eu.ecoflow.com\/cdn\/shop\/files\/PC_R3_01_1.jpg?v=1738513298&amp;width=2000\" media=\"(min-width:750px)\" \/><source srcset=\"\/\/eu.ecoflow.com\/cdn\/shop\/files\/M_R3_01_1.jpg?v=1738513131&amp;width=749\" media=\"(max-width:749px)\" \/><img decoding=\"async\" src=\"https:\/\/eu.ecoflow.com\/products\/Liquid%20error%20(sections\/pdp-unlimited-section%20line%2076):%20wrong%20number%20of%20arguments%20(given%202,%20expected%201)\" alt=\"\" \/><\/picture><\/div><div class=\"pdp-section-header bottom\">\u00a0<\/div><\/div><\/div><\/section><\/div><div id=\"shopify-section-template--26416186098007__pdp_unlimited_section_dWBCjh\" class=\"shopify-section\"><section id=\"template--26416186098007__pdp_unlimited_section_dWBCjh\" class=\"pdp pdp-video pdp-unlimited\"><div id=\"\" class=\"pdp-video-container\"><div class=\"pdp-section-header alignment--center\"><h1><span dir=\"auto\">O 30% bardziej kompaktowy, idealny do u\u017cytku w podr\u00f3\u017cy<\/span><\/h1><div class=\"content content-align-m-left\"><p><span dir=\"auto\">RIVER 3 minimalizuje utrat\u0119 ciep\u0142a, wymaga mniej miejsca do ch\u0142odzenia i ma kompaktow\u0105 konstrukcj\u0119. Z \u0142atwo\u015bci\u0105 mie\u015bci si\u0119 w ma\u0142ych przestrzeniach, takich jak szafy lub torba, u\u0142atwiaj\u0105c przechowywanie i przenoszenie.<\/span><\/p><\/div><\/div><div class=\"video-container\"><div class=\"image-content\"><picture><source srcset=\"\/\/eu.ecoflow.com\/cdn\/shop\/files\/PC_R3_01_2.jpg?v=1738513277&amp;width=2000\" media=\"(min-width:750px)\" \/><source srcset=\"\/\/eu.ecoflow.com\/cdn\/shop\/files\/M_R3_01_2.jpg?v=1738513100&amp;width=749\" media=\"(max-width:749px)\" \/><img decoding=\"async\" src=\"https:\/\/eu.ecoflow.com\/products\/Liquid%20error%20(sections\/pdp-unlimited-section%20line%2076):%20wrong%20number%20of%20arguments%20(given%202,%20expected%201)\" alt=\"\" \/><\/picture><\/div><div class=\"pdp-section-header bottom\">\u00a0<\/div><\/div><\/div><\/section><\/div><div id=\"shopify-section-template--26416186098007__pdp_unlimited_section_GYzfxt\" class=\"shopify-section\"><section id=\"template--26416186098007__pdp_unlimited_section_GYzfxt\" class=\"pdp pdp-video pdp-unlimited\"><div id=\"\" class=\"pdp-video-container\"><div class=\"pdp-section-header alignment--center\"><h1><span dir=\"auto\">Do 2x d\u0142u\u017cszy czas pracy \u015bwiat\u0142a i sieci<\/span><\/h1><div class=\"content content-align-m-left\"><p><span dir=\"auto\">RIVER 3 rewolucjonizuje efektywno\u015b\u0107 energetyczn\u0105, zapewniaj\u0105c dwukrotnie d\u0142u\u017cszy czas pracy urz\u0105dze\u0144 o mocy poni\u017cej 100 W, wyd\u0142u\u017caj\u0105c czas ich u\u017cytkowania w domu i na \u015bwie\u017cym powietrzu.\u00b9<\/span><\/p><\/div><\/div><div class=\"video-container\"><div class=\"image-content\"><picture><source srcset=\"\/\/eu.ecoflow.com\/cdn\/shop\/files\/PC_R3_01_3.jpg?v=1730797925&amp;width=2000\" media=\"(min-width:750px)\" \/><source srcset=\"\/\/eu.ecoflow.com\/cdn\/shop\/files\/M_R3_01_3.jpg?v=1738513110&amp;width=749\" media=\"(max-width:749px)\" \/><img decoding=\"async\" src=\"https:\/\/eu.ecoflow.com\/products\/Liquid%20error%20(sections\/pdp-unlimited-section%20line%2076):%20wrong%20number%20of%20arguments%20(given%202,%20expected%201)\" alt=\"\" \/><\/picture><\/div><div class=\"pdp-section-header bottom\">\u00a0<\/div><\/div><\/div><\/section><\/div><div id=\"shopify-section-template--26416186098007__pdp_unlimited_section_MqaMxz\" class=\"shopify-section\"><section id=\"template--26416186098007__pdp_unlimited_section_MqaMxz\" class=\"pdp pdp-video pdp-unlimited\"><div id=\"\" class=\"pdp-video-container\"><div class=\"pdp-section-header alignment--center\"><h1><span dir=\"auto\">&lt; 30 dB, cicha praca umo\u017cliwiaj\u0105ca tworzenie kopii zapasowych 24\/7<\/span><\/h1><div class=\"content content-align-m-left\"><p><span dir=\"auto\">Dzi\u0119ki ulepszonemu rozpraszaniu ciep\u0142a X-GaNPower, RIVER 3 pracuje z g\u0142o\u015bno\u015bci\u0105 por\u00f3wnywaln\u0105 z t\u0105 w bibliotece, wynosz\u0105c\u0105 mniej ni\u017c 30 dB w odleg\u0142o\u015bci 0,5 m\u00b2. Gwarantujemy spok\u00f3j w dzie\u0144 i w nocy, nawet gdy urz\u0105dzenie pracuje bez przerwy.<\/span><\/p><\/div><\/div><div class=\"video-container\"><div class=\"image-content\"><picture><source srcset=\"\/\/eu.ecoflow.com\/cdn\/shop\/files\/PC_R3_01_4.jpg?v=1738512938&amp;width=2000\" media=\"(min-width:750px)\" \/><source srcset=\"\/\/eu.ecoflow.com\/cdn\/shop\/files\/M_R3_01_4.jpg?v=1738512954&amp;width=749\" media=\"(max-width:749px)\" \/><img decoding=\"async\" src=\"https:\/\/eu.ecoflow.com\/products\/Liquid%20error%20(sections\/pdp-unlimited-section%20line%2076):%20wrong%20number%20of%20arguments%20(given%202,%20expected%201)\" alt=\"\" \/><\/picture><\/div><div class=\"pdp-section-header bottom\">\u00a0<\/div><\/div><\/div><\/section><\/div><div id=\"shopify-section-template--26416186098007__9755dabe-f9c8-4ad0-ab89-62efb21f28f9\" class=\"shopify-section\"><section id=\"template--26416186098007__9755dabe-f9c8-4ad0-ab89-62efb21f28f9\" class=\"pdp pdp-slideshow\"><div id=\"\" class=\"pdp-slideshow-container\"><div class=\"pdp-slideshow-container-inner\"><div class=\"pdp-slideshow-item active content-alignment-center block-a9dbc246-33d0-4407-8b04-9b894241d313\" data-block=\"block-a9dbc246-33d0-4407-8b04-9b894241d313\"><div class=\"text-content content-align-m-left\"><h1><span dir=\"auto\">4 opcje \u0142adowania, bezpieczne \u0142adowanie od 0 do 100% w ci\u0105gu 1 godziny<\/span><\/h1><div class=\"subtitle\"><p><span dir=\"auto\">Szybko przygotuj si\u0119 na wycieczki na \u015bwie\u017cym powietrzu i przerwy w dostawie pr\u0105du<\/span><\/p><\/div><\/div><div class=\"pdp-slideshow-block-images-container\"><div class=\"pdp-slideshow-block-images\"><div class=\"pdp-slideshow-block-image-wrapper\"><div class=\"hideMobile\"><img decoding=\"async\" src=\"https:\/\/eu.ecoflow.com\/cdn\/shop\/files\/PC_R3_02_1.jpg?v=1738513265\" alt=\"4 opcje \u0142adowania, bezpieczne \u0142adowanie od 0 do 100% w ci\u0105gu 1 godziny\" \/><\/div><\/div><\/div><\/div><\/div><div class=\"pdp-slideshow-tabs alignment--center\"><div class=\"pdp-slideshow-tabs-inner\"><div class=\"pdp-slideshow-tab-title active\" data-target-block=\"block-a9dbc246-33d0-4407-8b04-9b894241d313\"><span dir=\"auto\">\u0141adowanie pr\u0105dem zmiennym<\/span><\/div><div class=\"pdp-slideshow-tab-title \" data-target-block=\"block-f372f39d-7df6-4d72-9a89-3a2eb433f689\"><span dir=\"auto\">\u0141adowanie s\u0142oneczne<\/span><\/div><div class=\"pdp-slideshow-tab-title \" data-target-block=\"block-tab_dVcz9L\"><span dir=\"auto\">\u0141adowanie samochodu<\/span><\/div><div class=\"pdp-slideshow-tab-title \" data-target-block=\"block-a598c7b1-7ea3-466e-a552-ff34f902d391\"><span dir=\"auto\">\u0141adowanie generatora<\/span><\/div><\/div><\/div><div class=\"pdp-slideshow-bottom-item active content-alignment-center block-a9dbc246-33d0-4407-8b04-9b894241d313\" data-block=\"block-a9dbc246-33d0-4407-8b04-9b894241d313\"><div class=\"text-content content-align-m-left\"><div class=\"content\"><p><span dir=\"auto\">RIVER 3 \u0142aduje si\u0119 szybko w ci\u0105gu 1 godziny za pomoc\u0105 technologii X-Stream, nie powoduj\u0105c uszkodzenia akumulatora dzi\u0119ki zastosowaniu ogniw o jako\u015bci samochodowej i technologii \u0142adowania podtrzymuj\u0105cego.<\/span><\/p><\/div><\/div><\/div><\/div><\/div><\/section><\/div><div id=\"shopify-section-template--26416186098007__pdp_rich_text_hm7n7J\" class=\"shopify-section\"><section id=\"template--26416186098007__pdp_rich_text_hm7n7J\" class=\"pdp pdp-rich-text\"><div id=\"\" class=\"pdp-container content-align__center\"><h1><span dir=\"auto\">Jednorazowa inwestycja, kt\u00f3ra trwa 10 lat<\/span><\/h1><div class=\"subtitle\"><p><span dir=\"auto\">Niezwykle wytrzyma\u0142y, do bezproblemowego u\u017cytkowania na zewn\u0105trz<\/span><\/p><\/div><\/div><\/section><\/div><div id=\"shopify-section-template--26416186098007__pdp_image_with_text_ewhQDg\" class=\"shopify-section\"><section id=\"template--26416186098007__pdp_image_with_text_ewhQDg\" class=\"pdp pdp-image-text\"><div id=\"\" class=\"pdp-image-text-container owl-pr-0\"><div class=\"stacked content-alignment-center hideMobile\"><div class=\"stack-content stack-content-3 mobile-stack-content-2\"><p><picture><source srcset=\"\/\/eu.ecoflow.com\/cdn\/shop\/files\/PC_R3_03_1.jpg?v=1738512946&amp;width=1000\" media=\"(min-width:750px)\" \/><source srcset=\"\/\/eu.ecoflow.com\/cdn\/shop\/files\/M_R3_03_1.jpg?v=1738513024&amp;width=749\" media=\"(max-width:749px)\" \/><img decoding=\"async\" src=\"https:\/\/eu.ecoflow.com\/cdn\/shop\/files\/PC_R3_03_1.jpg?v=1738512946&amp;width=1000\" alt=\"\" \/><\/picture><\/p><div class=\"text-content\"><h3><strong><span dir=\"auto\">Wodoodporny, ognioodporny i odporny na upadki<\/span><\/strong><\/h3><h5><span dir=\"auto\">Dzi\u0119ki ochronie akumulatora IP54 ryzyko uszkodzenia przez wod\u0119 jest zminimalizowane.\u00b3 Wytrzyma\u0142a, ognioodporna obudowa wytrzymuje trudne warunki. Nawet po upadku z wysoko\u015bci 1 metra RIVER 3 nie ulegnie uszkodzeniu.<\/span><\/h5><\/div><\/div><div class=\"stack-content stack-content-3 mobile-stack-content-2\"><p><picture><source srcset=\"\/\/eu.ecoflow.com\/cdn\/shop\/files\/PC_R3_03_2.jpg?v=1738512933&amp;width=1000\" media=\"(min-width:750px)\" \/><source srcset=\"\/\/eu.ecoflow.com\/cdn\/shop\/files\/M_R3_03_2.jpg?v=1738512999&amp;width=749\" media=\"(max-width:749px)\" \/><img decoding=\"async\" src=\"https:\/\/eu.ecoflow.com\/cdn\/shop\/files\/PC_R3_03_2.jpg?v=1738512933&amp;width=1000\" alt=\"\" \/><\/picture><\/p><div class=\"text-content\"><h3><span dir=\"auto\">Ogniwa LiFePO4, \u017cywotno\u015b\u0107 10 lat<\/span><\/h3><h5><span dir=\"auto\">RIVER 3 ma \u017cywotno\u015b\u0107 3000 cykli \u0142adowania. To oko\u0142o 10 lat codziennego u\u017cytkowania, zanim jego pojemno\u015b\u0107 spadnie do 80%.<\/span><\/h5><\/div><\/div><div class=\"stack-content stack-content-3 mobile-stack-content-2\"><p><picture><source srcset=\"\/\/eu.ecoflow.com\/cdn\/shop\/files\/PC_R3_03_3.jpg?v=1738512908&amp;width=1000\" media=\"(min-width:750px)\" \/><source srcset=\"\/\/eu.ecoflow.com\/cdn\/shop\/files\/M_R3_03_3.jpg?v=1738512992&amp;width=749\" media=\"(max-width:749px)\" \/><img decoding=\"async\" src=\"https:\/\/eu.ecoflow.com\/cdn\/shop\/files\/PC_R3_03_3.jpg?v=1738512908&amp;width=1000\" alt=\"\" \/><\/picture><\/p><div class=\"text-content\"><h3><span dir=\"auto\">Technologia ochrony baterii X-Guard<\/span><\/h3><h5><span dir=\"auto\">Wyposa\u017cony w zaawansowany algorytm do monitorowania baterii w chmurze z ponad 40 \u015brodkami bezpiecze\u0144stwa, RIVER 3 chroni przed r\u00f3\u017cnymi zagro\u017ceniami zwi\u0105zanymi z pr\u0105dem, napi\u0119ciem, temperatur\u0105 i obwodami.<\/span><\/h5><\/div><\/div><\/div><\/div><\/section><\/div><div id=\"shopify-section-template--26416186098007__pdp_unlimited_section_UNxHgG\" class=\"shopify-section\"><section id=\"template--26416186098007__pdp_unlimited_section_UNxHgG\" class=\"pdp pdp-video pdp-unlimited\"><div id=\"\" class=\"pdp-video-container\"><div class=\"pdp-section-header alignment--center\"><h1><span dir=\"auto\">Zasilanie urz\u0105dze\u0144 o mocy do 600 W<\/span><\/h1><div class=\"subtitle\"><p><span dir=\"auto\">Tw\u00f3j niezawodny towarzysz na \u0142onie natury lub podczas awarii<\/span><\/p><\/div><div class=\"content content-align-m-left\"><p><span dir=\"auto\">RIVER 3 zapewnia p\u0142ynn\u0105 prac\u0119 90% Twoich niezb\u0119dnych urz\u0105dze\u0144 dzi\u0119ki mocy 300 W. Dzi\u0119ki technologii X-Boost mo\u017ce zasila\u0107 urz\u0105dzenia grzewcze o mocy 600 W bezproblemowego dzia\u0142ania.<\/span><\/p><\/div><\/div><div class=\"video-container\"><div class=\"image-content\"><picture><source srcset=\"\/\/eu.ecoflow.com\/cdn\/shop\/files\/PC_R3_04.jpg?v=1738512929&amp;width=2000\" media=\"(min-width:750px)\" \/><source srcset=\"\/\/eu.ecoflow.com\/cdn\/shop\/files\/M_R3_04.jpg?v=1738512981&amp;width=749\" media=\"(max-width:749px)\" \/><img decoding=\"async\" src=\"https:\/\/eu.ecoflow.com\/products\/Liquid%20error%20(sections\/pdp-unlimited-section%20line%2076):%20wrong%20number%20of%20arguments%20(given%202,%20expected%201)\" alt=\"\" \/><\/picture><\/div><div class=\"pdp-section-header bottom\">\u00a0<\/div><\/div><\/div><\/section><\/div><div id=\"shopify-section-template--26416186098007__pdp_unlimited_section_whkHfT\" class=\"shopify-section\"><section id=\"template--26416186098007__pdp_unlimited_section_whkHfT\" class=\"pdp pdp-video pdp-unlimited\"><div id=\"\" class=\"pdp-video-container\"><div class=\"pdp-section-header alignment--center\"><h1><span dir=\"auto\">Rozwi\u0105zanie UPS &lt;20 ms zapewniaj\u0105ce nieprzerwan\u0105 codzienn\u0105 prac\u0119<\/span><\/h1><div class=\"content content-align-m-left\"><p><span dir=\"auto\">W przypadku awarii zasilania, gniazdko sieciowe prze\u0142\u0105czy si\u0119 na zasilanie RIVER 3 w ci\u0105gu zaledwie 20 ms. Dzi\u0119ki temu zapewnione jest dzia\u0142anie najwa\u017cniejszych urz\u0105dze\u0144 gospodarstwa domowego, przechowywanie \u017cywno\u015bci, bezpiecze\u0144stwo i komunikacja. P\u0142ynne, automatyczne prze\u0142\u0105czanie zapewnia sta\u0142y spok\u00f3j ducha.<\/span><\/p><\/div><\/div><div class=\"video-container\"><div class=\"image-content\"><picture><source srcset=\"\/\/eu.ecoflow.com\/cdn\/shop\/files\/PC_R3_05.jpg?v=1730797926&amp;width=2000\" media=\"(min-width:750px)\" \/><source srcset=\"\/\/eu.ecoflow.com\/cdn\/shop\/files\/M_R3_05.jpg?v=1738513033&amp;width=749\" media=\"(max-width:749px)\" \/><img decoding=\"async\" src=\"https:\/\/eu.ecoflow.com\/products\/Liquid%20error%20(sections\/pdp-unlimited-section%20line%2076):%20wrong%20number%20of%20arguments%20(given%202,%20expected%201)\" alt=\"\" \/><\/picture><\/div><div class=\"pdp-section-header bottom\">\u00a0<\/div><\/div><\/div><\/section><\/div><div id=\"shopify-section-template--26416186098007__pdp_unlimited_section_RVqyKM\" class=\"shopify-section\"><section id=\"template--26416186098007__pdp_unlimited_section_RVqyKM\" class=\"pdp pdp-video pdp-unlimited\"><div id=\"\" class=\"pdp-video-container\"><div class=\"pdp-section-header alignment--center\"><h1><span dir=\"auto\">Ulepszona inteligentna kontrola<\/span><\/h1><div class=\"subtitle\"><p><span dir=\"auto\">Wygodna, inteligentna, dostosowana do potrzeb kontrola mocy<\/span><\/p><\/div><\/div><div class=\"video-container\"><div class=\"image-content\"><picture><source srcset=\"\/\/eu.ecoflow.com\/cdn\/shop\/files\/PC_R3_06.jpg?v=1738513199&amp;width=2000\" media=\"(min-width:750px)\" \/><source srcset=\"\/\/eu.ecoflow.com\/cdn\/shop\/files\/M_R3_06.jpg?v=1730797940&amp;width=749\" media=\"(max-width:749px)\" \/><img decoding=\"async\" src=\"https:\/\/eu.ecoflow.com\/products\/Liquid%20error%20(sections\/pdp-unlimited-section%20line%2076):%20wrong%20number%20of%20arguments%20(given%202,%20expected%201)\" alt=\"\" \/><\/picture><\/div><div class=\"pdp-section-header bottom\">\u00a0<\/div><\/div><\/div><\/section><\/div><div id=\"shopify-section-template--26416186098007__pdp_unlimited_section_cWpzC8\" class=\"shopify-section\"><section id=\"template--26416186098007__pdp_unlimited_section_cWpzC8\" class=\"pdp pdp-video pdp-unlimited\"><div id=\"\" class=\"pdp-video-container\"><div class=\"pdp-section-header alignment--center\"><h1><span dir=\"auto\">Szczeg\u00f3\u0142y produktu<\/span><\/h1><\/div><div class=\"video-container\"><div class=\"image-content\"><picture><source srcset=\"\/\/eu.ecoflow.com\/cdn\/shop\/files\/11_1_Product_Details_EU.jpg?v=1754969328&amp;width=2000\" media=\"(min-width:750px)\" \/><source srcset=\"\/\/eu.ecoflow.com\/cdn\/shop\/files\/11_1_Product_Details_EU_7d84b2ab-1223-4a96-8670-bc45fda94794.jpg?v=1754966459&amp;width=749\" media=\"(max-width:749px)\" \/><img decoding=\"async\" src=\"https:\/\/eu.ecoflow.com\/products\/Liquid%20error%20(sections\/pdp-unlimited-section%20line%2076):%20wrong%20number%20of%20arguments%20(given%202,%20expected%201)\" alt=\"\" \/><\/picture><\/div><div class=\"pdp-section-header bottom\">\u00a0<\/div><\/div><\/div><\/section><\/div><div id=\"shopify-section-template--26416186098007__pdp_unlimited_section_AWRc9N\" class=\"shopify-section\"><section id=\"template--26416186098007__pdp_unlimited_section_AWRc9N\" class=\"pdp pdp-video pdp-unlimited\"><div id=\"whats in the box\" class=\"pdp-video-container\"><div class=\"pdp-section-header alignment--center\"><h1><span dir=\"auto\">Co jest w pude\u0142ku<\/span><\/h1><\/div><div class=\"video-container\"><div class=\"image-content\"><picture><source srcset=\"\/\/eu.ecoflow.com\/cdn\/shop\/files\/RIVER_3_PC.png?v=1756992541&amp;width=2000\" media=\"(min-width:750px)\" \/><source srcset=\"\/\/eu.ecoflow.com\/cdn\/shop\/files\/12_1_What_s_in_the_box_9ac06d5d-deb0-45fe-aa33-583b76cec59f.jpg?v=1738516135&amp;width=749\" media=\"(max-width:749px)\" \/><img decoding=\"async\" src=\"https:\/\/eu.ecoflow.com\/products\/Liquid%20error%20(sections\/pdp-unlimited-section%20line%2076):%20wrong%20number%20of%20arguments%20(given%202,%20expected%201)\" alt=\"\" \/><\/picture><\/div><\/div><\/div><\/section><\/div>\t\t\t\t\t\t\t\t<\/div>\n\t\t\t\t<\/div>\n\t\t\t\t\t<\/div>\n\t\t\t\t<\/div>\n\t\t\t\t<\/div>\n\t\t","protected":false},"excerpt":{"rendered":"<p>Idealny akumulator rozruchowy, kt\u00f3ry jest kompaktowy, a jednocze\u015bnie zapewnia du\u017c\u0105 wydajno\u015b\u0107 Kompaktowa konstrukcja i wysoka wydajno\u015b\u0107 \u0141atwe przed\u0142u\u017canie pobytu na [&hellip;]<\/p>\n","protected":false},"featured_media":4914,"comment_status":"open","ping_status":"closed","template":"","meta":{"site-sidebar-layout":"default","site-content-layout":"","ast-site-content-layout":"default","site-content-style":"default","site-sidebar-style":"default","ast-global-header-display":"","ast-banner-title-visibility":"","ast-main-header-display":"","ast-hfb-above-header-display":"","ast-hfb-below-header-display":"","ast-hfb-mobile-header-display":"","site-post-title":"","ast-breadcrumbs-content":"","ast-featured-img":"","footer-sml-layout":"","theme-transparent-header-meta":"default","adv-header-id-meta":"","stick-header-meta":"","header-above-stick-meta":"","header-main-stick-meta":"","header-below-stick-meta":"","astra-migrate-meta-layouts":"set","ast-page-background-enabled":"default","ast-page-background-meta":{"desktop":{"background-color":"var(--ast-global-color-4)","background-image":"","background-repeat":"repeat","background-position":"center center","background-size":"auto","background-attachment":"scroll","background-type":"","background-media":"","overlay-type":"","overlay-color":"","overlay-opacity":"","overlay-gradient":""},"tablet":{"background-color":"","background-image":"","background-repeat":"repeat","background-position":"center center","background-size":"auto","background-attachment":"scroll","background-type":"","background-media":"","overlay-type":"","overlay-color":"","overlay-opacity":"","overlay-gradient":""},"mobile":{"background-color":"","background-image":"","background-repeat":"repeat","background-position":"center center","background-size":"auto","background-attachment":"scroll","background-type":"","background-media":"","overlay-type":"","overlay-color":"","overlay-opacity":"","overlay-gradient":""}},"ast-content-background-meta":{"desktop":{"background-color":"var(--ast-global-color-5)","background-image":"","background-repeat":"repeat","background-position":"center center","background-size":"auto","background-attachment":"scroll","background-type":"","background-media":"","overlay-type":"","overlay-color":"","overlay-opacity":"","overlay-gradient":""},"tablet":{"background-color":"var(--ast-global-color-5)","background-image":"","background-repeat":"repeat","background-position":"center center","background-size":"auto","background-attachment":"scroll","background-type":"","background-media":"","overlay-type":"","overlay-color":"","overlay-opacity":"","overlay-gradient":""},"mobile":{"background-color":"var(--ast-global-color-5)","background-image":"","background-repeat":"repeat","background-position":"center center","background-size":"auto","background-attachment":"scroll","background-type":"","background-media":"","overlay-type":"","overlay-color":"","overlay-opacity":"","overlay-gradient":""}}},"product_brand":[267],"product_cat":[289,61,94],"product_tag":[],"class_list":{"0":"post-4908","1":"product","2":"type-product","3":"status-publish","4":"has-post-thumbnail","6":"product_brand-ecoflow","7":"product_cat-seria-river","8":"product_cat-elektryka","9":"product_cat-stacje-zasilania","10":"product_shipping_class-importowane-ue","11":"pa_moc-299","12":"pa_pojemnosc-300","13":"desktop-align-center","14":"tablet-align-left","15":"mobile-align-left","17":"first","18":"onbackorder","19":"taxable","20":"shipping-taxable","21":"purchasable","22":"product-type-simple"},"_links":{"self":[{"href":"https:\/\/hatu.pl\/index.php\/wp-json\/wp\/v2\/product\/4908","targetHints":{"allow":["GET"]}}],"collection":[{"href":"https:\/\/hatu.pl\/index.php\/wp-json\/wp\/v2\/product"}],"about":[{"href":"https:\/\/hatu.pl\/index.php\/wp-json\/wp\/v2\/types\/product"}],"replies":[{"embeddable":true,"href":"https:\/\/hatu.pl\/index.php\/wp-json\/wp\/v2\/comments?post=4908"}],"version-history":[{"count":10,"href":"https:\/\/hatu.pl\/index.php\/wp-json\/wp\/v2\/product\/4908\/revisions"}],"predecessor-version":[{"id":4927,"href":"https:\/\/hatu.pl\/index.php\/wp-json\/wp\/v2\/product\/4908\/revisions\/4927"}],"wp:featuredmedia":[{"embeddable":true,"href":"https:\/\/hatu.pl\/index.php\/wp-json\/wp\/v2\/media\/4914"}],"wp:attachment":[{"href":"https:\/\/hatu.pl\/index.php\/wp-json\/wp\/v2\/media?parent=4908"}],"wp:term":[{"taxonomy":"product_brand","embeddable":true,"href":"https:\/\/hatu.pl\/index.php\/wp-json\/wp\/v2\/product_brand?post=4908"},{"taxonomy":"product_cat","embeddable":true,"href":"https:\/\/hatu.pl\/index.php\/wp-json\/wp\/v2\/product_cat?post=4908"},{"taxonomy":"product_tag","embeddable":true,"href":"https:\/\/hatu.pl\/index.php\/wp-json\/wp\/v2\/product_tag?post=4908"}],"curies":[{"name":"wp","href":"https:\/\/api.w.org\/{rel}","templated":true}]}}