{"id":5002,"date":"2025-10-30T15:01:54","date_gmt":"2025-10-30T14:01:54","guid":{"rendered":"https:\/\/hatu.pl\/?post_type=product&#038;p=5002"},"modified":"2026-04-02T10:16:33","modified_gmt":"2026-04-02T08:16:33","slug":"sypialny-dach-podnoszony-do-vana-ford-transit-custom","status":"publish","type":"product","link":"https:\/\/hatu.pl\/index.php\/produkt\/sypialny-dach-podnoszony-do-vana-ford-transit-custom\/","title":{"rendered":"Sypialny dach podnoszony do vana Ford Transit Custom"},"content":{"rendered":"\t\t<div data-elementor-type=\"product-post\" data-elementor-id=\"5002\" class=\"elementor elementor-5002\" data-elementor-post-type=\"product\">\n\t\t\t\t<div class=\"elementor-element elementor-element-32a090fe e-flex e-con-boxed e-con e-parent\" data-id=\"32a090fe\" data-element_type=\"container\" data-e-type=\"container\">\n\t\t\t\t\t<div class=\"e-con-inner\">\n\t\t\t\t<div class=\"elementor-element elementor-element-cd266a2 elementor-widget elementor-widget-text-editor\" data-id=\"cd266a2\" data-element_type=\"widget\" data-e-type=\"widget\" data-widget_type=\"text-editor.default\">\n\t\t\t\t<div class=\"elementor-widget-container\">\n\t\t\t\t\t\t\t\t\t<p style=\"text-align: center\"><strong>Cena z monta\u017cem, \u0142\u00f3\u017ckiem i materacem.<\/strong><\/p>\t\t\t\t\t\t\t\t<\/div>\n\t\t\t\t<\/div>\n\t\t\t\t<div class=\"elementor-element elementor-element-69401a55 elementor-widget elementor-widget-text-editor\" data-id=\"69401a55\" data-element_type=\"widget\" data-e-type=\"widget\" data-widget_type=\"text-editor.default\">\n\t\t\t\t<div class=\"elementor-widget-container\">\n\t\t\t\t\t\t\t\t\t<p><span style=\"font-weight: 400\">Dach podnoszony do Forda Transita Customa produkcji <\/span><span style=\"font-weight: 400\">renomowanej firmy SCA to idealne rozwi\u0105zanie dla mi\u0142o\u015bnik\u00f3w podr\u00f3\u017cy i kempingu, kt\u00f3rzy ceni\u0105 sobie praktyczno\u015b\u0107 przestrzeni. <\/span><span style=\"font-weight: 400\">Ten produkt pozwoli Ci zapomnie\u0107 o spaniu w zimnym namiocie, a jednocze\u015bnie nie odbierze urok\u00f3w nocowania w\u015br\u00f3d natury. Zobacz, jak mo\u017cesz przekszta\u0142ci\u0107 swojego vana z Hatu Camp!<\/span><\/p><h2><span style=\"font-weight: 400\">Co zyskujesz, kupuj\u0105c dach sypialny do Forda Transita Customa?<\/span><\/h2><p><span style=\"font-weight: 400\">Podnoszony dach umo\u017cliwia swobodne poruszanie si\u0119 w pozycji stoj\u0105cej wewn\u0105trz pojazdu, co radykalnie zwi\u0119ksza przestrze\u0144 u\u017cytkow\u0105 i ca\u0142kowicie odmienia codzienny komfort podr\u00f3\u017cy, u\u0142atwiaj\u0105c takie czynno\u015bci jak gotowanie czy przebieranie si\u0119. Dzi\u0119ki niemu zyskujesz r\u00f3wnie\u017c dodatkow\u0105, pe\u0142nowymiarow\u0105 sypialni\u0119 z wygodnym \u0142\u00f3\u017ckiem, co pozwala na wsp\u00f3lny nocleg wi\u0119kszej liczbie os\u00f3b. To opcja idealna dla rodzin z dzie\u0107mi oraz grup przyjaci\u00f3\u0142 chc\u0105cych cieszy\u0107 si\u0119 wsp\u00f3ln\u0105 przygod\u0105. Kup dach sypialny do Forda Transita i ciesz si\u0119 wyj\u0105tkowym kempingiem!<\/span><\/p><h2><span style=\"font-weight: 400\">Zalety dachu podnoszonego do Forda Transita Customa<\/span><\/h2><p><span style=\"font-weight: 400\">W<\/span><span style=\"font-weight: 400\"> oparciu o ca\u0142kowicie nowy <\/span><span style=\"font-weight: 400\">projekt do<\/span><span style=\"font-weight: 400\"> kr\u00f3tkiego rozstawu osi Forda Transit Custom stworzono dach sypialny, kt\u00f3ry posiada wiele zalet. Wysokie no\u017cyce <\/span><span style=\"font-weight: 400\">zapewniaj\u0105<\/span><span style=\"font-weight: 400\"> znacznie wi\u0119cej miejsca na nogi lub umo\u017cliwiaj\u0105 pozycj\u0119 do spania z g\u0142ow\u0105 do ty\u0142u. W por\u00f3wnaniu z poprzednim <\/span><span style=\"font-weight: 400\">produktem zwi\u0119kszono<\/span><span style=\"font-weight: 400\"> wysoko\u015b\u0107 podnoszenia o 25 centymetr\u00f3w. Wysokiej jako\u015bci mechanizm odchylania z elastycznymi spr\u0119\u017cynami talerzowymi, wbudowany w lekk\u0105 aluminiow\u0105 ram\u0119, zapewnia wysoki komfort le\u017cenia i spania. <\/span><span style=\"font-weight: 400\">Jakie jeszcze zalety ma dach sypialny przeznaczony do Forda Transita Customa?<\/span><\/p><ul><li style=\"font-weight: 400\"><span style=\"font-weight: 400\">Tr\u00f3jstronna wentylacja i panorama \u2013 namiot jest wyposa\u017cony w trzy okna z moskitierami i wewn\u0119trznymi przes\u0142onami. Zapewnia to idealn\u0105 cyrkulacj\u0119 powietrza bez obaw o komary, a rano pozwala cieszy\u0107 si\u0119 widokiem na okolic\u0119 bez wychodzenia z \u0142\u00f3\u017cka.<\/span><\/li><li style=\"font-weight: 400\"><span style=\"font-weight: 400\">Aerodynamiczno\u015b\u0107 \u2013 nasz <\/span><span style=\"font-weight: 400\">dach jest zaprojektowany w taki spos\u00f3b, aby minimalizowa\u0107 op\u00f3r powietrza, co poprawia wydajno\u015b\u0107 paliwow\u0105 pojazdu.<\/span><\/li><li style=\"font-weight: 400\"><span style=\"font-weight: 400\">Prostota u\u017cytkowania \u2013 konstrukcja dachu sypialnego do Forda Transita Customa jest lekka, co pozwala na jego szybkie i sprawne podnoszenie oraz opuszczanie w ka\u017cdych warunkach.<\/span><\/li><li style=\"font-weight: 400\"><span style=\"font-weight: 400\">Kompaktowo\u015b\u0107 \u2013 gdy<\/span><span style=\"font-weight: 400\"> dach jest opuszczony, kamper zachowuje sw\u00f3j <\/span><span style=\"font-weight: 400\">oryginalny rozmiar, co<\/span><span style=\"font-weight: 400\"> u\u0142atwia parkowanie i poruszanie si\u0119 w w\u0105skich miejscach.<\/span><\/li><\/ul><p><span style=\"font-weight: 400\">To<\/span> <span style=\"font-weight: 400\">sprawia<\/span><span style=\"font-weight: 400\">, \u017ce podnoszony dach sypialniany <\/span><span style=\"font-weight: 400\">do Forda Transit Custom<\/span><span style=\"font-weight: 400\"> jest <\/span><span style=\"font-weight: 400\">praktycznym rozwi\u0105zaniem<\/span><span style=\"font-weight: 400\"> dla os\u00f3b chc\u0105cych podr\u00f3\u017cowa\u0107 kamperem, <\/span><span style=\"font-weight: 400\">kt\u00f3re oferuje<\/span><span style=\"font-weight: 400\"> dodatkow\u0105 przestrze\u0144 i komfort bez konieczno\u015bci rezygnacji z kompaktowych rozmiar\u00f3w pojazdu. <\/span><span style=\"font-weight: 400\">Zainwestuj w dach podnoszony i ju\u017c nigdy nie martw si\u0119 poszukiwaniem noclegu!<\/span><\/p><h3><span style=\"font-weight: 400\">Sta\u0142y dost\u0119p do pr\u0105du<\/span><\/h3><p><span style=\"font-weight: 400\">Pow\u0142oka<\/span><span style=\"font-weight: 400\"> dachu <\/span><span style=\"font-weight: 400\">sypialnego do Forda Transit Custom<\/span><span style=\"font-weight: 400\"> jest produkowana przy u\u017cyciu zaawansowanego procesu rozpr\u0119\u017cania pr\u00f3\u017cniowego. Gwarantuje to dok\u0142adnie tak\u0105 sam\u0105 grubo\u015b\u0107 \u015bcianek i umo\u017cliwia uzyskanie g\u0142adkiej, nieprofilowanej powierzchni zewn\u0119trznej poszycia dachu \u2013 jest to idealne pod\u0142o\u017ce do bezpo\u015bredniego klejenia cienkich paneli solarnych bez znacznego zwi\u0119kszania ca\u0142kowitej wysoko\u015bci pojazdu. <\/span><span style=\"font-weight: 400\">Je\u017celi zdecydujesz si\u0119 na tak\u0105 opcj\u0119, to podczas kempingu nie b\u0119dziesz musia\u0142 martwi\u0107 si\u0119 o brak pr\u0105du.\u00a0<\/span><\/p><h2><span style=\"font-weight: 400\">Kup dach sypialny do Forda Transita Customa od Hatu Camp!<\/span><\/h2><p><span style=\"font-weight: 400\">Decyduj\u0105c si\u0119 na produkt od Hatu Camp, nie musisz szuka\u0107 dodatkowych wykonawc\u00f3w \u2013 oferujemy profesjonaln\u0105 us\u0142ug\u0119 monta\u017cu, zapewniaj\u0105c Ci gotowe rozwi\u0105zanie od jednego producenta. Dodatkowo proponujemy malowanie dachu na kolor pojazdu, szyny do monta\u017cu baga\u017cu oraz umieszczenie w namiocie nawiew\u00f3w od fabrycznej klimatyzacji. Kup dach podnoszony do Forda Transita Customa i stw\u00f3rz wymarzonego kampera!<\/span><\/p><h2><span style=\"font-weight: 400\">Dach podnoszony SCA Ford Transit Custom \u2013 dane techniczne:<\/span><\/h2><ul><li style=\"font-weight: 400\"><span style=\"font-weight: 400\">Typ instalacji: <\/span><span style=\"font-weight: 400\">prz\u00f3d.<\/span><\/li><li style=\"font-weight: 400\"><span style=\"font-weight: 400\">Wysoko\u015b\u0107 pojazdu z dachem zamkni\u0119tym: 2065 <\/span><span style=\"font-weight: 400\">mm.<\/span><\/li><li style=\"font-weight: 400\"><span style=\"font-weight: 400\">D\u0142ugo\u015b\u0107 pojazdu: 4.972 <\/span><span style=\"font-weight: 400\">mm.<\/span><\/li><li style=\"font-weight: 400\"><span style=\"font-weight: 400\">\u0141\u00f3\u017cko: zastosowanie spr\u0119\u017cyn talerzowych na ramie <\/span><span style=\"font-weight: 400\">listwowej.<\/span><\/li><li style=\"font-weight: 400\"><span style=\"font-weight: 400\">Grubo\u015b\u0107 materaca: 40 <\/span><span style=\"font-weight: 400\">mm.<\/span><\/li><li style=\"font-weight: 400\"><span style=\"font-weight: 400\">Wymiary \u0142\u00f3\u017cka: 1890 \u00d7 1095 mm (wersja <\/span><span style=\"font-weight: 400\">kr\u00f3tka), 2265<\/span><span style=\"font-weight: 400\"> \u00d7 1095 mm (wersja <\/span><span style=\"font-weight: 400\">d\u0142uga).<\/span><\/li><li style=\"font-weight: 400\"><span style=\"font-weight: 400\">Pokrywa dost\u0119powa: imitacja sk\u00f3ry \/ laminowanie <\/span><span style=\"font-weight: 400\">tkanin\u0105.<\/span><\/li><li style=\"font-weight: 400\"><span style=\"font-weight: 400\">Zamykanie: South-Co.<\/span><\/li><li style=\"font-weight: 400\"><span style=\"font-weight: 400\">Wersja namiotu tkaninowego: Standard (tkanina <\/span><span style=\"font-weight: 400\">bawe\u0142niana).<\/span><\/li><li style=\"font-weight: 400\"><span style=\"font-weight: 400\">Wysoko\u015b\u0107 no\u017cyc nastawnych: 400 <\/span><span style=\"font-weight: 400\">mm.<\/span><\/li><\/ul><p><span style=\"font-weight: 400\">Zach\u0119camy do zapoznania si\u0119 z pe\u0142n\u0105 ofert\u0105 produkt\u00f3w na <\/span><a href=\"https:\/\/hatu.pl\/index.php\/sklep\"><span style=\"font-weight: 400\">naszej stronie sklepu<\/span><\/a><span style=\"font-weight: 400\">.<\/span><\/p><p><span style=\"font-weight: 400\">Zapraszamy r\u00f3wnie\u017c do odwiedzenia naszych profili na <\/span><a href=\"https:\/\/www.facebook.com\/hatucampsolutions\" target=\"_blank\" rel=\"noopener\"><span style=\"font-weight: 400\">Facebooku<\/span><\/a><span style=\"font-weight: 400\"> i<\/span><a href=\"https:\/\/www.instagram.com\/hatucampsolutions\/\" target=\"_blank\" rel=\"noopener\"><span style=\"font-weight: 400\"> Instagramie<\/span><\/a><span style=\"font-weight: 400\">!<\/span><\/p>\t\t\t\t\t\t\t\t<\/div>\n\t\t\t\t<\/div>\n\t\t\t\t\t<\/div>\n\t\t\t\t<\/div>\n\t\t\t\t<\/div>\n\t\t","protected":false},"excerpt":{"rendered":"<p>Dach renomowanej firmy SCA to idealne rozwi\u0105zanie dla mi\u0142o\u015bnik\u00f3w podr\u00f3\u017cy i kempingu, kt\u00f3rzy ceni\u0105 sobie praktyczno\u015b\u0107 przestrzeni.<\/p>\n<p>Cena z monta\u017cem, \u0142\u00f3\u017ckiem i materacem.<\/p>\n","protected":false},"featured_media":5020,"comment_status":"open","ping_status":"closed","template":"","meta":{"site-sidebar-layout":"default","site-content-layout":"","ast-site-content-layout":"default","site-content-style":"default","site-sidebar-style":"default","ast-global-header-display":"","ast-banner-title-visibility":"","ast-main-header-display":"","ast-hfb-above-header-display":"","ast-hfb-below-header-display":"","ast-hfb-mobile-header-display":"","site-post-title":"","ast-breadcrumbs-content":"","ast-featured-img":"","footer-sml-layout":"","theme-transparent-header-meta":"default","adv-header-id-meta":"","stick-header-meta":"","header-above-stick-meta":"","header-main-stick-meta":"","header-below-stick-meta":"","astra-migrate-meta-layouts":"set","ast-page-background-enabled":"default","ast-page-background-meta":{"desktop":{"background-color":"var(--ast-global-color-4)","background-image":"","background-repeat":"repeat","background-position":"center center","background-size":"auto","background-attachment":"scroll","background-type":"","background-media":"","overlay-type":"","overlay-color":"","overlay-opacity":"","overlay-gradient":""},"tablet":{"background-color":"","background-image":"","background-repeat":"repeat","background-position":"center center","background-size":"auto","background-attachment":"scroll","background-type":"","background-media":"","overlay-type":"","overlay-color":"","overlay-opacity":"","overlay-gradient":""},"mobile":{"background-color":"","background-image":"","background-repeat":"repeat","background-position":"center center","background-size":"auto","background-attachment":"scroll","background-type":"","background-media":"","overlay-type":"","overlay-color":"","overlay-opacity":"","overlay-gradient":""}},"ast-content-background-meta":{"desktop":{"background-color":"var(--ast-global-color-5)","background-image":"","background-repeat":"repeat","background-position":"center center","background-size":"auto","background-attachment":"scroll","background-type":"","background-media":"","overlay-type":"","overlay-color":"","overlay-opacity":"","overlay-gradient":""},"tablet":{"background-color":"var(--ast-global-color-5)","background-image":"","background-repeat":"repeat","background-position":"center center","background-size":"auto","background-attachment":"scroll","background-type":"","background-media":"","overlay-type":"","overlay-color":"","overlay-opacity":"","overlay-gradient":""},"mobile":{"background-color":"var(--ast-global-color-5)","background-image":"","background-repeat":"repeat","background-position":"center center","background-size":"auto","background-attachment":"scroll","background-type":"","background-media":"","overlay-type":"","overlay-color":"","overlay-opacity":"","overlay-gradient":""}}},"product_brand":[265],"product_cat":[49],"product_tag":[319],"class_list":{"0":"post-5002","1":"product","2":"type-product","3":"status-publish","4":"has-post-thumbnail","6":"product_brand-hatu","7":"product_cat-dachy-podnoszone","8":"product_tag-sca","9":"product_shipping_class-dachy","10":"pa_marka-samochodu-ford","11":"pa_model-tourneo-custom","12":"pa_samoch-l1-short-swb","13":"pa_samoch-l2-long-lwb","14":"pa_samoch-volkswagen-t5-t6-t6-1-long","15":"pa_samoch-vwt","16":"desktop-align-center","17":"tablet-align-left","18":"mobile-align-left","20":"first","21":"onbackorder","22":"taxable","23":"shipping-taxable","24":"purchasable","25":"product-type-variable","26":"has-default-attributes"},"_links":{"self":[{"href":"https:\/\/hatu.pl\/index.php\/wp-json\/wp\/v2\/product\/5002","targetHints":{"allow":["GET"]}}],"collection":[{"href":"https:\/\/hatu.pl\/index.php\/wp-json\/wp\/v2\/product"}],"about":[{"href":"https:\/\/hatu.pl\/index.php\/wp-json\/wp\/v2\/types\/product"}],"replies":[{"embeddable":true,"href":"https:\/\/hatu.pl\/index.php\/wp-json\/wp\/v2\/comments?post=5002"}],"version-history":[{"count":15,"href":"https:\/\/hatu.pl\/index.php\/wp-json\/wp\/v2\/product\/5002\/revisions"}],"predecessor-version":[{"id":5838,"href":"https:\/\/hatu.pl\/index.php\/wp-json\/wp\/v2\/product\/5002\/revisions\/5838"}],"wp:featuredmedia":[{"embeddable":true,"href":"https:\/\/hatu.pl\/index.php\/wp-json\/wp\/v2\/media\/5020"}],"wp:attachment":[{"href":"https:\/\/hatu.pl\/index.php\/wp-json\/wp\/v2\/media?parent=5002"}],"wp:term":[{"taxonomy":"product_brand","embeddable":true,"href":"https:\/\/hatu.pl\/index.php\/wp-json\/wp\/v2\/product_brand?post=5002"},{"taxonomy":"product_cat","embeddable":true,"href":"https:\/\/hatu.pl\/index.php\/wp-json\/wp\/v2\/product_cat?post=5002"},{"taxonomy":"product_tag","embeddable":true,"href":"https:\/\/hatu.pl\/index.php\/wp-json\/wp\/v2\/product_tag?post=5002"}],"curies":[{"name":"wp","href":"https:\/\/api.w.org\/{rel}","templated":true}]}}