{"id":5090,"date":"2025-11-27T16:38:34","date_gmt":"2025-11-27T15:38:34","guid":{"rendered":"https:\/\/hatu.pl\/?post_type=product&#038;p=5090"},"modified":"2025-12-15T15:50:09","modified_gmt":"2025-12-15T14:50:09","slug":"hybrydowy-zestaw-ogrzewania-maxi-bobil-air-kopia","status":"publish","type":"product","link":"https:\/\/hatu.pl\/index.php\/produkt\/hybrydowy-zestaw-ogrzewania-maxi-bobil-air-kopia\/","title":{"rendered":"Hybrydowy Zestaw Ogrzewania Bobil Calorifier"},"content":{"rendered":"\t\t<div data-elementor-type=\"product-post\" data-elementor-id=\"5090\" class=\"elementor elementor-5090\" data-elementor-post-type=\"product\">\n\t\t\t\t<div class=\"elementor-element elementor-element-7974199 e-flex e-con-boxed e-con e-parent\" data-id=\"7974199\" data-element_type=\"container\" data-e-type=\"container\">\n\t\t\t\t\t<div class=\"e-con-inner\">\n\t\t\t\t<div class=\"elementor-element elementor-element-7304bf5 elementor-widget elementor-widget-text-editor\" data-id=\"7304bf5\" data-element_type=\"widget\" data-e-type=\"widget\" data-widget_type=\"text-editor.default\">\n\t\t\t\t<div class=\"elementor-widget-container\">\n\t\t\t\t\t\t\t\t\t<h3 style=\"text-align: center;\" data-start=\"0\" data-end=\"124\">Zestaw Bobil Hybrid MAXI Air + Nagrzewnica powietrza Autoterm Diesel \u2013 Ciep\u0142a woda i komfortowa furgonetka w jednym!<\/h3><p data-start=\"126\" data-end=\"425\">Zestaw <strong data-start=\"133\" data-end=\"158\">Bobil Hybrid MAXI Air<\/strong> to innowacyjne rozwi\u0105zanie, kt\u00f3re \u0142\u0105czy funkcjonalno\u015b\u0107 podgrzewania wody i ogrzewania przestrzeni w kamperze. Dzi\u0119ki niemu cieszysz si\u0119 zar\u00f3wno ciep\u0142\u0105 wod\u0105, jak i komfortow\u0105 temperatur\u0105 w furgonetce \u2013 wszystko przy minimalnych kosztach u\u017cytkowania!<\/p><p data-start=\"427\" data-end=\"689\">Ten hybrydowy system wykorzystuje silnik wysokopr\u0119\u017cny oraz energi\u0119 elektryczn\u0105 do podgrzewania wody, idealny do podr\u00f3\u017cy w ka\u017cdych warunkach. Wybieraj\u0105c ten zestaw, inwestujesz w wygod\u0119, oszcz\u0119dno\u015bci i wszechstronno\u015b\u0107 \u2013 wszystko w jednym pakiecie!<\/p><h4 style=\"text-align: center;\" data-start=\"691\" data-end=\"746\">Kluczowe funkcje zestawu Bobil Hybrid MAXI Air:<\/h4><p data-start=\"748\" data-end=\"997\">Hybrydowy podgrzewacz wody MAXI Bobil<br data-start=\"789\" data-end=\"792\" \/>Umo\u017cliwia podgrzewanie wody za pomoc\u0105 nagrzewnicy powietrza (silnik wysokopr\u0119\u017cny) i elektrycznego podgrzewacza. Idealne dla os\u00f3b, kt\u00f3re chc\u0105 korzysta\u0107 z energii odnawialnej oraz zapasowej w razie potrzeby.<\/p><h4 style=\"text-align: center;\" data-start=\"999\" data-end=\"1276\"><strong data-start=\"999\" data-end=\"1024\">Wi\u0119kszy zbiornik wody<\/strong><\/h4><p data-start=\"999\" data-end=\"1276\"><br data-start=\"1024\" data-end=\"1027\" \/>Wybierz pomi\u0119dzy zbiornikiem 15L (200 W DC, 800 W AC) lub 25L (1500 W AC), kt\u00f3re zapewniaj\u0105 wi\u0119cej ciep\u0142ej wody \u2013 idealne dla wi\u0119kszych kamper\u00f3w i rodzin. Zbiornik jest izolowany, co zapewnia d\u0142ugotrwa\u0142e utrzymanie wysokiej temperatury wody.<\/p><h4 style=\"text-align: center;\" data-start=\"1278\" data-end=\"1531\">Wydajno\u015b\u0107 i oszcz\u0119dno\u015b\u0107 energii<\/h4><p data-start=\"1278\" data-end=\"1531\"><br data-start=\"1313\" data-end=\"1316\" \/>Nowy system cyrkulacji ciep\u0142a zapewnia ciep\u0142\u0105 wod\u0119 oraz komfortow\u0105 temperatur\u0119 w kamperze przy minimalnym zu\u017cyciu energii. Gruba izolacja zbiornika zmniejsza straty ciep\u0142a, co zmniejsza zu\u017cycie energii elektrycznej.<\/p><h4 style=\"text-align: center;\" data-start=\"1533\" data-end=\"1844\">Nagrzewnica powietrza Autoterm Diesel<\/h4><p data-start=\"1533\" data-end=\"1844\"><br data-start=\"1574\" data-end=\"1577\" \/>Zestaw zawiera wysokiej jako\u015bci <strong data-start=\"1609\" data-end=\"1650\">nagrzewnic\u0119 powietrza Autoterm Diesel<\/strong> (2 kW lub 4 kW), kt\u00f3ra zapewnia niezawodne ogrzewanie przestrzeni kampera. Model 2 kW jest idealny do mniejszych pojazd\u00f3w, a model 4 kW sprawdzi si\u0119 w \u015brednich i du\u017cych samochodach dostawczych.<\/p><h4 style=\"text-align: center;\" data-start=\"1846\" data-end=\"2132\">Inteligentny sterownik Bobil<\/h4><p data-start=\"1846\" data-end=\"2132\"><br data-start=\"1878\" data-end=\"1881\" \/>Automatycznie prze\u0142\u0105cza mi\u0119dzy ogrzewaniem przestrzeni a podgrzewaniem wody w zale\u017cno\u015bci od potrzeb. Dodatkowo, kontroluje proces podgrzewania wody za pomoc\u0105 energii s\u0142onecznej, oferuj\u0105c darmow\u0105 ciep\u0142\u0105 wod\u0119, gdy system wykryje nadmiar energii!<\/p><h4 style=\"text-align: center;\" data-start=\"2134\" data-end=\"2182\">Co zawiera zestaw Bobil Hybrid MAXI Air:<\/h4><ul data-start=\"2183\" data-end=\"2686\"><li data-start=\"2183\" data-end=\"2269\">Zbiornik hybrydowy MAXI Bobil \u2013 Wersje 15L (DC 200W, AC 800W) lub 25L (AC 1500W)<\/li><li data-start=\"2270\" data-end=\"2316\">Nowy, wysokoci\u015bnieniowy wymiennik ciep\u0142a<\/li><li data-start=\"2317\" data-end=\"2374\">Automatyczny rozdzielacz ciep\u0142a (60, 75, lub 90 mm)<\/li><li data-start=\"2375\" data-end=\"2409\">Inteligentny sterownik Bobil<\/li><li data-start=\"2410\" data-end=\"2448\">Pompa obiegowa + w\u0105\u017c gumowy EPDM<\/li><li data-start=\"2449\" data-end=\"2539\">Hydrauliczne akcesoria monta\u017cowe (w tym zbiornik wyr\u00f3wnawczy i zaw\u00f3r nadci\u015bnieniowy)<\/li><li data-start=\"2540\" data-end=\"2686\">Nagrzewnica Autoterm Diesel (2 kW lub 4 kW) z pe\u0142nym zestawem monta\u017cowym, w tym pomp\u0105 paliwow\u0105, przewodami oraz wybranym panelem sterowania.<\/li><\/ul><h4 style=\"text-align: center;\" data-start=\"2688\" data-end=\"2742\">Wyb\u00f3r sterownik\u00f3w nagrzewnicy Autoterm Diesel:<\/h4><ul data-start=\"2743\" data-end=\"3103\"><li data-start=\"2743\" data-end=\"2826\"><strong data-start=\"2745\" data-end=\"2754\">PU-05<\/strong> \u2013 W\u0142\u0105czanie\/wy\u0142\u0105czanie nagrzewnicy oraz kontrola pr\u0119dko\u015bci wentylatora.<\/li><li data-start=\"2827\" data-end=\"2956\"><strong data-start=\"2829\" data-end=\"2848\">Push Controller<\/strong> \u2013 Minimalistyczny kontroler z czujnikiem temperatury Bobil Smart Controller do termostatycznego sterowania.<\/li><li data-start=\"2957\" data-end=\"3103\"><strong data-start=\"2959\" data-end=\"2981\">Comfort Controller<\/strong> \u2013 Lepszy wy\u015bwietlacz i funkcjonalno\u015b\u0107 timera, np. w\u0142\u0105czanie grzejnika o okre\u015blonej porze lub w zale\u017cno\u015bci od temperatury.<\/li><\/ul><h4 style=\"text-align: center;\" data-start=\"3105\" data-end=\"3164\">Dlaczego warto wybra\u0107 zestaw Bobil Hybrid MAXI Air?<\/h4><ul data-start=\"3165\" data-end=\"3635\"><li data-start=\"3165\" data-end=\"3270\"><strong data-start=\"3167\" data-end=\"3191\">\u0141atwo\u015b\u0107 w instalacji<\/strong> \u2013 Zaledwie 4 g\u0142\u00f3wne komponenty oraz \u0142atwe w pod\u0142\u0105czeniu elementy hydrauliczne.<\/li><li data-start=\"3271\" data-end=\"3386\"><strong data-start=\"3273\" data-end=\"3302\">Komfort w ka\u017cdej sytuacji<\/strong> \u2013 Ogrzewanie przestrzeni kampera i podgrzewanie wody do prysznica lub mycia naczy\u0144.<\/li><li data-start=\"3387\" data-end=\"3511\"><strong data-start=\"3389\" data-end=\"3407\">Bezpiecze\u0144stwo<\/strong> \u2013 Termostatyczny zaw\u00f3r mieszaj\u0105cy zapewnia bezpieczne u\u017cytkowanie wody, zw\u0142aszcza dla rodzin z dzie\u0107mi.<\/li><li data-start=\"3512\" data-end=\"3635\"><strong data-start=\"3514\" data-end=\"3530\">Nowoczesno\u015b\u0107<\/strong> \u2013 Sterowanie zintegrowanym systemem hydrauliczno-elektrycznym za pomoc\u0105 inteligentnego sterownika Bobil.<\/li><\/ul><h4 style=\"text-align: center;\" data-start=\"3637\" data-end=\"3666\">Dodatkowe informacje:<\/h4><ul data-start=\"3667\" data-end=\"3967\"><li data-start=\"3667\" data-end=\"3844\"><strong data-start=\"3669\" data-end=\"3703\">Mo\u017cliwo\u015b\u0107 monta\u017cu zewn\u0119trznego<\/strong> \u2013 Nagrzewnica Autoterm Diesel standardowo dostarczana jest z wewn\u0119trznym zestawem monta\u017cowym, ale mo\u017cna dokupi\u0107 zewn\u0119trzny zestaw monta\u017cowy.<\/li><li data-start=\"3845\" data-end=\"3967\"><strong data-start=\"3847\" data-end=\"3890\">Opcje dodatkowych cz\u0119\u015bci hydraulicznych<\/strong> \u2013 Szeroka oferta adapter\u00f3w, z\u0142\u0105czy i innych element\u00f3w pasuj\u0105cych do zestawu.<\/li><\/ul><h4 style=\"text-align: center;\" data-start=\"3969\" data-end=\"3983\">Wideo:<\/h4><ul data-start=\"3984\" data-end=\"4095\"><li data-start=\"3984\" data-end=\"4038\"><strong data-start=\"3986\" data-end=\"4017\">Przegl\u0105d wideo Bobil Hybrid<\/strong>: Kliknij <a href=\"#\" rel=\"noopener\" data-start=\"4027\" data-end=\"4037\">tutaj<\/a>.<\/li><li data-start=\"4039\" data-end=\"4095\"><strong data-start=\"4041\" data-end=\"4074\">Instalacja wideo Bobil Hybrid<\/strong>: Kliknij <a href=\"#\" rel=\"noopener\" data-start=\"4084\" data-end=\"4094\">tutaj<\/a>.<\/li><\/ul><p data-start=\"4097\" data-end=\"4326\" data-is-last-node=\"\" data-is-only-node=\"\">Ten zestaw zapewni Ci pe\u0142n\u0105 wygod\u0119 i niezawodno\u015b\u0107 w podr\u00f3\u017cy, oferuj\u0105c zar\u00f3wno komfort ciep\u0142ej wody, jak i ogrzewania kampera w jednym rozwi\u0105zaniu. Zainwestuj w <strong data-start=\"4257\" data-end=\"4282\">Bobil Hybrid MAXI Air<\/strong> i ciesz si\u0119 komfortem na ka\u017cdym kilometrze!<\/p>\t\t\t\t\t\t\t\t<\/div>\n\t\t\t\t<\/div>\n\t\t\t\t\t<\/div>\n\t\t\t\t<\/div>\n\t\t\t\t<\/div>\n\t\t","protected":false},"excerpt":{"rendered":"<p>Zestaw Bobil Hybrid MAXI Air + Nagrzewnica powietrza Autoterm Diesel \u2013 Ciep\u0142a woda i komfortowa furgonetka w jednym! Zestaw Bobil [&hellip;]<\/p>\n","protected":false},"featured_media":3385,"comment_status":"open","ping_status":"closed","template":"","meta":{"site-sidebar-layout":"no-sidebar","site-content-layout":"","ast-site-content-layout":"full-width-container","site-content-style":"default","site-sidebar-style":"default","ast-global-header-display":"","ast-banner-title-visibility":"","ast-main-header-display":"","ast-hfb-above-header-display":"","ast-hfb-below-header-display":"","ast-hfb-mobile-header-display":"","site-post-title":"disabled","ast-breadcrumbs-content":"","ast-featured-img":"disabled","footer-sml-layout":"","theme-transparent-header-meta":"default","adv-header-id-meta":"","stick-header-meta":"","header-above-stick-meta":"","header-main-stick-meta":"","header-below-stick-meta":"","astra-migrate-meta-layouts":"set","ast-page-background-enabled":"default","ast-page-background-meta":{"desktop":{"background-color":"var(--ast-global-color-4)","background-image":"","background-repeat":"repeat","background-position":"center center","background-size":"auto","background-attachment":"scroll","background-type":"","background-media":"","overlay-type":"","overlay-color":"","overlay-opacity":"","overlay-gradient":""},"tablet":{"background-color":"","background-image":"","background-repeat":"repeat","background-position":"center center","background-size":"auto","background-attachment":"scroll","background-type":"","background-media":"","overlay-type":"","overlay-color":"","overlay-opacity":"","overlay-gradient":""},"mobile":{"background-color":"","background-image":"","background-repeat":"repeat","background-position":"center center","background-size":"auto","background-attachment":"scroll","background-type":"","background-media":"","overlay-type":"","overlay-color":"","overlay-opacity":"","overlay-gradient":""}},"ast-content-background-meta":{"desktop":{"background-color":"var(--ast-global-color-5)","background-image":"","background-repeat":"repeat","background-position":"center center","background-size":"auto","background-attachment":"scroll","background-type":"","background-media":"","overlay-type":"","overlay-color":"","overlay-opacity":"","overlay-gradient":""},"tablet":{"background-color":"var(--ast-global-color-5)","background-image":"","background-repeat":"repeat","background-position":"center center","background-size":"auto","background-attachment":"scroll","background-type":"","background-media":"","overlay-type":"","overlay-color":"","overlay-opacity":"","overlay-gradient":""},"mobile":{"background-color":"var(--ast-global-color-5)","background-image":"","background-repeat":"repeat","background-position":"center center","background-size":"auto","background-attachment":"scroll","background-type":"","background-media":"","overlay-type":"","overlay-color":"","overlay-opacity":"","overlay-gradient":""}}},"product_brand":[268],"product_cat":[182,206],"product_tag":[],"class_list":{"0":"post-5090","1":"product","2":"type-product","3":"status-publish","4":"has-post-thumbnail","6":"product_brand-bobilvans","7":"product_cat-systemy-ogrzewania","8":"product_cat-nagrzewnice-olejowe-diesel","9":"product_shipping_class-importowane-uk","10":"desktop-align-center","11":"tablet-align-left","12":"mobile-align-left","14":"first","15":"onbackorder","16":"taxable","17":"shipping-taxable","18":"purchasable","19":"product-type-woosg"},"_links":{"self":[{"href":"https:\/\/hatu.pl\/index.php\/wp-json\/wp\/v2\/product\/5090","targetHints":{"allow":["GET"]}}],"collection":[{"href":"https:\/\/hatu.pl\/index.php\/wp-json\/wp\/v2\/product"}],"about":[{"href":"https:\/\/hatu.pl\/index.php\/wp-json\/wp\/v2\/types\/product"}],"replies":[{"embeddable":true,"href":"https:\/\/hatu.pl\/index.php\/wp-json\/wp\/v2\/comments?post=5090"}],"version-history":[{"count":6,"href":"https:\/\/hatu.pl\/index.php\/wp-json\/wp\/v2\/product\/5090\/revisions"}],"predecessor-version":[{"id":5212,"href":"https:\/\/hatu.pl\/index.php\/wp-json\/wp\/v2\/product\/5090\/revisions\/5212"}],"wp:featuredmedia":[{"embeddable":true,"href":"https:\/\/hatu.pl\/index.php\/wp-json\/wp\/v2\/media\/3385"}],"wp:attachment":[{"href":"https:\/\/hatu.pl\/index.php\/wp-json\/wp\/v2\/media?parent=5090"}],"wp:term":[{"taxonomy":"product_brand","embeddable":true,"href":"https:\/\/hatu.pl\/index.php\/wp-json\/wp\/v2\/product_brand?post=5090"},{"taxonomy":"product_cat","embeddable":true,"href":"https:\/\/hatu.pl\/index.php\/wp-json\/wp\/v2\/product_cat?post=5090"},{"taxonomy":"product_tag","embeddable":true,"href":"https:\/\/hatu.pl\/index.php\/wp-json\/wp\/v2\/product_tag?post=5090"}],"curies":[{"name":"wp","href":"https:\/\/api.w.org\/{rel}","templated":true}]}}