{"id":5182,"date":"2025-12-10T15:13:32","date_gmt":"2025-12-10T14:13:32","guid":{"rendered":"https:\/\/hatu.pl\/?post_type=product&#038;p=5182"},"modified":"2025-12-15T15:14:52","modified_gmt":"2025-12-15T14:14:52","slug":"comfort-control-cyfrowy-panel-sterowania-do-ogrzewan-postojowych-12v-24v-autoterm","status":"publish","type":"product","link":"https:\/\/hatu.pl\/index.php\/produkt\/comfort-control-cyfrowy-panel-sterowania-do-ogrzewan-postojowych-12v-24v-autoterm\/","title":{"rendered":"Comfort Control cyfrowy panel sterowania do ogrzewa\u0144 postojowych 12V\/24V Autoterm"},"content":{"rendered":"<div class=\"container \">\n<nav class=\"tab-navigation\">\n<div id=\"tab-content-product-tabs\" class=\"tab-content\">\n<div id=\"tab-description\" class=\"tab-pane fade show active\" role=\"tabpanel\" aria-labelledby=\"tab-link-description\">\n<div class=\"row \">\n<div class=\"col col-md-7 col-12\">\n<div class=\"desc\">\n<h2>Autoterm Comfort Control &#8211; Najnowsze opracowanie dla ogrzewa\u0144 postojowych Autoterm\/Planar<\/h2>\n<p>Autoterm Comfort Control zawiera wszystkie ulepszenia, kt\u00f3rych klienci ogrzewania postojowego Autoterm\/Planar oczekiwali od poprzednich jednostek steruj\u0105cych.<\/p>\n<p>Nowy panel sterowania &#8211; co mo\u017ce zrobi\u0107 lepiej?<\/p>\n<p>Ju\u017c na zewn\u0105trz nowy panel sterowania ogrzewaniem postojowym w dieslu r\u00f3\u017cni si\u0119 do\u015b\u0107 znacznie od znanego wcze\u015bniej OLED-owego panelu sterowania PU-27. Design sta\u0142 si\u0119 bardziej nowoczesny, du\u017ce przyciski zast\u0105piono szykownym, wielofunkcyjnym pokr\u0119t\u0142em z intuicyjn\u0105 nawigacj\u0105 po menu. Dodatkowo jednostka steruj\u0105ca posiada jeszcze dwa przyciski. Przycisk wstecz do poprzedniego ekranu oraz przycisk do uruchomienia lub zatrzymania ogrzewania postojowego bez wchodzenia do menu aktywowania lub dezaktywowania timer\u00f3w. Comfort Control zajmuje mniej miejsca ni\u017c jego poprzednik, PU-27, mimo wi\u0119kszej ilo\u015bci funkcji i wy\u015bwietlanych informacji. Przy wymiarach zaledwie 82 x 37 x 19 mm mie\u015bci si\u0119 dyskretnie w ka\u017cdym k\u0105cie kampera. Niewa\u017cne, czy wolisz, aby wy\u015bwietlacze urz\u0105dze\u0144 by\u0142y dobrze widoczne, czy dobrze ukryte: Jego wymiary sprawiaj\u0105, \u017ce jest wystarczaj\u0105co ma\u0142y, aby nie zak\u0142\u00f3ca\u0107 specjalnego designu kampera.<\/p>\n<p>Nawigacja w menu: teraz tak\u017ce w j\u0119zyku niemieckim<\/p>\n<p>Wyb\u00f3r j\u0119zyka wcze\u015bniej dost\u0119pnych kontrolek by\u0142 ograniczony do rosyjskiego i angielskiego. Za pomoc\u0105 Autoterm Comfort Control (w skr\u00f3cie ACC) po raz pierwszy programuje si\u0119 niemieckie menu.<\/p>\n<p>Funkcje &#8211; W jakich trybach ogrzewania Comfort Control mo\u017ce sterowa\u0107 ogrzewaniem postojowym?<\/p>\n<p>Ogrzewanie postojowe Autoterm\/Planar mo\u017ce pracowa\u0107 w czterech r\u00f3\u017cnych trybach ogrzewania dzi\u0119ki nowemu systemowi Comfort Control.<br \/>\n\u2022 tryb zasilania<br \/>\n\u2022 tryb temperatury<br \/>\n\u2022 tryb ogrzewania i wentylacji<br \/>\n\u2022 tryb termostatu.<\/p>\n<p><strong>Funkcja termostatu<\/strong><\/p>\n<p>Funkcja termostatu, dzi\u0119ki kt\u00f3rej ogrzewanie postojowe pracuje do momentu osi\u0105gni\u0119cia wybranej wcze\u015bniej temperatury, a nast\u0119pnie wy\u0142\u0105cza funkcj\u0119. ogrzewania i wentylacji do momentu spadku temperatury o okre\u015blon\u0105 (regulowan\u0105) liczb\u0119 stopni, by\u0142a po\u017c\u0105dana przez wielu. Ogrzewanie w\u0142\u0105cza si\u0119 wtedy ponownie automatycznie.<\/p>\n<p><strong>Ogrzewanie i wentylacja<\/strong><\/p>\n<p>Urz\u0105dzenie grzeje do momentu przekroczenia o 1 stopie\u0144 wst\u0119pnie wybranej temperatury. Nast\u0119pnie wy\u0142\u0105cza si\u0119 spalanie, a ogrzewanie pracuje w trybie wentylacji do momentu, gdy temperatura spadnie o 5 stopni poni\u017cej temperatury ustawionej. Nast\u0119pnie proces ogrzewania jest automatycznie wznawiany.<\/p>\n<p><strong>Tryb zasilania<\/strong><\/p>\n<p>Wst\u0119pnie wybierana jest okre\u015blona moc grzewcza i niezale\u017cnie od tego, jak wysoka lub niska jest temperatura otoczenia &#8211; ogrzewanie postojowe zawsze pracuje dok\u0142adnie z t\u0105 wybran\u0105 moc\u0105.<\/p>\n<p><strong>Tryb temperatury<\/strong><\/p>\n<p>Ogrzewanie postojowe utrzymuje okre\u015blony zakres temperatur poprzez automatyczne zmniejszanie lub zwi\u0119kszanie mocy cieplnej bez zatrzymywania procesu ogrzewania pomi\u0119dzy nimi.<\/p>\n<p><strong>Funkcja wentylatora<\/strong><\/p>\n<p>Podobnie jak w przypadku sterownik\u00f3w PU-5 i PU-27, ogrzewanie postojowe mo\u017cna oczywi\u015bcie uruchomi\u0107 r\u00f3wnie\u017c w trybie wentylatora za pomoc\u0105 sterownika Comfort Control, co znacznie poprawia cyrkulacj\u0119 powietrza w poje\u017adzie turystycznym. Zapobiega to zar\u00f3wno uwi\u0119zieniu ciep\u0142a, jak i powstawaniu ple\u015bni przy wysokiej wilgotno\u015bci powietrza.<\/p>\n<p><strong>Kontrola napi\u0119cia<\/strong><\/p>\n<p>Ogrzewanie postojowe Autoterm\/Planar zu\u017cywa niewiele energii elektrycznej. Jednak nawet oni nie mog\u0105 si\u0119 bez niego obej\u015b\u0107. Aby unikn\u0105\u0107 niezamierzonego g\u0142\u0119bokiego roz\u0142adowania akumulator\u00f3w, Comfort Control oferuje monitorowanie napi\u0119cia. Dolna granica napi\u0119cia mo\u017ce by\u0107 ustawiona przez u\u017cytkownika; po jej osi\u0105gni\u0119ciu grza\u0142ka wy\u0142\u0105cza si\u0119 automatycznie.<\/p>\n<p><strong>Przypomnienie o wolnym paleniu<\/strong><\/p>\n<p>Aby urz\u0105dzenie zasilane olejem nap\u0119dowym (czy to silnik samochodowy, czy spalinowe ogrzewanie postojowe) dostarcza\u0142o przyjemno\u015bci poprzez d\u0142ugie \u017cycie z doskona\u0142\u0105 funkcjonalno\u015bci\u0105, musi by\u0107 eksploatowane w odpowiednim zakresie mocy. Podobnie jak silnik wysokopr\u0119\u017cny, ogrzewanie postojowe w kamperze musi by\u0107 &#8222;run free&#8221;, czyli wolne od spalania, je\u015bli inaczej pracuje du\u017co w ma\u0142ym zakresie obci\u0105\u017ce\u0144. Niestety, zbyt szybko si\u0119 o tym zapomina, komora spalania zostaje zasmo\u0142owana i mo\u017ce doj\u015b\u0107 do spadku wydajno\u015bci. Regulacja komfortu Autoterm pomaga zapewni\u0107, \u017ce tak si\u0119 nie stanie. W regularnych odst\u0119pach czasu przypomina o konieczno\u015bci wypalenia ogrzewania, dzi\u0119ki czemu zawsze otrzymujesz to, czego oczekujesz od ogrzewania postojowego Autoterm\/Planar niezawodn\u0105 wydajno\u015b\u0107 ogrzewania w swoim kamperze.<\/p>\n<p><strong>Funkcja timera<\/strong><\/p>\n<p>W menu mo\u017cna ustawi\u0107 trzy r\u00f3\u017cne timery. W tym celu mo\u017cna wybra\u0107 ustawienie &#8222;codziennie&#8221;, &#8222;w ka\u017cdy dzie\u0144 roboczy&#8221; (pon.-pt.) lub &#8222;dowolnie wybrane dni&#8221;. Je\u015bli timery s\u0105 aktywne, wy\u015bwietlacz sygnalizuje to zielon\u0105, migaj\u0105c\u0105 diod\u0105. Kolejne ulepszenia To tylko najwa\u017cniejsze z ca\u0142kowicie przeprojektowanego panelu sterowania ogrzewa\u0144 postojowych Autoterm\/Planar. Comfort Control oferuje kolejne funkcje, takie jak wy\u015bwietlanie godziny, zoptymalizowane wy\u015bwietlanie b\u0142\u0119d\u00f3w czy ulepszony czujnik temperatury.<\/p>\n<\/div>\n<\/div>\n<div class=\"col col-md-5 col-12\">\n<div class=\"product-attributes\">\n<table class=\"table table-sm table-striped table-bordered-outline-\">\n<tbody>\n<tr>\n<td class=\"font-weight-bold\">Pasuje do ogrzewania:<\/td>\n<td class=\"attr-characteristic\"><a class=\"text-decoration-underline\" href=\"https:\/\/www.autoterm.pl\/AUTOTERM-Air-2D_7\" target=\"_blank\" rel=\"noopener\">AUTOTERM Air 2D<\/a><a class=\"text-decoration-underline\" href=\"https:\/\/www.autoterm.pl\/AUTOTERM-Air-4D_7\" target=\"_blank\" rel=\"noopener\">AUTOTERM Air 4D<\/a><a class=\"text-decoration-underline\" href=\"https:\/\/www.autoterm.pl\/AUTOTERM-Air-8D_1\" target=\"_blank\" rel=\"noopener\">AUTOTERM Air 8D<\/a><a class=\"text-decoration-underline\" href=\"https:\/\/www.autoterm.pl\/AUTOTERM-Air-9D_1\" target=\"_blank\" rel=\"noopener\">AUTOTERM Air 9D<\/a><a class=\"text-decoration-underline\" href=\"https:\/\/www.autoterm.pl\/AUTOTERM-Flow-14D_4\" target=\"_blank\" rel=\"noopener\">AUTOTERM Flow 14D<\/a><a class=\"text-decoration-underline\" href=\"https:\/\/www.autoterm.pl\/AUTOTERM-Flow-5D-5B_1\" target=\"_blank\" rel=\"noopener\">AUTOTERM Flow 5D\/5B<\/a><\/td>\n<\/tr>\n<tr>\n<td class=\"font-weight-bold\">Panel sterowania:<\/td>\n<td class=\"attr-characteristic\"><a class=\"text-decoration-underline\" href=\"https:\/\/www.autoterm.pl\/Comfort-Control_1\" target=\"_blank\" rel=\"noopener\">Comfort Control<\/a><\/td>\n<\/tr>\n<tr>\n<td class=\"font-weight-bold\">Rodzaj ogrzewania:<\/td>\n<td class=\"attr-characteristic\"><a class=\"text-decoration-underline\" href=\"https:\/\/www.autoterm.pl\/Ogrzewanie-powietrzne\" target=\"_blank\" rel=\"noopener\">Ogrzewanie powietrzne<\/a><a class=\"text-decoration-underline\" href=\"https:\/\/www.autoterm.pl\/Ogrzewanie-wodne\" target=\"_blank\" rel=\"noopener\">Ogrzewanie wodne<\/a><\/td>\n<\/tr>\n<tr>\n<td class=\"font-weight-bold\">Rodzaj komponentu:<\/td>\n<td class=\"attr-characteristic\"><a class=\"text-decoration-underline\" href=\"https:\/\/www.autoterm.pl\/Panel-sterowania_2\" target=\"_blank\" rel=\"noopener\">Panel sterowania<\/a><\/td>\n<\/tr>\n<tr>\n<td class=\"font-weight-bold\">Waga:<\/td>\n<td class=\"weight-unit\">0,09 kg<\/td>\n<\/tr>\n<\/tbody>\n<\/table>\n<\/div>\n<\/div>\n<\/div>\n<\/div>\n<\/div>\n<\/nav>\n<\/div>\n<div class=\"container \">\n<div class=\"recommendations d-print-none\">\n<div id=\"slider-xsell-group-1\" class=\"slick-slider-other is-not-opc x-supplies\">\n<div class=\"hr-sect h2\"><\/div>\n<div class=\"row slick-smooth-loading carousel carousel-arrows-inside slick-type-product slider-no-preview slick-initialized slick-slider\" data-slick-type=\"product-slider\">\n<div class=\"slick-list draggable\">\n<div class=\"slick-track\">\n<div class=\"product-wrapper product-wrapper-product text-center-util slick-slide slick-current slick-active\" data-slick-index=\"0\" aria-hidden=\"false\">\n<div class=\"inner\">\n<div class=\"item-slider productbox-image square square-image\">\n<div class=\"inner\"><\/div>\n<\/div>\n<div class=\"productbox-title\"><\/div>\n<div class=\"item-slider-price\">\n<div class=\"price_wrapper\">\n<div class=\"price productbox-price \"><\/div>\n<\/div>\n<\/div>\n<\/div>\n<\/div>\n<div class=\"product-wrapper product-wrapper-product text-center-util slick-slide slick-active\" data-slick-index=\"1\" aria-hidden=\"false\">\n<div class=\"inner\">\n<div class=\"item-slider productbox-image square square-image\">\n<div class=\"inner\"><\/div>\n<\/div>\n<div class=\"productbox-title\"><\/div>\n<div class=\"item-slider-price\">\n<div class=\"price_wrapper\">\n<div class=\"price productbox-price \"><\/div>\n<\/div>\n<\/div>\n<\/div>\n<\/div>\n<\/div>\n<\/div>\n<\/div>\n<\/div>\n<div id=\"slider-xsell\" class=\"slick-slider-other is-not-opc x-sell\"><\/div>\n<\/div>\n<\/div>\n","protected":false},"excerpt":{"rendered":"<p>Nowy, ulepszony panel sterowania dla ogrzewania postojowego Autoterm \/ Planar. Z trzema dowolnie ustawianymi timerami na dowolny dzie\u0144 tygodnia, rozszerzonymi trybami ogrzewania (w tym trybem termostatu). Wielofunkcyjne pokr\u0119t\u0142o z przyjemnie chwytn\u0105 gumow\u0105 pow\u0142ok\u0105 i wy\u015bwietlaczem OLED. Mniejsze wymiary monta\u017cowe, wygodniejsze u\u017cytkowanie, szykowny design.<br \/>\nNumer produktu: AT0050<\/p>\n","protected":false},"featured_media":5183,"comment_status":"open","ping_status":"closed","template":"","meta":{"site-sidebar-layout":"default","site-content-layout":"","ast-site-content-layout":"default","site-content-style":"default","site-sidebar-style":"default","ast-global-header-display":"","ast-banner-title-visibility":"","ast-main-header-display":"","ast-hfb-above-header-display":"","ast-hfb-below-header-display":"","ast-hfb-mobile-header-display":"","site-post-title":"","ast-breadcrumbs-content":"","ast-featured-img":"","footer-sml-layout":"","theme-transparent-header-meta":"default","adv-header-id-meta":"","stick-header-meta":"","header-above-stick-meta":"","header-main-stick-meta":"","header-below-stick-meta":"","astra-migrate-meta-layouts":"set","ast-page-background-enabled":"default","ast-page-background-meta":{"desktop":{"background-color":"var(--ast-global-color-4)","background-image":"","background-repeat":"repeat","background-position":"center center","background-size":"auto","background-attachment":"scroll","background-type":"","background-media":"","overlay-type":"","overlay-color":"","overlay-opacity":"","overlay-gradient":""},"tablet":{"background-color":"","background-image":"","background-repeat":"repeat","background-position":"center center","background-size":"auto","background-attachment":"scroll","background-type":"","background-media":"","overlay-type":"","overlay-color":"","overlay-opacity":"","overlay-gradient":""},"mobile":{"background-color":"","background-image":"","background-repeat":"repeat","background-position":"center center","background-size":"auto","background-attachment":"scroll","background-type":"","background-media":"","overlay-type":"","overlay-color":"","overlay-opacity":"","overlay-gradient":""}},"ast-content-background-meta":{"desktop":{"background-color":"var(--ast-global-color-5)","background-image":"","background-repeat":"repeat","background-position":"center center","background-size":"auto","background-attachment":"scroll","background-type":"","background-media":"","overlay-type":"","overlay-color":"","overlay-opacity":"","overlay-gradient":""},"tablet":{"background-color":"var(--ast-global-color-5)","background-image":"","background-repeat":"repeat","background-position":"center center","background-size":"auto","background-attachment":"scroll","background-type":"","background-media":"","overlay-type":"","overlay-color":"","overlay-opacity":"","overlay-gradient":""},"mobile":{"background-color":"var(--ast-global-color-5)","background-image":"","background-repeat":"repeat","background-position":"center center","background-size":"auto","background-attachment":"scroll","background-type":"","background-media":"","overlay-type":"","overlay-color":"","overlay-opacity":"","overlay-gradient":""}}},"product_brand":[272],"product_cat":[335],"product_tag":[],"class_list":{"0":"post-5182","1":"product","2":"type-product","3":"status-publish","4":"has-post-thumbnail","6":"product_brand-autoterm","7":"product_cat-ogrzewanie","8":"desktop-align-center","9":"tablet-align-left","10":"mobile-align-left","12":"first","13":"instock","14":"taxable","15":"shipping-taxable","16":"purchasable","17":"product-type-simple"},"_links":{"self":[{"href":"https:\/\/hatu.pl\/index.php\/wp-json\/wp\/v2\/product\/5182","targetHints":{"allow":["GET"]}}],"collection":[{"href":"https:\/\/hatu.pl\/index.php\/wp-json\/wp\/v2\/product"}],"about":[{"href":"https:\/\/hatu.pl\/index.php\/wp-json\/wp\/v2\/types\/product"}],"replies":[{"embeddable":true,"href":"https:\/\/hatu.pl\/index.php\/wp-json\/wp\/v2\/comments?post=5182"}],"version-history":[{"count":1,"href":"https:\/\/hatu.pl\/index.php\/wp-json\/wp\/v2\/product\/5182\/revisions"}],"predecessor-version":[{"id":5187,"href":"https:\/\/hatu.pl\/index.php\/wp-json\/wp\/v2\/product\/5182\/revisions\/5187"}],"wp:featuredmedia":[{"embeddable":true,"href":"https:\/\/hatu.pl\/index.php\/wp-json\/wp\/v2\/media\/5183"}],"wp:attachment":[{"href":"https:\/\/hatu.pl\/index.php\/wp-json\/wp\/v2\/media?parent=5182"}],"wp:term":[{"taxonomy":"product_brand","embeddable":true,"href":"https:\/\/hatu.pl\/index.php\/wp-json\/wp\/v2\/product_brand?post=5182"},{"taxonomy":"product_cat","embeddable":true,"href":"https:\/\/hatu.pl\/index.php\/wp-json\/wp\/v2\/product_cat?post=5182"},{"taxonomy":"product_tag","embeddable":true,"href":"https:\/\/hatu.pl\/index.php\/wp-json\/wp\/v2\/product_tag?post=5182"}],"curies":[{"name":"wp","href":"https:\/\/api.w.org\/{rel}","templated":true}]}}