{"id":5216,"date":"2025-12-16T13:00:45","date_gmt":"2025-12-16T12:00:45","guid":{"rendered":"https:\/\/hatu.pl\/?post_type=product&#038;p=5216"},"modified":"2025-12-16T13:02:03","modified_gmt":"2025-12-16T12:02:03","slug":"bobil-calorifier-hybrid-kit-hybrydowy-zestaw-bojlera-12-v-230-v-diesel","status":"publish","type":"product","link":"https:\/\/hatu.pl\/index.php\/produkt\/bobil-calorifier-hybrid-kit-hybrydowy-zestaw-bojlera-12-v-230-v-diesel\/","title":{"rendered":"Bobil Calorifier Hybrid Kit \u2013 hybrydowy zestaw bojlera (12 V \/ 230 V \/ diesel)"},"content":{"rendered":"<h3 data-start=\"113\" data-end=\"150\">Zestaw hybrydowy Bobil Calorifier<\/h3>\n<p data-start=\"152\" data-end=\"489\">Dzi\u0119ki zestawowi <strong data-start=\"169\" data-end=\"200\">Bobil Calorifier Hybrid Kit<\/strong> mo\u017cesz wybra\u0107 jeden z naszych <strong data-start=\"231\" data-end=\"285\">NOWYCH, specjalnie zaprojektowanych bojler\u00f3w Bobil<\/strong>. Oznacza to dost\u0119p do ciep\u0142ej wody z kilku \u017ar\u00f3de\u0142: nagrzewnicy powietrza na olej nap\u0119dowy, silnika pojazdu podczas jazdy oraz wbudowanych grza\u0142ek <strong data-start=\"432\" data-end=\"448\">12 V i 230 V<\/strong> \u2014 idealne rozwi\u0105zanie na ka\u017cd\u0105 sytuacj\u0119.<\/p>\n<p data-start=\"491\" data-end=\"915\">Bojlery <strong data-start=\"499\" data-end=\"519\">Bobil Calorifier<\/strong> to dwunapi\u0119ciowe (12 V \/ 230 V) podgrzewacze wody, dost\u0119pne w pojemno\u015bciach <strong data-start=\"596\" data-end=\"613\">15 l lub 25 l<\/strong>, stanowi\u0105ce kompletne i wszechstronne rozwi\u0105zanie do podgrzewania wody. Ich konstrukcja bazuje na sprawdzonym projekcie naszego popularnego elektrycznego podgrzewacza wody Bobil, z dodatkow\u0105 zalet\u0105 w postaci <strong data-start=\"822\" data-end=\"846\">w\u0119\u017cownicy ch\u0142odzenia<\/strong>, umo\u017cliwiaj\u0105cej wykorzystanie ciep\u0142a z silnika do podgrzewania wody.<\/p>\n<hr data-start=\"917\" data-end=\"920\" \/>\n<p data-start=\"922\" data-end=\"1151\">Hybrydowy system <strong data-start=\"939\" data-end=\"960\">Calorifier Hybrid<\/strong> mo\u017ce podgrza\u0107 wod\u0119 do <strong data-start=\"983\" data-end=\"991\">85\u00b0C<\/strong> i bez problemu zapewnia komfortow\u0105 temperatur\u0119 prysznica w \u0142odzi lub kamperze dla kilku os\u00f3b. Szczeg\u00f3\u0142owe czasy nagrzewania znajdziesz w specyfikacji produktu.<\/p>\n<hr data-start=\"1153\" data-end=\"1156\" \/>\n<p data-start=\"1158\" data-end=\"1666\">Zestaw wyposa\u017cony jest w <strong data-start=\"1183\" data-end=\"1232\">inteligentny sterownik Bobil Smart Controller<\/strong>, kt\u00f3ry automatycznie prze\u0142\u0105cza zaw\u00f3r rozdzielaj\u0105cy w zale\u017cno\u015bci od tego, czy ogrzewane jest powietrze czy woda. Sterownik zarz\u0105dza r\u00f3wnie\u017c grza\u0142k\u0105 12 V, umo\u017cliwiaj\u0105c automatyczne wykorzystanie <strong data-start=\"1426\" data-end=\"1475\">nadwy\u017cek energii z instalacji fotowoltaicznej<\/strong> po pe\u0142nym na\u0142adowaniu akumulator\u00f3w \u2014 co oznacza <strong data-start=\"1524\" data-end=\"1547\">darmow\u0105 ciep\u0142\u0105 wod\u0119<\/strong>.<br data-start=\"1548\" data-end=\"1551\" \/>Do sterownika mo\u017cna pod\u0142\u0105czy\u0107 czujniki poziomu wody, zapewniaj\u0105ce dodatkow\u0105 funkcjonalno\u015b\u0107 (zdecydowanie polecane).<\/p>\n<hr data-start=\"1668\" data-end=\"1671\" \/>\n<p data-start=\"1673\" data-end=\"1929\">Podgrzewacz wody jest kompatybilny z pompami wodnymi o maksymalnym ci\u015bnieniu <strong data-start=\"1750\" data-end=\"1760\">45 PSI<\/strong>. Dzi\u0119ki kompaktowym wymiarom \u0142atwo mie\u015bci si\u0119 w szafce lub schowku. Zastosowane przy\u0142\u0105cza <strong data-start=\"1851\" data-end=\"1861\">\u00bd\u201d BSP<\/strong> s\u0105 kompatybilne z powszechnie stosowanymi systemami hydraulicznymi.<\/p>\n<hr data-start=\"1931\" data-end=\"1934\" \/>\n<h3 data-start=\"1936\" data-end=\"1961\">Zestaw Bobil zawiera:<\/h3>\n<ul data-start=\"1963\" data-end=\"2395\">\n<li data-start=\"1963\" data-end=\"2039\">\n<p data-start=\"1965\" data-end=\"2039\">Dwunapi\u0119ciowy bojler Bobil Calorifier (15 l lub 25 l) wraz z przy\u0142\u0105czami<\/p>\n<\/li>\n<li data-start=\"2040\" data-end=\"2083\">\n<p data-start=\"2042\" data-end=\"2083\">Nowy wysokoci\u015bnieniowy wymiennik ciep\u0142a<\/p>\n<\/li>\n<li data-start=\"2084\" data-end=\"2161\">\n<p data-start=\"2086\" data-end=\"2161\">Adaptery wymiennika + automatyczny zaw\u00f3r prze\u0142\u0105czaj\u0105cy (60, 75 lub 90 mm)<\/p>\n<\/li>\n<li data-start=\"2162\" data-end=\"2202\">\n<p data-start=\"2164\" data-end=\"2202\">Sterownik <strong data-start=\"2174\" data-end=\"2200\">Bobil Smart Controller<\/strong><\/p>\n<\/li>\n<li data-start=\"2203\" data-end=\"2269\">\n<p data-start=\"2205\" data-end=\"2269\">Pompa obiegowa + w\u0105\u017c EPDM dopuszczony do kontaktu z wod\u0105 pitn\u0105<\/p>\n<\/li>\n<li data-start=\"2270\" data-end=\"2371\">\n<p data-start=\"2272\" data-end=\"2371\">Centralna jednostka hydrauliczna z naczyniem przeponowym oraz zaworem nadci\u015bnieniowym \/ spustowym<\/p>\n<\/li>\n<li data-start=\"2372\" data-end=\"2395\">\n<p data-start=\"2374\" data-end=\"2395\">Naczynie przeponowe<\/p>\n<\/li>\n<\/ul>\n<hr data-start=\"2397\" data-end=\"2400\" \/>\n<p data-start=\"2402\" data-end=\"2611\">\n<table>\n<tbody>\n<tr>\n<td>Pojemno\u015b\u0107<\/td>\n<td>15L\/25L<\/td>\n<\/tr>\n<tr>\n<td>Maksymalne ci\u015bnienie pompy<\/td>\n<td>45 PSI<\/td>\n<\/tr>\n<tr>\n<td>Moc<\/td>\n<td>800W (230V AC) and 200W (12V DC)<\/td>\n<\/tr>\n<tr>\n<td>\n<p data-start=\"281\" data-end=\"333\"><strong data-start=\"281\" data-end=\"331\">Czas podgrzewania elektrycznego (15\u00b0C \u2192 60\u00b0C):<\/strong><\/p>\n<\/td>\n<td>15L: AC: 60 minut;\u00a0 DC: 220 minut<br \/>\n25L: AC: 100 minut<\/td>\n<\/tr>\n<tr>\n<td>Czas podgrzewania \u2013 ogrzewanie diesel 4 kW (15\u00b0C \u2192 60\u00b0C)<\/td>\n<td>15L: 25 minut<br \/>\n25L: 40 minut<\/td>\n<\/tr>\n<tr>\n<td>Czas podgrzewania \u2013 ogrzewanie diesel 2 kW (15\u00b0C \u2192 60\u00b0C):<\/td>\n<td>15L: 45 minut<br \/>\n25L: 75 minut<\/td>\n<\/tr>\n<tr>\n<td>Wymiary zbiornika:<\/td>\n<td>15L- 480 L x 300 W x 310 H (mm)<br \/>\n25L- 540 L x 310 W x 320 H (mm)<\/td>\n<\/tr>\n<\/tbody>\n<\/table>\n","protected":false},"excerpt":{"rendered":"<p data-start=\"2402\" data-end=\"2611\">System dostarczany jest z <strong data-start=\"2428\" data-end=\"2472\">niezako\u0144czonymi przewodami elektrycznymi<\/strong>. Produkt posiada <strong data-start=\"2490\" data-end=\"2507\">oznaczenie CE<\/strong> i spe\u0142nia wymagania europejskich przepis\u00f3w dotycz\u0105cych zdrowia, bezpiecze\u0144stwa oraz ochrony \u015brodowiska.<\/p>\n","protected":false},"featured_media":5224,"comment_status":"open","ping_status":"closed","template":"","meta":{"site-sidebar-layout":"default","site-content-layout":"","ast-site-content-layout":"default","site-content-style":"default","site-sidebar-style":"default","ast-global-header-display":"","ast-banner-title-visibility":"","ast-main-header-display":"","ast-hfb-above-header-display":"","ast-hfb-below-header-display":"","ast-hfb-mobile-header-display":"","site-post-title":"","ast-breadcrumbs-content":"","ast-featured-img":"","footer-sml-layout":"","theme-transparent-header-meta":"default","adv-header-id-meta":"","stick-header-meta":"","header-above-stick-meta":"","header-main-stick-meta":"","header-below-stick-meta":"","astra-migrate-meta-layouts":"set","ast-page-background-enabled":"default","ast-page-background-meta":{"desktop":{"background-color":"var(--ast-global-color-4)","background-image":"","background-repeat":"repeat","background-position":"center center","background-size":"auto","background-attachment":"scroll","background-type":"","background-media":"","overlay-type":"","overlay-color":"","overlay-opacity":"","overlay-gradient":""},"tablet":{"background-color":"","background-image":"","background-repeat":"repeat","background-position":"center center","background-size":"auto","background-attachment":"scroll","background-type":"","background-media":"","overlay-type":"","overlay-color":"","overlay-opacity":"","overlay-gradient":""},"mobile":{"background-color":"","background-image":"","background-repeat":"repeat","background-position":"center center","background-size":"auto","background-attachment":"scroll","background-type":"","background-media":"","overlay-type":"","overlay-color":"","overlay-opacity":"","overlay-gradient":""}},"ast-content-background-meta":{"desktop":{"background-color":"var(--ast-global-color-5)","background-image":"","background-repeat":"repeat","background-position":"center center","background-size":"auto","background-attachment":"scroll","background-type":"","background-media":"","overlay-type":"","overlay-color":"","overlay-opacity":"","overlay-gradient":""},"tablet":{"background-color":"var(--ast-global-color-5)","background-image":"","background-repeat":"repeat","background-position":"center center","background-size":"auto","background-attachment":"scroll","background-type":"","background-media":"","overlay-type":"","overlay-color":"","overlay-opacity":"","overlay-gradient":""},"mobile":{"background-color":"var(--ast-global-color-5)","background-image":"","background-repeat":"repeat","background-position":"center center","background-size":"auto","background-attachment":"scroll","background-type":"","background-media":"","overlay-type":"","overlay-color":"","overlay-opacity":"","overlay-gradient":""}}},"product_brand":[],"product_cat":[61,335,182],"product_tag":[],"class_list":{"0":"post-5216","1":"product","2":"type-product","3":"status-publish","4":"has-post-thumbnail","6":"product_cat-elektryka","7":"product_cat-ogrzewanie","8":"product_cat-systemy-ogrzewania","9":"desktop-align-center","10":"tablet-align-left","11":"mobile-align-left","13":"first","14":"instock","15":"taxable","16":"shipping-taxable","17":"purchasable","18":"product-type-variable"},"_links":{"self":[{"href":"https:\/\/hatu.pl\/index.php\/wp-json\/wp\/v2\/product\/5216","targetHints":{"allow":["GET"]}}],"collection":[{"href":"https:\/\/hatu.pl\/index.php\/wp-json\/wp\/v2\/product"}],"about":[{"href":"https:\/\/hatu.pl\/index.php\/wp-json\/wp\/v2\/types\/product"}],"replies":[{"embeddable":true,"href":"https:\/\/hatu.pl\/index.php\/wp-json\/wp\/v2\/comments?post=5216"}],"version-history":[{"count":3,"href":"https:\/\/hatu.pl\/index.php\/wp-json\/wp\/v2\/product\/5216\/revisions"}],"predecessor-version":[{"id":5232,"href":"https:\/\/hatu.pl\/index.php\/wp-json\/wp\/v2\/product\/5216\/revisions\/5232"}],"wp:featuredmedia":[{"embeddable":true,"href":"https:\/\/hatu.pl\/index.php\/wp-json\/wp\/v2\/media\/5224"}],"wp:attachment":[{"href":"https:\/\/hatu.pl\/index.php\/wp-json\/wp\/v2\/media?parent=5216"}],"wp:term":[{"taxonomy":"product_brand","embeddable":true,"href":"https:\/\/hatu.pl\/index.php\/wp-json\/wp\/v2\/product_brand?post=5216"},{"taxonomy":"product_cat","embeddable":true,"href":"https:\/\/hatu.pl\/index.php\/wp-json\/wp\/v2\/product_cat?post=5216"},{"taxonomy":"product_tag","embeddable":true,"href":"https:\/\/hatu.pl\/index.php\/wp-json\/wp\/v2\/product_tag?post=5216"}],"curies":[{"name":"wp","href":"https:\/\/api.w.org\/{rel}","templated":true}]}}