{"id":5346,"date":"2026-01-14T14:50:18","date_gmt":"2026-01-14T13:50:18","guid":{"rendered":"https:\/\/hatu.pl\/?post_type=product&#038;p=5346"},"modified":"2026-01-14T14:50:18","modified_gmt":"2026-01-14T13:50:18","slug":"100l-zbiornik-swiezej-wody-do-wneki-nadkola","status":"publish","type":"product","link":"https:\/\/hatu.pl\/index.php\/produkt\/100l-zbiornik-swiezej-wody-do-wneki-nadkola\/","title":{"rendered":"100L Zbiornik \u015bwie\u017cej wody do wn\u0119ki nadkola"},"content":{"rendered":"<p data-start=\"0\" data-end=\"379\">Ten wyprodukowany przez firm\u0119 <strong data-start=\"30\" data-end=\"40\">Wydale<\/strong> 100-litrowy zbiornik \u015bwie\u017cej wody do wn\u0119ki nadkola to idealne rozwi\u0105zanie do Twojego kampera lub vana kempingowego. Pozwala zaoszcz\u0119dzi\u0107 miejsce, jednocze\u015bnie oferuj\u0105c a\u017c <strong data-start=\"212\" data-end=\"245\">100 litr\u00f3w pojemno\u015bci na wod\u0119<\/strong>. Dzi\u0119ki wykorzystaniu cz\u0119sto niewykorzystanej przestrzeni nad i wok\u00f3\u0142 nadkola, zbiornik pasuje do niemal ka\u017cdego modelu i marki vana.<\/p>\n<p data-start=\"381\" data-end=\"541\">Zbiornik posiada <strong data-start=\"398\" data-end=\"421\">wbudowane gwinty M8<\/strong>, a zestaw zawiera <strong data-start=\"440\" data-end=\"483\">komplet monta\u017cowy z uchwytami i \u015brubami<\/strong>, umo\u017cliwiaj\u0105cy przymocowanie zbiornika do \u015bciany pojazdu.<\/p>\n<p data-start=\"543\" data-end=\"758\">Dodatkowo w zestawie znajduje si\u0119 <strong data-start=\"577\" data-end=\"600\">zestaw hydrauliczny<\/strong>, kt\u00f3ry wkr\u0119ca si\u0119 w do\u0142\u0105czony <strong data-start=\"631\" data-end=\"656\">gwint wewn\u0119trzny 1\/2&#8243;<\/strong> na spodzie zbiornika, co pozwala na \u0142atwe pod\u0142\u0105czenie go do istniej\u0105cej instalacji wodnej w kamperze.<\/p>\n<hr data-start=\"760\" data-end=\"763\" \/>\n<h3 data-start=\"765\" data-end=\"794\">Zestaw zawiera \u2013 zbiornik<\/h3>\n<ul data-start=\"796\" data-end=\"877\">\n<li data-start=\"796\" data-end=\"831\">\n<p data-start=\"798\" data-end=\"831\">Zbiornik do wn\u0119ki nadkola 100 L<\/p>\n<\/li>\n<li data-start=\"832\" data-end=\"877\">\n<p data-start=\"834\" data-end=\"877\">1 \u00d7 z\u0142\u0105czka \u00bd\u201d BSP x kr\u00f3ciec na w\u0105\u017c 13 mm<\/p>\n<\/li>\n<\/ul>\n<hr data-start=\"879\" data-end=\"882\" \/>\n<h3 data-start=\"884\" data-end=\"936\">Opcjonalny zestaw monta\u017cowy do zbiornika zawiera<\/h3>\n<ul data-start=\"938\" data-end=\"1207\">\n<li data-start=\"938\" data-end=\"997\">\n<p data-start=\"940\" data-end=\"997\">4 \u00d7 uchwyt do zbiornika 100 L (240 mm \u00d7 108 mm \u00d7 50 mm)<\/p>\n<\/li>\n<li data-start=\"998\" data-end=\"1055\">\n<p data-start=\"1000\" data-end=\"1055\">2 \u00d7 uchwyt do zbiornika 100 L (50 mm \u00d7 40 mm \u00d7 30 mm)<\/p>\n<\/li>\n<li data-start=\"1056\" data-end=\"1121\">\n<p data-start=\"1058\" data-end=\"1121\">10 \u00d7 \u015bruba M8 \u00d7 12 mm, nierdzewna, z \u0142bem soczewkowym (imbus)<\/p>\n<\/li>\n<li data-start=\"1122\" data-end=\"1163\">\n<p data-start=\"1124\" data-end=\"1163\">10 \u00d7 podk\u0142adka M8 \u00d7 25 mm, nierdzewna<\/p>\n<\/li>\n<li data-start=\"1164\" data-end=\"1207\">\n<p data-start=\"1166\" data-end=\"1207\">20 \u00d7 wkr\u0119t samowierc\u0105cy Tek 5,5 \u00d7 26 mm<\/p>\n<\/li>\n<\/ul>\n<hr data-start=\"1209\" data-end=\"1212\" \/>\n<p data-start=\"1214\" data-end=\"1354\">Zbiornik mo\u017ce by\u0107 r\u00f3wnie\u017c wyposa\u017cony w <strong data-start=\"1253\" data-end=\"1286\">dodatkowe zestawy nape\u0142niania<\/strong> (opcjonalne). Umo\u017cliwiaj\u0105 one nape\u0142nianie zbiornika w r\u00f3\u017cny spos\u00f3b:<\/p>\n<ul data-start=\"1355\" data-end=\"1587\">\n<li data-start=\"1355\" data-end=\"1465\">\n<p data-start=\"1357\" data-end=\"1465\"><strong data-start=\"1357\" data-end=\"1376\">zestaw backfill<\/strong> \u2013 pozwala pod\u0142\u0105czy\u0107 w\u0105\u017c z wod\u0105 pod ci\u015bnieniem i nape\u0142nia\u0107 zbiornik z punktu poboru wody,<\/p>\n<\/li>\n<li data-start=\"1466\" data-end=\"1587\">\n<p data-start=\"1468\" data-end=\"1587\"><strong data-start=\"1468\" data-end=\"1505\">zestaw nape\u0142niania grawitacyjnego<\/strong> \u2013 umo\u017cliwia pod\u0142\u0105czenie zbiornika wewn\u0119trznego do zewn\u0119trznego wlewu w poje\u017adzie.<\/p>\n<\/li>\n<\/ul>\n<hr data-start=\"1589\" data-end=\"1592\" \/>\n<h3 data-start=\"1594\" data-end=\"1621\">Zestaw backfill zawiera<\/h3>\n<ul data-start=\"1623\" data-end=\"1995\">\n<li data-start=\"1623\" data-end=\"1648\">\n<p data-start=\"1625\" data-end=\"1648\">1 \u00d7 z\u0142\u0105czka grodziowa<\/p>\n<\/li>\n<li data-start=\"1649\" data-end=\"1681\">\n<p data-start=\"1651\" data-end=\"1681\">1 \u00d7 kolanko John Guest 12 mm<\/p>\n<\/li>\n<li data-start=\"1682\" data-end=\"1703\">\n<p data-start=\"1684\" data-end=\"1703\">4 \u00d7 kolanka 12 mm<\/p>\n<\/li>\n<li data-start=\"1704\" data-end=\"1728\">\n<p data-start=\"1706\" data-end=\"1728\">1 \u00d7 z\u0142\u0105czka m\u0119ska \u00bd\u201d<\/p>\n<\/li>\n<li data-start=\"1729\" data-end=\"1754\">\n<p data-start=\"1731\" data-end=\"1754\">1 \u00d7 z\u0142\u0105czka \u017ce\u0144ska \u00bd\u201d<\/p>\n<\/li>\n<li data-start=\"1755\" data-end=\"1776\">\n<p data-start=\"1757\" data-end=\"1776\">1 \u00d7 tr\u00f3jnik 12 mm<\/p>\n<\/li>\n<li data-start=\"1777\" data-end=\"1883\">\n<p data-start=\"1779\" data-end=\"1883\">1 \u00d7 p\u0142yta backfill z wbudowanymi \u015brubami, zaworem, z\u0142\u0105czk\u0105 Hoselock oraz redukcj\u0105 trzpieniow\u0105 15\u201312 mm<\/p>\n<\/li>\n<li data-start=\"1884\" data-end=\"1911\">\n<p data-start=\"1886\" data-end=\"1911\">2 \u00d7 przelotki pod\u0142ogowe<\/p>\n<\/li>\n<li data-start=\"1912\" data-end=\"1934\">\n<p data-start=\"1914\" data-end=\"1934\">1 rolka ta\u015bmy PTFE<\/p>\n<\/li>\n<li data-start=\"1935\" data-end=\"1981\">\n<p data-start=\"1937\" data-end=\"1981\">2 m niebieskiego przewodu John Guest 12 mm<\/p>\n<\/li>\n<li data-start=\"1982\" data-end=\"1995\">\n<p data-start=\"1984\" data-end=\"1995\">2 \u00d7 \u015bruby<\/p>\n<\/li>\n<\/ul>\n<hr data-start=\"1997\" data-end=\"2000\" \/>\n<h3 data-start=\"2002\" data-end=\"2047\">Zestaw nape\u0142niania grawitacyjnego zawiera<\/h3>\n<ul data-start=\"2049\" data-end=\"2158\">\n<li data-start=\"2049\" data-end=\"2102\">\n<p data-start=\"2051\" data-end=\"2102\">Kolanko 40 mm z nakr\u0119tk\u0105 (do monta\u017cu w zbiorniku)<\/p>\n<\/li>\n<li data-start=\"2103\" data-end=\"2123\">\n<p data-start=\"2105\" data-end=\"2123\">Rura 40 mm (1 m)<\/p>\n<\/li>\n<li data-start=\"2124\" data-end=\"2158\">\n<p data-start=\"2126\" data-end=\"2158\">Obejmy druciane 40 mm (2 szt.)<\/p>\n<\/li>\n<\/ul>\n<p>Wymiary zbiornika znajduj\u0105 si\u0119 na zdj\u0119ciach produktu. Zbiornik jest kompatybilny z naszym <strong data-start=\"2364\" data-end=\"2394\">inteligentnym sterownikiem<\/strong> i wymaga <strong data-start=\"2404\" data-end=\"2442\">czujnika poziomu o d\u0142ugo\u015bci 500 mm<\/strong>.<\/p>\n","protected":false},"excerpt":{"rendered":"<p>100-litrowy zbiornik \u015bwie\u017cej wody Wydale do wn\u0119ki nadkola to kompaktowe rozwi\u0105zanie do kamper\u00f3w i van\u00f3w, oszcz\u0119dzaj\u0105ce miejsce i oferuj\u0105ce 100\u202fl pojemno\u015bci. Wyposa\u017cony w gwinty M8 i zestaw monta\u017cowy, pozwala \u0142atwo przymocowa\u0107 go do \u015bciany pojazdu, a wbudowany zestaw hydrauliczny umo\u017cliwia szybkie pod\u0142\u0105czenie do instalacji wodnej.<\/p>\n","protected":false},"featured_media":5352,"comment_status":"open","ping_status":"closed","template":"","meta":{"site-sidebar-layout":"default","site-content-layout":"","ast-site-content-layout":"default","site-content-style":"default","site-sidebar-style":"default","ast-global-header-display":"","ast-banner-title-visibility":"","ast-main-header-display":"","ast-hfb-above-header-display":"","ast-hfb-below-header-display":"","ast-hfb-mobile-header-display":"","site-post-title":"","ast-breadcrumbs-content":"","ast-featured-img":"","footer-sml-layout":"","theme-transparent-header-meta":"default","adv-header-id-meta":"","stick-header-meta":"","header-above-stick-meta":"","header-main-stick-meta":"","header-below-stick-meta":"","astra-migrate-meta-layouts":"set","ast-page-background-enabled":"default","ast-page-background-meta":{"desktop":{"background-color":"var(--ast-global-color-4)","background-image":"","background-repeat":"repeat","background-position":"center center","background-size":"auto","background-attachment":"scroll","background-type":"","background-media":"","overlay-type":"","overlay-color":"","overlay-opacity":"","overlay-gradient":""},"tablet":{"background-color":"","background-image":"","background-repeat":"repeat","background-position":"center center","background-size":"auto","background-attachment":"scroll","background-type":"","background-media":"","overlay-type":"","overlay-color":"","overlay-opacity":"","overlay-gradient":""},"mobile":{"background-color":"","background-image":"","background-repeat":"repeat","background-position":"center center","background-size":"auto","background-attachment":"scroll","background-type":"","background-media":"","overlay-type":"","overlay-color":"","overlay-opacity":"","overlay-gradient":""}},"ast-content-background-meta":{"desktop":{"background-color":"var(--ast-global-color-5)","background-image":"","background-repeat":"repeat","background-position":"center center","background-size":"auto","background-attachment":"scroll","background-type":"","background-media":"","overlay-type":"","overlay-color":"","overlay-opacity":"","overlay-gradient":""},"tablet":{"background-color":"var(--ast-global-color-5)","background-image":"","background-repeat":"repeat","background-position":"center center","background-size":"auto","background-attachment":"scroll","background-type":"","background-media":"","overlay-type":"","overlay-color":"","overlay-opacity":"","overlay-gradient":""},"mobile":{"background-color":"var(--ast-global-color-5)","background-image":"","background-repeat":"repeat","background-position":"center center","background-size":"auto","background-attachment":"scroll","background-type":"","background-media":"","overlay-type":"","overlay-color":"","overlay-opacity":"","overlay-gradient":""}}},"product_brand":[268],"product_cat":[208],"product_tag":[342],"class_list":{"0":"post-5346","1":"product","2":"type-product","3":"status-publish","4":"has-post-thumbnail","6":"product_brand-bobilvans","7":"product_cat-zbiorniki-na-wode","8":"product_tag-zbiornik-bobilvans-woda-czysta","9":"product_shipping_class-dlugie-paczki","10":"desktop-align-center","11":"tablet-align-left","12":"mobile-align-left","14":"first","15":"instock","16":"taxable","17":"shipping-taxable","18":"purchasable","19":"product-type-simple"},"_links":{"self":[{"href":"https:\/\/hatu.pl\/index.php\/wp-json\/wp\/v2\/product\/5346","targetHints":{"allow":["GET"]}}],"collection":[{"href":"https:\/\/hatu.pl\/index.php\/wp-json\/wp\/v2\/product"}],"about":[{"href":"https:\/\/hatu.pl\/index.php\/wp-json\/wp\/v2\/types\/product"}],"replies":[{"embeddable":true,"href":"https:\/\/hatu.pl\/index.php\/wp-json\/wp\/v2\/comments?post=5346"}],"version-history":[{"count":2,"href":"https:\/\/hatu.pl\/index.php\/wp-json\/wp\/v2\/product\/5346\/revisions"}],"predecessor-version":[{"id":5371,"href":"https:\/\/hatu.pl\/index.php\/wp-json\/wp\/v2\/product\/5346\/revisions\/5371"}],"wp:featuredmedia":[{"embeddable":true,"href":"https:\/\/hatu.pl\/index.php\/wp-json\/wp\/v2\/media\/5352"}],"wp:attachment":[{"href":"https:\/\/hatu.pl\/index.php\/wp-json\/wp\/v2\/media?parent=5346"}],"wp:term":[{"taxonomy":"product_brand","embeddable":true,"href":"https:\/\/hatu.pl\/index.php\/wp-json\/wp\/v2\/product_brand?post=5346"},{"taxonomy":"product_cat","embeddable":true,"href":"https:\/\/hatu.pl\/index.php\/wp-json\/wp\/v2\/product_cat?post=5346"},{"taxonomy":"product_tag","embeddable":true,"href":"https:\/\/hatu.pl\/index.php\/wp-json\/wp\/v2\/product_tag?post=5346"}],"curies":[{"name":"wp","href":"https:\/\/api.w.org\/{rel}","templated":true}]}}