{"id":5356,"date":"2026-01-14T13:08:22","date_gmt":"2026-01-14T12:08:22","guid":{"rendered":"https:\/\/hatu.pl\/?post_type=product&#038;p=5356"},"modified":"2026-01-22T12:52:25","modified_gmt":"2026-01-22T11:52:25","slug":"zbiornik-na-wode-szara-60-l-do-sprintera-craftera-z-opcjonalnym-odplywem","status":"publish","type":"product","link":"https:\/\/hatu.pl\/index.php\/produkt\/zbiornik-na-wode-szara-60-l-do-sprintera-craftera-z-opcjonalnym-odplywem\/","title":{"rendered":"Zbiornik na wod\u0119 szar\u0105 60\u202fL do Sprintera\/Craftera z opcjonalnym odp\u0142ywem"},"content":{"rendered":"<p>Jeste\u015bmy podekscytowani premier\u0105 nowych zbiornik\u00f3w na <strong data-start=\"139\" data-end=\"162\">\u015bwie\u017c\u0105 i szar\u0105 wod\u0119<\/strong>! We wsp\u00f3\u0142pracy z <strong data-start=\"180\" data-end=\"199\">Wydale Plastics<\/strong> pracowali\u015bmy nad specjalnymi, dopasowanymi zbiornikami, kt\u00f3re idealnie pasuj\u0105 do Twojej zabudowy kampera.<\/p>\n<p>&nbsp;<\/p>\n<p data-start=\"365\" data-end=\"746\">Ten <strong data-start=\"369\" data-end=\"397\">standardowy zbiornik 60L<\/strong> zosta\u0142 zmodyfikowany, aby pasowa\u0142 do <strong data-start=\"435\" data-end=\"464\">Mercedes Sprinter (2006+)<\/strong> oraz <strong data-start=\"470\" data-end=\"517\">VW Crafter (2007\u20132016) L3 lub L4 (LWB\/XLWB)<\/strong>. Zbiornik montuje si\u0119 pod vanem, maksymalnie wykorzystuj\u0105c przestrze\u0144 wewn\u0105trz pojazdu. Do zestawu do\u0142\u0105czone s\u0105 <strong data-start=\"630\" data-end=\"662\">uchwyty ze stali nierdzewnej<\/strong> oraz wszystkie niezb\u0119dne elementy monta\u017cowe, aby instalacja by\u0142a jak najprostsza.<\/p>\n<p data-start=\"748\" data-end=\"931\">To doskona\u0142e uzupe\u0142nienie Twojego kampera, pozwalaj\u0105ce zainstalowa\u0107 <strong data-start=\"816\" data-end=\"855\">zbiornik na wod\u0119 szar\u0105 pod pojazdem<\/strong>, dzi\u0119ki czemu zyskujesz wi\u0119cej miejsca wewn\u0105trz na to, co naprawd\u0119 wa\u017cne.<\/p>\n<h3 data-start=\"938\" data-end=\"957\">Zestaw zawiera:<\/h3>\n<p>&nbsp;<\/p>\n<ul data-start=\"959\" data-end=\"1072\">\n<li data-start=\"959\" data-end=\"985\">\n<p data-start=\"961\" data-end=\"985\">Zbiornik na wod\u0119 \u2013 60L<\/p>\n<\/li>\n<li data-start=\"959\" data-end=\"985\">\n<p data-start=\"961\" data-end=\"985\">Zestaw monta\u017cowy \u2013 wszystkie niezb\u0119dne uchwyty, \u015bruby i bolce ze stali nierdzewnej<\/p>\n<\/li>\n<\/ul>\n<p data-start=\"1074\" data-end=\"1092\"><strong data-start=\"1074\" data-end=\"1090\">Opcjonalnie:<\/strong><\/p>\n<ul data-start=\"1093\" data-end=\"1189\">\n<li data-start=\"1093\" data-end=\"1189\">\n<p data-start=\"1095\" data-end=\"1189\">Zestaw do odp\u0142ywu \u2013 zawiera wszystko, co potrzebne do odprowadzania wody szarej ze zbiornika<\/p>\n<\/li>\n<\/ul>\n<p data-start=\"1191\" data-end=\"1509\">Zbiornik na wod\u0119 szar\u0105 posiada <strong data-start=\"1222\" data-end=\"1253\">2 kr\u00f3\u0107ce 25 mm z nakr\u0119tkami<\/strong>, umo\u017cliwiaj\u0105ce pod\u0142\u0105czenie odp\u0142ywu od zlewu i\/lub prysznica. Zestawy hydrauliczne mo\u017cna kupi\u0107 osobno, ale ich zakup razem ze zbiornikiem pozwala zaoszcz\u0119dzi\u0107. Je\u015bli chcesz monitorowa\u0107 poziom wody w zbiorniku, potrzebny b\u0119dzie <strong data-start=\"1480\" data-end=\"1506\">czujnik poziomu 225 mm<\/strong>.<\/p>\n<p>Oto polskie t\u0142umaczenie tabeli:<\/p>\n<table>\n<thead>\n<tr>\n<th>Produkt<\/th>\n<th>Pojemno\u015b\u0107<\/th>\n<th>Wymiary (DxSxW)<\/th>\n<th>Waga (pusty)<\/th>\n<\/tr>\n<\/thead>\n<tbody>\n<tr>\n<td>Zbiornik na wod\u0119 szar\u0105<\/td>\n<td>60 L<\/td>\n<td>800 mm x 350 mm x 250 mm<\/td>\n<td>6 kg<\/td>\n<\/tr>\n<\/tbody>\n<\/table>\n","protected":false},"excerpt":{"rendered":"<p>Zbiornik na wod\u0119 szar\u0105 60\u202fL do kamper\u00f3w, montowany pod pojazdem. Wykonany z trwa\u0142ego materia\u0142u, z uchwytami ze stali nierdzewnej i kompletem monta\u017cowym. Wymiary: 800 \u00d7 350 \u00d7 250\u202fmm, waga pustego 6\u202fkg.<\/p>\n","protected":false},"featured_media":5380,"comment_status":"open","ping_status":"closed","template":"","meta":{"site-sidebar-layout":"default","site-content-layout":"","ast-site-content-layout":"default","site-content-style":"default","site-sidebar-style":"default","ast-global-header-display":"","ast-banner-title-visibility":"","ast-main-header-display":"","ast-hfb-above-header-display":"","ast-hfb-below-header-display":"","ast-hfb-mobile-header-display":"","site-post-title":"","ast-breadcrumbs-content":"","ast-featured-img":"","footer-sml-layout":"","theme-transparent-header-meta":"default","adv-header-id-meta":"","stick-header-meta":"","header-above-stick-meta":"","header-main-stick-meta":"","header-below-stick-meta":"","astra-migrate-meta-layouts":"set","ast-page-background-enabled":"default","ast-page-background-meta":{"desktop":{"background-color":"var(--ast-global-color-4)","background-image":"","background-repeat":"repeat","background-position":"center center","background-size":"auto","background-attachment":"scroll","background-type":"","background-media":"","overlay-type":"","overlay-color":"","overlay-opacity":"","overlay-gradient":""},"tablet":{"background-color":"","background-image":"","background-repeat":"repeat","background-position":"center center","background-size":"auto","background-attachment":"scroll","background-type":"","background-media":"","overlay-type":"","overlay-color":"","overlay-opacity":"","overlay-gradient":""},"mobile":{"background-color":"","background-image":"","background-repeat":"repeat","background-position":"center center","background-size":"auto","background-attachment":"scroll","background-type":"","background-media":"","overlay-type":"","overlay-color":"","overlay-opacity":"","overlay-gradient":""}},"ast-content-background-meta":{"desktop":{"background-color":"var(--ast-global-color-5)","background-image":"","background-repeat":"repeat","background-position":"center center","background-size":"auto","background-attachment":"scroll","background-type":"","background-media":"","overlay-type":"","overlay-color":"","overlay-opacity":"","overlay-gradient":""},"tablet":{"background-color":"var(--ast-global-color-5)","background-image":"","background-repeat":"repeat","background-position":"center center","background-size":"auto","background-attachment":"scroll","background-type":"","background-media":"","overlay-type":"","overlay-color":"","overlay-opacity":"","overlay-gradient":""},"mobile":{"background-color":"var(--ast-global-color-5)","background-image":"","background-repeat":"repeat","background-position":"center center","background-size":"auto","background-attachment":"scroll","background-type":"","background-media":"","overlay-type":"","overlay-color":"","overlay-opacity":"","overlay-gradient":""}}},"product_brand":[268],"product_cat":[208],"product_tag":[341],"class_list":{"0":"post-5356","1":"product","2":"type-product","3":"status-publish","4":"has-post-thumbnail","6":"product_brand-bobilvans","7":"product_cat-zbiorniki-na-wode","8":"product_tag-zbiornik-bobilvans","9":"product_shipping_class-dlugie-paczki","10":"desktop-align-center","11":"tablet-align-left","12":"mobile-align-left","14":"first","15":"instock","16":"taxable","17":"shipping-taxable","18":"purchasable","19":"product-type-simple"},"_links":{"self":[{"href":"https:\/\/hatu.pl\/index.php\/wp-json\/wp\/v2\/product\/5356","targetHints":{"allow":["GET"]}}],"collection":[{"href":"https:\/\/hatu.pl\/index.php\/wp-json\/wp\/v2\/product"}],"about":[{"href":"https:\/\/hatu.pl\/index.php\/wp-json\/wp\/v2\/types\/product"}],"replies":[{"embeddable":true,"href":"https:\/\/hatu.pl\/index.php\/wp-json\/wp\/v2\/comments?post=5356"}],"version-history":[{"count":4,"href":"https:\/\/hatu.pl\/index.php\/wp-json\/wp\/v2\/product\/5356\/revisions"}],"predecessor-version":[{"id":5366,"href":"https:\/\/hatu.pl\/index.php\/wp-json\/wp\/v2\/product\/5356\/revisions\/5366"}],"wp:featuredmedia":[{"embeddable":true,"href":"https:\/\/hatu.pl\/index.php\/wp-json\/wp\/v2\/media\/5380"}],"wp:attachment":[{"href":"https:\/\/hatu.pl\/index.php\/wp-json\/wp\/v2\/media?parent=5356"}],"wp:term":[{"taxonomy":"product_brand","embeddable":true,"href":"https:\/\/hatu.pl\/index.php\/wp-json\/wp\/v2\/product_brand?post=5356"},{"taxonomy":"product_cat","embeddable":true,"href":"https:\/\/hatu.pl\/index.php\/wp-json\/wp\/v2\/product_cat?post=5356"},{"taxonomy":"product_tag","embeddable":true,"href":"https:\/\/hatu.pl\/index.php\/wp-json\/wp\/v2\/product_tag?post=5356"}],"curies":[{"name":"wp","href":"https:\/\/api.w.org\/{rel}","templated":true}]}}