{"id":5474,"date":"2026-03-16T07:53:01","date_gmt":"2026-03-16T06:53:01","guid":{"rendered":"https:\/\/hatu.pl\/?post_type=product&#038;p=5474"},"modified":"2026-04-14T14:22:50","modified_gmt":"2026-04-14T12:22:50","slug":"okno-dachowe-do-kampera-z-roleta-madovan-zion","status":"publish","type":"product","link":"https:\/\/hatu.pl\/index.php\/produkt\/okno-dachowe-do-kampera-z-roleta-madovan-zion\/","title":{"rendered":"Okno dachowe do kampera z rolet\u0105 Madovan Zion"},"content":{"rendered":"\t\t<div data-elementor-type=\"product-post\" data-elementor-id=\"5474\" class=\"elementor elementor-5474\" data-elementor-post-type=\"product\">\n\t\t\t\t<div class=\"elementor-element elementor-element-2111dff e-flex e-con-boxed e-con e-parent\" data-id=\"2111dff\" data-element_type=\"container\" data-e-type=\"container\">\n\t\t\t\t\t<div class=\"e-con-inner\">\n\t\t\t\t<div class=\"elementor-element elementor-element-a03d431 elementor-widget elementor-widget-heading\" data-id=\"a03d431\" data-element_type=\"widget\" data-e-type=\"widget\" data-widget_type=\"heading.default\">\n\t\t\t\t<div class=\"elementor-widget-container\">\n\t\t\t\t\t<h2 class=\"elementor-heading-title elementor-size-default\">Maksymalne \u015bwiat\u0142o, wentylacja i komfort \u2013 w samym sercu Twojego kampera<\/h2>\t\t\t\t<\/div>\n\t\t\t\t<\/div>\n\t\t\t\t<div class=\"elementor-element elementor-element-6a61769 elementor-widget elementor-widget-text-editor\" data-id=\"6a61769\" data-element_type=\"widget\" data-e-type=\"widget\" data-widget_type=\"text-editor.default\">\n\t\t\t\t<div class=\"elementor-widget-container\">\n\t\t\t\t\t\t\t\t\t<p data-start=\"592\" data-end=\"880\"><strong data-start=\"592\" data-end=\"608\">Madovan ZION<\/strong>\u00a0to nowoczesne\u00a0<strong data-start=\"623\" data-end=\"657\">okno dachowe do kampera i busa<\/strong>, zaprojektowane z my\u015bl\u0105 o maksymalnym komforcie u\u017cytkowania w podr\u00f3\u017cy. Montowane w dachu pojazdu, zapewnia naturalne do\u015bwietlenie wn\u0119trza, skuteczn\u0105 wentylacj\u0119 oraz wyj\u0105tkowy klimat \u2013 zar\u00f3wno w ci\u0105gu dnia, jak i wieczorem.<\/p><p data-start=\"882\" data-end=\"1136\">To rozwi\u0105zanie idealne do stref takich jak\u00a0<strong data-start=\"925\" data-end=\"975\">cz\u0119\u015b\u0107 dzienna, kuchnia, sypialnia lub \u0142azienka<\/strong>\u00a0w kamperze. W zestawie otrzymujesz komplet:\u00a0<strong data-start=\"1020\" data-end=\"1068\">okno + roleta + moskitiera + o\u015bwietlenie LED<\/strong>, gotowy do monta\u017cu w nowoczesnych zabudowach DIY i profesjonalnych.<\/p>\t\t\t\t\t\t\t\t<\/div>\n\t\t\t\t<\/div>\n\t\t\t\t\t<\/div>\n\t\t\t\t<\/div>\n\t\t<div class=\"elementor-element elementor-element-a2f7b95 e-flex e-con-boxed e-con e-parent\" data-id=\"a2f7b95\" data-element_type=\"container\" data-e-type=\"container\">\n\t\t\t\t\t<div class=\"e-con-inner\">\n\t\t\t\t<div class=\"elementor-element elementor-element-2f31d04 elementor-widget elementor-widget-heading\" data-id=\"2f31d04\" data-element_type=\"widget\" data-e-type=\"widget\" data-widget_type=\"heading.default\">\n\t\t\t\t<div class=\"elementor-widget-container\">\n\t\t\t\t\t<h2 class=\"elementor-heading-title elementor-size-default\">Dlaczego Madovan ZION wyr\u00f3\u017cnia si\u0119 na tle innych okien dachowych?<\/h2>\t\t\t\t<\/div>\n\t\t\t\t<\/div>\n\t\t\t\t<div class=\"elementor-element elementor-element-7bd7353 elementor-widget elementor-widget-text-editor\" data-id=\"7bd7353\" data-element_type=\"widget\" data-e-type=\"widget\" data-widget_type=\"text-editor.default\">\n\t\t\t\t<div class=\"elementor-widget-container\">\n\t\t\t\t\t\t\t\t\t<p data-start=\"1213\" data-end=\"1488\">W por\u00f3wnaniu do standardowych okien dachowych,\u00a0<strong data-start=\"1260\" data-end=\"1268\">ZION<\/strong>\u00a0zosta\u0142 zaprojektowany jako element realnie podnosz\u0105cy komfort codziennego \u017cycia w kamperze. Kluczow\u0105 rol\u0119 odgrywa tutaj po\u0142\u0105czenie \u015bwiat\u0142a dziennego, kontrolowanej wentylacji i funkcjonalnych dodatk\u00f3w w jednym systemie.<\/p><p data-start=\"1490\" data-end=\"1525\">Najcz\u0119stsze zastosowania okna ZION:<\/p><ul data-start=\"1526\" data-end=\"1724\"><li data-start=\"1526\" data-end=\"1567\"><p data-start=\"1528\" data-end=\"1567\">centralne do\u015bwietlenie wn\u0119trza kampera,<\/p><\/li><li data-start=\"1568\" data-end=\"1623\"><p data-start=\"1570\" data-end=\"1623\">poprawa wentylacji w strefie kuchennej lub sypialnej,<\/p><\/li><li data-start=\"1624\" data-end=\"1667\"><p data-start=\"1626\" data-end=\"1667\">ograniczenie wilgoci i zaparowanych szyb,<\/p><\/li><li data-start=\"1668\" data-end=\"1724\"><p data-start=\"1670\" data-end=\"1724\">stworzenie przytulnego klimatu dzi\u0119ki o\u015bwietleniu LED.<\/p><\/li><\/ul>\t\t\t\t\t\t\t\t<\/div>\n\t\t\t\t<\/div>\n\t\t\t\t\t<\/div>\n\t\t\t\t<\/div>\n\t\t<div class=\"elementor-element elementor-element-c993dce e-flex e-con-boxed e-con e-parent\" data-id=\"c993dce\" data-element_type=\"container\" data-e-type=\"container\">\n\t\t\t\t\t<div class=\"e-con-inner\">\n\t\t\t\t<div class=\"elementor-element elementor-element-11e103f elementor-widget elementor-widget-heading\" data-id=\"11e103f\" data-element_type=\"widget\" data-e-type=\"widget\" data-widget_type=\"heading.default\">\n\t\t\t\t<div class=\"elementor-widget-container\">\n\t\t\t\t\t<h2 class=\"elementor-heading-title elementor-size-default\">Najwa\u017cniejsze zalety okna dachowego Madovan ZION<\/h2>\t\t\t\t<\/div>\n\t\t\t\t<\/div>\n\t\t\t\t<div class=\"elementor-element elementor-element-99abc8e elementor-widget elementor-widget-text-editor\" data-id=\"99abc8e\" data-element_type=\"widget\" data-e-type=\"widget\" data-widget_type=\"text-editor.default\">\n\t\t\t\t<div class=\"elementor-widget-container\">\n\t\t\t\t\t\t\t\t\t<ul><li data-start=\"1784\" data-end=\"2394\"><strong data-start=\"1786\" data-end=\"1820\">Naturalne do\u015bwietlenie wn\u0119trza<\/strong>\u00a0\u2013 wi\u0119cej \u015bwiat\u0142a bez monta\u017cu dodatkowych okien bocznych<\/li><li data-start=\"1784\" data-end=\"2394\"><strong data-start=\"1881\" data-end=\"1928\">Podw\u00f3jne przeszklenie akrylowe UV Resistant<\/strong>\u00a0\u2013 izolacja termiczna i ochrona przed s\u0142o\u0144cem<\/li><li data-start=\"1784\" data-end=\"2394\"><strong data-start=\"1978\" data-end=\"2012\">Roleta i moskitiera w zestawie<\/strong>\u00a0\u2013 komfort, prywatno\u015b\u0107 i ochrona przed owadami<\/li><li data-start=\"1784\" data-end=\"2394\"><strong data-start=\"2063\" data-end=\"2090\">Funkcja mikrowentylacji<\/strong>\u00a0\u2013 \u015bwie\u017ce powietrze bez przeci\u0105g\u00f3w<\/li><li data-start=\"1784\" data-end=\"2394\"><strong data-start=\"2129\" data-end=\"2158\">Wbudowane o\u015bwietlenie LED<\/strong>\u00a0\u2013 nastrojowe \u015bwiat\u0142o po zmroku<\/li><li data-start=\"1784\" data-end=\"2394\"><strong data-start=\"2194\" data-end=\"2226\">Solidna rama z materia\u0142u ASA<\/strong>\u00a0\u2013 odporno\u015b\u0107 na warunki atmosferyczne<\/li><li data-start=\"1784\" data-end=\"2394\"><strong data-start=\"2268\" data-end=\"2286\">Uszczelki EPDM<\/strong>\u00a0\u2013 szczelno\u015b\u0107 w deszczu, zim\u0105 i podczas jazdy<\/li><li data-start=\"1784\" data-end=\"2394\"><strong data-start=\"2336\" data-end=\"2364\">Polska produkcja Madovan<\/strong>\u00a0\u2013 kontrola jako\u015bci i trwa\u0142o\u015b\u0107<\/li><\/ul>\t\t\t\t\t\t\t\t<\/div>\n\t\t\t\t<\/div>\n\t\t\t\t\t<\/div>\n\t\t\t\t<\/div>\n\t\t<div class=\"elementor-element elementor-element-b844d6e e-flex e-con-boxed e-con e-parent\" data-id=\"b844d6e\" data-element_type=\"container\" data-e-type=\"container\">\n\t\t\t\t\t<div class=\"e-con-inner\">\n\t\t<div class=\"elementor-element elementor-element-9206ad3 e-con-full e-flex e-con e-child\" data-id=\"9206ad3\" data-element_type=\"container\" data-e-type=\"container\">\n\t\t\t\t<div class=\"elementor-element elementor-element-743748b elementor-widget elementor-widget-image\" data-id=\"743748b\" data-element_type=\"widget\" data-e-type=\"widget\" data-widget_type=\"image.default\">\n\t\t\t\t<div class=\"elementor-widget-container\">\n\t\t\t\t\t\t\t\t\t\t\t\t\t\t\t<img fetchpriority=\"high\" decoding=\"async\" width=\"300\" height=\"169\" src=\"https:\/\/hatu.pl\/wp-content\/uploads\/2026\/03\/zion-opis-3-last-1024x576-500x281-1-300x169.jpg\" class=\"attachment-medium size-medium wp-image-5487\" alt=\"\" srcset=\"https:\/\/hatu.pl\/wp-content\/uploads\/2026\/03\/zion-opis-3-last-1024x576-500x281-1-300x169.jpg 300w, https:\/\/hatu.pl\/wp-content\/uploads\/2026\/03\/zion-opis-3-last-1024x576-500x281-1.jpg 500w\" sizes=\"(max-width: 300px) 100vw, 300px\" \/>\t\t\t\t\t\t\t\t\t\t\t\t\t\t\t<\/div>\n\t\t\t\t<\/div>\n\t\t\t\t<\/div>\n\t\t<div class=\"elementor-element elementor-element-bdbf823 e-con-full e-flex e-con e-child\" data-id=\"bdbf823\" data-element_type=\"container\" data-e-type=\"container\">\n\t\t\t\t<div class=\"elementor-element elementor-element-d972d1d elementor-widget elementor-widget-image\" data-id=\"d972d1d\" data-element_type=\"widget\" data-e-type=\"widget\" data-widget_type=\"image.default\">\n\t\t\t\t<div class=\"elementor-widget-container\">\n\t\t\t\t\t\t\t\t\t\t\t\t\t\t\t<img decoding=\"async\" width=\"300\" height=\"169\" src=\"https:\/\/hatu.pl\/wp-content\/uploads\/2026\/03\/zion-opis-4-last-1024x576-500x281-1-300x169.jpg\" class=\"attachment-medium size-medium wp-image-5488\" alt=\"\" srcset=\"https:\/\/hatu.pl\/wp-content\/uploads\/2026\/03\/zion-opis-4-last-1024x576-500x281-1-300x169.jpg 300w, https:\/\/hatu.pl\/wp-content\/uploads\/2026\/03\/zion-opis-4-last-1024x576-500x281-1.jpg 500w\" sizes=\"(max-width: 300px) 100vw, 300px\" \/>\t\t\t\t\t\t\t\t\t\t\t\t\t\t\t<\/div>\n\t\t\t\t<\/div>\n\t\t\t\t<\/div>\n\t\t\t\t\t<\/div>\n\t\t\t\t<\/div>\n\t\t<div class=\"elementor-element elementor-element-e5a05ae e-flex e-con-boxed e-con e-parent\" data-id=\"e5a05ae\" data-element_type=\"container\" data-e-type=\"container\">\n\t\t\t\t\t<div class=\"e-con-inner\">\n\t\t\t\t<div class=\"elementor-element elementor-element-7c79b60 elementor-widget elementor-widget-heading\" data-id=\"7c79b60\" data-element_type=\"widget\" data-e-type=\"widget\" data-widget_type=\"heading.default\">\n\t\t\t\t<div class=\"elementor-widget-container\">\n\t\t\t\t\t<h2 class=\"elementor-heading-title elementor-size-default\">Moskitiera, roleta i LED w zestawie \u2013 wszystko, czego potrzebujesz<\/h2>\t\t\t\t<\/div>\n\t\t\t\t<\/div>\n\t\t\t\t<div class=\"elementor-element elementor-element-ae764a7 elementor-widget elementor-widget-text-editor\" data-id=\"ae764a7\" data-element_type=\"widget\" data-e-type=\"widget\" data-widget_type=\"text-editor.default\">\n\t\t\t\t<div class=\"elementor-widget-container\">\n\t\t\t\t\t\t\t\t\t<div><div><h3 data-start=\"2472\" data-end=\"2489\">Moskitiera<\/h3><p data-start=\"2490\" data-end=\"2647\">Moskitiera umo\u017cliwia skuteczne wietrzenie wn\u0119trza kampera bez ryzyka dostania si\u0119 owad\u00f3w. To szczeg\u00f3lnie wa\u017cne w nocy i podczas postoju w ciep\u0142ych regionach.<\/p><h3 data-start=\"2649\" data-end=\"2662\">Roleta<\/h3><p data-start=\"2663\" data-end=\"2783\">Roleta pozwala na pe\u0142ne zaciemnienie wn\u0119trza, zapewnia prywatno\u015b\u0107 oraz ogranicza nagrzewanie si\u0119 kabiny w s\u0142oneczne dni.<\/p><h3 data-start=\"2785\" data-end=\"2807\">O\u015bwietlenie LED<\/h3><p data-start=\"2808\" data-end=\"2984\">Zintegrowane o\u015bwietlenie LED sprawia, \u017ce okno dachowe ZION pe\u0142ni r\u00f3wnie\u017c funkcj\u0119 lampy \u2013 idealnej do wieczornego odpoczynku, czytania czy stworzenia klimatu we wn\u0119trzu kampera.<\/p><p data-start=\"2808\" data-end=\"2984\">W zestawie:<br \/><span style=\"font-style: inherit; font-weight: inherit;\">&#8211; moskitiera, kt\u00f3ra skutecznie zabezpieczy przed niechcianymi owadami,<br \/>&#8211;\u00a0<\/span>roleta, dzi\u0119ki kt\u00f3rej zaciemnisz wn\u0119trze i zyskasz maksimum prywatno\u015bci,<br \/>&#8211;\u00a0lampa LED o mocy 12V, kt\u00f3ra o\u015bwietli wn\u0119trze kampera lub przyczepy po zmierzchu.<\/p><\/div><\/div>\t\t\t\t\t\t\t\t<\/div>\n\t\t\t\t<\/div>\n\t\t\t\t\t<\/div>\n\t\t\t\t<\/div>\n\t\t<div class=\"elementor-element elementor-element-d1ba527 e-flex e-con-boxed e-con e-parent\" data-id=\"d1ba527\" data-element_type=\"container\" data-e-type=\"container\">\n\t\t\t\t\t<div class=\"e-con-inner\">\n\t\t\t\t<div class=\"elementor-element elementor-element-d9992d1 elementor-widget elementor-widget-heading\" data-id=\"d9992d1\" data-element_type=\"widget\" data-e-type=\"widget\" data-widget_type=\"heading.default\">\n\t\t\t\t<div class=\"elementor-widget-container\">\n\t\t\t\t\t<h2 class=\"elementor-heading-title elementor-size-default\">Idealne okno dachowe do kampera \u2013 komfort przez ca\u0142y rok<\/h2>\t\t\t\t<\/div>\n\t\t\t\t<\/div>\n\t\t\t\t<div class=\"elementor-element elementor-element-d6c9bcc elementor-widget elementor-widget-text-editor\" data-id=\"d6c9bcc\" data-element_type=\"widget\" data-e-type=\"widget\" data-widget_type=\"text-editor.default\">\n\t\t\t\t<div class=\"elementor-widget-container\">\n\t\t\t\t\t\t\t\t\t<p data-start=\"3052\" data-end=\"3110\">Madovan ZION sprawdzi si\u0119 w kamperach i vanach, w kt\u00f3rych:<\/p><ul data-start=\"3111\" data-end=\"3278\"><li data-start=\"3111\" data-end=\"3144\"><p data-start=\"3113\" data-end=\"3144\">liczy si\u0119 skuteczna wentylacja,<\/p><\/li><li data-start=\"3145\" data-end=\"3192\"><p data-start=\"3147\" data-end=\"3192\">wn\u0119trze wymaga dodatkowego \u015bwiat\u0142a dziennego,<\/p><\/li><li data-start=\"3193\" data-end=\"3229\"><p data-start=\"3195\" data-end=\"3229\">u\u017cytkownicy podr\u00f3\u017cuj\u0105 ca\u0142orocznie,<\/p><\/li><li data-start=\"3230\" data-end=\"3278\"><p data-start=\"3232\" data-end=\"3278\">wa\u017cny jest nowoczesny design i funkcjonalno\u015b\u0107.<\/p><\/li><\/ul>\t\t\t\t\t\t\t\t<\/div>\n\t\t\t\t<\/div>\n\t\t\t\t\t<\/div>\n\t\t\t\t<\/div>\n\t\t<div class=\"elementor-element elementor-element-4257ea1 e-flex e-con-boxed e-con e-parent\" data-id=\"4257ea1\" data-element_type=\"container\" data-e-type=\"container\">\n\t\t\t\t\t<div class=\"e-con-inner\">\n\t\t\t\t<div class=\"elementor-element elementor-element-47e559f elementor-widget elementor-widget-heading\" data-id=\"47e559f\" data-element_type=\"widget\" data-e-type=\"widget\" data-widget_type=\"heading.default\">\n\t\t\t\t<div class=\"elementor-widget-container\">\n\t\t\t\t\t<h2 class=\"elementor-heading-title elementor-size-default\">Monta\u017c \u2013 co warto wiedzie\u0107?<\/h2>\t\t\t\t<\/div>\n\t\t\t\t<\/div>\n\t\t\t\t<div class=\"elementor-element elementor-element-e424bf8 elementor-widget elementor-widget-text-editor\" data-id=\"e424bf8\" data-element_type=\"widget\" data-e-type=\"widget\" data-widget_type=\"text-editor.default\">\n\t\t\t\t<div class=\"elementor-widget-container\">\n\t\t\t\t\t\t\t\t\t<p data-start=\"3586\" data-end=\"3794\">Monta\u017c okna dachowego polega na wykonaniu otworu w poszyciu dachu pojazdu zgodnie z wymiarami okna. Proces nie narusza konstrukcji no\u015bnej samochodu, a przy prawid\u0142owym uszczelnieniu zapewnia pe\u0142n\u0105 szczelno\u015b\u0107.<\/p><p data-start=\"3796\" data-end=\"3902\">Je\u015bli planujesz monta\u017c samodzielny sprawd\u017a nasz\u00a0<strong><a href=\"https:\/\/madovan.pl\/poradnik-kamperowy\/montaz-okien-do-kampera\/\" target=\"_blank\" rel=\"noopener\">poradnik monta\u017cu okien do kampera<\/a><\/strong><\/p>\t\t\t\t\t\t\t\t<\/div>\n\t\t\t\t<\/div>\n\t\t\t\t\t<\/div>\n\t\t\t\t<\/div>\n\t\t<div class=\"elementor-element elementor-element-8e03485 e-flex e-con-boxed e-con e-parent\" data-id=\"8e03485\" data-element_type=\"container\" data-e-type=\"container\">\n\t\t\t\t\t<div class=\"e-con-inner\">\n\t\t\t\t<div class=\"elementor-element elementor-element-f40b93a elementor-widget elementor-widget-heading\" data-id=\"f40b93a\" data-element_type=\"widget\" data-e-type=\"widget\" data-widget_type=\"heading.default\">\n\t\t\t\t<div class=\"elementor-widget-container\">\n\t\t\t\t\t<h2 class=\"elementor-heading-title elementor-size-default\">Na nasze produkty dajemy 5 lat gwarancji!<\/h2>\t\t\t\t<\/div>\n\t\t\t\t<\/div>\n\t\t\t\t\t<\/div>\n\t\t\t\t<\/div>\n\t\t\t\t<\/div>\n\t\t","protected":false},"excerpt":{"rendered":"<p>MADOVAN ZION \u2013 okno dachowe do kampera z rolet\u0105, moskitier\u0105 i o\u015bwietleniem LED<\/p>\n","protected":false},"featured_media":5477,"comment_status":"open","ping_status":"closed","template":"","meta":{"site-sidebar-layout":"no-sidebar","site-content-layout":"","ast-site-content-layout":"full-width-container","site-content-style":"default","site-sidebar-style":"default","ast-global-header-display":"","ast-banner-title-visibility":"","ast-main-header-display":"","ast-hfb-above-header-display":"","ast-hfb-below-header-display":"","ast-hfb-mobile-header-display":"","site-post-title":"","ast-breadcrumbs-content":"","ast-featured-img":"disabled","footer-sml-layout":"","theme-transparent-header-meta":"default","adv-header-id-meta":"","stick-header-meta":"","header-above-stick-meta":"","header-main-stick-meta":"","header-below-stick-meta":"","astra-migrate-meta-layouts":"set","ast-page-background-enabled":"default","ast-page-background-meta":{"desktop":{"background-color":"var(--ast-global-color-4)","background-image":"","background-repeat":"repeat","background-position":"center center","background-size":"auto","background-attachment":"scroll","background-type":"","background-media":"","overlay-type":"","overlay-color":"","overlay-opacity":"","overlay-gradient":""},"tablet":{"background-color":"","background-image":"","background-repeat":"repeat","background-position":"center center","background-size":"auto","background-attachment":"scroll","background-type":"","background-media":"","overlay-type":"","overlay-color":"","overlay-opacity":"","overlay-gradient":""},"mobile":{"background-color":"","background-image":"","background-repeat":"repeat","background-position":"center center","background-size":"auto","background-attachment":"scroll","background-type":"","background-media":"","overlay-type":"","overlay-color":"","overlay-opacity":"","overlay-gradient":""}},"ast-content-background-meta":{"desktop":{"background-color":"var(--ast-global-color-5)","background-image":"","background-repeat":"repeat","background-position":"center center","background-size":"auto","background-attachment":"scroll","background-type":"","background-media":"","overlay-type":"","overlay-color":"","overlay-opacity":"","overlay-gradient":""},"tablet":{"background-color":"var(--ast-global-color-5)","background-image":"","background-repeat":"repeat","background-position":"center center","background-size":"auto","background-attachment":"scroll","background-type":"","background-media":"","overlay-type":"","overlay-color":"","overlay-opacity":"","overlay-gradient":""},"mobile":{"background-color":"var(--ast-global-color-5)","background-image":"","background-repeat":"repeat","background-position":"center center","background-size":"auto","background-attachment":"scroll","background-type":"","background-media":"","overlay-type":"","overlay-color":"","overlay-opacity":"","overlay-gradient":""}}},"product_brand":[],"product_cat":[343],"product_tag":[349],"class_list":{"0":"post-5474","1":"product","2":"type-product","3":"status-publish","4":"has-post-thumbnail","6":"product_cat-okna","7":"product_tag-okno","8":"product_shipping_class-duze","9":"desktop-align-center","10":"tablet-align-left","11":"mobile-align-left","13":"first","14":"instock","15":"taxable","16":"shipping-taxable","17":"purchasable","18":"product-type-variable","19":"has-default-attributes"},"_links":{"self":[{"href":"https:\/\/hatu.pl\/index.php\/wp-json\/wp\/v2\/product\/5474","targetHints":{"allow":["GET"]}}],"collection":[{"href":"https:\/\/hatu.pl\/index.php\/wp-json\/wp\/v2\/product"}],"about":[{"href":"https:\/\/hatu.pl\/index.php\/wp-json\/wp\/v2\/types\/product"}],"replies":[{"embeddable":true,"href":"https:\/\/hatu.pl\/index.php\/wp-json\/wp\/v2\/comments?post=5474"}],"version-history":[{"count":10,"href":"https:\/\/hatu.pl\/index.php\/wp-json\/wp\/v2\/product\/5474\/revisions"}],"predecessor-version":[{"id":5856,"href":"https:\/\/hatu.pl\/index.php\/wp-json\/wp\/v2\/product\/5474\/revisions\/5856"}],"wp:featuredmedia":[{"embeddable":true,"href":"https:\/\/hatu.pl\/index.php\/wp-json\/wp\/v2\/media\/5477"}],"wp:attachment":[{"href":"https:\/\/hatu.pl\/index.php\/wp-json\/wp\/v2\/media?parent=5474"}],"wp:term":[{"taxonomy":"product_brand","embeddable":true,"href":"https:\/\/hatu.pl\/index.php\/wp-json\/wp\/v2\/product_brand?post=5474"},{"taxonomy":"product_cat","embeddable":true,"href":"https:\/\/hatu.pl\/index.php\/wp-json\/wp\/v2\/product_cat?post=5474"},{"taxonomy":"product_tag","embeddable":true,"href":"https:\/\/hatu.pl\/index.php\/wp-json\/wp\/v2\/product_tag?post=5474"}],"curies":[{"name":"wp","href":"https:\/\/api.w.org\/{rel}","templated":true}]}}