{"id":561,"date":"2024-02-16T08:43:41","date_gmt":"2024-02-16T07:43:41","guid":{"rendered":"https:\/\/hatu.pl\/?post_type=product&#038;p=561"},"modified":"2026-03-18T09:52:01","modified_gmt":"2026-03-18T08:52:01","slug":"tapicerowana-oslona-gniazda-pasow-para","status":"publish","type":"product","link":"https:\/\/hatu.pl\/index.php\/produkt\/tapicerowana-oslona-gniazda-pasow-para\/","title":{"rendered":"Tapicerowana os\u0142ona gniazda pas\u00f3w bezpiecze\u0144stwa (para)"},"content":{"rendered":"\t\t<div data-elementor-type=\"product-post\" data-elementor-id=\"561\" class=\"elementor elementor-561\" data-elementor-post-type=\"product\">\n\t\t\t\t<div class=\"elementor-element elementor-element-f07ae8b e-flex e-con-boxed e-con e-parent\" data-id=\"f07ae8b\" data-element_type=\"container\" data-e-type=\"container\">\n\t\t\t\t\t<div class=\"e-con-inner\">\n\t\t\t\t<div class=\"elementor-element elementor-element-27fd7df elementor-widget elementor-widget-text-editor\" data-id=\"27fd7df\" data-element_type=\"widget\" data-e-type=\"widget\" data-widget_type=\"text-editor.default\">\n\t\t\t\t<div class=\"elementor-widget-container\">\n\t\t\t\t\t\t\t\t\t<h5>Tapicerowana os\u0142ona gniazda pas\u00f3w bezpiecze\u0144stwa<\/h5>\n<p>Jest nie tylko funkcjonalna, ale tak\u017ce stylowa. Wykonana z wysokiej jako\u015bci materia\u0142\u00f3w, zapewnia ochron\u0119 Twojego samochodu Volkswagen T5 lub T6 oraz dodaje elegancji wn\u0119trzu pojazdu. Dost\u0119pna w kolorze czarnym lub szarym, doskonale dopasowuje si\u0119 do r\u00f3\u017cnych preferencji estetycznych. Pozw\u00f3l sobie na komfort podr\u00f3\u017cy z dba\u0142o\u015bci\u0105 o detale.<\/p><p>Zach\u0119camy do zapoznania si\u0119 z pe\u0142n\u0105 ofert\u0105 produkt\u00f3w na <a href=\"https:\/\/hatu.pl\/index.php\/sklep\">naszej stronie sklepu.<\/a>&nbsp;<\/p><p><span style=\"font-style: inherit; font-weight: inherit; color: var( --e-global-color-text ); text-align: var(--text-align); background-color: var(--ast-global-color-5);\">Zapraszamy r\u00f3wnie\u017c do odwiedzenia naszych profili na <\/span><a href=\"https:\/\/www.facebook.com\/hatucampsolutions\" style=\"font-style: inherit; font-weight: inherit; text-align: var(--text-align);\" target=\"_blank\" rel=\"noopener\">Facebooku<\/a><span style=\"font-style: inherit; font-weight: inherit; color: var( --e-global-color-text ); text-align: var(--text-align); background-color: var(--ast-global-color-5);\"> i <\/span><a href=\"https:\/\/www.instagram.com\/hatucampsolutions\/\" style=\"font-style: inherit; font-weight: inherit; text-align: var(--text-align);\" target=\"_blank\" rel=\"noopener\">Instagramie!<\/a><\/p>\t\t\t\t\t\t\t\t<\/div>\n\t\t\t\t<\/div>\n\t\t\t\t\t<\/div>\n\t\t\t\t<\/div>\n\t\t\t\t<\/div>\n\t\t","protected":false},"excerpt":{"rendered":"<p>Tapicerowana os\u0142ona gniazda pas\u00f3w bezpiecze\u0144stwa jest nie tylko funkcjonalna, ale tak\u017ce stylowa. Wykonana z wysokiej jako\u015bci materia\u0142\u00f3w, zapewnia ochron\u0119 Twojego samochodu Volkswagen T5 lub T6 oraz dodaje elegancji wn\u0119trzu pojazdu. Dost\u0119pna w kolorze czarnym lub szarym, doskonale dopasowuje si\u0119 do r\u00f3\u017cnych preferencji estetycznych. Pozw\u00f3l sobie na komfort podr\u00f3\u017cy z dba\u0142o\u015bci\u0105 o detale.<\/p>\n","protected":false},"featured_media":562,"comment_status":"open","ping_status":"closed","template":"","meta":{"site-sidebar-layout":"no-sidebar","site-content-layout":"","ast-site-content-layout":"full-width-container","site-content-style":"default","site-sidebar-style":"default","ast-global-header-display":"","ast-banner-title-visibility":"","ast-main-header-display":"","ast-hfb-above-header-display":"","ast-hfb-below-header-display":"","ast-hfb-mobile-header-display":"","site-post-title":"disabled","ast-breadcrumbs-content":"","ast-featured-img":"disabled","footer-sml-layout":"","theme-transparent-header-meta":"default","adv-header-id-meta":"","stick-header-meta":"","header-above-stick-meta":"","header-main-stick-meta":"","header-below-stick-meta":"","astra-migrate-meta-layouts":"set","ast-page-background-enabled":"default","ast-page-background-meta":{"desktop":{"background-color":"var(--ast-global-color-4)","background-image":"","background-repeat":"repeat","background-position":"center center","background-size":"auto","background-attachment":"scroll","background-type":"","background-media":"","overlay-type":"","overlay-color":"","overlay-opacity":"","overlay-gradient":""},"tablet":{"background-color":"","background-image":"","background-repeat":"repeat","background-position":"center center","background-size":"auto","background-attachment":"scroll","background-type":"","background-media":"","overlay-type":"","overlay-color":"","overlay-opacity":"","overlay-gradient":""},"mobile":{"background-color":"","background-image":"","background-repeat":"repeat","background-position":"center center","background-size":"auto","background-attachment":"scroll","background-type":"","background-media":"","overlay-type":"","overlay-color":"","overlay-opacity":"","overlay-gradient":""}},"ast-content-background-meta":{"desktop":{"background-color":"var(--ast-global-color-5)","background-image":"","background-repeat":"repeat","background-position":"center center","background-size":"auto","background-attachment":"scroll","background-type":"","background-media":"","overlay-type":"","overlay-color":"","overlay-opacity":"","overlay-gradient":""},"tablet":{"background-color":"var(--ast-global-color-5)","background-image":"","background-repeat":"repeat","background-position":"center center","background-size":"auto","background-attachment":"scroll","background-type":"","background-media":"","overlay-type":"","overlay-color":"","overlay-opacity":"","overlay-gradient":""},"mobile":{"background-color":"var(--ast-global-color-5)","background-image":"","background-repeat":"repeat","background-position":"center center","background-size":"auto","background-attachment":"scroll","background-type":"","background-media":"","overlay-type":"","overlay-color":"","overlay-opacity":"","overlay-gradient":""}}},"product_brand":[265],"product_cat":[23],"product_tag":[],"class_list":{"0":"post-561","1":"product","2":"type-product","3":"status-publish","4":"has-post-thumbnail","6":"product_brand-hatu","7":"product_cat-zabudowa-scian-do-vana","8":"product_shipping_class-male-paczki","9":"pa_kolor-czarny","10":"pa_kolor-szary","11":"pa_samoch-t5-long","12":"pa_samoch-t5","13":"pa_samoch-volkswagen-t6-long","14":"pa_samoch-t6","15":"desktop-align-center","16":"tablet-align-left","17":"mobile-align-left","19":"first","20":"instock","21":"taxable","22":"shipping-taxable","23":"purchasable","24":"product-type-variable","25":"has-default-attributes"},"_links":{"self":[{"href":"https:\/\/hatu.pl\/index.php\/wp-json\/wp\/v2\/product\/561","targetHints":{"allow":["GET"]}}],"collection":[{"href":"https:\/\/hatu.pl\/index.php\/wp-json\/wp\/v2\/product"}],"about":[{"href":"https:\/\/hatu.pl\/index.php\/wp-json\/wp\/v2\/types\/product"}],"replies":[{"embeddable":true,"href":"https:\/\/hatu.pl\/index.php\/wp-json\/wp\/v2\/comments?post=561"}],"version-history":[{"count":13,"href":"https:\/\/hatu.pl\/index.php\/wp-json\/wp\/v2\/product\/561\/revisions"}],"predecessor-version":[{"id":4168,"href":"https:\/\/hatu.pl\/index.php\/wp-json\/wp\/v2\/product\/561\/revisions\/4168"}],"wp:featuredmedia":[{"embeddable":true,"href":"https:\/\/hatu.pl\/index.php\/wp-json\/wp\/v2\/media\/562"}],"wp:attachment":[{"href":"https:\/\/hatu.pl\/index.php\/wp-json\/wp\/v2\/media?parent=561"}],"wp:term":[{"taxonomy":"product_brand","embeddable":true,"href":"https:\/\/hatu.pl\/index.php\/wp-json\/wp\/v2\/product_brand?post=561"},{"taxonomy":"product_cat","embeddable":true,"href":"https:\/\/hatu.pl\/index.php\/wp-json\/wp\/v2\/product_cat?post=561"},{"taxonomy":"product_tag","embeddable":true,"href":"https:\/\/hatu.pl\/index.php\/wp-json\/wp\/v2\/product_tag?post=561"}],"curies":[{"name":"wp","href":"https:\/\/api.w.org\/{rel}","templated":true}]}}