{"id":5843,"date":"2026-04-13T13:56:59","date_gmt":"2026-04-13T11:56:59","guid":{"rendered":"https:\/\/hatu.pl\/?post_type=product&#038;p=5843"},"modified":"2026-04-13T14:02:14","modified_gmt":"2026-04-13T12:02:14","slug":"stacja-zasilania-delta-3-plus","status":"publish","type":"product","link":"https:\/\/hatu.pl\/index.php\/produkt\/stacja-zasilania-delta-3-plus\/","title":{"rendered":"Stacja zasilania Delta 3 Plus"},"content":{"rendered":"\t\t<div data-elementor-type=\"product-post\" data-elementor-id=\"5843\" class=\"elementor elementor-5843\" data-elementor-post-type=\"product\">\n\t\t\t\t<div class=\"elementor-element elementor-element-8068a95 e-flex e-con-boxed e-con e-parent\" data-id=\"8068a95\" data-element_type=\"container\" data-e-type=\"container\">\n\t\t\t\t\t<div class=\"e-con-inner\">\n\t\t\t\t<div class=\"elementor-element elementor-element-090e112 elementor-widget elementor-widget-image\" data-id=\"090e112\" data-element_type=\"widget\" data-e-type=\"widget\" data-widget_type=\"image.default\">\n\t\t\t\t<div class=\"elementor-widget-container\">\n\t\t\t\t\t\t\t\t\t\t\t\t\t\t\t<img fetchpriority=\"high\" decoding=\"async\" width=\"1000\" height=\"637\" src=\"https:\/\/hatu.pl\/wp-content\/uploads\/2026\/04\/ecoflow-delta-3-plus-grill.jpg\" class=\"attachment-large size-large wp-image-5848\" alt=\"\" srcset=\"https:\/\/hatu.pl\/wp-content\/uploads\/2026\/04\/ecoflow-delta-3-plus-grill.jpg 1000w, https:\/\/hatu.pl\/wp-content\/uploads\/2026\/04\/ecoflow-delta-3-plus-grill-300x191.jpg 300w, https:\/\/hatu.pl\/wp-content\/uploads\/2026\/04\/ecoflow-delta-3-plus-grill-768x489.jpg 768w, https:\/\/hatu.pl\/wp-content\/uploads\/2026\/04\/ecoflow-delta-3-plus-grill-600x382.jpg 600w\" sizes=\"(max-width: 1000px) 100vw, 1000px\" \/>\t\t\t\t\t\t\t\t\t\t\t\t\t\t\t<\/div>\n\t\t\t\t<\/div>\n\t\t\t\t\t<\/div>\n\t\t\t\t<\/div>\n\t\t<div class=\"elementor-element elementor-element-52a1a97 e-flex e-con-boxed e-con e-parent\" data-id=\"52a1a97\" data-element_type=\"container\" data-e-type=\"container\">\n\t\t\t\t\t<div class=\"e-con-inner\">\n\t\t<div class=\"elementor-element elementor-element-af265d0 e-con-full e-flex e-con e-child\" data-id=\"af265d0\" data-element_type=\"container\" data-e-type=\"container\">\n\t\t\t\t<div class=\"elementor-element elementor-element-e782c02 elementor-widget elementor-widget-image\" data-id=\"e782c02\" data-element_type=\"widget\" data-e-type=\"widget\" data-widget_type=\"image.default\">\n\t\t\t\t<div class=\"elementor-widget-container\">\n\t\t\t\t\t\t\t\t\t\t\t\t\t\t\t<img decoding=\"async\" width=\"1024\" height=\"411\" src=\"https:\/\/hatu.pl\/wp-content\/uploads\/2026\/04\/PC_2_1_D3P_AC_Charging-1024x411.webp\" class=\"attachment-large size-large wp-image-5850\" alt=\"\" srcset=\"https:\/\/hatu.pl\/wp-content\/uploads\/2026\/04\/PC_2_1_D3P_AC_Charging-1024x411.webp 1024w, https:\/\/hatu.pl\/wp-content\/uploads\/2026\/04\/PC_2_1_D3P_AC_Charging-300x121.webp 300w, https:\/\/hatu.pl\/wp-content\/uploads\/2026\/04\/PC_2_1_D3P_AC_Charging-768x309.webp 768w, https:\/\/hatu.pl\/wp-content\/uploads\/2026\/04\/PC_2_1_D3P_AC_Charging-1536x617.webp 1536w, https:\/\/hatu.pl\/wp-content\/uploads\/2026\/04\/PC_2_1_D3P_AC_Charging-2048x823.webp 2048w, https:\/\/hatu.pl\/wp-content\/uploads\/2026\/04\/PC_2_1_D3P_AC_Charging-600x241.webp 600w\" sizes=\"(max-width: 1024px) 100vw, 1024px\" \/>\t\t\t\t\t\t\t\t\t\t\t\t\t\t\t<\/div>\n\t\t\t\t<\/div>\n\t\t\t\t<\/div>\n\t\t<div class=\"elementor-element elementor-element-d8411ec e-con-full e-flex e-con e-child\" data-id=\"d8411ec\" data-element_type=\"container\" data-e-type=\"container\">\n\t\t\t\t<div class=\"elementor-element elementor-element-3aae05d elementor-widget elementor-widget-heading\" data-id=\"3aae05d\" data-element_type=\"widget\" data-e-type=\"widget\" data-widget_type=\"heading.default\">\n\t\t\t\t<div class=\"elementor-widget-container\">\n\t\t\t\t\t<h2 class=\"elementor-heading-title elementor-size-default\">5 sposob\u00f3w na najszybsze \u0142adowanie w bran\u017cy.<\/h2>\t\t\t\t<\/div>\n\t\t\t\t<\/div>\n\t\t\t\t<div class=\"elementor-element elementor-element-dc293b0 elementor-widget elementor-widget-text-editor\" data-id=\"dc293b0\" data-element_type=\"widget\" data-e-type=\"widget\" data-widget_type=\"text-editor.default\">\n\t\t\t\t<div class=\"elementor-widget-container\">\n\t\t\t\t\t\t\t\t\t<p>Idealne do u\u017cytku w pomieszczeniach, na zewn\u0105trz i w podr\u00f3\u017cy.<\/p>\t\t\t\t\t\t\t\t<\/div>\n\t\t\t\t<\/div>\n\t\t\t\t<\/div>\n\t\t\t\t\t<\/div>\n\t\t\t\t<\/div>\n\t\t<div class=\"elementor-element elementor-element-f3f5ef5 e-flex e-con-boxed e-con e-parent\" data-id=\"f3f5ef5\" data-element_type=\"container\" data-e-type=\"container\">\n\t\t\t\t\t<div class=\"e-con-inner\">\n\t\t\t\t<div class=\"elementor-element elementor-element-42663d6 elementor-widget elementor-widget-text-editor\" data-id=\"42663d6\" data-element_type=\"widget\" data-e-type=\"widget\" data-widget_type=\"text-editor.default\">\n\t\t\t\t<div class=\"elementor-widget-container\">\n\t\t\t\t\t\t\t\t\t<p>Moc<strong> wej\u015bciowa 1500 W AC 230V, pe\u0142ne \u0142adowanie w 56 minut<br \/><\/strong>Dzi\u0119ki technologii X-Stream EcoFlow i mocy wej\u015bciowej 1500 W AC, DELTA 3 Plus \u0142aduje si\u0119 od 0 do 100% w 56 minut. 30-minutowe \u0142adowanie zapewnia godziny awaryjnego podtrzymania zasilania.<\/p><p><strong>Zasilanie energi\u0105 s\u0142oneczn\u0105 z 1000 MPPT, pe\u0142ne \u0142adowanie w 70 minut<br \/><\/strong>EcoFlow DELTA 3 Plus z 2 modu\u0142ami MPPT o mocy 500 W \u0142aduje si\u0119 w pe\u0142ni w 70 minut, nawet przy ograniczonym nas\u0142onecznieniu. Na zewn\u0105trz \u0142aduje si\u0119 w porze lunchu.<\/p><p><b>W podr\u00f3\u017cy z \u0142adowark\u0105 samochodow\u0105 o mocy 800 W, pe\u0142ne \u0142adowanie w 1,3 godziny<br \/><\/b><span style=\"font-style: inherit; font-weight: inherit;\">Dzi\u0119ki zasilaniu samochodowemu o mocy 800 W, pe\u0142ne na\u0142adowanie zajmuje zaledwie 1,3 godziny, 8 razy szybciej ni\u017c w innych modelach. \u0141aduj w drodze, eliminuj\u0105c konieczno\u015b\u0107 wst\u0119pnego \u0142adowania.<\/span><\/p><p><strong>Wielofunkcyjne \u0142adowanie (AC + Solar), pe\u0142ne \u0142adowanie w 56 minut przy mocy wej\u015bciowej 1500 W<br \/><\/strong>Przy maksymalnej mocy wej\u015bciowej 1500 W pe\u0142ne \u0142adowanie zajmuje 56 minut. Podczas codziennego u\u017cytkowania, aby na\u0142adowa\u0107 DELTA 3 Plus, pod\u0142\u0105cz urz\u0105dzenie zar\u00f3wno do pr\u0105du zmiennego, jak i do paneli s\u0142onecznych, priorytetowo traktuj\u0105c energi\u0119 s\u0142oneczn\u0105, aby oszcz\u0119dza\u0107 pieni\u0105dze.<\/p><p><strong>Zasilanie hybrydowe z generatorem, pe\u0142ne \u0142adowanie w 56 minut przy mocy wej\u015bciowej 1500 W AC<br \/><\/strong>Przy mocy wej\u015bciowej 1500 W pe\u0142ne \u0142adowanie zajmuje 56 minut. Inteligentny generator EcoFlow Smart Generator 3000 (Dual Fuel) automatycznie uzupe\u0142nia energi\u0119 w nocy, zapewniaj\u0105c sta\u0142e zasilanie awaryjne bez konieczno\u015bci r\u0119cznej interwencji (wkr\u00f3tce).<\/p>\t\t\t\t\t\t\t\t<\/div>\n\t\t\t\t<\/div>\n\t\t\t\t\t<\/div>\n\t\t\t\t<\/div>\n\t\t\t\t<\/div>\n\t\t","protected":false},"excerpt":{"rendered":"<p>EcoFlow DELTA 3 Plus to wszechstronna stacja zasilania, zapewniaj\u0105ca stabilny dost\u0119p do energii w ka\u017cdej sytuacji. Dzi\u0119ki pojemno\u015bci 1 kWh (z mo\u017cliwo\u015bci\u0105 rozbudowy do 5 kWh) i mocy do 1800 W (lub do 2400 W w trybie X-Boost) mo\u017ce zasila\u0107 liczne urz\u0105dzenia przez d\u0142ugi czas. Wyposa\u017cono j\u0105 wydajny akumulator o \u017cywotno\u015bci do 4000 cykli \u0142adowania. Stacja sprawdza si\u0119 zar\u00f3wno jako awaryjne zasilanie UPS (ze wsparciem dla funkcji HID), jak i przeno\u015bne \u017ar\u00f3d\u0142o energii. Jej praca nie zak\u0142\u00f3ci Twojego spokoju. Aplikacja EcoFlow umo\u017cliwia wygodn\u0105 obs\u0142ug\u0119. W sk\u0142ad zestawu wchodzi tak\u017ce kabel \u0142aduj\u0105cy AC.<\/p>\n","protected":false},"featured_media":5845,"comment_status":"open","ping_status":"closed","template":"","meta":{"site-sidebar-layout":"no-sidebar","site-content-layout":"","ast-site-content-layout":"full-width-container","site-content-style":"default","site-sidebar-style":"default","ast-global-header-display":"","ast-banner-title-visibility":"","ast-main-header-display":"","ast-hfb-above-header-display":"","ast-hfb-below-header-display":"","ast-hfb-mobile-header-display":"","site-post-title":"","ast-breadcrumbs-content":"","ast-featured-img":"disabled","footer-sml-layout":"","theme-transparent-header-meta":"default","adv-header-id-meta":"","stick-header-meta":"","header-above-stick-meta":"","header-main-stick-meta":"","header-below-stick-meta":"","astra-migrate-meta-layouts":"set","ast-page-background-enabled":"default","ast-page-background-meta":{"desktop":{"background-color":"var(--ast-global-color-4)","background-image":"","background-repeat":"repeat","background-position":"center center","background-size":"auto","background-attachment":"scroll","background-type":"","background-media":"","overlay-type":"","overlay-color":"","overlay-opacity":"","overlay-gradient":""},"tablet":{"background-color":"","background-image":"","background-repeat":"repeat","background-position":"center center","background-size":"auto","background-attachment":"scroll","background-type":"","background-media":"","overlay-type":"","overlay-color":"","overlay-opacity":"","overlay-gradient":""},"mobile":{"background-color":"","background-image":"","background-repeat":"repeat","background-position":"center center","background-size":"auto","background-attachment":"scroll","background-type":"","background-media":"","overlay-type":"","overlay-color":"","overlay-opacity":"","overlay-gradient":""}},"ast-content-background-meta":{"desktop":{"background-color":"var(--ast-global-color-5)","background-image":"","background-repeat":"repeat","background-position":"center center","background-size":"auto","background-attachment":"scroll","background-type":"","background-media":"","overlay-type":"","overlay-color":"","overlay-opacity":"","overlay-gradient":""},"tablet":{"background-color":"var(--ast-global-color-5)","background-image":"","background-repeat":"repeat","background-position":"center center","background-size":"auto","background-attachment":"scroll","background-type":"","background-media":"","overlay-type":"","overlay-color":"","overlay-opacity":"","overlay-gradient":""},"mobile":{"background-color":"var(--ast-global-color-5)","background-image":"","background-repeat":"repeat","background-position":"center center","background-size":"auto","background-attachment":"scroll","background-type":"","background-media":"","overlay-type":"","overlay-color":"","overlay-opacity":"","overlay-gradient":""}}},"product_brand":[],"product_cat":[288],"product_tag":[],"class_list":{"0":"post-5843","1":"product","2":"type-product","3":"status-publish","4":"has-post-thumbnail","6":"product_cat-seria-delta","7":"pa_moc-239","8":"pa_pojemnosc-240","9":"desktop-align-center","10":"tablet-align-left","11":"mobile-align-left","13":"first","14":"instock","15":"taxable","16":"shipping-taxable","17":"product-type-simple"},"_links":{"self":[{"href":"https:\/\/hatu.pl\/index.php\/wp-json\/wp\/v2\/product\/5843","targetHints":{"allow":["GET"]}}],"collection":[{"href":"https:\/\/hatu.pl\/index.php\/wp-json\/wp\/v2\/product"}],"about":[{"href":"https:\/\/hatu.pl\/index.php\/wp-json\/wp\/v2\/types\/product"}],"replies":[{"embeddable":true,"href":"https:\/\/hatu.pl\/index.php\/wp-json\/wp\/v2\/comments?post=5843"}],"version-history":[{"count":4,"href":"https:\/\/hatu.pl\/index.php\/wp-json\/wp\/v2\/product\/5843\/revisions"}],"predecessor-version":[{"id":5853,"href":"https:\/\/hatu.pl\/index.php\/wp-json\/wp\/v2\/product\/5843\/revisions\/5853"}],"wp:featuredmedia":[{"embeddable":true,"href":"https:\/\/hatu.pl\/index.php\/wp-json\/wp\/v2\/media\/5845"}],"wp:attachment":[{"href":"https:\/\/hatu.pl\/index.php\/wp-json\/wp\/v2\/media?parent=5843"}],"wp:term":[{"taxonomy":"product_brand","embeddable":true,"href":"https:\/\/hatu.pl\/index.php\/wp-json\/wp\/v2\/product_brand?post=5843"},{"taxonomy":"product_cat","embeddable":true,"href":"https:\/\/hatu.pl\/index.php\/wp-json\/wp\/v2\/product_cat?post=5843"},{"taxonomy":"product_tag","embeddable":true,"href":"https:\/\/hatu.pl\/index.php\/wp-json\/wp\/v2\/product_tag?post=5843"}],"curies":[{"name":"wp","href":"https:\/\/api.w.org\/{rel}","templated":true}]}}