{"id":5872,"date":"2026-04-20T14:37:00","date_gmt":"2026-04-20T12:37:00","guid":{"rendered":"https:\/\/hatu.pl\/?post_type=product&#038;p=5872"},"modified":"2026-04-20T14:42:45","modified_gmt":"2026-04-20T12:42:45","slug":"kompletny-zestaw-szyn-nd-rack-airline-rail-w-kolorze-czarnym-do-vw-t4","status":"publish","type":"product","link":"https:\/\/hatu.pl\/index.php\/produkt\/kompletny-zestaw-szyn-nd-rack-airline-rail-w-kolorze-czarnym-do-vw-t4\/","title":{"rendered":"Kompletny zestaw szyn ND-Rack Airline Rail w kolorze czarnym do VW T4"},"content":{"rendered":"\t\t<div data-elementor-type=\"product-post\" data-elementor-id=\"5872\" class=\"elementor elementor-5872\" data-elementor-post-type=\"product\">\n\t\t\t\t<div class=\"elementor-element elementor-element-0566527 e-flex e-con-boxed e-con e-parent\" data-id=\"0566527\" data-element_type=\"container\" data-e-type=\"container\">\n\t\t\t\t\t<div class=\"e-con-inner\">\n\t\t\t\t<div class=\"elementor-element elementor-element-c4f5e94 elementor-widget elementor-widget-heading\" data-id=\"c4f5e94\" data-element_type=\"widget\" data-e-type=\"widget\" data-widget_type=\"heading.default\">\n\t\t\t\t<div class=\"elementor-widget-container\">\n\t\t\t\t\t<h3 class=\"elementor-heading-title elementor-size-default\">Listwa airline do Volkswagena T4<\/h3>\t\t\t\t<\/div>\n\t\t\t\t<\/div>\n\t\t\t\t\t<\/div>\n\t\t\t\t<\/div>\n\t\t<div class=\"elementor-element elementor-element-82e3104 e-flex e-con-boxed e-con e-parent\" data-id=\"82e3104\" data-element_type=\"container\" data-e-type=\"container\">\n\t\t\t\t\t<div class=\"e-con-inner\">\n\t\t\t\t<div class=\"elementor-element elementor-element-7ad423e elementor-widget elementor-widget-text-editor\" data-id=\"7ad423e\" data-element_type=\"widget\" data-e-type=\"widget\" data-widget_type=\"text-editor.default\">\n\t\t\t\t<div class=\"elementor-widget-container\">\n\t\t\t\t\t\t\t\t\t<p><span dir=\"auto\">Czarna, malowana proszkowo szyna lotnicza, w zestawie \u015bruby i nitonakr\u0119tki do modernizacji.<\/span><\/p><p><strong><span dir=\"auto\">Co jest wyj\u0105tkowego w listwach Airline?<\/span><\/strong><\/p><ul><li><span dir=\"auto\">Materia\u0142: aluminium<\/span><\/li><li><span dir=\"auto\">Malowane proszkowo na czarno<\/span><\/li><li><span dir=\"auto\">w tym za\u015blepki<\/span><\/li><li><span dir=\"auto\">w tym elementy monta\u017cowe<\/span><\/li><li><span dir=\"auto\">Wst\u0119pnie nawiercone otwory pasuj\u0105ce do wszystkich modeli VW T4 (prosz\u0119 wybra\u0107 d\u0142ugo\u015b\u0107 pojazdu)<\/span><\/li><\/ul>\t\t\t\t\t\t\t\t<\/div>\n\t\t\t\t<\/div>\n\t\t\t\t\t<\/div>\n\t\t\t\t<\/div>\n\t\t<div class=\"elementor-element elementor-element-e51c32b e-flex e-con-boxed e-con e-parent\" data-id=\"e51c32b\" data-element_type=\"container\" data-e-type=\"container\">\n\t\t\t\t\t<div class=\"e-con-inner\">\n\t\t\t\t<div class=\"elementor-element elementor-element-3aec523 elementor-widget elementor-widget-heading\" data-id=\"3aec523\" data-element_type=\"widget\" data-e-type=\"widget\" data-widget_type=\"heading.default\">\n\t\t\t\t<div class=\"elementor-widget-container\">\n\t\t\t\t\t<h3 class=\"elementor-heading-title elementor-size-default\">W zestawie:<\/h3>\t\t\t\t<\/div>\n\t\t\t\t<\/div>\n\t\t\t\t<div class=\"elementor-element elementor-element-57558bf elementor-widget elementor-widget-text-editor\" data-id=\"57558bf\" data-element_type=\"widget\" data-e-type=\"widget\" data-widget_type=\"text-editor.default\">\n\t\t\t\t<div class=\"elementor-widget-container\">\n\t\t\t\t\t\t\t\t\t<ul><li><span dir=\"auto\">2x szyna 2550 mm<\/span><\/li><li><span dir=\"auto\">4x za\u015blepki<\/span><\/li><li><span dir=\"auto\">1x Sprz\u0119t monta\u017cowy<\/span><\/li><\/ul>\t\t\t\t\t\t\t\t<\/div>\n\t\t\t\t<\/div>\n\t\t\t\t\t<\/div>\n\t\t\t\t<\/div>\n\t\t\t\t<\/div>\n\t\t","protected":false},"excerpt":{"rendered":"<p>Listwa monta\u017cowa Airline do Volkswagena T4<\/p>\n<p>Materia\u0142: aluminium<br \/>\nMalowane proszkowo na czarno<br \/>\nW tym za\u015blepki<br \/>\nZawiera elementy monta\u017cowe.<\/p>\n","protected":false},"featured_media":5898,"comment_status":"open","ping_status":"closed","template":"","meta":{"site-sidebar-layout":"no-sidebar","site-content-layout":"","ast-site-content-layout":"full-width-container","site-content-style":"default","site-sidebar-style":"default","ast-global-header-display":"","ast-banner-title-visibility":"","ast-main-header-display":"","ast-hfb-above-header-display":"","ast-hfb-below-header-display":"","ast-hfb-mobile-header-display":"","site-post-title":"","ast-breadcrumbs-content":"","ast-featured-img":"disabled","footer-sml-layout":"","ast-disable-related-posts":"","theme-transparent-header-meta":"default","adv-header-id-meta":"","stick-header-meta":"","header-above-stick-meta":"","header-main-stick-meta":"","header-below-stick-meta":"","astra-migrate-meta-layouts":"set","ast-page-background-enabled":"default","ast-page-background-meta":{"desktop":{"background-color":"var(--ast-global-color-4)","background-image":"","background-repeat":"repeat","background-position":"center center","background-size":"auto","background-attachment":"scroll","background-type":"","background-media":"","overlay-type":"","overlay-color":"","overlay-opacity":"","overlay-gradient":""},"tablet":{"background-color":"","background-image":"","background-repeat":"repeat","background-position":"center center","background-size":"auto","background-attachment":"scroll","background-type":"","background-media":"","overlay-type":"","overlay-color":"","overlay-opacity":"","overlay-gradient":""},"mobile":{"background-color":"","background-image":"","background-repeat":"repeat","background-position":"center center","background-size":"auto","background-attachment":"scroll","background-type":"","background-media":"","overlay-type":"","overlay-color":"","overlay-opacity":"","overlay-gradient":""}},"ast-content-background-meta":{"desktop":{"background-color":"var(--ast-global-color-5)","background-image":"","background-repeat":"repeat","background-position":"center center","background-size":"auto","background-attachment":"scroll","background-type":"","background-media":"","overlay-type":"","overlay-color":"","overlay-opacity":"","overlay-gradient":""},"tablet":{"background-color":"var(--ast-global-color-5)","background-image":"","background-repeat":"repeat","background-position":"center center","background-size":"auto","background-attachment":"scroll","background-type":"","background-media":"","overlay-type":"","overlay-color":"","overlay-opacity":"","overlay-gradient":""},"mobile":{"background-color":"var(--ast-global-color-5)","background-image":"","background-repeat":"repeat","background-position":"center center","background-size":"auto","background-attachment":"scroll","background-type":"","background-media":"","overlay-type":"","overlay-color":"","overlay-opacity":"","overlay-gradient":""}}},"product_brand":[],"product_cat":[163],"product_tag":[],"class_list":{"0":"post-5872","1":"product","2":"type-product","3":"status-publish","4":"has-post-thumbnail","6":"product_cat-volkswagen","7":"product_shipping_class-dlugie-paczki","8":"pa_dlugosc-l1","9":"pa_dlugosc-l2","10":"pa_marka-samochodu-vw","11":"pa_model-vw-t4","12":"desktop-align-center","13":"tablet-align-left","14":"mobile-align-left","16":"first","17":"instock","18":"taxable","19":"shipping-taxable","20":"purchasable","21":"product-type-variable"},"_links":{"self":[{"href":"https:\/\/hatu.pl\/index.php\/wp-json\/wp\/v2\/product\/5872","targetHints":{"allow":["GET"]}}],"collection":[{"href":"https:\/\/hatu.pl\/index.php\/wp-json\/wp\/v2\/product"}],"about":[{"href":"https:\/\/hatu.pl\/index.php\/wp-json\/wp\/v2\/types\/product"}],"replies":[{"embeddable":true,"href":"https:\/\/hatu.pl\/index.php\/wp-json\/wp\/v2\/comments?post=5872"}],"version-history":[{"count":5,"href":"https:\/\/hatu.pl\/index.php\/wp-json\/wp\/v2\/product\/5872\/revisions"}],"predecessor-version":[{"id":5903,"href":"https:\/\/hatu.pl\/index.php\/wp-json\/wp\/v2\/product\/5872\/revisions\/5903"}],"wp:featuredmedia":[{"embeddable":true,"href":"https:\/\/hatu.pl\/index.php\/wp-json\/wp\/v2\/media\/5898"}],"wp:attachment":[{"href":"https:\/\/hatu.pl\/index.php\/wp-json\/wp\/v2\/media?parent=5872"}],"wp:term":[{"taxonomy":"product_brand","embeddable":true,"href":"https:\/\/hatu.pl\/index.php\/wp-json\/wp\/v2\/product_brand?post=5872"},{"taxonomy":"product_cat","embeddable":true,"href":"https:\/\/hatu.pl\/index.php\/wp-json\/wp\/v2\/product_cat?post=5872"},{"taxonomy":"product_tag","embeddable":true,"href":"https:\/\/hatu.pl\/index.php\/wp-json\/wp\/v2\/product_tag?post=5872"}],"curies":[{"name":"wp","href":"https:\/\/api.w.org\/{rel}","templated":true}]}}