{"id":702,"date":"2024-06-10T09:05:08","date_gmt":"2024-06-10T07:05:08","guid":{"rendered":"https:\/\/hatu.pl\/?post_type=product&#038;p=702"},"modified":"2025-09-10T12:50:22","modified_gmt":"2025-09-10T10:50:22","slug":"przenosna-toaleta-separacyjna-hatu-loo","status":"publish","type":"product","link":"https:\/\/hatu.pl\/index.php\/produkt\/przenosna-toaleta-separacyjna-hatu-loo\/","title":{"rendered":"Przeno\u015bna toaleta separacyjna &#8211; HATU Loo"},"content":{"rendered":"<h2>Ekologiczna przeno\u015bna toaleta separacyjna<\/h2>\n<p>Co w\u0142asna to toaleta to w\u0142asna toaleta. Niezale\u017cnie od okoliczno\u015bci<\/p>\n<p><span style=\"font-weight: 400;\">DWIE KOMORY &#8211; dzi\u0119ki rozdzieleniu uryny od ka\u0142u masz mo\u017cliwo\u015b\u0107 \u0142atwego pozbycia si\u0119 tych nieczysto\u015bci oraz utrzymania stosunkowo neutralnego zapachu.<\/span><\/p>\n<h3><strong>Materia\u0142<\/strong><\/h3>\n<p><span style=\"font-weight: 400;\">G\u0142\u00f3wna obudowa naszej toalety separacyjnej jest wykonana z materia\u0142u ABS pozyskiwanego z recyklingu<\/span><\/p>\n<h3><strong>Estetyczny design<\/strong><\/h3>\n<p><span style=\"font-weight: 400;\">Eco &#8211; friendly &#8211; brak u\u017cycia chemii <\/span><span style=\"font-weight: 400;\">szkodliwej dla \u015brodowiska<\/span><\/p>\n<p><span style=\"font-weight: 400;\">Dwie komory nie powoduj\u0105 nieprzyjemnego zapachu<\/span><\/p>\n<p><span style=\"font-weight: 400;\">Starannie dobrane materia\u0142y wykonania &#8211; ABS jest wytrzyma\u0142y i pozyskiwany z recyklingu. Por\u0119czna i \u0142atwa w przenoszeniu<\/span><\/p>\n<p><span style=\"font-weight: 400;\">Estetyczny design, funkcjonalno\u015b\u0107, \u0142atwo\u015b\u0107 czyszczenia\u00a0<\/span><span style=\"font-weight: 400;\">i wygoda u\u017cytkowania<\/span><\/p>\n<h3>Przeznaczenie<\/h3>\n<p>Toaleta separacyjna Hatu Loo przeznaczona jest dla u\u017cytkownik\u00f3w campervan\u00f3w, w kt\u00f3rych jest mocno ograniczona przestrze\u0144.<\/p>\n<p>Mo\u017ce by\u0107 tak\u017ce u\u017cytkowana podczas wakacji pod namiotem.<\/p>\n<p>Dostajemy pozytywne opinie od uczestnik\u00f3w r\u00f3\u017cnego rodzaju festiwali na \u015bwie\u017cym powietrzu. Nasze rozwi\u0105zanie pozwala unikn\u0105\u0107 kolejek do toalet publicznych. No i jednak co w\u0142asna to toaleta to w\u0142asna toaleta. Niezale\u017cnie od okoliczno\u015bci.<\/p>\n<p>Zach\u0119camy do zapoznania si\u0119 z pe\u0142n\u0105 ofert\u0105 produkt\u00f3w na <a href=\"https:\/\/hatu.pl\/index.php\/sklep\">naszej stronie sklepu.<\/a><\/p>\n<p>Zapraszamy r\u00f3wnie\u017c do odwiedzenia naszych profili na <a href=\"https:\/\/www.facebook.com\/hatucampsolutions\" target=\"_blank\" rel=\"noopener\">Facebooku<\/a> i <a href=\"https:\/\/www.instagram.com\/hatucampsolutions\/\" target=\"_blank\" rel=\"noopener\">Instagramie!<\/a><\/p>\n<h3>Wymiary<\/h3>\n<p>d\u0142ugo\u015b\u0107. 44,5 cm<br \/>\nszeroko\u015b\u0107. 38 cm<br \/>\nwysoko\u015b\u0107 29 cm<\/p>\n<p>&nbsp;<\/p>\n","protected":false},"excerpt":{"rendered":"<p>Co w\u0142asna to toaleta to w\u0142asna toaleta. Niezale\u017cnie od okoliczno\u015bci<\/p>\n<p><span style=\"font-weight: 400;\">Eco-friendly, praktyczna, estetyczna toaleta separacyjna<\/span><\/p>\n","protected":false},"featured_media":703,"comment_status":"open","ping_status":"closed","template":"","meta":{"site-sidebar-layout":"default","site-content-layout":"","ast-site-content-layout":"default","site-content-style":"default","site-sidebar-style":"default","ast-global-header-display":"","ast-banner-title-visibility":"","ast-main-header-display":"","ast-hfb-above-header-display":"","ast-hfb-below-header-display":"","ast-hfb-mobile-header-display":"","site-post-title":"","ast-breadcrumbs-content":"","ast-featured-img":"","footer-sml-layout":"","theme-transparent-header-meta":"default","adv-header-id-meta":"","stick-header-meta":"","header-above-stick-meta":"","header-main-stick-meta":"","header-below-stick-meta":"","astra-migrate-meta-layouts":"set","ast-page-background-enabled":"default","ast-page-background-meta":{"desktop":{"background-color":"var(--ast-global-color-4)","background-image":"","background-repeat":"repeat","background-position":"center center","background-size":"auto","background-attachment":"scroll","background-type":"","background-media":"","overlay-type":"","overlay-color":"","overlay-opacity":"","overlay-gradient":""},"tablet":{"background-color":"","background-image":"","background-repeat":"repeat","background-position":"center center","background-size":"auto","background-attachment":"scroll","background-type":"","background-media":"","overlay-type":"","overlay-color":"","overlay-opacity":"","overlay-gradient":""},"mobile":{"background-color":"","background-image":"","background-repeat":"repeat","background-position":"center center","background-size":"auto","background-attachment":"scroll","background-type":"","background-media":"","overlay-type":"","overlay-color":"","overlay-opacity":"","overlay-gradient":""}},"ast-content-background-meta":{"desktop":{"background-color":"var(--ast-global-color-5)","background-image":"","background-repeat":"repeat","background-position":"center center","background-size":"auto","background-attachment":"scroll","background-type":"","background-media":"","overlay-type":"","overlay-color":"","overlay-opacity":"","overlay-gradient":""},"tablet":{"background-color":"var(--ast-global-color-5)","background-image":"","background-repeat":"repeat","background-position":"center center","background-size":"auto","background-attachment":"scroll","background-type":"","background-media":"","overlay-type":"","overlay-color":"","overlay-opacity":"","overlay-gradient":""},"mobile":{"background-color":"var(--ast-global-color-5)","background-image":"","background-repeat":"repeat","background-position":"center center","background-size":"auto","background-attachment":"scroll","background-type":"","background-media":"","overlay-type":"","overlay-color":"","overlay-opacity":"","overlay-gradient":""}}},"product_brand":[265],"product_cat":[45],"product_tag":[],"class_list":{"0":"post-702","1":"product","2":"type-product","3":"status-publish","4":"has-post-thumbnail","6":"product_brand-hatu","7":"product_cat-akcesoria","8":"product_shipping_class-male-paczki","9":"desktop-align-center","10":"tablet-align-left","11":"mobile-align-left","13":"first","14":"instock","15":"taxable","16":"shipping-taxable","17":"purchasable","18":"product-type-simple"},"_links":{"self":[{"href":"https:\/\/hatu.pl\/index.php\/wp-json\/wp\/v2\/product\/702","targetHints":{"allow":["GET"]}}],"collection":[{"href":"https:\/\/hatu.pl\/index.php\/wp-json\/wp\/v2\/product"}],"about":[{"href":"https:\/\/hatu.pl\/index.php\/wp-json\/wp\/v2\/types\/product"}],"replies":[{"embeddable":true,"href":"https:\/\/hatu.pl\/index.php\/wp-json\/wp\/v2\/comments?post=702"}],"version-history":[{"count":4,"href":"https:\/\/hatu.pl\/index.php\/wp-json\/wp\/v2\/product\/702\/revisions"}],"predecessor-version":[{"id":4865,"href":"https:\/\/hatu.pl\/index.php\/wp-json\/wp\/v2\/product\/702\/revisions\/4865"}],"wp:featuredmedia":[{"embeddable":true,"href":"https:\/\/hatu.pl\/index.php\/wp-json\/wp\/v2\/media\/703"}],"wp:attachment":[{"href":"https:\/\/hatu.pl\/index.php\/wp-json\/wp\/v2\/media?parent=702"}],"wp:term":[{"taxonomy":"product_brand","embeddable":true,"href":"https:\/\/hatu.pl\/index.php\/wp-json\/wp\/v2\/product_brand?post=702"},{"taxonomy":"product_cat","embeddable":true,"href":"https:\/\/hatu.pl\/index.php\/wp-json\/wp\/v2\/product_cat?post=702"},{"taxonomy":"product_tag","embeddable":true,"href":"https:\/\/hatu.pl\/index.php\/wp-json\/wp\/v2\/product_tag?post=702"}],"curies":[{"name":"wp","href":"https:\/\/api.w.org\/{rel}","templated":true}]}}